{"id":11,"date":"2025-09-20T21:20:55","date_gmt":"2025-09-20T19:20:55","guid":{"rendered":"https:\/\/chill-road.com\/mon-compte\/"},"modified":"2025-12-15T14:58:16","modified_gmt":"2025-12-15T13:58:16","slug":"my-account","status":"publish","type":"page","link":"https:\/\/chill-road.com\/en\/mon-compte\/","title":{"rendered":"My account"},"content":{"rendered":"<div data-elementor-type=\"wp-page\" data-elementor-id=\"11\" class=\"elementor elementor-11\" data-elementor-post-type=\"page\">\n\t\t\t\t<div class=\"wd-negative-gap elementor-element elementor-element-6b5928b3 e-flex e-con-boxed e-con e-parent\" data-id=\"6b5928b3\" data-element_type=\"container\" data-e-type=\"container\">\n\t\t\t\t\t<div class=\"e-con-inner\">\n\t\t\t\t<div class=\"elementor-element elementor-element-8ed2207 e-my-account-tabs-vertical elementor-widget elementor-widget-woocommerce-my-account\" data-id=\"8ed2207\" data-element_type=\"widget\" data-e-type=\"widget\" data-widget_type=\"woocommerce-my-account.default\">\n\t\t\t\t\t<div class=\"e-my-account-tab e-my-account-tab__\">\t\t\t<div class=\"woocommerce\"><\/div>\t\t<\/div>\n\t\t\t\t\t\t<\/div>\n\t\t\t\t\t<\/div>\n\t\t\t\t<\/div>\n\t\t\t\t<\/div>","protected":false},"excerpt":{"rendered":"<p>Mon compte Tableau de bord Commandes T\u00e9l\u00e9chargements Adresses Moyens de paiement D\u00e9tails du compte Wishlist Logout Bonjour Alan Blanchet (vous<\/p>","protected":false},"author":1,"featured_media":0,"parent":0,"menu_order":0,"comment_status":"closed","ping_status":"closed","template":"","meta":{"footnotes":""},"class_list":["post-11","page","type-page","status-publish","hentry"],"jetpack_sharing_enabled":true,"_links":{"self":[{"href":"https:\/\/chill-road.com\/en\/wp-json\/wp\/v2\/pages\/11","targetHints":{"allow":["GET"]}}],"collection":[{"href":"https:\/\/chill-road.com\/en\/wp-json\/wp\/v2\/pages"}],"about":[{"href":"https:\/\/chill-road.com\/en\/wp-json\/wp\/v2\/types\/page"}],"author":[{"embeddable":true,"href":"https:\/\/chill-road.com\/en\/wp-json\/wp\/v2\/users\/1"}],"replies":[{"embeddable":true,"href":"https:\/\/chill-road.com\/en\/wp-json\/wp\/v2\/comments?post=11"}],"version-history":[{"count":0,"href":"https:\/\/chill-road.com\/en\/wp-json\/wp\/v2\/pages\/11\/revisions"}],"wp:attachment":[{"href":"https:\/\/chill-road.com\/en\/wp-json\/wp\/v2\/media?parent=11"}],"curies":[{"name":"wp","href":"https:\/\/api.w.org\/{rel}","templated":true}]}}