{"id":16505,"date":"2026-04-06T20:07:32","date_gmt":"2026-04-06T18:07:32","guid":{"rendered":"https:\/\/chill-road.com\/?post_type=product&#038;p=16505"},"modified":"2026-05-06T03:06:07","modified_gmt":"2026-05-06T01:06:07","slug":"lot-de-3-kits-de-systeme-darrosage-automatique-silencieux-alimentes-par-gravite-spider-farmer-sans-pompe-pour-tentes-de-culture-et-serres-interieures","status":"publish","type":"product","link":"https:\/\/chill-road.com\/en\/produit\/lot-de-3-kits-de-systeme-darrosage-automatique-silencieux-alimentes-par-gravite-spider-farmer-sans-pompe-pour-tentes-de-culture-et-serres-interieures\/","title":{"rendered":"Spider Farmer 3-Pack Gravity-Fed Silent Self-Watering System Kits \u2013 No Pump, For Indoor Grow Tents &amp; Greenhouses"},"content":{"rendered":"<p><img data-recalc-dims=\"1\" loading=\"lazy\" decoding=\"async\" data-attachment-id=\"20633\" data-permalink=\"https:\/\/chill-road.com\/en\/?attachment_id=20633\" data-orig-file=\"https:\/\/i0.wp.com\/chill-road.com\/wp-content\/uploads\/2026\/04\/Self-watering-System-Kit-3pcs-H.jpg?fit=1464%2C600&amp;quality=89&amp;ssl=1\" data-orig-size=\"1464,600\" data-comments-opened=\"1\" data-image-meta=\"{&quot;aperture&quot;:&quot;0&quot;,&quot;credit&quot;:&quot;&quot;,&quot;camera&quot;:&quot;&quot;,&quot;caption&quot;:&quot;&quot;,&quot;created_timestamp&quot;:&quot;0&quot;,&quot;copyright&quot;:&quot;&quot;,&quot;focal_length&quot;:&quot;0&quot;,&quot;iso&quot;:&quot;0&quot;,&quot;shutter_speed&quot;:&quot;0&quot;,&quot;title&quot;:&quot;&quot;,&quot;orientation&quot;:&quot;0&quot;}\" data-image-title=\"Self-watering-System-Kit-3pcs-H\" data-image-description=\"\" data-image-caption=\"\" data-large-file=\"https:\/\/i0.wp.com\/chill-road.com\/wp-content\/uploads\/2026\/04\/Self-watering-System-Kit-3pcs-H.jpg?fit=1024%2C420&amp;quality=89&amp;ssl=1\" class=\"alignnone size-full wp-image-20633\" src=\"https:\/\/i0.wp.com\/chill-road.com\/wp-content\/uploads\/2026\/04\/Self-watering-System-Kit-3pcs-H.jpg?resize=1464%2C600&#038;quality=89&#038;ssl=1\" alt=\"\" width=\"1464\" height=\"600\" srcset=\"https:\/\/i0.wp.com\/chill-road.com\/wp-content\/uploads\/2026\/04\/Self-watering-System-Kit-3pcs-H.jpg?w=1464&amp;quality=89&amp;ssl=1 1464w, https:\/\/i0.wp.com\/chill-road.com\/wp-content\/uploads\/2026\/04\/Self-watering-System-Kit-3pcs-H.jpg?resize=300%2C123&amp;quality=89&amp;ssl=1 300w, https:\/\/i0.wp.com\/chill-road.com\/wp-content\/uploads\/2026\/04\/Self-watering-System-Kit-3pcs-H.jpg?resize=1024%2C420&amp;quality=89&amp;ssl=1 1024w, https:\/\/i0.wp.com\/chill-road.com\/wp-content\/uploads\/2026\/04\/Self-watering-System-Kit-3pcs-H.jpg?resize=768%2C315&amp;quality=89&amp;ssl=1 768w, https:\/\/i0.wp.com\/chill-road.com\/wp-content\/uploads\/2026\/04\/Self-watering-System-Kit-3pcs-H.jpg?resize=18%2C7&amp;quality=89&amp;ssl=1 18w, https:\/\/i0.wp.com\/chill-road.com\/wp-content\/uploads\/2026\/04\/Self-watering-System-Kit-3pcs-H.jpg?resize=900%2C369&amp;quality=89&amp;ssl=1 900w, https:\/\/i0.wp.com\/chill-road.com\/wp-content\/uploads\/2026\/04\/Self-watering-System-Kit-3pcs-H.jpg?resize=150%2C61&amp;quality=89&amp;ssl=1 150w\" sizes=\"auto, (max-width: 1000px) 100vw, 1000px\" \/> <img data-recalc-dims=\"1\" loading=\"lazy\" decoding=\"async\" data-attachment-id=\"20627\" data-permalink=\"https:\/\/chill-road.com\/en\/?attachment_id=20627\" data-orig-file=\"https:\/\/i0.wp.com\/chill-road.com\/wp-content\/uploads\/2026\/04\/Self-watering-System-Kit-3pcs-B.jpg?fit=1464%2C600&amp;quality=89&amp;ssl=1\" data-orig-size=\"1464,600\" data-comments-opened=\"1\" data-image-meta=\"{&quot;aperture&quot;:&quot;0&quot;,&quot;credit&quot;:&quot;&quot;,&quot;camera&quot;:&quot;&quot;,&quot;caption&quot;:&quot;&quot;,&quot;created_timestamp&quot;:&quot;0&quot;,&quot;copyright&quot;:&quot;&quot;,&quot;focal_length&quot;:&quot;0&quot;,&quot;iso&quot;:&quot;0&quot;,&quot;shutter_speed&quot;:&quot;0&quot;,&quot;title&quot;:&quot;&quot;,&quot;orientation&quot;:&quot;0&quot;}\" data-image-title=\"Self-watering-System-Kit-3pcs-B\" data-image-description=\"\" data-image-caption=\"\" data-large-file=\"https:\/\/i0.wp.com\/chill-road.com\/wp-content\/uploads\/2026\/04\/Self-watering-System-Kit-3pcs-B.jpg?fit=1024%2C420&amp;quality=89&amp;ssl=1\" class=\"alignnone size-full wp-image-20627\" src=\"https:\/\/i0.wp.com\/chill-road.com\/wp-content\/uploads\/2026\/04\/Self-watering-System-Kit-3pcs-B.jpg?resize=1464%2C600&#038;quality=89&#038;ssl=1\" alt=\"\" width=\"1464\" height=\"600\" srcset=\"https:\/\/i0.wp.com\/chill-road.com\/wp-content\/uploads\/2026\/04\/Self-watering-System-Kit-3pcs-B.jpg?w=1464&amp;quality=89&amp;ssl=1 1464w, https:\/\/i0.wp.com\/chill-road.com\/wp-content\/uploads\/2026\/04\/Self-watering-System-Kit-3pcs-B.jpg?resize=300%2C123&amp;quality=89&amp;ssl=1 300w, https:\/\/i0.wp.com\/chill-road.com\/wp-content\/uploads\/2026\/04\/Self-watering-System-Kit-3pcs-B.jpg?resize=1024%2C420&amp;quality=89&amp;ssl=1 1024w, https:\/\/i0.wp.com\/chill-road.com\/wp-content\/uploads\/2026\/04\/Self-watering-System-Kit-3pcs-B.jpg?resize=768%2C315&amp;quality=89&amp;ssl=1 768w, https:\/\/i0.wp.com\/chill-road.com\/wp-content\/uploads\/2026\/04\/Self-watering-System-Kit-3pcs-B.jpg?resize=18%2C7&amp;quality=89&amp;ssl=1 18w, https:\/\/i0.wp.com\/chill-road.com\/wp-content\/uploads\/2026\/04\/Self-watering-System-Kit-3pcs-B.jpg?resize=900%2C369&amp;quality=89&amp;ssl=1 900w, https:\/\/i0.wp.com\/chill-road.com\/wp-content\/uploads\/2026\/04\/Self-watering-System-Kit-3pcs-B.jpg?resize=150%2C61&amp;quality=89&amp;ssl=1 150w\" sizes=\"auto, (max-width: 1000px) 100vw, 1000px\" \/> <img data-recalc-dims=\"1\" loading=\"lazy\" decoding=\"async\" data-attachment-id=\"20628\" data-permalink=\"https:\/\/chill-road.com\/en\/?attachment_id=20628\" data-orig-file=\"https:\/\/i0.wp.com\/chill-road.com\/wp-content\/uploads\/2026\/04\/Self-watering-System-Kit-3pcs-C.jpg?fit=1464%2C600&amp;quality=89&amp;ssl=1\" data-orig-size=\"1464,600\" data-comments-opened=\"1\" data-image-meta=\"{&quot;aperture&quot;:&quot;0&quot;,&quot;credit&quot;:&quot;&quot;,&quot;camera&quot;:&quot;&quot;,&quot;caption&quot;:&quot;&quot;,&quot;created_timestamp&quot;:&quot;0&quot;,&quot;copyright&quot;:&quot;&quot;,&quot;focal_length&quot;:&quot;0&quot;,&quot;iso&quot;:&quot;0&quot;,&quot;shutter_speed&quot;:&quot;0&quot;,&quot;title&quot;:&quot;&quot;,&quot;orientation&quot;:&quot;0&quot;}\" data-image-title=\"Self-watering-System-Kit-3pcs-C\" data-image-description=\"\" data-image-caption=\"\" data-large-file=\"https:\/\/i0.wp.com\/chill-road.com\/wp-content\/uploads\/2026\/04\/Self-watering-System-Kit-3pcs-C.jpg?fit=1024%2C420&amp;quality=89&amp;ssl=1\" class=\"alignnone size-full wp-image-20628\" src=\"https:\/\/i0.wp.com\/chill-road.com\/wp-content\/uploads\/2026\/04\/Self-watering-System-Kit-3pcs-C.jpg?resize=1464%2C600&#038;quality=89&#038;ssl=1\" alt=\"\" width=\"1464\" height=\"600\" srcset=\"https:\/\/i0.wp.com\/chill-road.com\/wp-content\/uploads\/2026\/04\/Self-watering-System-Kit-3pcs-C.jpg?w=1464&amp;quality=89&amp;ssl=1 1464w, https:\/\/i0.wp.com\/chill-road.com\/wp-content\/uploads\/2026\/04\/Self-watering-System-Kit-3pcs-C.jpg?resize=300%2C123&amp;quality=89&amp;ssl=1 300w, https:\/\/i0.wp.com\/chill-road.com\/wp-content\/uploads\/2026\/04\/Self-watering-System-Kit-3pcs-C.jpg?resize=1024%2C420&amp;quality=89&amp;ssl=1 1024w, https:\/\/i0.wp.com\/chill-road.com\/wp-content\/uploads\/2026\/04\/Self-watering-System-Kit-3pcs-C.jpg?resize=768%2C315&amp;quality=89&amp;ssl=1 768w, https:\/\/i0.wp.com\/chill-road.com\/wp-content\/uploads\/2026\/04\/Self-watering-System-Kit-3pcs-C.jpg?resize=18%2C7&amp;quality=89&amp;ssl=1 18w, https:\/\/i0.wp.com\/chill-road.com\/wp-content\/uploads\/2026\/04\/Self-watering-System-Kit-3pcs-C.jpg?resize=900%2C369&amp;quality=89&amp;ssl=1 900w, https:\/\/i0.wp.com\/chill-road.com\/wp-content\/uploads\/2026\/04\/Self-watering-System-Kit-3pcs-C.jpg?resize=150%2C61&amp;quality=89&amp;ssl=1 150w\" sizes=\"auto, (max-width: 1000px) 100vw, 1000px\" \/> <img data-recalc-dims=\"1\" loading=\"lazy\" decoding=\"async\" data-attachment-id=\"20629\" data-permalink=\"https:\/\/chill-road.com\/en\/?attachment_id=20629\" data-orig-file=\"https:\/\/i0.wp.com\/chill-road.com\/wp-content\/uploads\/2026\/04\/Self-watering-System-Kit-3pcs-D.jpg?fit=1464%2C600&amp;quality=89&amp;ssl=1\" data-orig-size=\"1464,600\" data-comments-opened=\"1\" data-image-meta=\"{&quot;aperture&quot;:&quot;0&quot;,&quot;credit&quot;:&quot;&quot;,&quot;camera&quot;:&quot;&quot;,&quot;caption&quot;:&quot;&quot;,&quot;created_timestamp&quot;:&quot;0&quot;,&quot;copyright&quot;:&quot;&quot;,&quot;focal_length&quot;:&quot;0&quot;,&quot;iso&quot;:&quot;0&quot;,&quot;shutter_speed&quot;:&quot;0&quot;,&quot;title&quot;:&quot;&quot;,&quot;orientation&quot;:&quot;0&quot;}\" data-image-title=\"Self-watering-System-Kit-3pcs-D\" data-image-description=\"\" data-image-caption=\"\" data-large-file=\"https:\/\/i0.wp.com\/chill-road.com\/wp-content\/uploads\/2026\/04\/Self-watering-System-Kit-3pcs-D.jpg?fit=1024%2C420&amp;quality=89&amp;ssl=1\" class=\"alignnone size-full wp-image-20629\" src=\"https:\/\/i0.wp.com\/chill-road.com\/wp-content\/uploads\/2026\/04\/Self-watering-System-Kit-3pcs-D.jpg?resize=1464%2C600&#038;quality=89&#038;ssl=1\" alt=\"\" width=\"1464\" height=\"600\" srcset=\"https:\/\/i0.wp.com\/chill-road.com\/wp-content\/uploads\/2026\/04\/Self-watering-System-Kit-3pcs-D.jpg?w=1464&amp;quality=89&amp;ssl=1 1464w, https:\/\/i0.wp.com\/chill-road.com\/wp-content\/uploads\/2026\/04\/Self-watering-System-Kit-3pcs-D.jpg?resize=300%2C123&amp;quality=89&amp;ssl=1 300w, https:\/\/i0.wp.com\/chill-road.com\/wp-content\/uploads\/2026\/04\/Self-watering-System-Kit-3pcs-D.jpg?resize=1024%2C420&amp;quality=89&amp;ssl=1 1024w, https:\/\/i0.wp.com\/chill-road.com\/wp-content\/uploads\/2026\/04\/Self-watering-System-Kit-3pcs-D.jpg?resize=768%2C315&amp;quality=89&amp;ssl=1 768w, https:\/\/i0.wp.com\/chill-road.com\/wp-content\/uploads\/2026\/04\/Self-watering-System-Kit-3pcs-D.jpg?resize=18%2C7&amp;quality=89&amp;ssl=1 18w, https:\/\/i0.wp.com\/chill-road.com\/wp-content\/uploads\/2026\/04\/Self-watering-System-Kit-3pcs-D.jpg?resize=900%2C369&amp;quality=89&amp;ssl=1 900w, https:\/\/i0.wp.com\/chill-road.com\/wp-content\/uploads\/2026\/04\/Self-watering-System-Kit-3pcs-D.jpg?resize=150%2C61&amp;quality=89&amp;ssl=1 150w\" sizes=\"auto, (max-width: 1000px) 100vw, 1000px\" \/> <img data-recalc-dims=\"1\" loading=\"lazy\" decoding=\"async\" data-attachment-id=\"20630\" data-permalink=\"https:\/\/chill-road.com\/en\/?attachment_id=20630\" data-orig-file=\"https:\/\/i0.wp.com\/chill-road.com\/wp-content\/uploads\/2026\/04\/Self-watering-System-Kit-3pcs-E.jpg?fit=1464%2C600&amp;quality=89&amp;ssl=1\" data-orig-size=\"1464,600\" data-comments-opened=\"1\" data-image-meta=\"{&quot;aperture&quot;:&quot;0&quot;,&quot;credit&quot;:&quot;&quot;,&quot;camera&quot;:&quot;&quot;,&quot;caption&quot;:&quot;&quot;,&quot;created_timestamp&quot;:&quot;0&quot;,&quot;copyright&quot;:&quot;&quot;,&quot;focal_length&quot;:&quot;0&quot;,&quot;iso&quot;:&quot;0&quot;,&quot;shutter_speed&quot;:&quot;0&quot;,&quot;title&quot;:&quot;&quot;,&quot;orientation&quot;:&quot;0&quot;}\" data-image-title=\"Self-watering-System-Kit-3pcs-E\" data-image-description=\"\" data-image-caption=\"\" data-large-file=\"https:\/\/i0.wp.com\/chill-road.com\/wp-content\/uploads\/2026\/04\/Self-watering-System-Kit-3pcs-E.jpg?fit=1024%2C420&amp;quality=89&amp;ssl=1\" class=\"alignnone size-full wp-image-20630\" src=\"https:\/\/i0.wp.com\/chill-road.com\/wp-content\/uploads\/2026\/04\/Self-watering-System-Kit-3pcs-E.jpg?resize=1464%2C600&#038;quality=89&#038;ssl=1\" alt=\"\" width=\"1464\" height=\"600\" srcset=\"https:\/\/i0.wp.com\/chill-road.com\/wp-content\/uploads\/2026\/04\/Self-watering-System-Kit-3pcs-E.jpg?w=1464&amp;quality=89&amp;ssl=1 1464w, https:\/\/i0.wp.com\/chill-road.com\/wp-content\/uploads\/2026\/04\/Self-watering-System-Kit-3pcs-E.jpg?resize=300%2C123&amp;quality=89&amp;ssl=1 300w, https:\/\/i0.wp.com\/chill-road.com\/wp-content\/uploads\/2026\/04\/Self-watering-System-Kit-3pcs-E.jpg?resize=1024%2C420&amp;quality=89&amp;ssl=1 1024w, https:\/\/i0.wp.com\/chill-road.com\/wp-content\/uploads\/2026\/04\/Self-watering-System-Kit-3pcs-E.jpg?resize=768%2C315&amp;quality=89&amp;ssl=1 768w, https:\/\/i0.wp.com\/chill-road.com\/wp-content\/uploads\/2026\/04\/Self-watering-System-Kit-3pcs-E.jpg?resize=18%2C7&amp;quality=89&amp;ssl=1 18w, https:\/\/i0.wp.com\/chill-road.com\/wp-content\/uploads\/2026\/04\/Self-watering-System-Kit-3pcs-E.jpg?resize=900%2C369&amp;quality=89&amp;ssl=1 900w, https:\/\/i0.wp.com\/chill-road.com\/wp-content\/uploads\/2026\/04\/Self-watering-System-Kit-3pcs-E.jpg?resize=150%2C61&amp;quality=89&amp;ssl=1 150w\" sizes=\"auto, (max-width: 1000px) 100vw, 1000px\" \/> <img data-recalc-dims=\"1\" loading=\"lazy\" decoding=\"async\" data-attachment-id=\"20631\" data-permalink=\"https:\/\/chill-road.com\/en\/?attachment_id=20631\" data-orig-file=\"https:\/\/i0.wp.com\/chill-road.com\/wp-content\/uploads\/2026\/04\/Self-watering-System-Kit-3pcs-F.jpg?fit=1464%2C600&amp;quality=89&amp;ssl=1\" data-orig-size=\"1464,600\" data-comments-opened=\"1\" data-image-meta=\"{&quot;aperture&quot;:&quot;0&quot;,&quot;credit&quot;:&quot;&quot;,&quot;camera&quot;:&quot;&quot;,&quot;caption&quot;:&quot;&quot;,&quot;created_timestamp&quot;:&quot;0&quot;,&quot;copyright&quot;:&quot;&quot;,&quot;focal_length&quot;:&quot;0&quot;,&quot;iso&quot;:&quot;0&quot;,&quot;shutter_speed&quot;:&quot;0&quot;,&quot;title&quot;:&quot;&quot;,&quot;orientation&quot;:&quot;0&quot;}\" data-image-title=\"Self-watering-System-Kit-3pcs-F\" data-image-description=\"\" data-image-caption=\"\" data-large-file=\"https:\/\/i0.wp.com\/chill-road.com\/wp-content\/uploads\/2026\/04\/Self-watering-System-Kit-3pcs-F.jpg?fit=1024%2C420&amp;quality=89&amp;ssl=1\" class=\"alignnone size-full wp-image-20631\" src=\"https:\/\/i0.wp.com\/chill-road.com\/wp-content\/uploads\/2026\/04\/Self-watering-System-Kit-3pcs-F.jpg?resize=1464%2C600&#038;quality=89&#038;ssl=1\" alt=\"\" width=\"1464\" height=\"600\" srcset=\"https:\/\/i0.wp.com\/chill-road.com\/wp-content\/uploads\/2026\/04\/Self-watering-System-Kit-3pcs-F.jpg?w=1464&amp;quality=89&amp;ssl=1 1464w, https:\/\/i0.wp.com\/chill-road.com\/wp-content\/uploads\/2026\/04\/Self-watering-System-Kit-3pcs-F.jpg?resize=300%2C123&amp;quality=89&amp;ssl=1 300w, https:\/\/i0.wp.com\/chill-road.com\/wp-content\/uploads\/2026\/04\/Self-watering-System-Kit-3pcs-F.jpg?resize=1024%2C420&amp;quality=89&amp;ssl=1 1024w, https:\/\/i0.wp.com\/chill-road.com\/wp-content\/uploads\/2026\/04\/Self-watering-System-Kit-3pcs-F.jpg?resize=768%2C315&amp;quality=89&amp;ssl=1 768w, https:\/\/i0.wp.com\/chill-road.com\/wp-content\/uploads\/2026\/04\/Self-watering-System-Kit-3pcs-F.jpg?resize=18%2C7&amp;quality=89&amp;ssl=1 18w, https:\/\/i0.wp.com\/chill-road.com\/wp-content\/uploads\/2026\/04\/Self-watering-System-Kit-3pcs-F.jpg?resize=900%2C369&amp;quality=89&amp;ssl=1 900w, https:\/\/i0.wp.com\/chill-road.com\/wp-content\/uploads\/2026\/04\/Self-watering-System-Kit-3pcs-F.jpg?resize=150%2C61&amp;quality=89&amp;ssl=1 150w\" sizes=\"auto, (max-width: 1000px) 100vw, 1000px\" \/> <img data-recalc-dims=\"1\" loading=\"lazy\" decoding=\"async\" data-attachment-id=\"20632\" data-permalink=\"https:\/\/chill-road.com\/en\/?attachment_id=20632\" data-orig-file=\"https:\/\/i0.wp.com\/chill-road.com\/wp-content\/uploads\/2026\/04\/Self-watering-System-Kit-3pcs-G.jpg?fit=1464%2C600&amp;quality=89&amp;ssl=1\" data-orig-size=\"1464,600\" data-comments-opened=\"1\" data-image-meta=\"{&quot;aperture&quot;:&quot;0&quot;,&quot;credit&quot;:&quot;&quot;,&quot;camera&quot;:&quot;&quot;,&quot;caption&quot;:&quot;&quot;,&quot;created_timestamp&quot;:&quot;0&quot;,&quot;copyright&quot;:&quot;&quot;,&quot;focal_length&quot;:&quot;0&quot;,&quot;iso&quot;:&quot;0&quot;,&quot;shutter_speed&quot;:&quot;0&quot;,&quot;title&quot;:&quot;&quot;,&quot;orientation&quot;:&quot;0&quot;}\" data-image-title=\"Self-watering-System-Kit-3pcs-G\" data-image-description=\"\" data-image-caption=\"\" data-large-file=\"https:\/\/i0.wp.com\/chill-road.com\/wp-content\/uploads\/2026\/04\/Self-watering-System-Kit-3pcs-G.jpg?fit=1024%2C420&amp;quality=89&amp;ssl=1\" class=\"alignnone size-full wp-image-20632\" src=\"https:\/\/i0.wp.com\/chill-road.com\/wp-content\/uploads\/2026\/04\/Self-watering-System-Kit-3pcs-G.jpg?resize=1464%2C600&#038;quality=89&#038;ssl=1\" alt=\"\" width=\"1464\" height=\"600\" srcset=\"https:\/\/i0.wp.com\/chill-road.com\/wp-content\/uploads\/2026\/04\/Self-watering-System-Kit-3pcs-G.jpg?w=1464&amp;quality=89&amp;ssl=1 1464w, https:\/\/i0.wp.com\/chill-road.com\/wp-content\/uploads\/2026\/04\/Self-watering-System-Kit-3pcs-G.jpg?resize=300%2C123&amp;quality=89&amp;ssl=1 300w, https:\/\/i0.wp.com\/chill-road.com\/wp-content\/uploads\/2026\/04\/Self-watering-System-Kit-3pcs-G.jpg?resize=1024%2C420&amp;quality=89&amp;ssl=1 1024w, https:\/\/i0.wp.com\/chill-road.com\/wp-content\/uploads\/2026\/04\/Self-watering-System-Kit-3pcs-G.jpg?resize=768%2C315&amp;quality=89&amp;ssl=1 768w, https:\/\/i0.wp.com\/chill-road.com\/wp-content\/uploads\/2026\/04\/Self-watering-System-Kit-3pcs-G.jpg?resize=18%2C7&amp;quality=89&amp;ssl=1 18w, https:\/\/i0.wp.com\/chill-road.com\/wp-content\/uploads\/2026\/04\/Self-watering-System-Kit-3pcs-G.jpg?resize=900%2C369&amp;quality=89&amp;ssl=1 900w, https:\/\/i0.wp.com\/chill-road.com\/wp-content\/uploads\/2026\/04\/Self-watering-System-Kit-3pcs-G.jpg?resize=150%2C61&amp;quality=89&amp;ssl=1 150w\" sizes=\"auto, (max-width: 1000px) 100vw, 1000px\" \/> <img data-recalc-dims=\"1\" loading=\"lazy\" decoding=\"async\" data-attachment-id=\"20626\" data-permalink=\"https:\/\/chill-road.com\/en\/?attachment_id=20626\" data-orig-file=\"https:\/\/i0.wp.com\/chill-road.com\/wp-content\/uploads\/2026\/04\/Self-watering-System-Kit-3pcs-A.jpg?fit=1464%2C600&amp;quality=89&amp;ssl=1\" data-orig-size=\"1464,600\" data-comments-opened=\"1\" data-image-meta=\"{&quot;aperture&quot;:&quot;0&quot;,&quot;credit&quot;:&quot;&quot;,&quot;camera&quot;:&quot;&quot;,&quot;caption&quot;:&quot;&quot;,&quot;created_timestamp&quot;:&quot;0&quot;,&quot;copyright&quot;:&quot;&quot;,&quot;focal_length&quot;:&quot;0&quot;,&quot;iso&quot;:&quot;0&quot;,&quot;shutter_speed&quot;:&quot;0&quot;,&quot;title&quot;:&quot;&quot;,&quot;orientation&quot;:&quot;0&quot;}\" data-image-title=\"Self-watering-System-Kit-3pcs-A\" data-image-description=\"\" data-image-caption=\"\" data-large-file=\"https:\/\/i0.wp.com\/chill-road.com\/wp-content\/uploads\/2026\/04\/Self-watering-System-Kit-3pcs-A.jpg?fit=1024%2C420&amp;quality=89&amp;ssl=1\" class=\"alignnone size-full wp-image-20626\" src=\"https:\/\/i0.wp.com\/chill-road.com\/wp-content\/uploads\/2026\/04\/Self-watering-System-Kit-3pcs-A.jpg?resize=1464%2C600&#038;quality=89&#038;ssl=1\" alt=\"\" width=\"1464\" height=\"600\" srcset=\"https:\/\/i0.wp.com\/chill-road.com\/wp-content\/uploads\/2026\/04\/Self-watering-System-Kit-3pcs-A.jpg?w=1464&amp;quality=89&amp;ssl=1 1464w, https:\/\/i0.wp.com\/chill-road.com\/wp-content\/uploads\/2026\/04\/Self-watering-System-Kit-3pcs-A.jpg?resize=300%2C123&amp;quality=89&amp;ssl=1 300w, https:\/\/i0.wp.com\/chill-road.com\/wp-content\/uploads\/2026\/04\/Self-watering-System-Kit-3pcs-A.jpg?resize=1024%2C420&amp;quality=89&amp;ssl=1 1024w, https:\/\/i0.wp.com\/chill-road.com\/wp-content\/uploads\/2026\/04\/Self-watering-System-Kit-3pcs-A.jpg?resize=768%2C315&amp;quality=89&amp;ssl=1 768w, https:\/\/i0.wp.com\/chill-road.com\/wp-content\/uploads\/2026\/04\/Self-watering-System-Kit-3pcs-A.jpg?resize=18%2C7&amp;quality=89&amp;ssl=1 18w, https:\/\/i0.wp.com\/chill-road.com\/wp-content\/uploads\/2026\/04\/Self-watering-System-Kit-3pcs-A.jpg?resize=900%2C369&amp;quality=89&amp;ssl=1 900w, https:\/\/i0.wp.com\/chill-road.com\/wp-content\/uploads\/2026\/04\/Self-watering-System-Kit-3pcs-A.jpg?resize=150%2C61&amp;quality=89&amp;ssl=1 150w\" sizes=\"auto, (max-width: 1000px) 100vw, 1000px\" \/><\/p>","protected":false},"excerpt":{"rendered":"<p><strong><span style=\"color: #ff6600;\">\u2666<\/span>\u00a0Capacit\u00e9 et performance :<\/strong><br \/>\nPeut supporter 4L d&rsquo;eau par plante et par semaine.<br \/>\nAssez d&rsquo;eau \u00e0 garder <strong>3 plantes<\/strong> arros\u00e9 pour <strong>5 semaines<\/strong>.<br \/>\nHydratation silencieuse pour votre jardin int\u00e9rieur \u2014 garde vos plantes nourries sans perturber votre paix.<\/p>\n<p><strong><span style=\"color: #ff6600;\">\u2666<\/span>\u00a0Syst\u00e8me d&rsquo;auto irrigation aliment\u00e9 par gravit\u00e9<\/strong><br \/>\nPas d&rsquo;\u00e9lectricit\u00e9, pas de minuteries, pas de tracas.<br \/>\nLe syst\u00e8me d&rsquo;auto-irrigation de Spider Farmer fonctionne sans \u00e9lectricit\u00e9 (\u00e9conomie d&rsquo;\u00e9lectricit\u00e9) ni pression d&rsquo;eau, en utilisant la gravit\u00e9 pour maintenir l&rsquo;eau en \u00e9coulement.<\/p>\n<p><strong><span style=\"color: #ff6600;\">\u2666<\/span>\u00a0Syst\u00e8me capillaire auto-arrosant<\/strong><br \/>\nNi plus, ni moins \u2014 laissez vos plantes boire exactement ce dont elles ont besoin.<br \/>\nChaque base utilise des lignes de m\u00e8che pour fournir de l&rsquo;humidit\u00e9 \u00e0 la demande. Pas de sur arrosage, pas de gaspillage, juste une hydratation intelligente.<br \/>\nUne m\u00e8che en coton aspire lentement l&rsquo;eau du r\u00e9servoir vers le sol par capillarit\u00e9, gardant les racines hydrat\u00e9es \u2014 pas d&rsquo;\u00e9lectricit\u00e9, pas d&rsquo;arrosage fr\u00e9quent.<\/p>\n<p><strong><span style=\"color: #ff6600;\">\u2666<\/span>\u00a0Gagnez du temps et \u00e9vitez l&rsquo;arrosage quotidien<\/strong><br \/>\nId\u00e9al pour les horaires charg\u00e9s \u2014 plus besoin de tra\u00eener des arrosoirs dans votre espace de culture.<\/p>\n<p><strong><span style=\"color: #ff6600;\">\u2666<\/span>\u00a0Maintient une humidit\u00e9 optimale du sol<\/strong><br \/>\nJamais trop humide, jamais trop sec \u2013 donnez \u00e0 vos plantes ce dont elles ont besoin.<br \/>\nR\u00e9duit consid\u00e9rablement le risque de sur arrosage ou de sous-arrosage par rapport \u00e0 l\u2019arrosage manuel.<br \/>\nDes niveaux d\u2019eau parfaitement \u00e9quilibr\u00e9s favorisent des racines saines et une croissance vigoureuse, des l\u00e9gumes aux fleurs.<\/p>\n<p><strong><span style=\"color: #ff6600;\">\u2666<\/span>\u00a0R\u00e9glez le et oubliez le<\/strong><br \/>\nInstallez le et profitez de semaines d&rsquo;arrosage sans tracas &#8211; avec seulement un contr\u00f4le rapide <strong>chaque 2\u20133 semaines<\/strong> pour que l&rsquo;eau coule en douceur.<\/p>\n<p><strong><span style=\"color: #ff6600;\">\u2666<\/span>\u00a0Conception n\u00e9cessitant peu d&rsquo;entretien:<\/strong> il suffit d&rsquo;un nettoyage rapide toutes les 2\u20133 semaines pour que l&rsquo;eau coule en douceur.<br \/>\nLa croissance des racines est naturelle, donc un nettoyage occasionnel des bases permet d&rsquo;assurer un arrosage uniforme.<\/p>\n<p><strong><span style=\"color: #ff6600;\">\u2666<\/span>\u00a0Conseils:<\/strong><br \/>\nPour de meilleurs r\u00e9sultats, posez la base du pot en tissu auto-arrosant, le bo\u00eetier de vanne d&rsquo;arr\u00eat et les tubes \u00e0 plat sur le sol et gardez toujours le seau pliant rempli d&rsquo;eau.<\/p>\n<p><strong><span style=\"color: #ff6600;\">\u2666<\/span>\u00a0Tailles de tente recommand\u00e9es:<\/strong> 120 cm \u00d7 120 cm \/ 150 cm \u00d7 150 cm Tente de culture.<br \/>\nLes pots \u00e0 arrosage automatique fonctionnent mieux une fois les racines sont bien d\u00e9velopp\u00e9es. Les semis ont des racines peu profondes qui peuvent ne pas atteindre le sol humide, il est donc pr\u00e9f\u00e9rable d&rsquo;attendre qu&rsquo;ils poussent plus longtemps et plus fort.<\/p>\n<p><strong><span style=\"color: #ff6600;\">\u2666<\/span>\u00a0Syst\u00e8me d&rsquo;arrosage automatique DIY :<\/strong> personnalisez vos besoins d&rsquo;arrosage en ajustant le nombre de m\u00e8ches \u2014 plus de m\u00e8ches, plus d&rsquo;eau. Simple et flexible pour chaque plante.<\/p>\n<p><strong>Le paquet contient:<\/strong><br \/>\n3 \u00d7 Base de pot auto irrigation<br \/>\n1 \u00d7 seau pliant de 50L<br \/>\n3 \u00d7 Sac de culture de 5 gallons<br \/>\n1 \u00d7 Tube en silicone (4 m)<br \/>\n1 \u00d7 Bo\u00eete de vannes d&rsquo;arr\u00eat<br \/>\n1 \u00d7 Manuel d&rsquo;utilisation<\/p>\n<p><strong>Note:<\/strong><br \/>\nComme pour tous les syst\u00e8mes aliment\u00e9s par goutte-\u00e0-goutte ou par gravit\u00e9, un nettoyage occasionnel est n\u00e9cessaire pour \u00e9viter l\u2019accumulation de racines ou de nutriments. Les performances peuvent varier en fonction du type de plante, de la concentration en nutriments et de l\u2019environnement.<\/p>","protected":false},"featured_media":20634,"comment_status":"open","ping_status":"closed","template":"","meta":[],"product_brand":[333],"product_cat":[110,108,109],"product_tag":[],"class_list":{"0":"post-16505","1":"product","2":"type-product","3":"status-publish","4":"has-post-thumbnail","6":"product_brand-spider-farmer","7":"product_cat-systemes-hydroponiques","8":"product_cat-accessoires","9":"product_cat-systemes-dirrigation","10":"cr-has-rrp","12":"first","13":"instock","14":"sale","15":"taxable","16":"shipping-taxable","17":"purchasable","18":"product-type-simple"},"jetpack_sharing_enabled":true,"_links":{"self":[{"href":"https:\/\/chill-road.com\/en\/wp-json\/wp\/v2\/product\/16505","targetHints":{"allow":["GET"]}}],"collection":[{"href":"https:\/\/chill-road.com\/en\/wp-json\/wp\/v2\/product"}],"about":[{"href":"https:\/\/chill-road.com\/en\/wp-json\/wp\/v2\/types\/product"}],"replies":[{"embeddable":true,"href":"https:\/\/chill-road.com\/en\/wp-json\/wp\/v2\/comments?post=16505"}],"version-history":[{"count":1,"href":"https:\/\/chill-road.com\/en\/wp-json\/wp\/v2\/product\/16505\/revisions"}],"predecessor-version":[{"id":22410,"href":"https:\/\/chill-road.com\/en\/wp-json\/wp\/v2\/product\/16505\/revisions\/22410"}],"wp:featuredmedia":[{"embeddable":true,"href":"https:\/\/chill-road.com\/en\/wp-json\/wp\/v2\/media\/20634"}],"wp:attachment":[{"href":"https:\/\/chill-road.com\/en\/wp-json\/wp\/v2\/media?parent=16505"}],"wp:term":[{"taxonomy":"product_brand","embeddable":true,"href":"https:\/\/chill-road.com\/en\/wp-json\/wp\/v2\/product_brand?post=16505"},{"taxonomy":"product_cat","embeddable":true,"href":"https:\/\/chill-road.com\/en\/wp-json\/wp\/v2\/product_cat?post=16505"},{"taxonomy":"product_tag","embeddable":true,"href":"https:\/\/chill-road.com\/en\/wp-json\/wp\/v2\/product_tag?post=16505"}],"curies":[{"name":"wp","href":"https:\/\/api.w.org\/{rel}","templated":true}]}}