{"id":20201,"date":"2026-04-03T22:50:17","date_gmt":"2026-04-03T20:50:17","guid":{"rendered":"https:\/\/chill-road.com\/?post_type=product&#038;p=20201"},"modified":"2026-05-09T04:06:18","modified_gmt":"2026-05-09T02:06:18","slug":"bud-leaf-bowl-trimmer-13-defoliateur-manuel-o33cm-a-lames-rotatives-avec-dome-transparent-mars-hydro","status":"publish","type":"product","link":"https:\/\/chill-road.com\/en\/produit\/bud-leaf-bowl-trimmer-13-defoliateur-manuel-o33cm-a-lames-rotatives-avec-dome-transparent-mars-hydro\/","title":{"rendered":"Mars Hydro 13\u2033 (\u00d833cm) Bud Leaf Bowl Trimmer \u2013 Wet &amp; Dry Use, Fast &amp; Precise"},"content":{"rendered":"<p><img data-recalc-dims=\"1\" loading=\"lazy\" decoding=\"async\" data-attachment-id=\"20295\" data-permalink=\"https:\/\/chill-road.com\/en\/?attachment_id=20295\" data-orig-file=\"https:\/\/i0.wp.com\/chill-road.com\/wp-content\/uploads\/2026\/04\/13-inch-Bud-Leaf-Bowl-Trimmer-A.webp?fit=1464%2C600&amp;quality=80&amp;ssl=1\" data-orig-size=\"1464,600\" data-comments-opened=\"1\" data-image-meta=\"{&quot;aperture&quot;:&quot;0&quot;,&quot;credit&quot;:&quot;&quot;,&quot;camera&quot;:&quot;&quot;,&quot;caption&quot;:&quot;&quot;,&quot;created_timestamp&quot;:&quot;0&quot;,&quot;copyright&quot;:&quot;&quot;,&quot;focal_length&quot;:&quot;0&quot;,&quot;iso&quot;:&quot;0&quot;,&quot;shutter_speed&quot;:&quot;0&quot;,&quot;title&quot;:&quot;&quot;,&quot;orientation&quot;:&quot;0&quot;}\" data-image-title=\"13-inch-Bud-Leaf-Bowl-Trimmer-A\" data-image-description=\"\" data-image-caption=\"\" data-large-file=\"https:\/\/i0.wp.com\/chill-road.com\/wp-content\/uploads\/2026\/04\/13-inch-Bud-Leaf-Bowl-Trimmer-A.webp?fit=1024%2C420&amp;quality=80&amp;ssl=1\" class=\"alignnone size-full wp-image-20295\" src=\"https:\/\/i0.wp.com\/chill-road.com\/wp-content\/uploads\/2026\/04\/13-inch-Bud-Leaf-Bowl-Trimmer-A.webp?resize=1464%2C600&#038;quality=80&#038;ssl=1\" alt=\"\" width=\"1464\" height=\"600\" srcset=\"https:\/\/i0.wp.com\/chill-road.com\/wp-content\/uploads\/2026\/04\/13-inch-Bud-Leaf-Bowl-Trimmer-A.webp?w=1464&amp;quality=80&amp;ssl=1 1464w, https:\/\/i0.wp.com\/chill-road.com\/wp-content\/uploads\/2026\/04\/13-inch-Bud-Leaf-Bowl-Trimmer-A.webp?resize=300%2C123&amp;quality=80&amp;ssl=1 300w, https:\/\/i0.wp.com\/chill-road.com\/wp-content\/uploads\/2026\/04\/13-inch-Bud-Leaf-Bowl-Trimmer-A.webp?resize=1024%2C420&amp;quality=80&amp;ssl=1 1024w, https:\/\/i0.wp.com\/chill-road.com\/wp-content\/uploads\/2026\/04\/13-inch-Bud-Leaf-Bowl-Trimmer-A.webp?resize=768%2C315&amp;quality=80&amp;ssl=1 768w, https:\/\/i0.wp.com\/chill-road.com\/wp-content\/uploads\/2026\/04\/13-inch-Bud-Leaf-Bowl-Trimmer-A.webp?resize=18%2C7&amp;quality=80&amp;ssl=1 18w, https:\/\/i0.wp.com\/chill-road.com\/wp-content\/uploads\/2026\/04\/13-inch-Bud-Leaf-Bowl-Trimmer-A.webp?resize=900%2C369&amp;quality=80&amp;ssl=1 900w, https:\/\/i0.wp.com\/chill-road.com\/wp-content\/uploads\/2026\/04\/13-inch-Bud-Leaf-Bowl-Trimmer-A.webp?resize=150%2C61&amp;quality=80&amp;ssl=1 150w\" sizes=\"auto, (max-width: 1000px) 100vw, 1000px\" \/> <img data-recalc-dims=\"1\" loading=\"lazy\" decoding=\"async\" data-attachment-id=\"20294\" data-permalink=\"https:\/\/chill-road.com\/en\/?attachment_id=20294\" data-orig-file=\"https:\/\/i0.wp.com\/chill-road.com\/wp-content\/uploads\/2026\/04\/13-inch-Bud-Leaf-Bowl-Trimmer-B.webp?fit=1464%2C600&amp;quality=80&amp;ssl=1\" data-orig-size=\"1464,600\" data-comments-opened=\"1\" data-image-meta=\"{&quot;aperture&quot;:&quot;0&quot;,&quot;credit&quot;:&quot;&quot;,&quot;camera&quot;:&quot;&quot;,&quot;caption&quot;:&quot;&quot;,&quot;created_timestamp&quot;:&quot;0&quot;,&quot;copyright&quot;:&quot;&quot;,&quot;focal_length&quot;:&quot;0&quot;,&quot;iso&quot;:&quot;0&quot;,&quot;shutter_speed&quot;:&quot;0&quot;,&quot;title&quot;:&quot;&quot;,&quot;orientation&quot;:&quot;0&quot;}\" data-image-title=\"13-inch-Bud-Leaf-Bowl-Trimmer-B\" data-image-description=\"\" data-image-caption=\"\" data-large-file=\"https:\/\/i0.wp.com\/chill-road.com\/wp-content\/uploads\/2026\/04\/13-inch-Bud-Leaf-Bowl-Trimmer-B.webp?fit=1024%2C420&amp;quality=80&amp;ssl=1\" class=\"alignnone size-full wp-image-20294\" src=\"https:\/\/i0.wp.com\/chill-road.com\/wp-content\/uploads\/2026\/04\/13-inch-Bud-Leaf-Bowl-Trimmer-B.webp?resize=1464%2C600&#038;quality=80&#038;ssl=1\" alt=\"\" width=\"1464\" height=\"600\" srcset=\"https:\/\/i0.wp.com\/chill-road.com\/wp-content\/uploads\/2026\/04\/13-inch-Bud-Leaf-Bowl-Trimmer-B.webp?w=1464&amp;quality=80&amp;ssl=1 1464w, https:\/\/i0.wp.com\/chill-road.com\/wp-content\/uploads\/2026\/04\/13-inch-Bud-Leaf-Bowl-Trimmer-B.webp?resize=300%2C123&amp;quality=80&amp;ssl=1 300w, https:\/\/i0.wp.com\/chill-road.com\/wp-content\/uploads\/2026\/04\/13-inch-Bud-Leaf-Bowl-Trimmer-B.webp?resize=1024%2C420&amp;quality=80&amp;ssl=1 1024w, https:\/\/i0.wp.com\/chill-road.com\/wp-content\/uploads\/2026\/04\/13-inch-Bud-Leaf-Bowl-Trimmer-B.webp?resize=768%2C315&amp;quality=80&amp;ssl=1 768w, https:\/\/i0.wp.com\/chill-road.com\/wp-content\/uploads\/2026\/04\/13-inch-Bud-Leaf-Bowl-Trimmer-B.webp?resize=18%2C7&amp;quality=80&amp;ssl=1 18w, https:\/\/i0.wp.com\/chill-road.com\/wp-content\/uploads\/2026\/04\/13-inch-Bud-Leaf-Bowl-Trimmer-B.webp?resize=900%2C369&amp;quality=80&amp;ssl=1 900w, https:\/\/i0.wp.com\/chill-road.com\/wp-content\/uploads\/2026\/04\/13-inch-Bud-Leaf-Bowl-Trimmer-B.webp?resize=150%2C61&amp;quality=80&amp;ssl=1 150w\" sizes=\"auto, (max-width: 1000px) 100vw, 1000px\" \/> <img data-recalc-dims=\"1\" loading=\"lazy\" decoding=\"async\" data-attachment-id=\"20292\" data-permalink=\"https:\/\/chill-road.com\/en\/?attachment_id=20292\" data-orig-file=\"https:\/\/i0.wp.com\/chill-road.com\/wp-content\/uploads\/2026\/04\/13-inch-Bud-Leaf-Bowl-Trimmer-C.webp?fit=1464%2C600&amp;quality=80&amp;ssl=1\" data-orig-size=\"1464,600\" data-comments-opened=\"1\" data-image-meta=\"{&quot;aperture&quot;:&quot;0&quot;,&quot;credit&quot;:&quot;&quot;,&quot;camera&quot;:&quot;&quot;,&quot;caption&quot;:&quot;&quot;,&quot;created_timestamp&quot;:&quot;0&quot;,&quot;copyright&quot;:&quot;&quot;,&quot;focal_length&quot;:&quot;0&quot;,&quot;iso&quot;:&quot;0&quot;,&quot;shutter_speed&quot;:&quot;0&quot;,&quot;title&quot;:&quot;&quot;,&quot;orientation&quot;:&quot;0&quot;}\" data-image-title=\"13-inch-Bud-Leaf-Bowl-Trimmer-C\" data-image-description=\"\" data-image-caption=\"\" data-large-file=\"https:\/\/i0.wp.com\/chill-road.com\/wp-content\/uploads\/2026\/04\/13-inch-Bud-Leaf-Bowl-Trimmer-C.webp?fit=1024%2C420&amp;quality=80&amp;ssl=1\" class=\"alignnone size-full wp-image-20292\" src=\"https:\/\/i0.wp.com\/chill-road.com\/wp-content\/uploads\/2026\/04\/13-inch-Bud-Leaf-Bowl-Trimmer-C.webp?resize=1464%2C600&#038;quality=80&#038;ssl=1\" alt=\"\" width=\"1464\" height=\"600\" srcset=\"https:\/\/i0.wp.com\/chill-road.com\/wp-content\/uploads\/2026\/04\/13-inch-Bud-Leaf-Bowl-Trimmer-C.webp?w=1464&amp;quality=80&amp;ssl=1 1464w, https:\/\/i0.wp.com\/chill-road.com\/wp-content\/uploads\/2026\/04\/13-inch-Bud-Leaf-Bowl-Trimmer-C.webp?resize=300%2C123&amp;quality=80&amp;ssl=1 300w, https:\/\/i0.wp.com\/chill-road.com\/wp-content\/uploads\/2026\/04\/13-inch-Bud-Leaf-Bowl-Trimmer-C.webp?resize=1024%2C420&amp;quality=80&amp;ssl=1 1024w, https:\/\/i0.wp.com\/chill-road.com\/wp-content\/uploads\/2026\/04\/13-inch-Bud-Leaf-Bowl-Trimmer-C.webp?resize=768%2C315&amp;quality=80&amp;ssl=1 768w, https:\/\/i0.wp.com\/chill-road.com\/wp-content\/uploads\/2026\/04\/13-inch-Bud-Leaf-Bowl-Trimmer-C.webp?resize=18%2C7&amp;quality=80&amp;ssl=1 18w, https:\/\/i0.wp.com\/chill-road.com\/wp-content\/uploads\/2026\/04\/13-inch-Bud-Leaf-Bowl-Trimmer-C.webp?resize=900%2C369&amp;quality=80&amp;ssl=1 900w, https:\/\/i0.wp.com\/chill-road.com\/wp-content\/uploads\/2026\/04\/13-inch-Bud-Leaf-Bowl-Trimmer-C.webp?resize=150%2C61&amp;quality=80&amp;ssl=1 150w\" sizes=\"auto, (max-width: 1000px) 100vw, 1000px\" \/> <img data-recalc-dims=\"1\" loading=\"lazy\" decoding=\"async\" data-attachment-id=\"20306\" data-permalink=\"https:\/\/chill-road.com\/en\/?attachment_id=20306\" data-orig-file=\"https:\/\/i0.wp.com\/chill-road.com\/wp-content\/uploads\/2026\/04\/13-inch-Bud-Leaf-Bowl-Trimmer-D.webp?fit=1464%2C600&amp;quality=80&amp;ssl=1\" data-orig-size=\"1464,600\" data-comments-opened=\"1\" data-image-meta=\"{&quot;aperture&quot;:&quot;0&quot;,&quot;credit&quot;:&quot;&quot;,&quot;camera&quot;:&quot;&quot;,&quot;caption&quot;:&quot;&quot;,&quot;created_timestamp&quot;:&quot;0&quot;,&quot;copyright&quot;:&quot;&quot;,&quot;focal_length&quot;:&quot;0&quot;,&quot;iso&quot;:&quot;0&quot;,&quot;shutter_speed&quot;:&quot;0&quot;,&quot;title&quot;:&quot;&quot;,&quot;orientation&quot;:&quot;0&quot;}\" data-image-title=\"13-inch-Bud-Leaf-Bowl-Trimmer-D\" data-image-description=\"\" data-image-caption=\"\" data-large-file=\"https:\/\/i0.wp.com\/chill-road.com\/wp-content\/uploads\/2026\/04\/13-inch-Bud-Leaf-Bowl-Trimmer-D.webp?fit=1024%2C420&amp;quality=80&amp;ssl=1\" class=\"alignnone size-full wp-image-20306\" src=\"https:\/\/i0.wp.com\/chill-road.com\/wp-content\/uploads\/2026\/04\/13-inch-Bud-Leaf-Bowl-Trimmer-D.webp?resize=1464%2C600&#038;quality=80&#038;ssl=1\" alt=\"\" width=\"1464\" height=\"600\" srcset=\"https:\/\/i0.wp.com\/chill-road.com\/wp-content\/uploads\/2026\/04\/13-inch-Bud-Leaf-Bowl-Trimmer-D.webp?w=1464&amp;quality=80&amp;ssl=1 1464w, https:\/\/i0.wp.com\/chill-road.com\/wp-content\/uploads\/2026\/04\/13-inch-Bud-Leaf-Bowl-Trimmer-D.webp?resize=300%2C123&amp;quality=80&amp;ssl=1 300w, https:\/\/i0.wp.com\/chill-road.com\/wp-content\/uploads\/2026\/04\/13-inch-Bud-Leaf-Bowl-Trimmer-D.webp?resize=1024%2C420&amp;quality=80&amp;ssl=1 1024w, https:\/\/i0.wp.com\/chill-road.com\/wp-content\/uploads\/2026\/04\/13-inch-Bud-Leaf-Bowl-Trimmer-D.webp?resize=768%2C315&amp;quality=80&amp;ssl=1 768w, https:\/\/i0.wp.com\/chill-road.com\/wp-content\/uploads\/2026\/04\/13-inch-Bud-Leaf-Bowl-Trimmer-D.webp?resize=18%2C7&amp;quality=80&amp;ssl=1 18w, https:\/\/i0.wp.com\/chill-road.com\/wp-content\/uploads\/2026\/04\/13-inch-Bud-Leaf-Bowl-Trimmer-D.webp?resize=900%2C369&amp;quality=80&amp;ssl=1 900w, https:\/\/i0.wp.com\/chill-road.com\/wp-content\/uploads\/2026\/04\/13-inch-Bud-Leaf-Bowl-Trimmer-D.webp?resize=150%2C61&amp;quality=80&amp;ssl=1 150w\" sizes=\"auto, (max-width: 1000px) 100vw, 1000px\" \/> <img data-recalc-dims=\"1\" loading=\"lazy\" decoding=\"async\" data-attachment-id=\"20305\" data-permalink=\"https:\/\/chill-road.com\/en\/?attachment_id=20305\" data-orig-file=\"https:\/\/i0.wp.com\/chill-road.com\/wp-content\/uploads\/2026\/04\/13-inch-Bud-Leaf-Bowl-Trimmer-E.webp?fit=1464%2C600&amp;quality=80&amp;ssl=1\" data-orig-size=\"1464,600\" data-comments-opened=\"1\" data-image-meta=\"{&quot;aperture&quot;:&quot;0&quot;,&quot;credit&quot;:&quot;&quot;,&quot;camera&quot;:&quot;&quot;,&quot;caption&quot;:&quot;&quot;,&quot;created_timestamp&quot;:&quot;0&quot;,&quot;copyright&quot;:&quot;&quot;,&quot;focal_length&quot;:&quot;0&quot;,&quot;iso&quot;:&quot;0&quot;,&quot;shutter_speed&quot;:&quot;0&quot;,&quot;title&quot;:&quot;&quot;,&quot;orientation&quot;:&quot;0&quot;}\" data-image-title=\"13-inch-Bud-Leaf-Bowl-Trimmer-E\" data-image-description=\"\" data-image-caption=\"\" data-large-file=\"https:\/\/i0.wp.com\/chill-road.com\/wp-content\/uploads\/2026\/04\/13-inch-Bud-Leaf-Bowl-Trimmer-E.webp?fit=1024%2C420&amp;quality=80&amp;ssl=1\" class=\"alignnone size-full wp-image-20305\" src=\"https:\/\/i0.wp.com\/chill-road.com\/wp-content\/uploads\/2026\/04\/13-inch-Bud-Leaf-Bowl-Trimmer-E.webp?resize=1464%2C600&#038;quality=80&#038;ssl=1\" alt=\"\" width=\"1464\" height=\"600\" srcset=\"https:\/\/i0.wp.com\/chill-road.com\/wp-content\/uploads\/2026\/04\/13-inch-Bud-Leaf-Bowl-Trimmer-E.webp?w=1464&amp;quality=80&amp;ssl=1 1464w, https:\/\/i0.wp.com\/chill-road.com\/wp-content\/uploads\/2026\/04\/13-inch-Bud-Leaf-Bowl-Trimmer-E.webp?resize=300%2C123&amp;quality=80&amp;ssl=1 300w, https:\/\/i0.wp.com\/chill-road.com\/wp-content\/uploads\/2026\/04\/13-inch-Bud-Leaf-Bowl-Trimmer-E.webp?resize=1024%2C420&amp;quality=80&amp;ssl=1 1024w, https:\/\/i0.wp.com\/chill-road.com\/wp-content\/uploads\/2026\/04\/13-inch-Bud-Leaf-Bowl-Trimmer-E.webp?resize=768%2C315&amp;quality=80&amp;ssl=1 768w, https:\/\/i0.wp.com\/chill-road.com\/wp-content\/uploads\/2026\/04\/13-inch-Bud-Leaf-Bowl-Trimmer-E.webp?resize=18%2C7&amp;quality=80&amp;ssl=1 18w, https:\/\/i0.wp.com\/chill-road.com\/wp-content\/uploads\/2026\/04\/13-inch-Bud-Leaf-Bowl-Trimmer-E.webp?resize=900%2C369&amp;quality=80&amp;ssl=1 900w, https:\/\/i0.wp.com\/chill-road.com\/wp-content\/uploads\/2026\/04\/13-inch-Bud-Leaf-Bowl-Trimmer-E.webp?resize=150%2C61&amp;quality=80&amp;ssl=1 150w\" sizes=\"auto, (max-width: 1000px) 100vw, 1000px\" \/> <img data-recalc-dims=\"1\" loading=\"lazy\" decoding=\"async\" data-attachment-id=\"20304\" data-permalink=\"https:\/\/chill-road.com\/en\/?attachment_id=20304\" data-orig-file=\"https:\/\/i0.wp.com\/chill-road.com\/wp-content\/uploads\/2026\/04\/13-inch-Bud-Leaf-Bowl-Trimmer-F.webp?fit=1464%2C600&amp;quality=80&amp;ssl=1\" data-orig-size=\"1464,600\" data-comments-opened=\"1\" data-image-meta=\"{&quot;aperture&quot;:&quot;0&quot;,&quot;credit&quot;:&quot;&quot;,&quot;camera&quot;:&quot;&quot;,&quot;caption&quot;:&quot;&quot;,&quot;created_timestamp&quot;:&quot;0&quot;,&quot;copyright&quot;:&quot;&quot;,&quot;focal_length&quot;:&quot;0&quot;,&quot;iso&quot;:&quot;0&quot;,&quot;shutter_speed&quot;:&quot;0&quot;,&quot;title&quot;:&quot;&quot;,&quot;orientation&quot;:&quot;0&quot;}\" data-image-title=\"13-inch-Bud-Leaf-Bowl-Trimmer-F\" data-image-description=\"\" data-image-caption=\"\" data-large-file=\"https:\/\/i0.wp.com\/chill-road.com\/wp-content\/uploads\/2026\/04\/13-inch-Bud-Leaf-Bowl-Trimmer-F.webp?fit=1024%2C420&amp;quality=80&amp;ssl=1\" class=\"alignnone size-full wp-image-20304\" src=\"https:\/\/i0.wp.com\/chill-road.com\/wp-content\/uploads\/2026\/04\/13-inch-Bud-Leaf-Bowl-Trimmer-F.webp?resize=1464%2C600&#038;quality=80&#038;ssl=1\" alt=\"\" width=\"1464\" height=\"600\" srcset=\"https:\/\/i0.wp.com\/chill-road.com\/wp-content\/uploads\/2026\/04\/13-inch-Bud-Leaf-Bowl-Trimmer-F.webp?w=1464&amp;quality=80&amp;ssl=1 1464w, https:\/\/i0.wp.com\/chill-road.com\/wp-content\/uploads\/2026\/04\/13-inch-Bud-Leaf-Bowl-Trimmer-F.webp?resize=300%2C123&amp;quality=80&amp;ssl=1 300w, https:\/\/i0.wp.com\/chill-road.com\/wp-content\/uploads\/2026\/04\/13-inch-Bud-Leaf-Bowl-Trimmer-F.webp?resize=1024%2C420&amp;quality=80&amp;ssl=1 1024w, https:\/\/i0.wp.com\/chill-road.com\/wp-content\/uploads\/2026\/04\/13-inch-Bud-Leaf-Bowl-Trimmer-F.webp?resize=768%2C315&amp;quality=80&amp;ssl=1 768w, https:\/\/i0.wp.com\/chill-road.com\/wp-content\/uploads\/2026\/04\/13-inch-Bud-Leaf-Bowl-Trimmer-F.webp?resize=18%2C7&amp;quality=80&amp;ssl=1 18w, https:\/\/i0.wp.com\/chill-road.com\/wp-content\/uploads\/2026\/04\/13-inch-Bud-Leaf-Bowl-Trimmer-F.webp?resize=900%2C369&amp;quality=80&amp;ssl=1 900w, https:\/\/i0.wp.com\/chill-road.com\/wp-content\/uploads\/2026\/04\/13-inch-Bud-Leaf-Bowl-Trimmer-F.webp?resize=150%2C61&amp;quality=80&amp;ssl=1 150w\" sizes=\"auto, (max-width: 1000px) 100vw, 1000px\" \/> <img data-recalc-dims=\"1\" loading=\"lazy\" decoding=\"async\" data-attachment-id=\"20293\" data-permalink=\"https:\/\/chill-road.com\/en\/?attachment_id=20293\" data-orig-file=\"https:\/\/i0.wp.com\/chill-road.com\/wp-content\/uploads\/2026\/04\/13-inch-Bud-Leaf-Bowl-Trimmer-G.webp?fit=1464%2C600&amp;quality=80&amp;ssl=1\" data-orig-size=\"1464,600\" data-comments-opened=\"1\" data-image-meta=\"{&quot;aperture&quot;:&quot;0&quot;,&quot;credit&quot;:&quot;&quot;,&quot;camera&quot;:&quot;&quot;,&quot;caption&quot;:&quot;&quot;,&quot;created_timestamp&quot;:&quot;0&quot;,&quot;copyright&quot;:&quot;&quot;,&quot;focal_length&quot;:&quot;0&quot;,&quot;iso&quot;:&quot;0&quot;,&quot;shutter_speed&quot;:&quot;0&quot;,&quot;title&quot;:&quot;&quot;,&quot;orientation&quot;:&quot;0&quot;}\" data-image-title=\"13-inch-Bud-Leaf-Bowl-Trimmer-G\" data-image-description=\"\" data-image-caption=\"\" data-large-file=\"https:\/\/i0.wp.com\/chill-road.com\/wp-content\/uploads\/2026\/04\/13-inch-Bud-Leaf-Bowl-Trimmer-G.webp?fit=1024%2C420&amp;quality=80&amp;ssl=1\" class=\"alignnone size-full wp-image-20293\" src=\"https:\/\/i0.wp.com\/chill-road.com\/wp-content\/uploads\/2026\/04\/13-inch-Bud-Leaf-Bowl-Trimmer-G.webp?resize=1464%2C600&#038;quality=80&#038;ssl=1\" alt=\"\" width=\"1464\" height=\"600\" srcset=\"https:\/\/i0.wp.com\/chill-road.com\/wp-content\/uploads\/2026\/04\/13-inch-Bud-Leaf-Bowl-Trimmer-G.webp?w=1464&amp;quality=80&amp;ssl=1 1464w, https:\/\/i0.wp.com\/chill-road.com\/wp-content\/uploads\/2026\/04\/13-inch-Bud-Leaf-Bowl-Trimmer-G.webp?resize=300%2C123&amp;quality=80&amp;ssl=1 300w, https:\/\/i0.wp.com\/chill-road.com\/wp-content\/uploads\/2026\/04\/13-inch-Bud-Leaf-Bowl-Trimmer-G.webp?resize=1024%2C420&amp;quality=80&amp;ssl=1 1024w, https:\/\/i0.wp.com\/chill-road.com\/wp-content\/uploads\/2026\/04\/13-inch-Bud-Leaf-Bowl-Trimmer-G.webp?resize=768%2C315&amp;quality=80&amp;ssl=1 768w, https:\/\/i0.wp.com\/chill-road.com\/wp-content\/uploads\/2026\/04\/13-inch-Bud-Leaf-Bowl-Trimmer-G.webp?resize=18%2C7&amp;quality=80&amp;ssl=1 18w, https:\/\/i0.wp.com\/chill-road.com\/wp-content\/uploads\/2026\/04\/13-inch-Bud-Leaf-Bowl-Trimmer-G.webp?resize=900%2C369&amp;quality=80&amp;ssl=1 900w, https:\/\/i0.wp.com\/chill-road.com\/wp-content\/uploads\/2026\/04\/13-inch-Bud-Leaf-Bowl-Trimmer-G.webp?resize=150%2C61&amp;quality=80&amp;ssl=1 150w\" sizes=\"auto, (max-width: 1000px) 100vw, 1000px\" \/> <img data-recalc-dims=\"1\" loading=\"lazy\" decoding=\"async\" data-attachment-id=\"20303\" data-permalink=\"https:\/\/chill-road.com\/en\/?attachment_id=20303\" data-orig-file=\"https:\/\/i0.wp.com\/chill-road.com\/wp-content\/uploads\/2026\/04\/13-inch-Bud-Leaf-Bowl-Trimmer-H.webp?fit=1464%2C600&amp;quality=80&amp;ssl=1\" data-orig-size=\"1464,600\" data-comments-opened=\"1\" data-image-meta=\"{&quot;aperture&quot;:&quot;0&quot;,&quot;credit&quot;:&quot;&quot;,&quot;camera&quot;:&quot;&quot;,&quot;caption&quot;:&quot;&quot;,&quot;created_timestamp&quot;:&quot;0&quot;,&quot;copyright&quot;:&quot;&quot;,&quot;focal_length&quot;:&quot;0&quot;,&quot;iso&quot;:&quot;0&quot;,&quot;shutter_speed&quot;:&quot;0&quot;,&quot;title&quot;:&quot;&quot;,&quot;orientation&quot;:&quot;0&quot;}\" data-image-title=\"13-inch-Bud-Leaf-Bowl-Trimmer-H\" data-image-description=\"\" data-image-caption=\"\" data-large-file=\"https:\/\/i0.wp.com\/chill-road.com\/wp-content\/uploads\/2026\/04\/13-inch-Bud-Leaf-Bowl-Trimmer-H.webp?fit=1024%2C420&amp;quality=80&amp;ssl=1\" class=\"alignnone size-full wp-image-20303\" src=\"https:\/\/i0.wp.com\/chill-road.com\/wp-content\/uploads\/2026\/04\/13-inch-Bud-Leaf-Bowl-Trimmer-H.webp?resize=1464%2C600&#038;quality=80&#038;ssl=1\" alt=\"\" width=\"1464\" height=\"600\" srcset=\"https:\/\/i0.wp.com\/chill-road.com\/wp-content\/uploads\/2026\/04\/13-inch-Bud-Leaf-Bowl-Trimmer-H.webp?w=1464&amp;quality=80&amp;ssl=1 1464w, https:\/\/i0.wp.com\/chill-road.com\/wp-content\/uploads\/2026\/04\/13-inch-Bud-Leaf-Bowl-Trimmer-H.webp?resize=300%2C123&amp;quality=80&amp;ssl=1 300w, https:\/\/i0.wp.com\/chill-road.com\/wp-content\/uploads\/2026\/04\/13-inch-Bud-Leaf-Bowl-Trimmer-H.webp?resize=1024%2C420&amp;quality=80&amp;ssl=1 1024w, https:\/\/i0.wp.com\/chill-road.com\/wp-content\/uploads\/2026\/04\/13-inch-Bud-Leaf-Bowl-Trimmer-H.webp?resize=768%2C315&amp;quality=80&amp;ssl=1 768w, https:\/\/i0.wp.com\/chill-road.com\/wp-content\/uploads\/2026\/04\/13-inch-Bud-Leaf-Bowl-Trimmer-H.webp?resize=18%2C7&amp;quality=80&amp;ssl=1 18w, https:\/\/i0.wp.com\/chill-road.com\/wp-content\/uploads\/2026\/04\/13-inch-Bud-Leaf-Bowl-Trimmer-H.webp?resize=900%2C369&amp;quality=80&amp;ssl=1 900w, https:\/\/i0.wp.com\/chill-road.com\/wp-content\/uploads\/2026\/04\/13-inch-Bud-Leaf-Bowl-Trimmer-H.webp?resize=150%2C61&amp;quality=80&amp;ssl=1 150w\" sizes=\"auto, (max-width: 1000px) 100vw, 1000px\" \/><\/p>","protected":false},"excerpt":{"rendered":"<p class=\"translation-block\">The Mars Hydro 13-inch Bowl Bud Leaf Defoliator is the ideal choice for both beginners and professional growers. The rotating cutting system increases efficiency by 3\u20135x for fast batch processing. A temperature-resistant dome and stainless steel bowl ensure quiet, stable, and visible operation. All food-grade parts are removable for easy cleaning. Simply load, spread evenly for best results, close, and rotate.<\/p>\n<p class=\"translation-block\"><strong><span style=\"color: #ff6600\">\u2666 <\/span>Wet and dry use, one tool does it all<\/strong><br>\nThree professional blades handle all wet and dry scenarios to meet all your processing needs.<\/p>\n<p class=\"translation-block\"><strong><span style=\"color: #ff6600\">\u2666 <\/span>Sharp, fast and precise blades<\/strong><br>\nQuickly and cleanly removes unwanted material while protecting precious buds and stems.<\/p>\n<p class=\"translation-block\"><strong><span style=\"color: #ff6600\">\u2666 <\/span>Transparent dome, visual control<\/strong><br>\nMonitor the process through the transparent lid for precise control.<\/p>\n<p class=\"translation-block\"><strong><span style=\"color: #ff6600;\">\u2666 <\/span>Mat\u00e9riaux s\u00fbrs, utilisation fiable<\/strong><br>\r\nFabriqu\u00e9 avec des mat\u00e9riaux de contact de qualit\u00e9 alimentaire pour une utilisation s\u00fbre et stable sur les plantes d\u00e9licates.<\/p>\n<p><strong>Package included :\u00a0<\/strong><\/p>\n<p class=\"translation-block\">1 x 13\" bowl defoliator,<br>\n1 x serrated blade,<br>\n2 x flat blades,<br>\n2 x cross blades,<br>\n1 x glove,<br>\n1 x garden shears,<br>\n1 x small scissors.<\/p>","protected":false},"featured_media":20302,"comment_status":"open","ping_status":"closed","template":"","meta":[],"product_brand":[43],"product_cat":[155,108],"product_tag":[],"class_list":{"0":"post-20201","1":"product","2":"type-product","3":"status-publish","4":"has-post-thumbnail","6":"product_brand-mars-hydro","7":"product_cat-outils-de-jardinage","8":"product_cat-accessoires","9":"cr-has-rrp","11":"first","12":"instock","13":"sale","14":"purchasable","15":"product-type-simple"},"jetpack_sharing_enabled":true,"_links":{"self":[{"href":"https:\/\/chill-road.com\/en\/wp-json\/wp\/v2\/product\/20201","targetHints":{"allow":["GET"]}}],"collection":[{"href":"https:\/\/chill-road.com\/en\/wp-json\/wp\/v2\/product"}],"about":[{"href":"https:\/\/chill-road.com\/en\/wp-json\/wp\/v2\/types\/product"}],"replies":[{"embeddable":true,"href":"https:\/\/chill-road.com\/en\/wp-json\/wp\/v2\/comments?post=20201"}],"version-history":[{"count":1,"href":"https:\/\/chill-road.com\/en\/wp-json\/wp\/v2\/product\/20201\/revisions"}],"predecessor-version":[{"id":23422,"href":"https:\/\/chill-road.com\/en\/wp-json\/wp\/v2\/product\/20201\/revisions\/23422"}],"wp:featuredmedia":[{"embeddable":true,"href":"https:\/\/chill-road.com\/en\/wp-json\/wp\/v2\/media\/20302"}],"wp:attachment":[{"href":"https:\/\/chill-road.com\/en\/wp-json\/wp\/v2\/media?parent=20201"}],"wp:term":[{"taxonomy":"product_brand","embeddable":true,"href":"https:\/\/chill-road.com\/en\/wp-json\/wp\/v2\/product_brand?post=20201"},{"taxonomy":"product_cat","embeddable":true,"href":"https:\/\/chill-road.com\/en\/wp-json\/wp\/v2\/product_cat?post=20201"},{"taxonomy":"product_tag","embeddable":true,"href":"https:\/\/chill-road.com\/en\/wp-json\/wp\/v2\/product_tag?post=20201"}],"curies":[{"name":"wp","href":"https:\/\/api.w.org\/{rel}","templated":true}]}}