{"id":20208,"date":"2026-04-03T22:50:26","date_gmt":"2026-04-03T20:50:26","guid":{"rendered":"https:\/\/chill-road.com\/?post_type=product&#038;p=20208"},"modified":"2026-05-07T12:05:29","modified_gmt":"2026-05-07T10:05:29","slug":"barres-de-culture-led-80w-a-spectre-complet-spider-farmer-2026-pour-plantes-dinterieur-etanches-ip65-connectables-ecoenergetiques-et-faciles-a-installer-ideales-pour-support-de-plantes-et","status":"publish","type":"product","link":"https:\/\/chill-road.com\/en\/produit\/barres-de-culture-led-80w-a-spectre-complet-spider-farmer-2026-pour-plantes-dinterieur-etanches-ip65-connectables-ecoenergetiques-et-faciles-a-installer-ideales-pour-support-de-plantes-et\/","title":{"rendered":"<span class=\"cr-preorder-title-prefix\">[Pr\u00e9-commande]<\/span> Barres de culture LED 80W \u00e0 spectre complet Spider Farmer 2026 pour plantes d&rsquo;int\u00e9rieur, \u00e9tanches IP65, connectables, \u00e9co\u00e9nerg\u00e9tiques et faciles \u00e0 installer, id\u00e9ales pour support de plantes et serre (lot de 4)"},"content":{"rendered":"<p><strong>What are the advantages of the new LED grow lights from Spider Farmer?<\/strong><\/p>\n<ul>\n<li class=\"translation-block\"><strong>Full Spectrum Similar to Sunlight:<\/strong> These plant growth light bars emit a broadband, full-spectrum light: 5000-5500K (WHITE), 3000K-3500K (WARM WHITE), and 650-660 nm (RED). This gentle and stable output provides the most suitable light wave for plant growth based on their absorption ratio, offering sufficient energy to sustain life and promote vegetative growth without causing heat or light intensity stress, thus promoting the health and growth of your houseplants.<\/li>\n<li><strong>High performance lighting:<\/strong> Sp\u00e9cialement con\u00e7u pour les semis, les clones et les besoins d&rsquo;\u00e9clairage suppl\u00e9mentaires dans les zones \u00e0 faible luminosit\u00e9, garantissant un \u00e9clairage plus pr\u00e9cis et plus s\u00fbr. Consommer uniquement <strong>80W <\/strong>avec <strong>384\u00a0LED<\/strong>, cette lampe de culture peut remplacer une lampe v\u00e9g\u00e9tale traditionnelle de 200 W. Fournit une lumi\u00e8re hautement concentr\u00e9e et efficace, la majeure partie de l\u2019\u00e9nergie \u00e9tant utilisable par les plantes.<\/li>\n<li class=\"translation-block\"><strong>IP65 Waterproof Shade:<\/strong> Designed with an IP65 rating suitable for high-humidity planting environments to enhance electrical safety and reliability. Each light bar features a high-quality, heat-resistant, transparent PC shade that is water and dust resistant, making it easy to clean and safe to use in high-humidity conditions. This design effectively protects the LEDs and extends the product's lifespan.<\/li>\n<li class=\"translation-block\"><strong>Easy Installation and Efficient Control:<\/strong> Featuring a plug-and-play design that requires no complex setup\u2014perfect for beginners. With the included magnet, nail, clips, and cable ties, you can install the lights yourself in minutes. Simply plug it in and turn it on. It supports daisy-chain connections for unified, one-key control, making layout and management simple and efficient; you can connect <strong>12 lights in series at 110V (up to 24 single bars can be connected in series at 220V)<\/strong>, saving you installation time.<\/li>\n<li class=\"translation-block\"><strong>Wide Application:<\/strong> Helps users build a stable and continuously functioning grow space for long-term seedling cultivation and daily supplemental light. Its slim, waterproof design makes it perfect for growing in tents, closets, shelves, greenhouses, countertops, or any other environment where space is limited. Grow anywhere effortlessly.<\/li>\n<li class=\"translation-block\"><strong>Universal Daisy Chain Compatibility:<\/strong> Compatible with mixed connections of dimmable and non-dimmable bars (including plant support lights). Note: When connected in series, the dimmer adjusts the brightness for <strong>dimmable models only<\/strong>. Non-dimmable units will function strictly as on\/off lights.<\/li>\n<\/ul>\n<p><strong>How many of these light strips are needed to fully equip a plant support kit?<\/strong><\/p>\n<ul>\n<li class=\"translation-block\"><strong>54W Plant Support:<\/strong> At least <strong>6 pieces<\/strong> required<\/li>\n<li class=\"translation-block\"><strong>108W Plant Support:<\/strong> At least <strong>6 pieces<\/strong> required<\/li>\n<li class=\"translation-block\"><strong>220W Plant Support:<\/strong>At least <strong>10 pieces<\/strong> required (More may be needed depending on your setup)<\/li>\n<\/ul>\n<p><img data-recalc-dims=\"1\" loading=\"lazy\" decoding=\"async\" data-attachment-id=\"20763\" data-permalink=\"https:\/\/chill-road.com\/en\/?attachment_id=20763\" data-orig-file=\"https:\/\/i0.wp.com\/chill-road.com\/wp-content\/uploads\/2026\/04\/SF-GlowBar20-A.jpg?fit=1464%2C600&amp;quality=89&amp;ssl=1\" data-orig-size=\"1464,600\" data-comments-opened=\"1\" data-image-meta=\"{&quot;aperture&quot;:&quot;0&quot;,&quot;credit&quot;:&quot;&quot;,&quot;camera&quot;:&quot;&quot;,&quot;caption&quot;:&quot;&quot;,&quot;created_timestamp&quot;:&quot;0&quot;,&quot;copyright&quot;:&quot;&quot;,&quot;focal_length&quot;:&quot;0&quot;,&quot;iso&quot;:&quot;0&quot;,&quot;shutter_speed&quot;:&quot;0&quot;,&quot;title&quot;:&quot;&quot;,&quot;orientation&quot;:&quot;0&quot;}\" data-image-title=\"SF-GlowBar20-A\" data-image-description=\"\" data-image-caption=\"\" data-large-file=\"https:\/\/i0.wp.com\/chill-road.com\/wp-content\/uploads\/2026\/04\/SF-GlowBar20-A.jpg?fit=1024%2C420&amp;quality=89&amp;ssl=1\" class=\"alignnone size-full wp-image-20763\" src=\"https:\/\/i0.wp.com\/chill-road.com\/wp-content\/uploads\/2026\/04\/SF-GlowBar20-A.jpg?resize=1464%2C600&#038;quality=89&#038;ssl=1\" alt=\"\" width=\"1464\" height=\"600\" srcset=\"https:\/\/i0.wp.com\/chill-road.com\/wp-content\/uploads\/2026\/04\/SF-GlowBar20-A.jpg?w=1464&amp;quality=89&amp;ssl=1 1464w, https:\/\/i0.wp.com\/chill-road.com\/wp-content\/uploads\/2026\/04\/SF-GlowBar20-A.jpg?resize=300%2C123&amp;quality=89&amp;ssl=1 300w, https:\/\/i0.wp.com\/chill-road.com\/wp-content\/uploads\/2026\/04\/SF-GlowBar20-A.jpg?resize=1024%2C420&amp;quality=89&amp;ssl=1 1024w, https:\/\/i0.wp.com\/chill-road.com\/wp-content\/uploads\/2026\/04\/SF-GlowBar20-A.jpg?resize=768%2C315&amp;quality=89&amp;ssl=1 768w, https:\/\/i0.wp.com\/chill-road.com\/wp-content\/uploads\/2026\/04\/SF-GlowBar20-A.jpg?resize=18%2C7&amp;quality=89&amp;ssl=1 18w, https:\/\/i0.wp.com\/chill-road.com\/wp-content\/uploads\/2026\/04\/SF-GlowBar20-A.jpg?resize=900%2C369&amp;quality=89&amp;ssl=1 900w, https:\/\/i0.wp.com\/chill-road.com\/wp-content\/uploads\/2026\/04\/SF-GlowBar20-A.jpg?resize=150%2C61&amp;quality=89&amp;ssl=1 150w\" sizes=\"auto, (max-width: 1000px) 100vw, 1000px\" \/> <img data-recalc-dims=\"1\" loading=\"lazy\" decoding=\"async\" data-attachment-id=\"20764\" data-permalink=\"https:\/\/chill-road.com\/en\/?attachment_id=20764\" data-orig-file=\"https:\/\/i0.wp.com\/chill-road.com\/wp-content\/uploads\/2026\/04\/SF-GlowBar20-B.jpg?fit=1464%2C600&amp;quality=89&amp;ssl=1\" data-orig-size=\"1464,600\" data-comments-opened=\"1\" data-image-meta=\"{&quot;aperture&quot;:&quot;0&quot;,&quot;credit&quot;:&quot;&quot;,&quot;camera&quot;:&quot;&quot;,&quot;caption&quot;:&quot;&quot;,&quot;created_timestamp&quot;:&quot;0&quot;,&quot;copyright&quot;:&quot;&quot;,&quot;focal_length&quot;:&quot;0&quot;,&quot;iso&quot;:&quot;0&quot;,&quot;shutter_speed&quot;:&quot;0&quot;,&quot;title&quot;:&quot;&quot;,&quot;orientation&quot;:&quot;0&quot;}\" data-image-title=\"SF-GlowBar20-B\" data-image-description=\"\" data-image-caption=\"\" data-large-file=\"https:\/\/i0.wp.com\/chill-road.com\/wp-content\/uploads\/2026\/04\/SF-GlowBar20-B.jpg?fit=1024%2C420&amp;quality=89&amp;ssl=1\" class=\"alignnone size-full wp-image-20764\" src=\"https:\/\/i0.wp.com\/chill-road.com\/wp-content\/uploads\/2026\/04\/SF-GlowBar20-B.jpg?resize=1464%2C600&#038;quality=89&#038;ssl=1\" alt=\"\" width=\"1464\" height=\"600\" srcset=\"https:\/\/i0.wp.com\/chill-road.com\/wp-content\/uploads\/2026\/04\/SF-GlowBar20-B.jpg?w=1464&amp;quality=89&amp;ssl=1 1464w, https:\/\/i0.wp.com\/chill-road.com\/wp-content\/uploads\/2026\/04\/SF-GlowBar20-B.jpg?resize=300%2C123&amp;quality=89&amp;ssl=1 300w, https:\/\/i0.wp.com\/chill-road.com\/wp-content\/uploads\/2026\/04\/SF-GlowBar20-B.jpg?resize=1024%2C420&amp;quality=89&amp;ssl=1 1024w, https:\/\/i0.wp.com\/chill-road.com\/wp-content\/uploads\/2026\/04\/SF-GlowBar20-B.jpg?resize=768%2C315&amp;quality=89&amp;ssl=1 768w, https:\/\/i0.wp.com\/chill-road.com\/wp-content\/uploads\/2026\/04\/SF-GlowBar20-B.jpg?resize=18%2C7&amp;quality=89&amp;ssl=1 18w, https:\/\/i0.wp.com\/chill-road.com\/wp-content\/uploads\/2026\/04\/SF-GlowBar20-B.jpg?resize=900%2C369&amp;quality=89&amp;ssl=1 900w, https:\/\/i0.wp.com\/chill-road.com\/wp-content\/uploads\/2026\/04\/SF-GlowBar20-B.jpg?resize=150%2C61&amp;quality=89&amp;ssl=1 150w\" sizes=\"auto, (max-width: 1000px) 100vw, 1000px\" \/> <img data-recalc-dims=\"1\" loading=\"lazy\" decoding=\"async\" data-attachment-id=\"20765\" data-permalink=\"https:\/\/chill-road.com\/en\/?attachment_id=20765\" data-orig-file=\"https:\/\/i0.wp.com\/chill-road.com\/wp-content\/uploads\/2026\/04\/SF-GlowBar20-C.jpg?fit=1464%2C600&amp;quality=89&amp;ssl=1\" data-orig-size=\"1464,600\" data-comments-opened=\"1\" data-image-meta=\"{&quot;aperture&quot;:&quot;0&quot;,&quot;credit&quot;:&quot;&quot;,&quot;camera&quot;:&quot;&quot;,&quot;caption&quot;:&quot;&quot;,&quot;created_timestamp&quot;:&quot;0&quot;,&quot;copyright&quot;:&quot;&quot;,&quot;focal_length&quot;:&quot;0&quot;,&quot;iso&quot;:&quot;0&quot;,&quot;shutter_speed&quot;:&quot;0&quot;,&quot;title&quot;:&quot;&quot;,&quot;orientation&quot;:&quot;0&quot;}\" data-image-title=\"SF-GlowBar20-C\" data-image-description=\"\" data-image-caption=\"\" data-large-file=\"https:\/\/i0.wp.com\/chill-road.com\/wp-content\/uploads\/2026\/04\/SF-GlowBar20-C.jpg?fit=1024%2C420&amp;quality=89&amp;ssl=1\" class=\"alignnone size-full wp-image-20765\" src=\"https:\/\/i0.wp.com\/chill-road.com\/wp-content\/uploads\/2026\/04\/SF-GlowBar20-C.jpg?resize=1464%2C600&#038;quality=89&#038;ssl=1\" alt=\"\" width=\"1464\" height=\"600\" srcset=\"https:\/\/i0.wp.com\/chill-road.com\/wp-content\/uploads\/2026\/04\/SF-GlowBar20-C.jpg?w=1464&amp;quality=89&amp;ssl=1 1464w, https:\/\/i0.wp.com\/chill-road.com\/wp-content\/uploads\/2026\/04\/SF-GlowBar20-C.jpg?resize=300%2C123&amp;quality=89&amp;ssl=1 300w, https:\/\/i0.wp.com\/chill-road.com\/wp-content\/uploads\/2026\/04\/SF-GlowBar20-C.jpg?resize=1024%2C420&amp;quality=89&amp;ssl=1 1024w, https:\/\/i0.wp.com\/chill-road.com\/wp-content\/uploads\/2026\/04\/SF-GlowBar20-C.jpg?resize=768%2C315&amp;quality=89&amp;ssl=1 768w, https:\/\/i0.wp.com\/chill-road.com\/wp-content\/uploads\/2026\/04\/SF-GlowBar20-C.jpg?resize=18%2C7&amp;quality=89&amp;ssl=1 18w, https:\/\/i0.wp.com\/chill-road.com\/wp-content\/uploads\/2026\/04\/SF-GlowBar20-C.jpg?resize=900%2C369&amp;quality=89&amp;ssl=1 900w, https:\/\/i0.wp.com\/chill-road.com\/wp-content\/uploads\/2026\/04\/SF-GlowBar20-C.jpg?resize=150%2C61&amp;quality=89&amp;ssl=1 150w\" sizes=\"auto, (max-width: 1000px) 100vw, 1000px\" \/> <img data-recalc-dims=\"1\" loading=\"lazy\" decoding=\"async\" data-attachment-id=\"20766\" data-permalink=\"https:\/\/chill-road.com\/en\/?attachment_id=20766\" data-orig-file=\"https:\/\/i0.wp.com\/chill-road.com\/wp-content\/uploads\/2026\/04\/SF-GlowBar20-D.jpg?fit=1464%2C600&amp;quality=89&amp;ssl=1\" data-orig-size=\"1464,600\" data-comments-opened=\"1\" data-image-meta=\"{&quot;aperture&quot;:&quot;0&quot;,&quot;credit&quot;:&quot;&quot;,&quot;camera&quot;:&quot;&quot;,&quot;caption&quot;:&quot;&quot;,&quot;created_timestamp&quot;:&quot;0&quot;,&quot;copyright&quot;:&quot;&quot;,&quot;focal_length&quot;:&quot;0&quot;,&quot;iso&quot;:&quot;0&quot;,&quot;shutter_speed&quot;:&quot;0&quot;,&quot;title&quot;:&quot;&quot;,&quot;orientation&quot;:&quot;0&quot;}\" data-image-title=\"SF-GlowBar20-D\" data-image-description=\"\" data-image-caption=\"\" data-large-file=\"https:\/\/i0.wp.com\/chill-road.com\/wp-content\/uploads\/2026\/04\/SF-GlowBar20-D.jpg?fit=1024%2C420&amp;quality=89&amp;ssl=1\" class=\"alignnone size-full wp-image-20766\" src=\"https:\/\/i0.wp.com\/chill-road.com\/wp-content\/uploads\/2026\/04\/SF-GlowBar20-D.jpg?resize=1464%2C600&#038;quality=89&#038;ssl=1\" alt=\"\" width=\"1464\" height=\"600\" srcset=\"https:\/\/i0.wp.com\/chill-road.com\/wp-content\/uploads\/2026\/04\/SF-GlowBar20-D.jpg?w=1464&amp;quality=89&amp;ssl=1 1464w, https:\/\/i0.wp.com\/chill-road.com\/wp-content\/uploads\/2026\/04\/SF-GlowBar20-D.jpg?resize=300%2C123&amp;quality=89&amp;ssl=1 300w, https:\/\/i0.wp.com\/chill-road.com\/wp-content\/uploads\/2026\/04\/SF-GlowBar20-D.jpg?resize=1024%2C420&amp;quality=89&amp;ssl=1 1024w, https:\/\/i0.wp.com\/chill-road.com\/wp-content\/uploads\/2026\/04\/SF-GlowBar20-D.jpg?resize=768%2C315&amp;quality=89&amp;ssl=1 768w, https:\/\/i0.wp.com\/chill-road.com\/wp-content\/uploads\/2026\/04\/SF-GlowBar20-D.jpg?resize=18%2C7&amp;quality=89&amp;ssl=1 18w, https:\/\/i0.wp.com\/chill-road.com\/wp-content\/uploads\/2026\/04\/SF-GlowBar20-D.jpg?resize=900%2C369&amp;quality=89&amp;ssl=1 900w, https:\/\/i0.wp.com\/chill-road.com\/wp-content\/uploads\/2026\/04\/SF-GlowBar20-D.jpg?resize=150%2C61&amp;quality=89&amp;ssl=1 150w\" sizes=\"auto, (max-width: 1000px) 100vw, 1000px\" \/> <img data-recalc-dims=\"1\" loading=\"lazy\" decoding=\"async\" data-attachment-id=\"20767\" data-permalink=\"https:\/\/chill-road.com\/en\/?attachment_id=20767\" data-orig-file=\"https:\/\/i0.wp.com\/chill-road.com\/wp-content\/uploads\/2026\/04\/SF-GlowBar20-E.jpg?fit=1464%2C600&amp;quality=89&amp;ssl=1\" data-orig-size=\"1464,600\" data-comments-opened=\"1\" data-image-meta=\"{&quot;aperture&quot;:&quot;0&quot;,&quot;credit&quot;:&quot;&quot;,&quot;camera&quot;:&quot;&quot;,&quot;caption&quot;:&quot;&quot;,&quot;created_timestamp&quot;:&quot;0&quot;,&quot;copyright&quot;:&quot;&quot;,&quot;focal_length&quot;:&quot;0&quot;,&quot;iso&quot;:&quot;0&quot;,&quot;shutter_speed&quot;:&quot;0&quot;,&quot;title&quot;:&quot;&quot;,&quot;orientation&quot;:&quot;0&quot;}\" data-image-title=\"SF-GlowBar20-E\" data-image-description=\"\" data-image-caption=\"\" data-large-file=\"https:\/\/i0.wp.com\/chill-road.com\/wp-content\/uploads\/2026\/04\/SF-GlowBar20-E.jpg?fit=1024%2C420&amp;quality=89&amp;ssl=1\" class=\"alignnone size-full wp-image-20767\" src=\"https:\/\/i0.wp.com\/chill-road.com\/wp-content\/uploads\/2026\/04\/SF-GlowBar20-E.jpg?resize=1464%2C600&#038;quality=89&#038;ssl=1\" alt=\"\" width=\"1464\" height=\"600\" srcset=\"https:\/\/i0.wp.com\/chill-road.com\/wp-content\/uploads\/2026\/04\/SF-GlowBar20-E.jpg?w=1464&amp;quality=89&amp;ssl=1 1464w, https:\/\/i0.wp.com\/chill-road.com\/wp-content\/uploads\/2026\/04\/SF-GlowBar20-E.jpg?resize=300%2C123&amp;quality=89&amp;ssl=1 300w, https:\/\/i0.wp.com\/chill-road.com\/wp-content\/uploads\/2026\/04\/SF-GlowBar20-E.jpg?resize=1024%2C420&amp;quality=89&amp;ssl=1 1024w, https:\/\/i0.wp.com\/chill-road.com\/wp-content\/uploads\/2026\/04\/SF-GlowBar20-E.jpg?resize=768%2C315&amp;quality=89&amp;ssl=1 768w, https:\/\/i0.wp.com\/chill-road.com\/wp-content\/uploads\/2026\/04\/SF-GlowBar20-E.jpg?resize=18%2C7&amp;quality=89&amp;ssl=1 18w, https:\/\/i0.wp.com\/chill-road.com\/wp-content\/uploads\/2026\/04\/SF-GlowBar20-E.jpg?resize=900%2C369&amp;quality=89&amp;ssl=1 900w, https:\/\/i0.wp.com\/chill-road.com\/wp-content\/uploads\/2026\/04\/SF-GlowBar20-E.jpg?resize=150%2C61&amp;quality=89&amp;ssl=1 150w\" sizes=\"auto, (max-width: 1000px) 100vw, 1000px\" \/> <img data-recalc-dims=\"1\" loading=\"lazy\" decoding=\"async\" data-attachment-id=\"20768\" data-permalink=\"https:\/\/chill-road.com\/en\/?attachment_id=20768\" data-orig-file=\"https:\/\/i0.wp.com\/chill-road.com\/wp-content\/uploads\/2026\/04\/SF-GlowBar20-F.jpg?fit=1464%2C600&amp;quality=89&amp;ssl=1\" data-orig-size=\"1464,600\" data-comments-opened=\"1\" data-image-meta=\"{&quot;aperture&quot;:&quot;0&quot;,&quot;credit&quot;:&quot;&quot;,&quot;camera&quot;:&quot;&quot;,&quot;caption&quot;:&quot;&quot;,&quot;created_timestamp&quot;:&quot;0&quot;,&quot;copyright&quot;:&quot;&quot;,&quot;focal_length&quot;:&quot;0&quot;,&quot;iso&quot;:&quot;0&quot;,&quot;shutter_speed&quot;:&quot;0&quot;,&quot;title&quot;:&quot;&quot;,&quot;orientation&quot;:&quot;0&quot;}\" data-image-title=\"SF-GlowBar20-F\" data-image-description=\"\" data-image-caption=\"\" data-large-file=\"https:\/\/i0.wp.com\/chill-road.com\/wp-content\/uploads\/2026\/04\/SF-GlowBar20-F.jpg?fit=1024%2C420&amp;quality=89&amp;ssl=1\" class=\"alignnone size-full wp-image-20768\" src=\"https:\/\/i0.wp.com\/chill-road.com\/wp-content\/uploads\/2026\/04\/SF-GlowBar20-F.jpg?resize=1464%2C600&#038;quality=89&#038;ssl=1\" alt=\"\" width=\"1464\" height=\"600\" srcset=\"https:\/\/i0.wp.com\/chill-road.com\/wp-content\/uploads\/2026\/04\/SF-GlowBar20-F.jpg?w=1464&amp;quality=89&amp;ssl=1 1464w, https:\/\/i0.wp.com\/chill-road.com\/wp-content\/uploads\/2026\/04\/SF-GlowBar20-F.jpg?resize=300%2C123&amp;quality=89&amp;ssl=1 300w, https:\/\/i0.wp.com\/chill-road.com\/wp-content\/uploads\/2026\/04\/SF-GlowBar20-F.jpg?resize=1024%2C420&amp;quality=89&amp;ssl=1 1024w, https:\/\/i0.wp.com\/chill-road.com\/wp-content\/uploads\/2026\/04\/SF-GlowBar20-F.jpg?resize=768%2C315&amp;quality=89&amp;ssl=1 768w, https:\/\/i0.wp.com\/chill-road.com\/wp-content\/uploads\/2026\/04\/SF-GlowBar20-F.jpg?resize=18%2C7&amp;quality=89&amp;ssl=1 18w, https:\/\/i0.wp.com\/chill-road.com\/wp-content\/uploads\/2026\/04\/SF-GlowBar20-F.jpg?resize=900%2C369&amp;quality=89&amp;ssl=1 900w, https:\/\/i0.wp.com\/chill-road.com\/wp-content\/uploads\/2026\/04\/SF-GlowBar20-F.jpg?resize=150%2C61&amp;quality=89&amp;ssl=1 150w\" sizes=\"auto, (max-width: 1000px) 100vw, 1000px\" \/><\/p>","protected":false},"excerpt":{"rendered":"<p class=\"translation-block\">Bring bright, full-spectrum solar light to your indoor garden with the energy-efficient <strong>Glow Series Spider Farmer LED grow bars<\/strong>, designed for flexible installation on shelves, stands, and multi-tiered plant racks \u2014 perfect for compact spaces and reliable year-round growth.<\/p>\n<p class=\"translation-block\"><strong>Dimensions<\/strong>: 58.5 \u00d7 3.3 \u00d7 3.2 cm<br>\n<strong>Coverage Area<\/strong>: 70 \u00d7 35 cm (2 bars per floor)<br>\n<strong>Max Daisy Chain<\/strong>: 12 single bars (110 V) \/ 24 single bars (220 V)<br>\n<strong>PPE<\/strong>: \u2265 2.2 \u00b5mol\/J<br>\n<strong>Luminous Flux<\/strong>: 11,680 lm<\/p>\n<p><strong>Package includes :<\/strong><\/p>\n<p class=\"translation-block\">4x Light bars (80 watts\/4 bars; 20 watts per bar)<br>\n8x Mounting clips<br>\n3x Connection cables<br>\n2x Power cords<br>\n1x User manual<br>\nMounting accessories for easy installation (clips, fasteners)<\/p>","protected":false},"featured_media":20769,"comment_status":"open","ping_status":"closed","template":"","meta":[],"product_brand":[333],"product_cat":[359,17,338,334],"product_tag":[],"class_list":{"0":"post-20208","1":"product","2":"type-product","3":"status-publish","4":"has-post-thumbnail","6":"product_brand-spider-farmer","7":"product_cat-glow-series","8":"product_cat-eclairages-horticoles","9":"product_cat-garden-series","10":"product_cat-led-spider-farmer","11":"cr-has-rrp","13":"first","14":"instock","15":"sale","16":"purchasable","17":"product-type-simple"},"jetpack_sharing_enabled":true,"_links":{"self":[{"href":"https:\/\/chill-road.com\/en\/wp-json\/wp\/v2\/product\/20208","targetHints":{"allow":["GET"]}}],"collection":[{"href":"https:\/\/chill-road.com\/en\/wp-json\/wp\/v2\/product"}],"about":[{"href":"https:\/\/chill-road.com\/en\/wp-json\/wp\/v2\/types\/product"}],"replies":[{"embeddable":true,"href":"https:\/\/chill-road.com\/en\/wp-json\/wp\/v2\/comments?post=20208"}],"version-history":[{"count":1,"href":"https:\/\/chill-road.com\/en\/wp-json\/wp\/v2\/product\/20208\/revisions"}],"predecessor-version":[{"id":22326,"href":"https:\/\/chill-road.com\/en\/wp-json\/wp\/v2\/product\/20208\/revisions\/22326"}],"wp:featuredmedia":[{"embeddable":true,"href":"https:\/\/chill-road.com\/en\/wp-json\/wp\/v2\/media\/20769"}],"wp:attachment":[{"href":"https:\/\/chill-road.com\/en\/wp-json\/wp\/v2\/media?parent=20208"}],"wp:term":[{"taxonomy":"product_brand","embeddable":true,"href":"https:\/\/chill-road.com\/en\/wp-json\/wp\/v2\/product_brand?post=20208"},{"taxonomy":"product_cat","embeddable":true,"href":"https:\/\/chill-road.com\/en\/wp-json\/wp\/v2\/product_cat?post=20208"},{"taxonomy":"product_tag","embeddable":true,"href":"https:\/\/chill-road.com\/en\/wp-json\/wp\/v2\/product_tag?post=20208"}],"curies":[{"name":"wp","href":"https:\/\/api.w.org\/{rel}","templated":true}]}}