{"id":20223,"date":"2026-04-03T22:51:13","date_gmt":"2026-04-03T20:51:13","guid":{"rendered":"https:\/\/chill-road.com\/?post_type=product&#038;p=20223"},"modified":"2026-05-09T03:05:18","modified_gmt":"2026-05-09T01:05:18","slug":"systeme-extraction-dair-2-en-1-spider-farmer-6-pouces-avec-speed-controller-extracteur-dair-avec-filtre-a-charbon-integre-compatible-avec-le-controleur-ggs-pour-le-controle-des-odeurs-des-tent","status":"publish","type":"product","link":"https:\/\/chill-road.com\/en\/produit\/systeme-extraction-dair-2-en-1-spider-farmer-6-pouces-avec-speed-controller-extracteur-dair-avec-filtre-a-charbon-integre-compatible-avec-le-controleur-ggs-pour-le-controle-des-odeurs-des-tent\/","title":{"rendered":"<span class=\"cr-preorder-title-prefix\">[Pr\u00e9-commande]<\/span> Syst\u00e8me extraction d&rsquo;air 2 en 1 Spider Farmer 6 pouces (\u00d8150mm) avec Speed Controller, extracteur d&rsquo;air  avec filtre \u00e0 charbon int\u00e9gr\u00e9, compatible avec le contr\u00f4leur GGS, pour le contr\u00f4le des odeurs des tentes de culture, flux d&rsquo;air propre"},"content":{"rendered":"<p>Syst\u00e8me de ventilation tout-en-un qui combine un extracteur d&rsquo;air puissant et un filtre \u00e0 charbon actif en une seule unit\u00e9 compacte. Au lieu d&rsquo;utiliser des composants s\u00e9par\u00e9s et des conduits salissants, cette conception int\u00e9gr\u00e9e permet d&rsquo;aspirer et de nettoyer l&rsquo;air directement \u00e0 travers la chambre \u00e0 carbone, vous offrant ainsi un contr\u00f4le des odeurs plus rapide, plus fort et plus efficace.<\/p>\n<p>C&rsquo;est un solution plug-and-play con\u00e7u pour les tentes de culture, les petites salles de culture et tout espace int\u00e9rieur o\u00f9 une circulation d&rsquo;air propre et l&rsquo;\u00e9limination des odeurs sont essentielles. Sans configuration compliqu\u00e9e ni perte de flux d&rsquo;air, il offre un moyen plus propre, plus simple et plus peu encombrant de ventiler votre environnement de culture.<\/p>\n<p><img data-recalc-dims=\"1\" loading=\"lazy\" decoding=\"async\" data-attachment-id=\"20603\" data-permalink=\"https:\/\/chill-road.com\/en\/?attachment_id=20603\" data-orig-file=\"https:\/\/i0.wp.com\/chill-road.com\/wp-content\/uploads\/2026\/04\/2-in-1-Ventilation-System-speed-Controller-A.jpg?fit=1464%2C600&amp;quality=89&amp;ssl=1\" data-orig-size=\"1464,600\" data-comments-opened=\"1\" data-image-meta=\"{&quot;aperture&quot;:&quot;0&quot;,&quot;credit&quot;:&quot;&quot;,&quot;camera&quot;:&quot;&quot;,&quot;caption&quot;:&quot;&quot;,&quot;created_timestamp&quot;:&quot;0&quot;,&quot;copyright&quot;:&quot;&quot;,&quot;focal_length&quot;:&quot;0&quot;,&quot;iso&quot;:&quot;0&quot;,&quot;shutter_speed&quot;:&quot;0&quot;,&quot;title&quot;:&quot;&quot;,&quot;orientation&quot;:&quot;0&quot;}\" data-image-title=\"2-in-1-Ventilation-System-speed-Controller-A\" data-image-description=\"\" data-image-caption=\"\" data-large-file=\"https:\/\/i0.wp.com\/chill-road.com\/wp-content\/uploads\/2026\/04\/2-in-1-Ventilation-System-speed-Controller-A.jpg?fit=1024%2C420&amp;quality=89&amp;ssl=1\" class=\"alignnone size-full wp-image-20603\" src=\"https:\/\/i0.wp.com\/chill-road.com\/wp-content\/uploads\/2026\/04\/2-in-1-Ventilation-System-speed-Controller-A.jpg?resize=1464%2C600&#038;quality=89&#038;ssl=1\" alt=\"\" width=\"1464\" height=\"600\" srcset=\"https:\/\/i0.wp.com\/chill-road.com\/wp-content\/uploads\/2026\/04\/2-in-1-Ventilation-System-speed-Controller-A.jpg?w=1464&amp;quality=89&amp;ssl=1 1464w, https:\/\/i0.wp.com\/chill-road.com\/wp-content\/uploads\/2026\/04\/2-in-1-Ventilation-System-speed-Controller-A.jpg?resize=300%2C123&amp;quality=89&amp;ssl=1 300w, https:\/\/i0.wp.com\/chill-road.com\/wp-content\/uploads\/2026\/04\/2-in-1-Ventilation-System-speed-Controller-A.jpg?resize=1024%2C420&amp;quality=89&amp;ssl=1 1024w, https:\/\/i0.wp.com\/chill-road.com\/wp-content\/uploads\/2026\/04\/2-in-1-Ventilation-System-speed-Controller-A.jpg?resize=768%2C315&amp;quality=89&amp;ssl=1 768w, https:\/\/i0.wp.com\/chill-road.com\/wp-content\/uploads\/2026\/04\/2-in-1-Ventilation-System-speed-Controller-A.jpg?resize=18%2C7&amp;quality=89&amp;ssl=1 18w, https:\/\/i0.wp.com\/chill-road.com\/wp-content\/uploads\/2026\/04\/2-in-1-Ventilation-System-speed-Controller-A.jpg?resize=900%2C369&amp;quality=89&amp;ssl=1 900w, https:\/\/i0.wp.com\/chill-road.com\/wp-content\/uploads\/2026\/04\/2-in-1-Ventilation-System-speed-Controller-A.jpg?resize=150%2C61&amp;quality=89&amp;ssl=1 150w\" sizes=\"auto, (max-width: 1000px) 100vw, 1000px\" \/> <img data-recalc-dims=\"1\" loading=\"lazy\" decoding=\"async\" data-attachment-id=\"20604\" data-permalink=\"https:\/\/chill-road.com\/en\/?attachment_id=20604\" data-orig-file=\"https:\/\/i0.wp.com\/chill-road.com\/wp-content\/uploads\/2026\/04\/2-in-1-Ventilation-System-speed-Controller-B.jpg?fit=1464%2C600&amp;quality=89&amp;ssl=1\" data-orig-size=\"1464,600\" data-comments-opened=\"1\" data-image-meta=\"{&quot;aperture&quot;:&quot;0&quot;,&quot;credit&quot;:&quot;&quot;,&quot;camera&quot;:&quot;&quot;,&quot;caption&quot;:&quot;&quot;,&quot;created_timestamp&quot;:&quot;0&quot;,&quot;copyright&quot;:&quot;&quot;,&quot;focal_length&quot;:&quot;0&quot;,&quot;iso&quot;:&quot;0&quot;,&quot;shutter_speed&quot;:&quot;0&quot;,&quot;title&quot;:&quot;&quot;,&quot;orientation&quot;:&quot;0&quot;}\" data-image-title=\"2-in-1-Ventilation-System-speed-Controller-B\" data-image-description=\"\" data-image-caption=\"\" data-large-file=\"https:\/\/i0.wp.com\/chill-road.com\/wp-content\/uploads\/2026\/04\/2-in-1-Ventilation-System-speed-Controller-B.jpg?fit=1024%2C420&amp;quality=89&amp;ssl=1\" class=\"alignnone size-full wp-image-20604\" src=\"https:\/\/i0.wp.com\/chill-road.com\/wp-content\/uploads\/2026\/04\/2-in-1-Ventilation-System-speed-Controller-B.jpg?resize=1464%2C600&#038;quality=89&#038;ssl=1\" alt=\"\" width=\"1464\" height=\"600\" srcset=\"https:\/\/i0.wp.com\/chill-road.com\/wp-content\/uploads\/2026\/04\/2-in-1-Ventilation-System-speed-Controller-B.jpg?w=1464&amp;quality=89&amp;ssl=1 1464w, https:\/\/i0.wp.com\/chill-road.com\/wp-content\/uploads\/2026\/04\/2-in-1-Ventilation-System-speed-Controller-B.jpg?resize=300%2C123&amp;quality=89&amp;ssl=1 300w, https:\/\/i0.wp.com\/chill-road.com\/wp-content\/uploads\/2026\/04\/2-in-1-Ventilation-System-speed-Controller-B.jpg?resize=1024%2C420&amp;quality=89&amp;ssl=1 1024w, https:\/\/i0.wp.com\/chill-road.com\/wp-content\/uploads\/2026\/04\/2-in-1-Ventilation-System-speed-Controller-B.jpg?resize=768%2C315&amp;quality=89&amp;ssl=1 768w, https:\/\/i0.wp.com\/chill-road.com\/wp-content\/uploads\/2026\/04\/2-in-1-Ventilation-System-speed-Controller-B.jpg?resize=18%2C7&amp;quality=89&amp;ssl=1 18w, https:\/\/i0.wp.com\/chill-road.com\/wp-content\/uploads\/2026\/04\/2-in-1-Ventilation-System-speed-Controller-B.jpg?resize=900%2C369&amp;quality=89&amp;ssl=1 900w, https:\/\/i0.wp.com\/chill-road.com\/wp-content\/uploads\/2026\/04\/2-in-1-Ventilation-System-speed-Controller-B.jpg?resize=150%2C61&amp;quality=89&amp;ssl=1 150w\" sizes=\"auto, (max-width: 1000px) 100vw, 1000px\" \/> <img data-recalc-dims=\"1\" loading=\"lazy\" decoding=\"async\" data-attachment-id=\"20605\" data-permalink=\"https:\/\/chill-road.com\/en\/?attachment_id=20605\" data-orig-file=\"https:\/\/i0.wp.com\/chill-road.com\/wp-content\/uploads\/2026\/04\/2-in-1-Ventilation-System-speed-Controller-C.jpg?fit=1464%2C600&amp;quality=89&amp;ssl=1\" data-orig-size=\"1464,600\" data-comments-opened=\"1\" data-image-meta=\"{&quot;aperture&quot;:&quot;0&quot;,&quot;credit&quot;:&quot;&quot;,&quot;camera&quot;:&quot;&quot;,&quot;caption&quot;:&quot;&quot;,&quot;created_timestamp&quot;:&quot;0&quot;,&quot;copyright&quot;:&quot;&quot;,&quot;focal_length&quot;:&quot;0&quot;,&quot;iso&quot;:&quot;0&quot;,&quot;shutter_speed&quot;:&quot;0&quot;,&quot;title&quot;:&quot;&quot;,&quot;orientation&quot;:&quot;0&quot;}\" data-image-title=\"2-in-1-Ventilation-System-speed-Controller-C\" data-image-description=\"\" data-image-caption=\"\" data-large-file=\"https:\/\/i0.wp.com\/chill-road.com\/wp-content\/uploads\/2026\/04\/2-in-1-Ventilation-System-speed-Controller-C.jpg?fit=1024%2C420&amp;quality=89&amp;ssl=1\" class=\"alignnone size-full wp-image-20605\" src=\"https:\/\/i0.wp.com\/chill-road.com\/wp-content\/uploads\/2026\/04\/2-in-1-Ventilation-System-speed-Controller-C.jpg?resize=1464%2C600&#038;quality=89&#038;ssl=1\" alt=\"\" width=\"1464\" height=\"600\" srcset=\"https:\/\/i0.wp.com\/chill-road.com\/wp-content\/uploads\/2026\/04\/2-in-1-Ventilation-System-speed-Controller-C.jpg?w=1464&amp;quality=89&amp;ssl=1 1464w, https:\/\/i0.wp.com\/chill-road.com\/wp-content\/uploads\/2026\/04\/2-in-1-Ventilation-System-speed-Controller-C.jpg?resize=300%2C123&amp;quality=89&amp;ssl=1 300w, https:\/\/i0.wp.com\/chill-road.com\/wp-content\/uploads\/2026\/04\/2-in-1-Ventilation-System-speed-Controller-C.jpg?resize=1024%2C420&amp;quality=89&amp;ssl=1 1024w, https:\/\/i0.wp.com\/chill-road.com\/wp-content\/uploads\/2026\/04\/2-in-1-Ventilation-System-speed-Controller-C.jpg?resize=768%2C315&amp;quality=89&amp;ssl=1 768w, https:\/\/i0.wp.com\/chill-road.com\/wp-content\/uploads\/2026\/04\/2-in-1-Ventilation-System-speed-Controller-C.jpg?resize=18%2C7&amp;quality=89&amp;ssl=1 18w, https:\/\/i0.wp.com\/chill-road.com\/wp-content\/uploads\/2026\/04\/2-in-1-Ventilation-System-speed-Controller-C.jpg?resize=900%2C369&amp;quality=89&amp;ssl=1 900w, https:\/\/i0.wp.com\/chill-road.com\/wp-content\/uploads\/2026\/04\/2-in-1-Ventilation-System-speed-Controller-C.jpg?resize=150%2C61&amp;quality=89&amp;ssl=1 150w\" sizes=\"auto, (max-width: 1000px) 100vw, 1000px\" \/> <img data-recalc-dims=\"1\" loading=\"lazy\" decoding=\"async\" data-attachment-id=\"20606\" data-permalink=\"https:\/\/chill-road.com\/en\/?attachment_id=20606\" data-orig-file=\"https:\/\/i0.wp.com\/chill-road.com\/wp-content\/uploads\/2026\/04\/2-in-1-Ventilation-System-speed-Controller-D.jpg?fit=1464%2C600&amp;quality=89&amp;ssl=1\" data-orig-size=\"1464,600\" data-comments-opened=\"1\" data-image-meta=\"{&quot;aperture&quot;:&quot;0&quot;,&quot;credit&quot;:&quot;&quot;,&quot;camera&quot;:&quot;&quot;,&quot;caption&quot;:&quot;&quot;,&quot;created_timestamp&quot;:&quot;0&quot;,&quot;copyright&quot;:&quot;&quot;,&quot;focal_length&quot;:&quot;0&quot;,&quot;iso&quot;:&quot;0&quot;,&quot;shutter_speed&quot;:&quot;0&quot;,&quot;title&quot;:&quot;&quot;,&quot;orientation&quot;:&quot;0&quot;}\" data-image-title=\"2-in-1-Ventilation-System-speed-Controller-D\" data-image-description=\"\" data-image-caption=\"\" data-large-file=\"https:\/\/i0.wp.com\/chill-road.com\/wp-content\/uploads\/2026\/04\/2-in-1-Ventilation-System-speed-Controller-D.jpg?fit=1024%2C420&amp;quality=89&amp;ssl=1\" class=\"alignnone size-full wp-image-20606\" src=\"https:\/\/i0.wp.com\/chill-road.com\/wp-content\/uploads\/2026\/04\/2-in-1-Ventilation-System-speed-Controller-D.jpg?resize=1464%2C600&#038;quality=89&#038;ssl=1\" alt=\"\" width=\"1464\" height=\"600\" srcset=\"https:\/\/i0.wp.com\/chill-road.com\/wp-content\/uploads\/2026\/04\/2-in-1-Ventilation-System-speed-Controller-D.jpg?w=1464&amp;quality=89&amp;ssl=1 1464w, https:\/\/i0.wp.com\/chill-road.com\/wp-content\/uploads\/2026\/04\/2-in-1-Ventilation-System-speed-Controller-D.jpg?resize=300%2C123&amp;quality=89&amp;ssl=1 300w, https:\/\/i0.wp.com\/chill-road.com\/wp-content\/uploads\/2026\/04\/2-in-1-Ventilation-System-speed-Controller-D.jpg?resize=1024%2C420&amp;quality=89&amp;ssl=1 1024w, https:\/\/i0.wp.com\/chill-road.com\/wp-content\/uploads\/2026\/04\/2-in-1-Ventilation-System-speed-Controller-D.jpg?resize=768%2C315&amp;quality=89&amp;ssl=1 768w, https:\/\/i0.wp.com\/chill-road.com\/wp-content\/uploads\/2026\/04\/2-in-1-Ventilation-System-speed-Controller-D.jpg?resize=18%2C7&amp;quality=89&amp;ssl=1 18w, https:\/\/i0.wp.com\/chill-road.com\/wp-content\/uploads\/2026\/04\/2-in-1-Ventilation-System-speed-Controller-D.jpg?resize=900%2C369&amp;quality=89&amp;ssl=1 900w, https:\/\/i0.wp.com\/chill-road.com\/wp-content\/uploads\/2026\/04\/2-in-1-Ventilation-System-speed-Controller-D.jpg?resize=150%2C61&amp;quality=89&amp;ssl=1 150w\" sizes=\"auto, (max-width: 1000px) 100vw, 1000px\" \/><\/p>\n<p><strong><span style=\"color: #ff6600;\">\u2666<\/span> Frequently Asked Questions\u00a0<\/strong><\/p>\n<p><strong>1. Qu&rsquo;est-ce qu&rsquo;un extracteur d&rsquo;air 2 en 1 ?<\/strong><\/p>\n<p>Une unit\u00e9 compacte qui combine le ventilateur et le module filtre\/fonction en un seul appareil\u2014Il r\u00e9duit les conduits, simplifie l&rsquo;installation et \u00e9conomise de l&rsquo;espace.<\/p>\n<p><strong>2. Que fait l&rsquo;extracteur 2 en 1 dans la culture en int\u00e9rieur ?<\/strong><\/p>\n<p>\u00c9limination de la chaleur des lampes de culture<\/p>\n<p>R\u00e9duction de l&rsquo;humidit\u00e9 pour pr\u00e9venir les moisissures et les parasites<\/p>\n<p>Contr\u00f4le des odeurs, \u00e9change d&rsquo;air frais pour maintenir la circulation du CO\u2082<\/p>\n<p>Simulation du flux d&rsquo;air pour aider les plantes \u00e0 d\u00e9velopper des tiges plus solides<\/p>\n<p><strong>3. Le filtre \u00e0 charbon est-il rempla\u00e7able et \u00e0 quelle fr\u00e9quence dois-je le remplacer ?<\/strong><\/p>\n<p>Oui, tournez simplement le couvercle inf\u00e9rieur, puis retirez facilement le filtre. \u2192 Remplacez le filtre rapidement et sans outil (le carbone est \u00e9galement rempla\u00e7able, utilisez des pastilles de carbone de \u03a63 mm, de l&rsquo;iode &gt; 900 mg\/g)<\/p>\n<p>Pour un flux d&rsquo;air optimal et des performances d&rsquo;absorption des odeurs, il est recommand\u00e9 de remplacer le filtre tous les <strong>6\u201312 mois<\/strong>, en fonction de l&rsquo;humidit\u00e9 ambiante, de la dur\u00e9e de fonctionnement et de la concentration de compos\u00e9s volatils dans l&rsquo;espace de culture.<\/p>\n<p><strong>4, Est-ce calme ?<\/strong><\/p>\n<p>Fonctionnant \u00e0 30\u201360 dB, le ventilateur 2 en 1 offre un flux d&rsquo;air puissant sans bruit excessif.<br \/>\nLe bruit maximal (60 dB) ne se produit qu&rsquo;\u00e0 pleine puissance, tandis que l&rsquo;utilisation quotidienne reste confortablement silencieuse \u2014 semblable \u00e0 une conversation normale.<\/p>","protected":false},"excerpt":{"rendered":"<p><span style=\"color: #000000;\"><strong><span style=\"color: #ff6600;\">\u2666<\/span> <\/strong><\/span><strong>Conception 2-en-1<\/strong><br \/>\nConception int\u00e9gr\u00e9e de l&rsquo;extracteur d&rsquo;air et du filtre \u00e0 charbon \u2014 plus de connexions de conduits compliqu\u00e9es. Configuration plug-and-play, installation facile.<\/p>\n<p><strong><span style=\"color: #000000;\"><span style=\"color: #ff6600;\">\u2666<\/span> <\/span>Efficacit\u00e9 optimis\u00e9e du flux d&rsquo;air<\/strong><br \/>\nLa structure monobloc simplifi\u00e9e r\u00e9duit la r\u00e9sistance de l&rsquo;air et am\u00e9liore le flux d&rsquo;air par rapport aux syst\u00e8mes s\u00e9par\u00e9s.<\/p>\n<p><strong><span style=\"color: #000000;\"><span style=\"color: #ff6600;\">\u2666<\/span> <\/span>Conception compacte peu encombrante<\/strong><br \/>\nPrend moins de place dans votre tente de culture, id\u00e9al pour les configurations petites \u00e0 moyennes.<\/p>\n<p><strong><span style=\"color: #000000;\"><span style=\"color: #ff6600;\">\u2666<\/span> <\/span>Configuration du nettoyeur<\/strong><br \/>\nMoins de conduits, moins de pi\u00e8ces et une disposition plus propre et plus organis\u00e9e.<\/p>\n<p><strong>The package includes<\/strong> :<br \/>\n1\u00d7 extracteur d&rsquo;air avec filtre \u00e0 charbon 2 en 1,<br \/>\n1\u00d7 contr\u00f4leur de vitesse,<br \/>\n1\u00d7 conduit de 4 m,<br \/>\n1\u00d7 cordon d&rsquo;alimentation,<br \/>\n2\u00d7 pinces en acier,<br \/>\n2\u00d7 cintres en acier,<br \/>\n1\u00d7 couvercle d&rsquo;a\u00e9ration de conduit<\/p>","protected":false},"featured_media":20607,"comment_status":"open","ping_status":"closed","template":"","meta":[],"product_brand":[333],"product_cat":[1092,20,361,1091,19],"product_tag":[],"class_list":{"0":"post-20223","1":"product","2":"type-product","3":"status-publish","4":"has-post-thumbnail","6":"product_brand-spider-farmer","7":"product_cat-2-in-1-ventilation-series","8":"product_cat-extracteurs-dair","9":"product_cat-extracteurs-dair-spider-farmer","10":"product_cat-speed-controller-series-spider-farmer","11":"product_cat-ventilation-climat","12":"cr-has-rrp","14":"first","15":"instock","16":"sale","17":"purchasable","18":"product-type-simple"},"jetpack_sharing_enabled":true,"_links":{"self":[{"href":"https:\/\/chill-road.com\/en\/wp-json\/wp\/v2\/product\/20223","targetHints":{"allow":["GET"]}}],"collection":[{"href":"https:\/\/chill-road.com\/en\/wp-json\/wp\/v2\/product"}],"about":[{"href":"https:\/\/chill-road.com\/en\/wp-json\/wp\/v2\/types\/product"}],"replies":[{"embeddable":true,"href":"https:\/\/chill-road.com\/en\/wp-json\/wp\/v2\/comments?post=20223"}],"version-history":[{"count":1,"href":"https:\/\/chill-road.com\/en\/wp-json\/wp\/v2\/product\/20223\/revisions"}],"predecessor-version":[{"id":23502,"href":"https:\/\/chill-road.com\/en\/wp-json\/wp\/v2\/product\/20223\/revisions\/23502"}],"wp:featuredmedia":[{"embeddable":true,"href":"https:\/\/chill-road.com\/en\/wp-json\/wp\/v2\/media\/20607"}],"wp:attachment":[{"href":"https:\/\/chill-road.com\/en\/wp-json\/wp\/v2\/media?parent=20223"}],"wp:term":[{"taxonomy":"product_brand","embeddable":true,"href":"https:\/\/chill-road.com\/en\/wp-json\/wp\/v2\/product_brand?post=20223"},{"taxonomy":"product_cat","embeddable":true,"href":"https:\/\/chill-road.com\/en\/wp-json\/wp\/v2\/product_cat?post=20223"},{"taxonomy":"product_tag","embeddable":true,"href":"https:\/\/chill-road.com\/en\/wp-json\/wp\/v2\/product_tag?post=20223"}],"curies":[{"name":"wp","href":"https:\/\/api.w.org\/{rel}","templated":true}]}}