{"id":22861,"date":"2026-05-04T02:19:03","date_gmt":"2026-05-04T00:19:03","guid":{"rendered":"https:\/\/chill-road.com\/?post_type=product&#038;p=22861"},"modified":"2026-05-12T05:06:05","modified_gmt":"2026-05-12T03:06:05","slug":"pure-zym-5l-solution-denzymes-plagron","status":"publish","type":"product","link":"https:\/\/chill-road.com\/en\/produit\/pure-zym-5l-solution-denzymes-plagron\/","title":{"rendered":"Pure Zym 5L &#8211; Solution d&rsquo;enzymes &#8211; Plagron"},"content":{"rendered":"<p><strong>Acc\u00e9l\u00e8re l&rsquo;absorption des nutriments<\/strong><\/p>\n<p>Pure Zym est un am\u00e9liorateur de sol bas\u00e9 sur des enzymes naturels. Il promeut l\u2019acc\u00e9l\u00e9ration de la destruction de la mati\u00e8re v\u00e9g\u00e9tale morte. Cela permet \u00e0 d&rsquo;autres nutriments stimulant la vie du sol d&rsquo;\u00eatre rel\u00e2cher. Pure Zym augmente aussi la capacit\u00e9 d&rsquo;absorption d&rsquo;oxyg\u00e8ne.<\/p>\n<p><strong>Acc\u00e9l\u00e8re l&rsquo;absorption des nutriments<\/strong><\/p>\n<p>Les r\u00e9sidus de plantes d\u00e9sint\u00e9gr\u00e9s pr\u00e8s de ton environnement racinaire vont cr\u00e9er de l&rsquo;espace pour l&rsquo;absorption des nutriments.<\/p>\n<p><strong>Forte concentration, donc tr\u00e8s \u00e9conomique \u00e0 l&rsquo;utilisation<\/strong><\/p>\n<p>Gr\u00e2ce \u00e0 un ratio de m\u00e9lange de 1:1.000, Pure Zym est tr\u00e8s facile \u00e0 utiliser.<\/p>\n<p><strong>Dosage et utilisation<\/strong><\/p>\n<p>Bien agiter avant utilisation. Ajouter 1 ml de Pure Zym pour litre d&rsquo;eau (1:1.000). Utiliser cette solution chaque fois que les plantes sont irrigu\u00e9es pendant toute la culture.<\/p>\n<p>Pure Zym convient \u00e0 tous les substrats de tourbe et de noix de coco. Lors de l\u2019utilisation d\u2019un syst\u00e8me d\u2019irrigation, rince les tuyaux apr\u00e8s usage.<\/p>\n<p>ATTENTION\u202f: Ce produit est d&rsquo;origine organique et n&rsquo;est donc pas adapt\u00e9 aux m\u00e9thodes de culture hydrologiques, telles que la technique du film nutritif (NFT), la culture en eau profonde (DWC) et l&rsquo;a\u00e9roponie.<\/p>\n<p><strong>Features<\/strong><\/p>\n<p>Solution stabilis\u00e9e d&rsquo;enzyme.<\/p>\n<p><strong>Disponible en:<\/strong><\/p>\n<ul>\n<li style=\"list-style-type: none;\">\n<ul>\n<li>Pure Zym 100ml &#8211; Solution d&rsquo;enzymes &#8211; Plagron<\/li>\n<li>Pure Zym 250ml &#8211; Solution d&rsquo;enzymes &#8211; Plagron<\/li>\n<li>Pure Zym 500ml &#8211; Solution d&rsquo;enzymes &#8211; Plagron<\/li>\n<li>Pure Zym 1L &#8211; Solution d&rsquo;enzymes &#8211; Plagron<\/li>\n<li>Pure Zym 5L &#8211; Solution d&rsquo;enzymes &#8211; Plagron<\/li>\n<\/ul>\n<\/li>\n<\/ul>","protected":false},"excerpt":{"rendered":"<p><strong>Acc\u00e9l\u00e8re l&rsquo;absorption des nutriments<\/strong><\/p>\n<p>Pure Zym est un am\u00e9liorateur de sol bas\u00e9 sur des enzymes naturels. Il promeut l\u2019acc\u00e9l\u00e9ration de la destruction de la mati\u00e8re v\u00e9g\u00e9tale morte. Cela permet \u00e0 d&rsquo;autres nutriments stimulant la vie du sol d&rsquo;\u00eatre rel\u00e2cher. Pure Zym augmente aussi la capacit\u00e9 d&rsquo;absorption d&rsquo;oxyg\u00e8ne.<\/p>","protected":false},"featured_media":21937,"comment_status":"open","ping_status":"closed","template":"","meta":[],"product_brand":[1188],"product_cat":[1175,1180,1179],"product_tag":[],"class_list":["post-22861","product","type-product","status-publish","has-post-thumbnail","product_brand-plagron","product_cat-engrais-additifs","product_cat-enzymes","product_cat-stimulateurs-et-boosters","product_shipping_class-frais-de-port-5l","pa_volume-l-5l","cr-has-rrp","first","outofstock","sale","purchasable","product-type-simple"],"jetpack_sharing_enabled":true,"_links":{"self":[{"href":"https:\/\/chill-road.com\/en\/wp-json\/wp\/v2\/product\/22861","targetHints":{"allow":["GET"]}}],"collection":[{"href":"https:\/\/chill-road.com\/en\/wp-json\/wp\/v2\/product"}],"about":[{"href":"https:\/\/chill-road.com\/en\/wp-json\/wp\/v2\/types\/product"}],"replies":[{"embeddable":true,"href":"https:\/\/chill-road.com\/en\/wp-json\/wp\/v2\/comments?post=22861"}],"version-history":[{"count":2,"href":"https:\/\/chill-road.com\/en\/wp-json\/wp\/v2\/product\/22861\/revisions"}],"predecessor-version":[{"id":24545,"href":"https:\/\/chill-road.com\/en\/wp-json\/wp\/v2\/product\/22861\/revisions\/24545"}],"wp:featuredmedia":[{"embeddable":true,"href":"https:\/\/chill-road.com\/en\/wp-json\/wp\/v2\/media\/21937"}],"wp:attachment":[{"href":"https:\/\/chill-road.com\/en\/wp-json\/wp\/v2\/media?parent=22861"}],"wp:term":[{"taxonomy":"product_brand","embeddable":true,"href":"https:\/\/chill-road.com\/en\/wp-json\/wp\/v2\/product_brand?post=22861"},{"taxonomy":"product_cat","embeddable":true,"href":"https:\/\/chill-road.com\/en\/wp-json\/wp\/v2\/product_cat?post=22861"},{"taxonomy":"product_tag","embeddable":true,"href":"https:\/\/chill-road.com\/en\/wp-json\/wp\/v2\/product_tag?post=22861"}],"curies":[{"name":"wp","href":"https:\/\/api.w.org\/{rel}","templated":true}]}}