{"id":23135,"date":"2026-05-05T01:54:47","date_gmt":"2026-05-04T23:54:47","guid":{"rendered":"https:\/\/chill-road.com\/?post_type=product&#038;p=23135"},"modified":"2026-05-12T06:05:41","modified_gmt":"2026-05-12T04:05:41","slug":"tnt-5l-engrais-de-croissance-terre-coco-hesi","status":"publish","type":"product","link":"https:\/\/chill-road.com\/en\/produit\/tnt-5l-engrais-de-croissance-terre-coco-hesi\/","title":{"rendered":"TNT 5L &#8211; Engrais de croissance &#8211; Terre Coco &#8211; Hesi"},"content":{"rendered":"<p><strong>POUR UNE CROISSANCE EXPLOSIVE<\/strong><\/p>\n<p>Hesi TNT est un engrais NPK qui apporte tous les nutriments n\u00e9cessaires \u00e0 une forte croissance en terre et substrats \u00e0 base de coco. Il maintient la croissance de vos plantes en \u00e9quilibre, que ce soit dans des pots, des conteneurs ou des syst\u00e8mes d&rsquo;irrigation. Hesi TNT est doux pour une utilisation \u00e0 long terme, par exemple pour les plantes m\u00e8res, m\u00eame dans des r\u00e9cipients plus petits, car la valeur EC douce emp\u00eache le lessivage du sol. La croissance signifie une augmentation de volume avec une augmentation simultan\u00e9e des parties internes de la plante, telles que des feuilles bien vertes. Vos plantes seront satisfaites des pr\u00e9cieuses substances vitales ajout\u00e9es, qui favorisent le m\u00e9tabolisme et la photosynth\u00e8se. Cela rend le succ\u00e8s facile et le processus pour vous en tant que jardinier plus agr\u00e9able.<\/p>\n<ul>\n<li>Pour maison, jardin et terrasse.<\/li>\n<li>Des r\u00e9sultats \u00e9tonnants, m\u00eame pour les d\u00e9butants.<\/li>\n<li>Substances vitales pour des plantes vertes saines.<\/li>\n<\/ul>\n<p><strong>Dosage et utilisation<\/strong><br \/>\n<strong>50 ml \/ 10 L<\/strong><\/p>\n<ul>\n<li>M\u00e9langer \u00e0 l&rsquo;eau d&rsquo;arrosage, que ce soit dans des pots ou des syst\u00e8mes d&rsquo;irrigation.<\/li>\n<li>Demi-dosage pour les tr\u00e8s jeunes plants ou boutures, ou lorsqu&rsquo;il est appliqu\u00e9 en continu pendant de plus longues p\u00e9riodes<\/li>\n<\/ul>\n<p><strong>Features<\/strong><\/p>\n<ul>\n<li>NPK 3-2-3<\/li>\n<li>Tous les macronutriments et oligo-\u00e9l\u00e9ments<\/li>\n<li>Compl\u00e9t\u00e9 avec des \u00e9l\u00e9ments vitaux pr\u00e9cieux<\/li>\n<\/ul>\n<p><strong>Disponible en:<\/strong><\/p>\n<ul>\n<li>TNT 500ml &#8211; Engrais de croissance &#8211; Terre Coco &#8211; Hesi<\/li>\n<li>TNT 1L &#8211; Engrais de croissance &#8211; Terre Coco &#8211; Hesi<\/li>\n<li>TNT 5L &#8211; Engrais de croissance &#8211; Terre Coco &#8211; Hesi<\/li>\n<li>TNT 10L &#8211; Engrais de croissance &#8211; Terre Coco &#8211; Hesi<\/li>\n<li>TNT 20L &#8211; Engrais de croissance &#8211; Terre Coco &#8211; Hesi<\/li>\n<\/ul>","protected":false},"excerpt":{"rendered":"<p><strong>POUR UNE CROISSANCE EXPLOSIVE<\/strong><\/p>\n<p>Hesi TNT est un engrais NPK qui apporte tous les nutriments n\u00e9cessaires \u00e0 une forte croissance en terre et substrats \u00e0 base de coco. Il maintient la croissance de vos plantes en \u00e9quilibre, que ce soit dans des pots, des conteneurs ou des syst\u00e8mes d&rsquo;irrigation. Hesi TNT est doux pour une utilisation \u00e0 long terme, par exemple pour les plantes m\u00e8res, m\u00eame dans des r\u00e9cipients plus petits, car la valeur EC douce emp\u00eache le lessivage du sol. La croissance signifie une augmentation de volume avec une augmentation simultan\u00e9e des parties internes de la plante, telles que des feuilles bien vertes. Vos plantes seront satisfaites des pr\u00e9cieuses substances vitales ajout\u00e9es, qui favorisent le m\u00e9tabolisme et la photosynth\u00e8se. Cela rend le succ\u00e8s facile et le processus pour vous en tant que jardinier plus agr\u00e9able.<\/p>\n<ul>\n<li>Pour maison, jardin et terrasse.<\/li>\n<li>Des r\u00e9sultats \u00e9tonnants, m\u00eame pour les d\u00e9butants.<\/li>\n<li>Substances vitales pour des plantes vertes saines.<\/li>\n<\/ul>","protected":false},"featured_media":23101,"comment_status":"open","ping_status":"closed","template":"","meta":[],"product_brand":[1225],"product_cat":[1175,1176],"product_tag":[],"class_list":["post-23135","product","type-product","status-publish","has-post-thumbnail","product_brand-hesi","product_cat-engrais-additifs","product_cat-engrais","product_shipping_class-frais-de-port-5l","pa_volume-l-5l","cr-has-rrp","first","instock","sale","purchasable","product-type-simple"],"jetpack_sharing_enabled":true,"_links":{"self":[{"href":"https:\/\/chill-road.com\/en\/wp-json\/wp\/v2\/product\/23135","targetHints":{"allow":["GET"]}}],"collection":[{"href":"https:\/\/chill-road.com\/en\/wp-json\/wp\/v2\/product"}],"about":[{"href":"https:\/\/chill-road.com\/en\/wp-json\/wp\/v2\/types\/product"}],"replies":[{"embeddable":true,"href":"https:\/\/chill-road.com\/en\/wp-json\/wp\/v2\/comments?post=23135"}],"version-history":[{"count":1,"href":"https:\/\/chill-road.com\/en\/wp-json\/wp\/v2\/product\/23135\/revisions"}],"predecessor-version":[{"id":24451,"href":"https:\/\/chill-road.com\/en\/wp-json\/wp\/v2\/product\/23135\/revisions\/24451"}],"wp:featuredmedia":[{"embeddable":true,"href":"https:\/\/chill-road.com\/en\/wp-json\/wp\/v2\/media\/23101"}],"wp:attachment":[{"href":"https:\/\/chill-road.com\/en\/wp-json\/wp\/v2\/media?parent=23135"}],"wp:term":[{"taxonomy":"product_brand","embeddable":true,"href":"https:\/\/chill-road.com\/en\/wp-json\/wp\/v2\/product_brand?post=23135"},{"taxonomy":"product_cat","embeddable":true,"href":"https:\/\/chill-road.com\/en\/wp-json\/wp\/v2\/product_cat?post=23135"},{"taxonomy":"product_tag","embeddable":true,"href":"https:\/\/chill-road.com\/en\/wp-json\/wp\/v2\/product_tag?post=23135"}],"curies":[{"name":"wp","href":"https:\/\/api.w.org\/{rel}","templated":true}]}}