{"id":23156,"date":"2026-05-05T01:55:06","date_gmt":"2026-05-04T23:55:06","guid":{"rendered":"https:\/\/chill-road.com\/?post_type=product&#038;p=23156"},"modified":"2026-05-12T06:06:08","modified_gmt":"2026-05-12T04:06:08","slug":"hesi-pack-indoor-outdoor-terre-hesi","status":"publish","type":"product","link":"https:\/\/chill-road.com\/en\/produit\/hesi-pack-indoor-outdoor-terre-hesi\/","title":{"rendered":"Hesi Pack Indoor &#038; Outdoor &#8211; Terre &#8211; Hesi"},"content":{"rendered":"<p><strong>PETIT MAIS PUISSANT <\/strong><br \/>\nLe Pack Hesi contient tout ce dont vous avez besoin pour d\u00e9marrer votre prochaine culture.<\/p>\n<p><strong>Il contient les \u00e9l\u00e9ments suivants :<\/strong><\/p>\n<ul>\n<li>1x Hesi TNT 250ml<\/li>\n<li>1x Hesi Floraison 250 ml<\/li>\n<li>1x Hesi Phosphor 250 ml<\/li>\n<li>1x Hesi Boost 100 ml<\/li>\n<li>1x Catalogue<\/li>\n<\/ul>\n<p>Hesi TNT est parfait pour la phase de croissance, car vos plantes deviennent fortes et puissantes. Notre Hesi Floraison est l\u00e0 pour assister votre plante pendant la phase de floraison. Il fournit toutes les substances n\u00e9cessaires aux plantes en fleurs pour leurs besoins suppl\u00e9mentaires pendant la floraison. Hesi Boost est utilis\u00e9 comme acc\u00e9l\u00e9rateur de floraison, utilis\u00e9 en combinaison avec Hesi Floraison. Il acc\u00e9l\u00e8re la formation des fleurs et produit des fleurs fortes et stables. Pendant la seconde moiti\u00e9 de la phase de floraison, les plantes ont besoin d&rsquo;un niveau accru de phosphore et de potassium. C&rsquo;est le moment d&rsquo;utiliser Hesi Phosphor, qui est un amplificateur de floraison. Pour plus de conseils sur la fa\u00e7on d&rsquo;utiliser nos engrais et quand, vous pouvez consulter nos calendriers de culture sur la page de t\u00e9l\u00e9chargement.<\/p>\n<p><strong>Dosage et utilisation<\/strong><\/p>\n<p>Voir les pages d\u00e9taill\u00e9es de chaque produit pour les propri\u00e9t\u00e9s et les instructions de culture dans le catalogue produits. Se rapporter aux calendriers de cultures pour les dosages.<\/p>\n<p><strong>Features<\/strong><\/p>\n<p>Voir les pages d\u00e9taill\u00e9es de chaque produit pour les propri\u00e9t\u00e9s et les instructions de culture dans le catalogue produits. Se rapporter aux calendriers de cultures pour les dosages.<\/p>","protected":false},"excerpt":{"rendered":"<p><strong>PETIT MAIS PUISSANT <\/strong><br \/>\nLe Pack Hesi contient tout ce dont vous avez besoin pour d\u00e9marrer votre prochaine culture.<\/p>\n<p><strong>Il contient les \u00e9l\u00e9ments suivants :<\/strong><\/p>\n<ul>\n<li>1x Hesi TNT 250ml<\/li>\n<li>1x Hesi Floraison 250 ml<\/li>\n<li>1x Hesi Phosphor 250 ml<\/li>\n<li>1x Hesi Boost 100 ml<\/li>\n<li>1x Catalogue<\/li>\n<\/ul>","protected":false},"featured_media":23057,"comment_status":"open","ping_status":"closed","template":"","meta":[],"product_brand":[1225],"product_cat":[1175,1186],"product_tag":[],"class_list":["post-23156","product","type-product","status-publish","has-post-thumbnail","product_brand-hesi","product_cat-engrais-additifs","product_cat-packs-dengrais","product_shipping_class-frais-de-port-5l","cr-has-rrp","first","instock","sale","purchasable","product-type-simple"],"jetpack_sharing_enabled":true,"_links":{"self":[{"href":"https:\/\/chill-road.com\/en\/wp-json\/wp\/v2\/product\/23156","targetHints":{"allow":["GET"]}}],"collection":[{"href":"https:\/\/chill-road.com\/en\/wp-json\/wp\/v2\/product"}],"about":[{"href":"https:\/\/chill-road.com\/en\/wp-json\/wp\/v2\/types\/product"}],"replies":[{"embeddable":true,"href":"https:\/\/chill-road.com\/en\/wp-json\/wp\/v2\/comments?post=23156"}],"version-history":[{"count":2,"href":"https:\/\/chill-road.com\/en\/wp-json\/wp\/v2\/product\/23156\/revisions"}],"predecessor-version":[{"id":24568,"href":"https:\/\/chill-road.com\/en\/wp-json\/wp\/v2\/product\/23156\/revisions\/24568"}],"wp:featuredmedia":[{"embeddable":true,"href":"https:\/\/chill-road.com\/en\/wp-json\/wp\/v2\/media\/23057"}],"wp:attachment":[{"href":"https:\/\/chill-road.com\/en\/wp-json\/wp\/v2\/media?parent=23156"}],"wp:term":[{"taxonomy":"product_brand","embeddable":true,"href":"https:\/\/chill-road.com\/en\/wp-json\/wp\/v2\/product_brand?post=23156"},{"taxonomy":"product_cat","embeddable":true,"href":"https:\/\/chill-road.com\/en\/wp-json\/wp\/v2\/product_cat?post=23156"},{"taxonomy":"product_tag","embeddable":true,"href":"https:\/\/chill-road.com\/en\/wp-json\/wp\/v2\/product_tag?post=23156"}],"curies":[{"name":"wp","href":"https:\/\/api.w.org\/{rel}","templated":true}]}}