{"id":23365,"date":"2026-05-05T09:59:51","date_gmt":"2026-05-05T07:59:51","guid":{"rendered":"https:\/\/chill-road.com\/?post_type=product&#038;p=23365"},"modified":"2026-05-12T17:06:03","modified_gmt":"2026-05-12T15:06:03","slug":"spidermite-control-100ml-protection-insectes-growth-technology","status":"publish","type":"product","link":"https:\/\/chill-road.com\/en\/produit\/spidermite-control-100ml-protection-insectes-growth-technology\/","title":{"rendered":"Spidermite Control 100ml &#8211; Protection insectes &#8211; Growth Technology"},"content":{"rendered":"<p><strong>Spidermite Control<\/strong> agit par suffocation, intervenant dans la fa\u00e7on dont les parasites respirent. Il est compos\u00e9 d&rsquo;extraits de plantes aux propri\u00e9t\u00e9s non toxiques. \u00c9radique les acariens et leurs \u0153ufs sans provoquer d\u2019effets nocifs sur les plantes avec un minimum d\u2019effort.<\/p>\n<p>Le syst\u00e8me respiratoire de l&rsquo;araign\u00e9e rouge est similaire \u00e0 celui de la plupart des insectes, constitu\u00e9 de tubes qui s&rsquo;ouvrent vers l&rsquo;ext\u00e9rieur sous forme de spiracles ou de pores ; l&rsquo;air diffuse en m\u00eame temps que de petits liquides, se ramifiant en organes internes (bien que les acariens plus petits n&rsquo;aient qu&rsquo;une sorte de respiration cutan\u00e9e). Les acariens sont g\u00e9n\u00e9ralement difficiles \u00e0 \u00e9liminer en raison d\u2019une fine \u00e9picuticule imperm\u00e9able qui rend difficile l\u2019adh\u00e9sion des insecticides.<\/p>\n<p>Spidermite Control bloque les spiracles, \u00e9touffant la peste. De plus, les \u0153ufs ainsi trait\u00e9s sont encapsul\u00e9s dans le milieu, ce qui les rend difficiles \u00e0 \u00e9clore et les rend incapables de transpirer avec succ\u00e8s.<\/p>\n<p>INSECTICIDE RECOMMAND\u00c9 POUR LA PHASE DE CROISSANCE DES PLANTES.<\/p>\n<p><strong>Dosage et utilisation<\/strong><\/p>\n<ul>\n<li>25 millilitres par litre d&rsquo;eau.<\/li>\n<li>Vaporisez le haut et le bas des feuilles avec un spray fin.<\/li>\n<\/ul>\n<p><strong>Features <\/strong><\/p>\n<ul>\n<li>Huile de coriandre : 1 %<\/li>\n<li>Huile de canola : 94 %<\/li>\n<li>Tri\u00e9thanolamine : 5 %<\/li>\n<\/ul>","protected":false},"excerpt":{"rendered":"<p>Produit compos\u00e9 d&rsquo;huiles et d&rsquo;extraits naturels biologiques qui \u00e9limine rapidement les acariens et att\u00e9nue les d\u00e9g\u00e2ts qu&rsquo;ils causent. Sa formulation ne contient aucune substance chimique toxique. Gr\u00e2ce \u00e0 son mode d&rsquo;action physique, les acariens et leurs \u0153ufs seront \u00e9limin\u00e9s en une seule application.<\/p>","protected":false},"featured_media":23328,"comment_status":"open","ping_status":"closed","template":"","meta":[],"product_brand":[1224],"product_cat":[1175,1183],"product_tag":[],"class_list":["post-23365","product","type-product","status-publish","has-post-thumbnail","product_brand-growth-technology","product_cat-engrais-additifs","product_cat-traitements-des-insectes-et-maladies","product_shipping_class-frais-de-port-250ml","pa_volume-l-100ml","cr-has-rrp","first","outofstock","sale","purchasable","product-type-simple"],"jetpack_sharing_enabled":true,"_links":{"self":[{"href":"https:\/\/chill-road.com\/en\/wp-json\/wp\/v2\/product\/23365","targetHints":{"allow":["GET"]}}],"collection":[{"href":"https:\/\/chill-road.com\/en\/wp-json\/wp\/v2\/product"}],"about":[{"href":"https:\/\/chill-road.com\/en\/wp-json\/wp\/v2\/types\/product"}],"replies":[{"embeddable":true,"href":"https:\/\/chill-road.com\/en\/wp-json\/wp\/v2\/comments?post=23365"}],"version-history":[{"count":1,"href":"https:\/\/chill-road.com\/en\/wp-json\/wp\/v2\/product\/23365\/revisions"}],"predecessor-version":[{"id":24517,"href":"https:\/\/chill-road.com\/en\/wp-json\/wp\/v2\/product\/23365\/revisions\/24517"}],"wp:featuredmedia":[{"embeddable":true,"href":"https:\/\/chill-road.com\/en\/wp-json\/wp\/v2\/media\/23328"}],"wp:attachment":[{"href":"https:\/\/chill-road.com\/en\/wp-json\/wp\/v2\/media?parent=23365"}],"wp:term":[{"taxonomy":"product_brand","embeddable":true,"href":"https:\/\/chill-road.com\/en\/wp-json\/wp\/v2\/product_brand?post=23365"},{"taxonomy":"product_cat","embeddable":true,"href":"https:\/\/chill-road.com\/en\/wp-json\/wp\/v2\/product_cat?post=23365"},{"taxonomy":"product_tag","embeddable":true,"href":"https:\/\/chill-road.com\/en\/wp-json\/wp\/v2\/product_tag?post=23365"}],"curies":[{"name":"wp","href":"https:\/\/api.w.org\/{rel}","templated":true}]}}