{"id":8516,"date":"2025-11-29T15:48:16","date_gmt":"2025-11-29T14:48:16","guid":{"rendered":"https:\/\/chill-road.com\/?post_type=product&#038;p=8516"},"modified":"2026-05-05T13:56:06","modified_gmt":"2026-05-05T11:56:06","slug":"osram-sf300-led-panel-33w-full-spectrum-spider-farmer","status":"publish","type":"product","link":"https:\/\/chill-road.com\/en\/produit\/panneau-sf300-osram-led-33w-spectre-complet-spider-farmer\/","title":{"rendered":"Spider Farmer SF300 33W LED Grow Light For Seedling Indoor Garden"},"content":{"rendered":"<ul>\n<li><span class=\"a-list-item\"><strong>High luminous efficiency<\/strong>\u00a0-La lampe de culture LED Spider Farmer SF300 utilise des diodes avec 192 LED et une sortie de 5 000 lumens. Seulement une consommation d&rsquo;\u00e9nergie de 33 watts, une consommation d&rsquo;\u00e9nergie inf\u00e9rieure et une facture d&rsquo;\u00e9lectricit\u00e9 inf\u00e9rieure \u00e0 celle des ampoules fluorescentes T5. Les r\u00e9flecteurs augmentent la focalisation de vos lumi\u00e8res, am\u00e9liorent l&rsquo;efficacit\u00e9 lumineuse, le flux lumineux et la concentration lumineuse. Passer \u00e0 SF300 vous donnera deux fois plus de r\u00e9colte par dollar d\u00e9pens\u00e9 en \u00e9lectricit\u00e9 !<\/span><\/li>\n<li><span class=\"a-list-item\"><strong>Full spectrum similar to the sun<\/strong>\u00a0\u2013 With a beam angle of 120\u00b0. Plant growth light can emit full-spectrum broadband light, 660-665 nm (RED), 730-740 nm (IR), 2800K-3000K (WARM WHITE), 4800-5000K (BLUE), has a significant impact on plant germination, flowering, fruiting, plant chlorophyll synthesis, and photosynthesis.<\/span><\/li>\n<li><span class=\"a-list-item\"><strong>Longer service life<\/strong>\u00a0\u2013 High-quality diodes emit very little heat. The LEDs in the SF300 LED grow light are coated with a moisture-proof and anti-vulcanization coating, with a lifespan of up to 50,000 hours.<\/span><\/li>\n<li><span class=\"a-list-item\"><strong>Lightweight design and easy installation<\/strong>\u00a0\u2013 Plug and play. Simply install it in the sockets \u2013 no need to change the ballast or repair it with a light fixture. Its slim design and cool operation make it a top choice for applications with limited space such as closet, shelf, or countertop growing. Grow anywhere with this light!<\/span><\/li>\n<\/ul>\n<p><img data-recalc-dims=\"1\" loading=\"lazy\" decoding=\"async\" data-attachment-id=\"8389\" data-permalink=\"https:\/\/chill-road.com\/en\/?attachment_id=8389\" data-orig-file=\"https:\/\/i0.wp.com\/chill-road.com\/wp-content\/uploads\/2025\/11\/SF300-A_01.jpg.webp?fit=1464%2C600&amp;quality=80&amp;ssl=1\" data-orig-size=\"1464,600\" data-comments-opened=\"1\" data-image-meta=\"{&quot;aperture&quot;:&quot;0&quot;,&quot;credit&quot;:&quot;&quot;,&quot;camera&quot;:&quot;&quot;,&quot;caption&quot;:&quot;&quot;,&quot;created_timestamp&quot;:&quot;0&quot;,&quot;copyright&quot;:&quot;&quot;,&quot;focal_length&quot;:&quot;0&quot;,&quot;iso&quot;:&quot;0&quot;,&quot;shutter_speed&quot;:&quot;0&quot;,&quot;title&quot;:&quot;&quot;,&quot;orientation&quot;:&quot;0&quot;}\" data-image-title=\"SF300-A_01.jpg\" data-image-description=\"\" data-image-caption=\"\" data-large-file=\"https:\/\/i0.wp.com\/chill-road.com\/wp-content\/uploads\/2025\/11\/SF300-A_01.jpg.webp?fit=1024%2C420&amp;quality=80&amp;ssl=1\" class=\"alignnone size-full wp-image-8389\" src=\"https:\/\/i0.wp.com\/chill-road.com\/wp-content\/uploads\/2025\/11\/SF300-A_01.jpg.webp?resize=1464%2C600&#038;quality=80&#038;ssl=1\" alt=\"\" width=\"1464\" height=\"600\" srcset=\"https:\/\/i0.wp.com\/chill-road.com\/wp-content\/uploads\/2025\/11\/SF300-A_01.jpg.webp?w=1464&amp;quality=80&amp;ssl=1 1464w, https:\/\/i0.wp.com\/chill-road.com\/wp-content\/uploads\/2025\/11\/SF300-A_01.jpg.webp?resize=300%2C123&amp;quality=80&amp;ssl=1 300w, https:\/\/i0.wp.com\/chill-road.com\/wp-content\/uploads\/2025\/11\/SF300-A_01.jpg.webp?resize=1024%2C420&amp;quality=80&amp;ssl=1 1024w, https:\/\/i0.wp.com\/chill-road.com\/wp-content\/uploads\/2025\/11\/SF300-A_01.jpg.webp?resize=768%2C315&amp;quality=80&amp;ssl=1 768w, https:\/\/i0.wp.com\/chill-road.com\/wp-content\/uploads\/2025\/11\/SF300-A_01.jpg.webp?resize=18%2C7&amp;quality=80&amp;ssl=1 18w, https:\/\/i0.wp.com\/chill-road.com\/wp-content\/uploads\/2025\/11\/SF300-A_01.jpg.webp?resize=1200%2C492&amp;quality=80&amp;ssl=1 1200w, https:\/\/i0.wp.com\/chill-road.com\/wp-content\/uploads\/2025\/11\/SF300-A_01.jpg.webp?resize=900%2C369&amp;quality=80&amp;ssl=1 900w, https:\/\/i0.wp.com\/chill-road.com\/wp-content\/uploads\/2025\/11\/SF300-A_01.jpg.webp?resize=150%2C61&amp;quality=80&amp;ssl=1 150w\" sizes=\"auto, (max-width: 1000px) 100vw, 1000px\" \/> <img data-recalc-dims=\"1\" loading=\"lazy\" decoding=\"async\" data-attachment-id=\"8390\" data-permalink=\"https:\/\/chill-road.com\/en\/?attachment_id=8390\" data-orig-file=\"https:\/\/i0.wp.com\/chill-road.com\/wp-content\/uploads\/2025\/11\/SF300-A_02.jpg.webp?fit=1464%2C600&amp;quality=80&amp;ssl=1\" data-orig-size=\"1464,600\" data-comments-opened=\"1\" data-image-meta=\"{&quot;aperture&quot;:&quot;0&quot;,&quot;credit&quot;:&quot;&quot;,&quot;camera&quot;:&quot;&quot;,&quot;caption&quot;:&quot;&quot;,&quot;created_timestamp&quot;:&quot;0&quot;,&quot;copyright&quot;:&quot;&quot;,&quot;focal_length&quot;:&quot;0&quot;,&quot;iso&quot;:&quot;0&quot;,&quot;shutter_speed&quot;:&quot;0&quot;,&quot;title&quot;:&quot;&quot;,&quot;orientation&quot;:&quot;0&quot;}\" data-image-title=\"SF300-A_02.jpg\" data-image-description=\"\" data-image-caption=\"\" data-large-file=\"https:\/\/i0.wp.com\/chill-road.com\/wp-content\/uploads\/2025\/11\/SF300-A_02.jpg.webp?fit=1024%2C420&amp;quality=80&amp;ssl=1\" class=\"alignnone size-full wp-image-8390\" src=\"https:\/\/i0.wp.com\/chill-road.com\/wp-content\/uploads\/2025\/11\/SF300-A_02.jpg.webp?resize=1464%2C600&#038;quality=80&#038;ssl=1\" alt=\"\" width=\"1464\" height=\"600\" srcset=\"https:\/\/i0.wp.com\/chill-road.com\/wp-content\/uploads\/2025\/11\/SF300-A_02.jpg.webp?w=1464&amp;quality=80&amp;ssl=1 1464w, https:\/\/i0.wp.com\/chill-road.com\/wp-content\/uploads\/2025\/11\/SF300-A_02.jpg.webp?resize=300%2C123&amp;quality=80&amp;ssl=1 300w, https:\/\/i0.wp.com\/chill-road.com\/wp-content\/uploads\/2025\/11\/SF300-A_02.jpg.webp?resize=1024%2C420&amp;quality=80&amp;ssl=1 1024w, https:\/\/i0.wp.com\/chill-road.com\/wp-content\/uploads\/2025\/11\/SF300-A_02.jpg.webp?resize=768%2C315&amp;quality=80&amp;ssl=1 768w, https:\/\/i0.wp.com\/chill-road.com\/wp-content\/uploads\/2025\/11\/SF300-A_02.jpg.webp?resize=18%2C7&amp;quality=80&amp;ssl=1 18w, https:\/\/i0.wp.com\/chill-road.com\/wp-content\/uploads\/2025\/11\/SF300-A_02.jpg.webp?resize=1200%2C492&amp;quality=80&amp;ssl=1 1200w, https:\/\/i0.wp.com\/chill-road.com\/wp-content\/uploads\/2025\/11\/SF300-A_02.jpg.webp?resize=900%2C369&amp;quality=80&amp;ssl=1 900w, https:\/\/i0.wp.com\/chill-road.com\/wp-content\/uploads\/2025\/11\/SF300-A_02.jpg.webp?resize=150%2C61&amp;quality=80&amp;ssl=1 150w\" sizes=\"auto, (max-width: 1000px) 100vw, 1000px\" \/> <img data-recalc-dims=\"1\" loading=\"lazy\" decoding=\"async\" data-attachment-id=\"8391\" data-permalink=\"https:\/\/chill-road.com\/en\/?attachment_id=8391\" data-orig-file=\"https:\/\/i0.wp.com\/chill-road.com\/wp-content\/uploads\/2025\/11\/SF300-A_03.jpg.webp?fit=1464%2C600&amp;quality=80&amp;ssl=1\" data-orig-size=\"1464,600\" data-comments-opened=\"1\" data-image-meta=\"{&quot;aperture&quot;:&quot;0&quot;,&quot;credit&quot;:&quot;&quot;,&quot;camera&quot;:&quot;&quot;,&quot;caption&quot;:&quot;&quot;,&quot;created_timestamp&quot;:&quot;0&quot;,&quot;copyright&quot;:&quot;&quot;,&quot;focal_length&quot;:&quot;0&quot;,&quot;iso&quot;:&quot;0&quot;,&quot;shutter_speed&quot;:&quot;0&quot;,&quot;title&quot;:&quot;&quot;,&quot;orientation&quot;:&quot;0&quot;}\" data-image-title=\"SF300-A_03.jpg\" data-image-description=\"\" data-image-caption=\"\" data-large-file=\"https:\/\/i0.wp.com\/chill-road.com\/wp-content\/uploads\/2025\/11\/SF300-A_03.jpg.webp?fit=1024%2C420&amp;quality=80&amp;ssl=1\" class=\"alignnone size-full wp-image-8391\" src=\"https:\/\/i0.wp.com\/chill-road.com\/wp-content\/uploads\/2025\/11\/SF300-A_03.jpg.webp?resize=1464%2C600&#038;quality=80&#038;ssl=1\" alt=\"\" width=\"1464\" height=\"600\" srcset=\"https:\/\/i0.wp.com\/chill-road.com\/wp-content\/uploads\/2025\/11\/SF300-A_03.jpg.webp?w=1464&amp;quality=80&amp;ssl=1 1464w, https:\/\/i0.wp.com\/chill-road.com\/wp-content\/uploads\/2025\/11\/SF300-A_03.jpg.webp?resize=300%2C123&amp;quality=80&amp;ssl=1 300w, https:\/\/i0.wp.com\/chill-road.com\/wp-content\/uploads\/2025\/11\/SF300-A_03.jpg.webp?resize=1024%2C420&amp;quality=80&amp;ssl=1 1024w, https:\/\/i0.wp.com\/chill-road.com\/wp-content\/uploads\/2025\/11\/SF300-A_03.jpg.webp?resize=768%2C315&amp;quality=80&amp;ssl=1 768w, https:\/\/i0.wp.com\/chill-road.com\/wp-content\/uploads\/2025\/11\/SF300-A_03.jpg.webp?resize=18%2C7&amp;quality=80&amp;ssl=1 18w, https:\/\/i0.wp.com\/chill-road.com\/wp-content\/uploads\/2025\/11\/SF300-A_03.jpg.webp?resize=1200%2C492&amp;quality=80&amp;ssl=1 1200w, https:\/\/i0.wp.com\/chill-road.com\/wp-content\/uploads\/2025\/11\/SF300-A_03.jpg.webp?resize=900%2C369&amp;quality=80&amp;ssl=1 900w, https:\/\/i0.wp.com\/chill-road.com\/wp-content\/uploads\/2025\/11\/SF300-A_03.jpg.webp?resize=150%2C61&amp;quality=80&amp;ssl=1 150w\" sizes=\"auto, (max-width: 1000px) 100vw, 1000px\" \/> <img data-recalc-dims=\"1\" loading=\"lazy\" decoding=\"async\" data-attachment-id=\"8392\" data-permalink=\"https:\/\/chill-road.com\/en\/?attachment_id=8392\" data-orig-file=\"https:\/\/i0.wp.com\/chill-road.com\/wp-content\/uploads\/2025\/11\/SF300-A_04.jpg.webp?fit=1464%2C600&amp;quality=80&amp;ssl=1\" data-orig-size=\"1464,600\" data-comments-opened=\"1\" data-image-meta=\"{&quot;aperture&quot;:&quot;0&quot;,&quot;credit&quot;:&quot;&quot;,&quot;camera&quot;:&quot;&quot;,&quot;caption&quot;:&quot;&quot;,&quot;created_timestamp&quot;:&quot;0&quot;,&quot;copyright&quot;:&quot;&quot;,&quot;focal_length&quot;:&quot;0&quot;,&quot;iso&quot;:&quot;0&quot;,&quot;shutter_speed&quot;:&quot;0&quot;,&quot;title&quot;:&quot;&quot;,&quot;orientation&quot;:&quot;0&quot;}\" data-image-title=\"SF300-A_04.jpg\" data-image-description=\"\" data-image-caption=\"\" data-large-file=\"https:\/\/i0.wp.com\/chill-road.com\/wp-content\/uploads\/2025\/11\/SF300-A_04.jpg.webp?fit=1024%2C420&amp;quality=80&amp;ssl=1\" class=\"alignnone size-full wp-image-8392\" src=\"https:\/\/i0.wp.com\/chill-road.com\/wp-content\/uploads\/2025\/11\/SF300-A_04.jpg.webp?resize=1464%2C600&#038;quality=80&#038;ssl=1\" alt=\"\" width=\"1464\" height=\"600\" srcset=\"https:\/\/i0.wp.com\/chill-road.com\/wp-content\/uploads\/2025\/11\/SF300-A_04.jpg.webp?w=1464&amp;quality=80&amp;ssl=1 1464w, https:\/\/i0.wp.com\/chill-road.com\/wp-content\/uploads\/2025\/11\/SF300-A_04.jpg.webp?resize=300%2C123&amp;quality=80&amp;ssl=1 300w, https:\/\/i0.wp.com\/chill-road.com\/wp-content\/uploads\/2025\/11\/SF300-A_04.jpg.webp?resize=1024%2C420&amp;quality=80&amp;ssl=1 1024w, https:\/\/i0.wp.com\/chill-road.com\/wp-content\/uploads\/2025\/11\/SF300-A_04.jpg.webp?resize=768%2C315&amp;quality=80&amp;ssl=1 768w, https:\/\/i0.wp.com\/chill-road.com\/wp-content\/uploads\/2025\/11\/SF300-A_04.jpg.webp?resize=18%2C7&amp;quality=80&amp;ssl=1 18w, https:\/\/i0.wp.com\/chill-road.com\/wp-content\/uploads\/2025\/11\/SF300-A_04.jpg.webp?resize=1200%2C492&amp;quality=80&amp;ssl=1 1200w, https:\/\/i0.wp.com\/chill-road.com\/wp-content\/uploads\/2025\/11\/SF300-A_04.jpg.webp?resize=900%2C369&amp;quality=80&amp;ssl=1 900w, https:\/\/i0.wp.com\/chill-road.com\/wp-content\/uploads\/2025\/11\/SF300-A_04.jpg.webp?resize=150%2C61&amp;quality=80&amp;ssl=1 150w\" sizes=\"auto, (max-width: 1000px) 100vw, 1000px\" \/> <img data-recalc-dims=\"1\" loading=\"lazy\" decoding=\"async\" data-attachment-id=\"8393\" data-permalink=\"https:\/\/chill-road.com\/en\/?attachment_id=8393\" data-orig-file=\"https:\/\/i0.wp.com\/chill-road.com\/wp-content\/uploads\/2025\/11\/SF300-A_05.jpg.webp?fit=1464%2C599&amp;quality=80&amp;ssl=1\" data-orig-size=\"1464,599\" data-comments-opened=\"1\" data-image-meta=\"{&quot;aperture&quot;:&quot;0&quot;,&quot;credit&quot;:&quot;&quot;,&quot;camera&quot;:&quot;&quot;,&quot;caption&quot;:&quot;&quot;,&quot;created_timestamp&quot;:&quot;0&quot;,&quot;copyright&quot;:&quot;&quot;,&quot;focal_length&quot;:&quot;0&quot;,&quot;iso&quot;:&quot;0&quot;,&quot;shutter_speed&quot;:&quot;0&quot;,&quot;title&quot;:&quot;&quot;,&quot;orientation&quot;:&quot;0&quot;}\" data-image-title=\"SF300-A_05.jpg\" data-image-description=\"\" data-image-caption=\"\" data-large-file=\"https:\/\/i0.wp.com\/chill-road.com\/wp-content\/uploads\/2025\/11\/SF300-A_05.jpg.webp?fit=1024%2C419&amp;quality=80&amp;ssl=1\" class=\"alignnone size-full wp-image-8393\" src=\"https:\/\/i0.wp.com\/chill-road.com\/wp-content\/uploads\/2025\/11\/SF300-A_05.jpg.webp?resize=1464%2C599&#038;quality=80&#038;ssl=1\" alt=\"\" width=\"1464\" height=\"599\" srcset=\"https:\/\/i0.wp.com\/chill-road.com\/wp-content\/uploads\/2025\/11\/SF300-A_05.jpg.webp?w=1464&amp;quality=80&amp;ssl=1 1464w, https:\/\/i0.wp.com\/chill-road.com\/wp-content\/uploads\/2025\/11\/SF300-A_05.jpg.webp?resize=300%2C123&amp;quality=80&amp;ssl=1 300w, https:\/\/i0.wp.com\/chill-road.com\/wp-content\/uploads\/2025\/11\/SF300-A_05.jpg.webp?resize=1024%2C419&amp;quality=80&amp;ssl=1 1024w, https:\/\/i0.wp.com\/chill-road.com\/wp-content\/uploads\/2025\/11\/SF300-A_05.jpg.webp?resize=768%2C314&amp;quality=80&amp;ssl=1 768w, https:\/\/i0.wp.com\/chill-road.com\/wp-content\/uploads\/2025\/11\/SF300-A_05.jpg.webp?resize=18%2C7&amp;quality=80&amp;ssl=1 18w, https:\/\/i0.wp.com\/chill-road.com\/wp-content\/uploads\/2025\/11\/SF300-A_05.jpg.webp?resize=1200%2C491&amp;quality=80&amp;ssl=1 1200w, https:\/\/i0.wp.com\/chill-road.com\/wp-content\/uploads\/2025\/11\/SF300-A_05.jpg.webp?resize=900%2C368&amp;quality=80&amp;ssl=1 900w, https:\/\/i0.wp.com\/chill-road.com\/wp-content\/uploads\/2025\/11\/SF300-A_05.jpg.webp?resize=150%2C61&amp;quality=80&amp;ssl=1 150w\" sizes=\"auto, (max-width: 1000px) 100vw, 1000px\" \/> <img data-recalc-dims=\"1\" loading=\"lazy\" decoding=\"async\" data-attachment-id=\"8388\" data-permalink=\"https:\/\/chill-road.com\/en\/?attachment_id=8388\" data-orig-file=\"https:\/\/i0.wp.com\/chill-road.com\/wp-content\/uploads\/2025\/11\/SF300-A_06.jpg.webp?fit=1464%2C600&amp;quality=80&amp;ssl=1\" data-orig-size=\"1464,600\" data-comments-opened=\"1\" data-image-meta=\"{&quot;aperture&quot;:&quot;0&quot;,&quot;credit&quot;:&quot;&quot;,&quot;camera&quot;:&quot;&quot;,&quot;caption&quot;:&quot;&quot;,&quot;created_timestamp&quot;:&quot;0&quot;,&quot;copyright&quot;:&quot;&quot;,&quot;focal_length&quot;:&quot;0&quot;,&quot;iso&quot;:&quot;0&quot;,&quot;shutter_speed&quot;:&quot;0&quot;,&quot;title&quot;:&quot;&quot;,&quot;orientation&quot;:&quot;0&quot;}\" data-image-title=\"SF300-A_06.jpg\" data-image-description=\"\" data-image-caption=\"\" data-large-file=\"https:\/\/i0.wp.com\/chill-road.com\/wp-content\/uploads\/2025\/11\/SF300-A_06.jpg.webp?fit=1024%2C420&amp;quality=80&amp;ssl=1\" class=\"alignnone size-full wp-image-8388\" src=\"https:\/\/i0.wp.com\/chill-road.com\/wp-content\/uploads\/2025\/11\/SF300-A_06.jpg.webp?resize=1464%2C600&#038;quality=80&#038;ssl=1\" alt=\"\" width=\"1464\" height=\"600\" srcset=\"https:\/\/i0.wp.com\/chill-road.com\/wp-content\/uploads\/2025\/11\/SF300-A_06.jpg.webp?w=1464&amp;quality=80&amp;ssl=1 1464w, https:\/\/i0.wp.com\/chill-road.com\/wp-content\/uploads\/2025\/11\/SF300-A_06.jpg.webp?resize=300%2C123&amp;quality=80&amp;ssl=1 300w, https:\/\/i0.wp.com\/chill-road.com\/wp-content\/uploads\/2025\/11\/SF300-A_06.jpg.webp?resize=1024%2C420&amp;quality=80&amp;ssl=1 1024w, https:\/\/i0.wp.com\/chill-road.com\/wp-content\/uploads\/2025\/11\/SF300-A_06.jpg.webp?resize=768%2C315&amp;quality=80&amp;ssl=1 768w, https:\/\/i0.wp.com\/chill-road.com\/wp-content\/uploads\/2025\/11\/SF300-A_06.jpg.webp?resize=18%2C7&amp;quality=80&amp;ssl=1 18w, https:\/\/i0.wp.com\/chill-road.com\/wp-content\/uploads\/2025\/11\/SF300-A_06.jpg.webp?resize=1200%2C492&amp;quality=80&amp;ssl=1 1200w, https:\/\/i0.wp.com\/chill-road.com\/wp-content\/uploads\/2025\/11\/SF300-A_06.jpg.webp?resize=900%2C369&amp;quality=80&amp;ssl=1 900w, https:\/\/i0.wp.com\/chill-road.com\/wp-content\/uploads\/2025\/11\/SF300-A_06.jpg.webp?resize=150%2C61&amp;quality=80&amp;ssl=1 150w\" sizes=\"auto, (max-width: 1000px) 100vw, 1000px\" \/><\/p>","protected":false},"excerpt":{"rendered":"<p><strong>Diodes<\/strong> : Diodes haute luminosit\u00e9 192 Pcs<br \/>\n<strong>PPE<\/strong> : 2.3 umol\/j<br \/>\n<strong>Maximum coverage<\/strong> : 75x60cm<br \/>\n<b>Dimensions<\/b>: 60 x 15 x 3.54cm<br \/>\n<strong>Tente de culture recommand\u00e9e<\/strong> : 70x70cm<br \/>\n<strong>Recommended extractor size<\/strong> : \u00d8100mm<\/p>\n<p><strong>The package includes<\/strong> :<\/p>\n<ul>\n<li>1x SF300 LED grow light<\/li>\n<li>1x 130cm power cord<\/li>\n<li>2x Suspension Kit<\/li>\n<li>1x User manual<\/li>\n<\/ul>\n<hr \/>\n<p><img loading=\"lazy\" decoding=\"async\" class=\"alignnone\" src=\"https:\/\/chill-road.com\/wp-content\/uploads\/2025\/11\/imgi_28_retail-2-shipping.svg\" sizes=\"auto, (max-width: 30px) 100vw, 30px\" alt=\"\" width=\"32\" height=\"37\" \/><br \/>\n<strong>Shipped the same day, 3 to 8 business days for the product to reach you.<\/strong><\/p>\n<p><img loading=\"lazy\" decoding=\"async\" class=\"alignnone\" src=\"https:\/\/chill-road.com\/wp-content\/uploads\/2025\/11\/imgi_31_retail-2-safe.svg\" sizes=\"auto, (max-width: 30px) 100vw, 30px\" alt=\"\" width=\"32\" height=\"37\" \/><br \/>\n<strong>Up to 5 years warranty.<\/strong><\/p>\n<hr \/>","protected":false},"featured_media":8381,"comment_status":"open","ping_status":"closed","template":"","meta":[],"product_brand":[333],"product_cat":[338,17,334],"product_tag":[],"class_list":{"0":"post-8516","1":"product","2":"type-product","3":"status-publish","4":"has-post-thumbnail","6":"product_brand-spider-farmer","7":"product_cat-garden-series","8":"product_cat-eclairages-horticoles","9":"product_cat-led-spider-farmer","10":"pa_led-couverture-croissance-60x75cm","11":"pa_led-dimensions-60015035-4-mm","12":"pa_led-duree-de-vie-jusqua-50-000-heures","13":"pa_led-frequence-50-60hz","14":"pa_led-intensite-amperes-0-4823aac120v-0-2953aac240v","15":"pa_led-puissance-33wadlite","16":"pa_led-spectre-lumineux-spectre-complet","17":"pa_led-temperature-d-usage-20-35-4-95","18":"pa_led-tension-volts-ac100-240v","19":"cr-has-rrp","21":"first","22":"instock","23":"sale","24":"purchasable","25":"product-type-simple"},"jetpack_sharing_enabled":true,"_links":{"self":[{"href":"https:\/\/chill-road.com\/en\/wp-json\/wp\/v2\/product\/8516","targetHints":{"allow":["GET"]}}],"collection":[{"href":"https:\/\/chill-road.com\/en\/wp-json\/wp\/v2\/product"}],"about":[{"href":"https:\/\/chill-road.com\/en\/wp-json\/wp\/v2\/types\/product"}],"replies":[{"embeddable":true,"href":"https:\/\/chill-road.com\/en\/wp-json\/wp\/v2\/comments?post=8516"}],"version-history":[{"count":1,"href":"https:\/\/chill-road.com\/en\/wp-json\/wp\/v2\/product\/8516\/revisions"}],"predecessor-version":[{"id":22317,"href":"https:\/\/chill-road.com\/en\/wp-json\/wp\/v2\/product\/8516\/revisions\/22317"}],"wp:featuredmedia":[{"embeddable":true,"href":"https:\/\/chill-road.com\/en\/wp-json\/wp\/v2\/media\/8381"}],"wp:attachment":[{"href":"https:\/\/chill-road.com\/en\/wp-json\/wp\/v2\/media?parent=8516"}],"wp:term":[{"taxonomy":"product_brand","embeddable":true,"href":"https:\/\/chill-road.com\/en\/wp-json\/wp\/v2\/product_brand?post=8516"},{"taxonomy":"product_cat","embeddable":true,"href":"https:\/\/chill-road.com\/en\/wp-json\/wp\/v2\/product_cat?post=8516"},{"taxonomy":"product_tag","embeddable":true,"href":"https:\/\/chill-road.com\/en\/wp-json\/wp\/v2\/product_tag?post=8516"}],"curies":[{"name":"wp","href":"https:\/\/api.w.org\/{rel}","templated":true}]}}