{"id":9712,"date":"2025-12-17T10:33:13","date_gmt":"2025-12-17T09:33:13","guid":{"rendered":"https:\/\/chill-road.com\/?post_type=product&#038;p=9712"},"modified":"2026-05-05T13:57:20","modified_gmt":"2026-05-05T11:57:20","slug":"kit-extracteur-dair-filtre-o150mm-controleur-manuel-spider-farmer","status":"publish","type":"product","link":"https:\/\/chill-road.com\/en\/produit\/kit-extracteur-dair-filtre-o150mm-controleur-manuel-spider-farmer\/","title":{"rendered":"Spider Farmer (\u00d8150mm) 6 Inch Inline Fan Air Carbon Filter with Speed Controller, GGS Controller Controllable"},"content":{"rendered":"<p><span style=\"color: #ff6600;\">\u2666<\/span>\u3010<strong>Ventilateur en ligne puissant<\/strong>\u3011 Fabriqu\u00e9 \u00e0 partir d&rsquo;un bo\u00eetier en plastique robuste pour une durabilit\u00e9 sup\u00e9rieure, le bo\u00eetier est r\u00e9sistant \u00e0 la poussi\u00e8re et \u00e9tanche, les pales obliques ajoutent un flux d&rsquo;air de 40 %, moteur asynchrone monophas\u00e9 qui d\u00e9livre un mouvement d&rsquo;air puissant, il ne consomme que 62 watts, mais produit 402 CFM ; tr\u00e8s faible niveau de bruit, ne produit que 32 DB, ce ventilateur est silencieux ; est livr\u00e9 avec un contr\u00f4leur de vitesse de ventilateur variable dont vous pouvez changer facilement la vitesse.<\/p>\n<p><strong><span style=\"color: #ff6600;\">\u2666<\/span>\u3010R\u00e9gulation de la temp\u00e9rature\u3011 <\/strong>Une ventilation ad\u00e9quate permet de maintenir des temp\u00e9ratures optimales dans l\u2019espace de culture. Les plantes ont des exigences de temp\u00e9rature sp\u00e9cifiques pour leur croissance et leur floraison. Les syst\u00e8mes de ventilation peuvent expulser l\u2019air chaud g\u00e9n\u00e9r\u00e9 par les lumi\u00e8res ou les \u00e9quipements et apporter de l\u2019air plus frais de l\u2019ext\u00e9rieur ou d\u2019un syst\u00e8me de refroidissement s\u00e9par\u00e9, contribuant ainsi \u00e0 r\u00e9guler les temp\u00e9ratures.<\/p>\n<p><strong><span style=\"color: #ff6600;\">\u2666<\/span>\u3010Contr\u00f4le de l&rsquo;humidit\u00e9\u3011 <\/strong>Le contr\u00f4le des niveaux d\u2019humidit\u00e9 est essentiel pour pr\u00e9venir la moisissure et d\u2019autres probl\u00e8mes li\u00e9s \u00e0 l\u2019humidit\u00e9. Les syst\u00e8mes de ventilation peuvent \u00e9liminer l\u2019exc\u00e8s d\u2019humidit\u00e9 de l\u2019air, en particulier pendant la phase de floraison, lorsque les plantes sont plus sensibles \u00e0 la moisissure.<\/p>\n<p><strong><span style=\"color: #ff6600;\">\u2666<\/span>\u3010Distribution du CO2\u3011<\/strong>Les plantes ont besoin de dioxyde de carbone (CO2) pour la photosynth\u00e8se. Un syst\u00e8me de ventilation peut assurer un approvisionnement constant en CO2 frais, ce qui est particuli\u00e8rement important dans les salles de culture scell\u00e9es o\u00f9 les niveaux de CO2 peuvent s\u2019\u00e9puiser avec le temps.<\/p>\n<p><strong><span style=\"color: #ff6600;\">\u2666<\/span>\u3010Contr\u00f4le des odeurs\u3011 <\/strong>Certaines plantes peuvent produire de fortes odeurs pendant la floraison. Les syst\u00e8mes de ventilation \u00e9quip\u00e9s de filtres \u00e0 charbon peuvent aider \u00e0 \u00e9liminer ces odeurs, les emp\u00eachant de s\u2019\u00e9chapper de la salle de culture et de provoquer des perturbations.<\/p>\n<p><strong><span style=\"color: #ff6600;\">\u2666<\/span>\u3010Pr\u00e9vention des parasites\u3011 <\/strong>Une bonne ventilation peut dissuader les parasites en maintenant le flux d\u2019air et en r\u00e9duisant l\u2019humidit\u00e9, qui sont des conditions favorables \u00e0 de nombreux parasites et agents pathog\u00e8nes.<\/p>\n<p><strong><span style=\"color: #ff6600;\">\u2666<\/span>\u3010Pr\u00e9vention des maladies\u3011 <\/strong>Une ventilation ad\u00e9quate permet de pr\u00e9venir la propagation des maladies en r\u00e9duisant l\u2019humidit\u00e9 et en maintenant un environnement sain pour les plantes.<\/p>\n<p><strong><span style=\"color: #ff6600;\">\u2666<\/span>\u3010Rendement et qualit\u00e9 accrus\u3011 <\/strong>En offrant aux plantes des conditions de croissance optimales, notamment un flux d\u2019air, une temp\u00e9rature et des niveaux de CO2 appropri\u00e9s, les syst\u00e8mes de ventilation peuvent contribuer \u00e0 des rendements plus \u00e9lev\u00e9s et \u00e0 des produits de meilleure qualit\u00e9.<\/p>\n<p><img data-recalc-dims=\"1\" loading=\"lazy\" decoding=\"async\" data-attachment-id=\"12018\" data-permalink=\"https:\/\/chill-road.com\/en\/?attachment_id=12018\" data-orig-file=\"https:\/\/i0.wp.com\/chill-road.com\/wp-content\/uploads\/2025\/12\/imgi_42_Spider-Farmer-6-inch-inline-fan-kits.webp?fit=1464%2C600&amp;quality=80&amp;ssl=1\" data-orig-size=\"1464,600\" data-comments-opened=\"1\" data-image-meta=\"{&quot;aperture&quot;:&quot;0&quot;,&quot;credit&quot;:&quot;&quot;,&quot;camera&quot;:&quot;&quot;,&quot;caption&quot;:&quot;&quot;,&quot;created_timestamp&quot;:&quot;0&quot;,&quot;copyright&quot;:&quot;&quot;,&quot;focal_length&quot;:&quot;0&quot;,&quot;iso&quot;:&quot;0&quot;,&quot;shutter_speed&quot;:&quot;0&quot;,&quot;title&quot;:&quot;&quot;,&quot;orientation&quot;:&quot;0&quot;}\" data-image-title=\"imgi_42_Spider-Farmer-6-inch-inline-fan-kits\" data-image-description=\"\" data-image-caption=\"\" data-large-file=\"https:\/\/i0.wp.com\/chill-road.com\/wp-content\/uploads\/2025\/12\/imgi_42_Spider-Farmer-6-inch-inline-fan-kits.webp?fit=1024%2C420&amp;quality=80&amp;ssl=1\" class=\"alignnone size-full wp-image-12018\" src=\"https:\/\/i0.wp.com\/chill-road.com\/wp-content\/uploads\/2025\/12\/imgi_42_Spider-Farmer-6-inch-inline-fan-kits.webp?resize=1464%2C600&#038;quality=80&#038;ssl=1\" alt=\"\" width=\"1464\" height=\"600\" srcset=\"https:\/\/i0.wp.com\/chill-road.com\/wp-content\/uploads\/2025\/12\/imgi_42_Spider-Farmer-6-inch-inline-fan-kits.webp?w=1464&amp;quality=80&amp;ssl=1 1464w, https:\/\/i0.wp.com\/chill-road.com\/wp-content\/uploads\/2025\/12\/imgi_42_Spider-Farmer-6-inch-inline-fan-kits.webp?resize=300%2C123&amp;quality=80&amp;ssl=1 300w, https:\/\/i0.wp.com\/chill-road.com\/wp-content\/uploads\/2025\/12\/imgi_42_Spider-Farmer-6-inch-inline-fan-kits.webp?resize=1024%2C420&amp;quality=80&amp;ssl=1 1024w, https:\/\/i0.wp.com\/chill-road.com\/wp-content\/uploads\/2025\/12\/imgi_42_Spider-Farmer-6-inch-inline-fan-kits.webp?resize=768%2C315&amp;quality=80&amp;ssl=1 768w, https:\/\/i0.wp.com\/chill-road.com\/wp-content\/uploads\/2025\/12\/imgi_42_Spider-Farmer-6-inch-inline-fan-kits.webp?resize=18%2C7&amp;quality=80&amp;ssl=1 18w, https:\/\/i0.wp.com\/chill-road.com\/wp-content\/uploads\/2025\/12\/imgi_42_Spider-Farmer-6-inch-inline-fan-kits.webp?resize=1200%2C492&amp;quality=80&amp;ssl=1 1200w, https:\/\/i0.wp.com\/chill-road.com\/wp-content\/uploads\/2025\/12\/imgi_42_Spider-Farmer-6-inch-inline-fan-kits.webp?resize=900%2C369&amp;quality=80&amp;ssl=1 900w, https:\/\/i0.wp.com\/chill-road.com\/wp-content\/uploads\/2025\/12\/imgi_42_Spider-Farmer-6-inch-inline-fan-kits.webp?resize=150%2C61&amp;quality=80&amp;ssl=1 150w\" sizes=\"auto, (max-width: 1000px) 100vw, 1000px\" \/> <img data-recalc-dims=\"1\" loading=\"lazy\" decoding=\"async\" data-attachment-id=\"11978\" data-permalink=\"https:\/\/chill-road.com\/en\/?attachment_id=11978\" data-orig-file=\"https:\/\/i0.wp.com\/chill-road.com\/wp-content\/uploads\/2026\/01\/Specification-of-6-Inch-inline-fan-RJ12.jpg?fit=1464%2C600&amp;quality=89&amp;ssl=1\" data-orig-size=\"1464,600\" data-comments-opened=\"1\" data-image-meta=\"{&quot;aperture&quot;:&quot;0&quot;,&quot;credit&quot;:&quot;&quot;,&quot;camera&quot;:&quot;&quot;,&quot;caption&quot;:&quot;&quot;,&quot;created_timestamp&quot;:&quot;0&quot;,&quot;copyright&quot;:&quot;&quot;,&quot;focal_length&quot;:&quot;0&quot;,&quot;iso&quot;:&quot;0&quot;,&quot;shutter_speed&quot;:&quot;0&quot;,&quot;title&quot;:&quot;&quot;,&quot;orientation&quot;:&quot;0&quot;}\" data-image-title=\"Specification-of-6-Inch-inline-fan-RJ12\" data-image-description=\"\" data-image-caption=\"\" data-large-file=\"https:\/\/i0.wp.com\/chill-road.com\/wp-content\/uploads\/2026\/01\/Specification-of-6-Inch-inline-fan-RJ12.jpg?fit=1024%2C420&amp;quality=89&amp;ssl=1\" class=\"alignnone size-full wp-image-11978\" src=\"https:\/\/i0.wp.com\/chill-road.com\/wp-content\/uploads\/2026\/01\/Specification-of-6-Inch-inline-fan-RJ12.jpg?resize=1464%2C600&#038;quality=89&#038;ssl=1\" alt=\"\" width=\"1464\" height=\"600\" srcset=\"https:\/\/i0.wp.com\/chill-road.com\/wp-content\/uploads\/2026\/01\/Specification-of-6-Inch-inline-fan-RJ12.jpg?w=1464&amp;quality=89&amp;ssl=1 1464w, https:\/\/i0.wp.com\/chill-road.com\/wp-content\/uploads\/2026\/01\/Specification-of-6-Inch-inline-fan-RJ12.jpg?resize=300%2C123&amp;quality=89&amp;ssl=1 300w, https:\/\/i0.wp.com\/chill-road.com\/wp-content\/uploads\/2026\/01\/Specification-of-6-Inch-inline-fan-RJ12.jpg?resize=1024%2C420&amp;quality=89&amp;ssl=1 1024w, https:\/\/i0.wp.com\/chill-road.com\/wp-content\/uploads\/2026\/01\/Specification-of-6-Inch-inline-fan-RJ12.jpg?resize=768%2C315&amp;quality=89&amp;ssl=1 768w, https:\/\/i0.wp.com\/chill-road.com\/wp-content\/uploads\/2026\/01\/Specification-of-6-Inch-inline-fan-RJ12.jpg?resize=18%2C7&amp;quality=89&amp;ssl=1 18w, https:\/\/i0.wp.com\/chill-road.com\/wp-content\/uploads\/2026\/01\/Specification-of-6-Inch-inline-fan-RJ12.jpg?resize=1200%2C492&amp;quality=89&amp;ssl=1 1200w, https:\/\/i0.wp.com\/chill-road.com\/wp-content\/uploads\/2026\/01\/Specification-of-6-Inch-inline-fan-RJ12.jpg?resize=900%2C369&amp;quality=89&amp;ssl=1 900w, https:\/\/i0.wp.com\/chill-road.com\/wp-content\/uploads\/2026\/01\/Specification-of-6-Inch-inline-fan-RJ12.jpg?resize=150%2C61&amp;quality=89&amp;ssl=1 150w\" sizes=\"auto, (max-width: 1000px) 100vw, 1000px\" \/> <img data-recalc-dims=\"1\" loading=\"lazy\" decoding=\"async\" data-attachment-id=\"11977\" data-permalink=\"https:\/\/chill-road.com\/en\/?attachment_id=11977\" data-orig-file=\"https:\/\/i0.wp.com\/chill-road.com\/wp-content\/uploads\/2026\/01\/New-6-Inch-Inline-Fan-402CFM.jpg?fit=1464%2C600&amp;quality=89&amp;ssl=1\" data-orig-size=\"1464,600\" data-comments-opened=\"1\" data-image-meta=\"{&quot;aperture&quot;:&quot;0&quot;,&quot;credit&quot;:&quot;&quot;,&quot;camera&quot;:&quot;&quot;,&quot;caption&quot;:&quot;&quot;,&quot;created_timestamp&quot;:&quot;0&quot;,&quot;copyright&quot;:&quot;&quot;,&quot;focal_length&quot;:&quot;0&quot;,&quot;iso&quot;:&quot;0&quot;,&quot;shutter_speed&quot;:&quot;0&quot;,&quot;title&quot;:&quot;&quot;,&quot;orientation&quot;:&quot;0&quot;}\" data-image-title=\"New-6-Inch-Inline-Fan-402CFM\" data-image-description=\"\" data-image-caption=\"\" data-large-file=\"https:\/\/i0.wp.com\/chill-road.com\/wp-content\/uploads\/2026\/01\/New-6-Inch-Inline-Fan-402CFM.jpg?fit=1024%2C420&amp;quality=89&amp;ssl=1\" class=\"alignnone size-full wp-image-11977\" src=\"https:\/\/i0.wp.com\/chill-road.com\/wp-content\/uploads\/2026\/01\/New-6-Inch-Inline-Fan-402CFM.jpg?resize=1464%2C600&#038;quality=89&#038;ssl=1\" alt=\"\" width=\"1464\" height=\"600\" srcset=\"https:\/\/i0.wp.com\/chill-road.com\/wp-content\/uploads\/2026\/01\/New-6-Inch-Inline-Fan-402CFM.jpg?w=1464&amp;quality=89&amp;ssl=1 1464w, https:\/\/i0.wp.com\/chill-road.com\/wp-content\/uploads\/2026\/01\/New-6-Inch-Inline-Fan-402CFM.jpg?resize=300%2C123&amp;quality=89&amp;ssl=1 300w, https:\/\/i0.wp.com\/chill-road.com\/wp-content\/uploads\/2026\/01\/New-6-Inch-Inline-Fan-402CFM.jpg?resize=1024%2C420&amp;quality=89&amp;ssl=1 1024w, https:\/\/i0.wp.com\/chill-road.com\/wp-content\/uploads\/2026\/01\/New-6-Inch-Inline-Fan-402CFM.jpg?resize=768%2C315&amp;quality=89&amp;ssl=1 768w, https:\/\/i0.wp.com\/chill-road.com\/wp-content\/uploads\/2026\/01\/New-6-Inch-Inline-Fan-402CFM.jpg?resize=18%2C7&amp;quality=89&amp;ssl=1 18w, https:\/\/i0.wp.com\/chill-road.com\/wp-content\/uploads\/2026\/01\/New-6-Inch-Inline-Fan-402CFM.jpg?resize=1200%2C492&amp;quality=89&amp;ssl=1 1200w, https:\/\/i0.wp.com\/chill-road.com\/wp-content\/uploads\/2026\/01\/New-6-Inch-Inline-Fan-402CFM.jpg?resize=900%2C369&amp;quality=89&amp;ssl=1 900w, https:\/\/i0.wp.com\/chill-road.com\/wp-content\/uploads\/2026\/01\/New-6-Inch-Inline-Fan-402CFM.jpg?resize=150%2C61&amp;quality=89&amp;ssl=1 150w\" sizes=\"auto, (max-width: 1000px) 100vw, 1000px\" \/> <img data-recalc-dims=\"1\" loading=\"lazy\" decoding=\"async\" data-attachment-id=\"12014\" data-permalink=\"https:\/\/chill-road.com\/en\/?attachment_id=12014\" data-orig-file=\"https:\/\/i0.wp.com\/chill-road.com\/wp-content\/uploads\/2025\/12\/Ducting-Clamps-4m.jpg?fit=1464%2C600&amp;quality=89&amp;ssl=1\" data-orig-size=\"1464,600\" data-comments-opened=\"1\" data-image-meta=\"{&quot;aperture&quot;:&quot;0&quot;,&quot;credit&quot;:&quot;&quot;,&quot;camera&quot;:&quot;&quot;,&quot;caption&quot;:&quot;&quot;,&quot;created_timestamp&quot;:&quot;0&quot;,&quot;copyright&quot;:&quot;&quot;,&quot;focal_length&quot;:&quot;0&quot;,&quot;iso&quot;:&quot;0&quot;,&quot;shutter_speed&quot;:&quot;0&quot;,&quot;title&quot;:&quot;&quot;,&quot;orientation&quot;:&quot;0&quot;}\" data-image-title=\"Ducting-Clamps-4m\" data-image-description=\"\" data-image-caption=\"\" data-large-file=\"https:\/\/i0.wp.com\/chill-road.com\/wp-content\/uploads\/2025\/12\/Ducting-Clamps-4m.jpg?fit=1024%2C420&amp;quality=89&amp;ssl=1\" class=\"alignnone size-full wp-image-12014\" src=\"https:\/\/i0.wp.com\/chill-road.com\/wp-content\/uploads\/2025\/12\/Ducting-Clamps-4m.jpg?resize=1464%2C600&#038;quality=89&#038;ssl=1\" alt=\"\" width=\"1464\" height=\"600\" srcset=\"https:\/\/i0.wp.com\/chill-road.com\/wp-content\/uploads\/2025\/12\/Ducting-Clamps-4m.jpg?w=1464&amp;quality=89&amp;ssl=1 1464w, https:\/\/i0.wp.com\/chill-road.com\/wp-content\/uploads\/2025\/12\/Ducting-Clamps-4m.jpg?resize=300%2C123&amp;quality=89&amp;ssl=1 300w, https:\/\/i0.wp.com\/chill-road.com\/wp-content\/uploads\/2025\/12\/Ducting-Clamps-4m.jpg?resize=1024%2C420&amp;quality=89&amp;ssl=1 1024w, https:\/\/i0.wp.com\/chill-road.com\/wp-content\/uploads\/2025\/12\/Ducting-Clamps-4m.jpg?resize=768%2C315&amp;quality=89&amp;ssl=1 768w, https:\/\/i0.wp.com\/chill-road.com\/wp-content\/uploads\/2025\/12\/Ducting-Clamps-4m.jpg?resize=18%2C7&amp;quality=89&amp;ssl=1 18w, https:\/\/i0.wp.com\/chill-road.com\/wp-content\/uploads\/2025\/12\/Ducting-Clamps-4m.jpg?resize=1200%2C492&amp;quality=89&amp;ssl=1 1200w, https:\/\/i0.wp.com\/chill-road.com\/wp-content\/uploads\/2025\/12\/Ducting-Clamps-4m.jpg?resize=900%2C369&amp;quality=89&amp;ssl=1 900w, https:\/\/i0.wp.com\/chill-road.com\/wp-content\/uploads\/2025\/12\/Ducting-Clamps-4m.jpg?resize=150%2C61&amp;quality=89&amp;ssl=1 150w\" sizes=\"auto, (max-width: 1000px) 100vw, 1000px\" \/> <img data-recalc-dims=\"1\" loading=\"lazy\" decoding=\"async\" data-attachment-id=\"12012\" data-permalink=\"https:\/\/chill-road.com\/en\/?attachment_id=12012\" data-orig-file=\"https:\/\/i0.wp.com\/chill-road.com\/wp-content\/uploads\/2025\/12\/Steel-Hanger-Carbon-Filter.jpg?fit=1464%2C600&amp;quality=89&amp;ssl=1\" data-orig-size=\"1464,600\" data-comments-opened=\"1\" data-image-meta=\"{&quot;aperture&quot;:&quot;0&quot;,&quot;credit&quot;:&quot;&quot;,&quot;camera&quot;:&quot;&quot;,&quot;caption&quot;:&quot;&quot;,&quot;created_timestamp&quot;:&quot;0&quot;,&quot;copyright&quot;:&quot;&quot;,&quot;focal_length&quot;:&quot;0&quot;,&quot;iso&quot;:&quot;0&quot;,&quot;shutter_speed&quot;:&quot;0&quot;,&quot;title&quot;:&quot;&quot;,&quot;orientation&quot;:&quot;0&quot;}\" data-image-title=\"Steel-Hanger-Carbon-Filter\" data-image-description=\"\" data-image-caption=\"\" data-large-file=\"https:\/\/i0.wp.com\/chill-road.com\/wp-content\/uploads\/2025\/12\/Steel-Hanger-Carbon-Filter.jpg?fit=1024%2C420&amp;quality=89&amp;ssl=1\" class=\"alignnone size-full wp-image-12012\" src=\"https:\/\/i0.wp.com\/chill-road.com\/wp-content\/uploads\/2025\/12\/Steel-Hanger-Carbon-Filter.jpg?resize=1464%2C600&#038;quality=89&#038;ssl=1\" alt=\"\" width=\"1464\" height=\"600\" srcset=\"https:\/\/i0.wp.com\/chill-road.com\/wp-content\/uploads\/2025\/12\/Steel-Hanger-Carbon-Filter.jpg?w=1464&amp;quality=89&amp;ssl=1 1464w, https:\/\/i0.wp.com\/chill-road.com\/wp-content\/uploads\/2025\/12\/Steel-Hanger-Carbon-Filter.jpg?resize=300%2C123&amp;quality=89&amp;ssl=1 300w, https:\/\/i0.wp.com\/chill-road.com\/wp-content\/uploads\/2025\/12\/Steel-Hanger-Carbon-Filter.jpg?resize=1024%2C420&amp;quality=89&amp;ssl=1 1024w, https:\/\/i0.wp.com\/chill-road.com\/wp-content\/uploads\/2025\/12\/Steel-Hanger-Carbon-Filter.jpg?resize=768%2C315&amp;quality=89&amp;ssl=1 768w, https:\/\/i0.wp.com\/chill-road.com\/wp-content\/uploads\/2025\/12\/Steel-Hanger-Carbon-Filter.jpg?resize=18%2C7&amp;quality=89&amp;ssl=1 18w, https:\/\/i0.wp.com\/chill-road.com\/wp-content\/uploads\/2025\/12\/Steel-Hanger-Carbon-Filter.jpg?resize=1200%2C492&amp;quality=89&amp;ssl=1 1200w, https:\/\/i0.wp.com\/chill-road.com\/wp-content\/uploads\/2025\/12\/Steel-Hanger-Carbon-Filter.jpg?resize=900%2C369&amp;quality=89&amp;ssl=1 900w, https:\/\/i0.wp.com\/chill-road.com\/wp-content\/uploads\/2025\/12\/Steel-Hanger-Carbon-Filter.jpg?resize=150%2C61&amp;quality=89&amp;ssl=1 150w\" sizes=\"auto, (max-width: 1000px) 100vw, 1000px\" \/> <img data-recalc-dims=\"1\" loading=\"lazy\" decoding=\"async\" data-attachment-id=\"12013\" data-permalink=\"https:\/\/chill-road.com\/en\/?attachment_id=12013\" data-orig-file=\"https:\/\/i0.wp.com\/chill-road.com\/wp-content\/uploads\/2025\/12\/4-Inch-carbon-filter.jpg?fit=1464%2C600&amp;quality=89&amp;ssl=1\" data-orig-size=\"1464,600\" data-comments-opened=\"1\" data-image-meta=\"{&quot;aperture&quot;:&quot;0&quot;,&quot;credit&quot;:&quot;&quot;,&quot;camera&quot;:&quot;&quot;,&quot;caption&quot;:&quot;&quot;,&quot;created_timestamp&quot;:&quot;0&quot;,&quot;copyright&quot;:&quot;&quot;,&quot;focal_length&quot;:&quot;0&quot;,&quot;iso&quot;:&quot;0&quot;,&quot;shutter_speed&quot;:&quot;0&quot;,&quot;title&quot;:&quot;&quot;,&quot;orientation&quot;:&quot;0&quot;}\" data-image-title=\"4-Inch-carbon-filter\" data-image-description=\"\" data-image-caption=\"\" data-large-file=\"https:\/\/i0.wp.com\/chill-road.com\/wp-content\/uploads\/2025\/12\/4-Inch-carbon-filter.jpg?fit=1024%2C420&amp;quality=89&amp;ssl=1\" class=\"alignnone size-full wp-image-12013\" src=\"https:\/\/i0.wp.com\/chill-road.com\/wp-content\/uploads\/2025\/12\/4-Inch-carbon-filter.jpg?resize=1464%2C600&#038;quality=89&#038;ssl=1\" alt=\"\" width=\"1464\" height=\"600\" srcset=\"https:\/\/i0.wp.com\/chill-road.com\/wp-content\/uploads\/2025\/12\/4-Inch-carbon-filter.jpg?w=1464&amp;quality=89&amp;ssl=1 1464w, https:\/\/i0.wp.com\/chill-road.com\/wp-content\/uploads\/2025\/12\/4-Inch-carbon-filter.jpg?resize=300%2C123&amp;quality=89&amp;ssl=1 300w, https:\/\/i0.wp.com\/chill-road.com\/wp-content\/uploads\/2025\/12\/4-Inch-carbon-filter.jpg?resize=1024%2C420&amp;quality=89&amp;ssl=1 1024w, https:\/\/i0.wp.com\/chill-road.com\/wp-content\/uploads\/2025\/12\/4-Inch-carbon-filter.jpg?resize=768%2C315&amp;quality=89&amp;ssl=1 768w, https:\/\/i0.wp.com\/chill-road.com\/wp-content\/uploads\/2025\/12\/4-Inch-carbon-filter.jpg?resize=18%2C7&amp;quality=89&amp;ssl=1 18w, https:\/\/i0.wp.com\/chill-road.com\/wp-content\/uploads\/2025\/12\/4-Inch-carbon-filter.jpg?resize=1200%2C492&amp;quality=89&amp;ssl=1 1200w, https:\/\/i0.wp.com\/chill-road.com\/wp-content\/uploads\/2025\/12\/4-Inch-carbon-filter.jpg?resize=900%2C369&amp;quality=89&amp;ssl=1 900w, https:\/\/i0.wp.com\/chill-road.com\/wp-content\/uploads\/2025\/12\/4-Inch-carbon-filter.jpg?resize=150%2C61&amp;quality=89&amp;ssl=1 150w\" sizes=\"auto, (max-width: 1000px) 100vw, 1000px\" \/> <img data-recalc-dims=\"1\" loading=\"lazy\" decoding=\"async\" data-attachment-id=\"11970\" data-permalink=\"https:\/\/chill-road.com\/en\/?attachment_id=11970\" data-orig-file=\"https:\/\/i0.wp.com\/chill-road.com\/wp-content\/uploads\/2026\/01\/Speed-Controller-of-inline-fan-RJ12.jpg?fit=1464%2C600&amp;quality=89&amp;ssl=1\" data-orig-size=\"1464,600\" data-comments-opened=\"1\" data-image-meta=\"{&quot;aperture&quot;:&quot;0&quot;,&quot;credit&quot;:&quot;&quot;,&quot;camera&quot;:&quot;&quot;,&quot;caption&quot;:&quot;&quot;,&quot;created_timestamp&quot;:&quot;0&quot;,&quot;copyright&quot;:&quot;&quot;,&quot;focal_length&quot;:&quot;0&quot;,&quot;iso&quot;:&quot;0&quot;,&quot;shutter_speed&quot;:&quot;0&quot;,&quot;title&quot;:&quot;&quot;,&quot;orientation&quot;:&quot;0&quot;}\" data-image-title=\"Speed-Controller-of-inline-fan-RJ12\" data-image-description=\"\" data-image-caption=\"\" data-large-file=\"https:\/\/i0.wp.com\/chill-road.com\/wp-content\/uploads\/2026\/01\/Speed-Controller-of-inline-fan-RJ12.jpg?fit=1024%2C420&amp;quality=89&amp;ssl=1\" class=\"alignnone size-full wp-image-11970\" src=\"https:\/\/i0.wp.com\/chill-road.com\/wp-content\/uploads\/2026\/01\/Speed-Controller-of-inline-fan-RJ12.jpg?resize=1464%2C600&#038;quality=89&#038;ssl=1\" alt=\"\" width=\"1464\" height=\"600\" srcset=\"https:\/\/i0.wp.com\/chill-road.com\/wp-content\/uploads\/2026\/01\/Speed-Controller-of-inline-fan-RJ12.jpg?w=1464&amp;quality=89&amp;ssl=1 1464w, https:\/\/i0.wp.com\/chill-road.com\/wp-content\/uploads\/2026\/01\/Speed-Controller-of-inline-fan-RJ12.jpg?resize=300%2C123&amp;quality=89&amp;ssl=1 300w, https:\/\/i0.wp.com\/chill-road.com\/wp-content\/uploads\/2026\/01\/Speed-Controller-of-inline-fan-RJ12.jpg?resize=1024%2C420&amp;quality=89&amp;ssl=1 1024w, https:\/\/i0.wp.com\/chill-road.com\/wp-content\/uploads\/2026\/01\/Speed-Controller-of-inline-fan-RJ12.jpg?resize=768%2C315&amp;quality=89&amp;ssl=1 768w, https:\/\/i0.wp.com\/chill-road.com\/wp-content\/uploads\/2026\/01\/Speed-Controller-of-inline-fan-RJ12.jpg?resize=18%2C7&amp;quality=89&amp;ssl=1 18w, https:\/\/i0.wp.com\/chill-road.com\/wp-content\/uploads\/2026\/01\/Speed-Controller-of-inline-fan-RJ12.jpg?resize=1200%2C492&amp;quality=89&amp;ssl=1 1200w, https:\/\/i0.wp.com\/chill-road.com\/wp-content\/uploads\/2026\/01\/Speed-Controller-of-inline-fan-RJ12.jpg?resize=900%2C369&amp;quality=89&amp;ssl=1 900w, https:\/\/i0.wp.com\/chill-road.com\/wp-content\/uploads\/2026\/01\/Speed-Controller-of-inline-fan-RJ12.jpg?resize=150%2C61&amp;quality=89&amp;ssl=1 150w\" sizes=\"auto, (max-width: 1000px) 100vw, 1000px\" \/> <img data-recalc-dims=\"1\" loading=\"lazy\" decoding=\"async\" data-attachment-id=\"11967\" data-permalink=\"https:\/\/chill-road.com\/en\/?attachment_id=11967\" data-orig-file=\"https:\/\/i0.wp.com\/chill-road.com\/wp-content\/uploads\/2026\/01\/Installation-4-Inch.jpg?fit=1464%2C600&amp;quality=89&amp;ssl=1\" data-orig-size=\"1464,600\" data-comments-opened=\"1\" data-image-meta=\"{&quot;aperture&quot;:&quot;0&quot;,&quot;credit&quot;:&quot;&quot;,&quot;camera&quot;:&quot;&quot;,&quot;caption&quot;:&quot;&quot;,&quot;created_timestamp&quot;:&quot;0&quot;,&quot;copyright&quot;:&quot;&quot;,&quot;focal_length&quot;:&quot;0&quot;,&quot;iso&quot;:&quot;0&quot;,&quot;shutter_speed&quot;:&quot;0&quot;,&quot;title&quot;:&quot;&quot;,&quot;orientation&quot;:&quot;0&quot;}\" data-image-title=\"Installation-4-Inch\" data-image-description=\"\" data-image-caption=\"\" data-large-file=\"https:\/\/i0.wp.com\/chill-road.com\/wp-content\/uploads\/2026\/01\/Installation-4-Inch.jpg?fit=1024%2C420&amp;quality=89&amp;ssl=1\" class=\"alignnone size-full wp-image-11967\" src=\"https:\/\/i0.wp.com\/chill-road.com\/wp-content\/uploads\/2026\/01\/Installation-4-Inch.jpg?resize=1464%2C600&#038;quality=89&#038;ssl=1\" alt=\"\" width=\"1464\" height=\"600\" srcset=\"https:\/\/i0.wp.com\/chill-road.com\/wp-content\/uploads\/2026\/01\/Installation-4-Inch.jpg?w=1464&amp;quality=89&amp;ssl=1 1464w, https:\/\/i0.wp.com\/chill-road.com\/wp-content\/uploads\/2026\/01\/Installation-4-Inch.jpg?resize=300%2C123&amp;quality=89&amp;ssl=1 300w, https:\/\/i0.wp.com\/chill-road.com\/wp-content\/uploads\/2026\/01\/Installation-4-Inch.jpg?resize=1024%2C420&amp;quality=89&amp;ssl=1 1024w, https:\/\/i0.wp.com\/chill-road.com\/wp-content\/uploads\/2026\/01\/Installation-4-Inch.jpg?resize=768%2C315&amp;quality=89&amp;ssl=1 768w, https:\/\/i0.wp.com\/chill-road.com\/wp-content\/uploads\/2026\/01\/Installation-4-Inch.jpg?resize=18%2C7&amp;quality=89&amp;ssl=1 18w, https:\/\/i0.wp.com\/chill-road.com\/wp-content\/uploads\/2026\/01\/Installation-4-Inch.jpg?resize=1200%2C492&amp;quality=89&amp;ssl=1 1200w, https:\/\/i0.wp.com\/chill-road.com\/wp-content\/uploads\/2026\/01\/Installation-4-Inch.jpg?resize=900%2C369&amp;quality=89&amp;ssl=1 900w, https:\/\/i0.wp.com\/chill-road.com\/wp-content\/uploads\/2026\/01\/Installation-4-Inch.jpg?resize=150%2C61&amp;quality=89&amp;ssl=1 150w\" sizes=\"auto, (max-width: 1000px) 100vw, 1000px\" \/><\/p>","protected":false},"excerpt":{"rendered":"<p>Designed with an RJ12 port, allowing connection to GGS controllers and power strip kits. Adjustments can be made via the Spider Farmer application.<\/p>\n<p>The Spider Farmer cooling and ventilation system includes an in-line fan, charcoal filters, ducts and speed controller, which effectively eliminate unwanted odors, ideal for use in grow tents or enclosed growing areas. providing a more comfortable environment for plant growth.<\/p>\n<ul>\n<li>Four operating modes can be selected<\/li>\n<li>Set start &amp; stop times<\/li>\n<li>Set running &amp; standby speeds<\/li>\n<li>On\/off control of CO2 device<\/li>\n<\/ul>\n<p><strong>The package includes<\/strong> :<\/p>\n<ul>\n<li>1\u00d7 \u00d8150mm air extractor,<\/li>\n<li>1\u00d7 \u00d8150mm charcoal filter,<\/li>\n<li>1x speed controller,<\/li>\n<li>1x ventilation duct (4 meters),<\/li>\n<li>2x ventilation covers,<\/li>\n<li>3x steel collar,<\/li>\n<li>4x steel support<\/li>\n<\/ul>\n<p>(GGS controller not included)<\/p>\n<p><strong>Note:<\/strong>\u00a0Due to packaging updates, the accessories listed on the product page will prevail and the online user manual reflects the latest version.<\/p>","protected":false},"featured_media":11994,"comment_status":"open","ping_status":"closed","template":"","meta":[],"product_brand":[333],"product_cat":[1091,20,361,19],"product_tag":[],"class_list":{"0":"post-9712","1":"product","2":"type-product","3":"status-publish","4":"has-post-thumbnail","6":"product_brand-spider-farmer","7":"product_cat-speed-controller-series-spider-farmer","8":"product_cat-extracteurs-dair","9":"product_cat-extracteurs-dair-spider-farmer","10":"product_cat-ventilation-climat","11":"cr-has-rrp","13":"first","14":"instock","15":"sale","16":"purchasable","17":"product-type-simple"},"jetpack_sharing_enabled":true,"_links":{"self":[{"href":"https:\/\/chill-road.com\/en\/wp-json\/wp\/v2\/product\/9712","targetHints":{"allow":["GET"]}}],"collection":[{"href":"https:\/\/chill-road.com\/en\/wp-json\/wp\/v2\/product"}],"about":[{"href":"https:\/\/chill-road.com\/en\/wp-json\/wp\/v2\/types\/product"}],"replies":[{"embeddable":true,"href":"https:\/\/chill-road.com\/en\/wp-json\/wp\/v2\/comments?post=9712"}],"version-history":[{"count":1,"href":"https:\/\/chill-road.com\/en\/wp-json\/wp\/v2\/product\/9712\/revisions"}],"predecessor-version":[{"id":22382,"href":"https:\/\/chill-road.com\/en\/wp-json\/wp\/v2\/product\/9712\/revisions\/22382"}],"wp:featuredmedia":[{"embeddable":true,"href":"https:\/\/chill-road.com\/en\/wp-json\/wp\/v2\/media\/11994"}],"wp:attachment":[{"href":"https:\/\/chill-road.com\/en\/wp-json\/wp\/v2\/media?parent=9712"}],"wp:term":[{"taxonomy":"product_brand","embeddable":true,"href":"https:\/\/chill-road.com\/en\/wp-json\/wp\/v2\/product_brand?post=9712"},{"taxonomy":"product_cat","embeddable":true,"href":"https:\/\/chill-road.com\/en\/wp-json\/wp\/v2\/product_cat?post=9712"},{"taxonomy":"product_tag","embeddable":true,"href":"https:\/\/chill-road.com\/en\/wp-json\/wp\/v2\/product_tag?post=9712"}],"curies":[{"name":"wp","href":"https:\/\/api.w.org\/{rel}","templated":true}]}}