{"id":6838,"date":"2025-10-30T11:10:28","date_gmt":"2025-10-30T10:10:28","guid":{"rendered":"https:\/\/chill-road.com\/?page_id=6838"},"modified":"2025-10-30T14:43:57","modified_gmt":"2025-10-30T13:43:57","slug":"contactez-nous","status":"publish","type":"page","link":"https:\/\/chill-road.com\/fr\/contactez-nous\/","title":{"rendered":"CONTACTEZ-NOUS"},"content":{"rendered":"\t\t<div data-elementor-type=\"wp-page\" data-elementor-id=\"6838\" class=\"elementor elementor-6838\" data-elementor-post-type=\"page\">\n\t\t\t\t<div class=\"wd-negative-gap elementor-element elementor-element-fee6881 e-flex e-con-boxed e-con e-parent\" data-id=\"fee6881\" data-element_type=\"container\" data-e-type=\"container\">\n\t\t\t\t\t<div class=\"e-con-inner\">\n\t\t<div class=\"elementor-element elementor-element-7a5248f e-con-full e-flex e-con e-child\" data-id=\"7a5248f\" data-element_type=\"container\" data-e-type=\"container\">\n\t\t<div class=\"elementor-element elementor-element-56c7f3b e-con-full e-flex e-con e-child\" data-id=\"56c7f3b\" data-element_type=\"container\" data-e-type=\"container\">\n\t\t<div class=\"elementor-element elementor-element-612f1c7 e-con-full e-flex e-con e-child\" data-id=\"612f1c7\" data-element_type=\"container\" data-e-type=\"container\">\n\t\t<div class=\"elementor-element elementor-element-524176c e-con-full e-flex e-con e-child\" data-id=\"524176c\" data-element_type=\"container\" data-e-type=\"container\">\n\t\t\t\t<div class=\"elementor-element elementor-element-895a677 wd-width-100 elementor-widget elementor-widget-wd_title\" data-id=\"895a677\" data-element_type=\"widget\" data-e-type=\"widget\" data-widget_type=\"wd_title.default\">\n\t\t\t\t<div class=\"elementor-widget-container\">\n\t\t\t\t\t\t\t<div class=\"title-wrapper wd-set-mb reset-last-child wd-title-color-default wd-title-style-default wd-title-size-small text-center\">\n\n\t\t\t\n\t\t\t<div class=\"liner-continer\">\n\t\t\t\t<h2 class=\"woodmart-title-container title wd-fontsize-m\">CONTACTEZ-NOUS POUR TOUTE QUESTION<\/h2> \n\t\t\t\t\t\t\t<\/div>\n\n\t\t\t\t\t<\/div>\n\t\t\t\t\t\t<\/div>\n\t\t\t\t<\/div>\n\t\t\t\t<\/div>\n\t\t<div class=\"elementor-element elementor-element-fbfda24 e-con-full e-flex e-con e-child\" data-id=\"fbfda24\" data-element_type=\"container\" data-e-type=\"container\">\n\t\t\t\t<div class=\"elementor-element elementor-element-dacfe94 fluent-form-widget-step-header-yes fluent-form-widget-step-progressbar-yes fluentform-widget-submit-button-custom elementor-widget elementor-widget-fluent-form-widget\" data-id=\"dacfe94\" data-element_type=\"widget\" data-e-type=\"widget\" data-widget_type=\"fluent-form-widget.default\">\n\t\t\t\t<div class=\"elementor-widget-container\">\n\t\t\t\t\t\n            <div class=\"fluentform-widget-wrapper fluentform-widget-align-default\">\n\n            \n            <div class='fluentform ff-default fluentform_wrapper_1 ffs_default_wrap'><form data-form_id=\"1\" id=\"fluentform_1\" class=\"frm-fluent-form fluent_form_1 ff-el-form-top ff_form_instance_1_1 ff-form-loading ffs_default\" data-form_instance=\"ff_form_instance_1_1\" method=\"POST\" ><fieldset  style=\"border: none!important;margin: 0!important;padding: 0!important;background-color: transparent!important;box-shadow: none!important;outline: none!important; min-inline-size: 100%;\">\n                    <legend class=\"ff_screen_reader_title\" style=\"display: block; margin: 0!important;padding: 0!important;height: 0!important;text-indent: -999999px;width: 0!important;overflow:hidden;\">Contact Form - CONTACTEZ-NOUS<\/legend><p style=\"display: none !important;\" class=\"akismet-fields-container\" data-prefix=\"ak_\"><label>&#916;<textarea name=\"ak_hp_textarea\" cols=\"45\" rows=\"8\" maxlength=\"100\"><\/textarea><\/label><input type=\"hidden\" id=\"ak_js_1\" name=\"ak_js\" value=\"65\"\/><script data-jetpack-boost=\"ignore\" data-jetpack-boost=\"ignore\">document.getElementById( \"ak_js_1\" ).setAttribute( \"value\", ( new Date() ).getTime() );<\/script><\/p><input type='hidden' name='__fluent_form_embded_post_id' value='6838' \/><input type=\"hidden\" id=\"_fluentform_1_fluentformnonce\" name=\"_fluentform_1_fluentformnonce\" value=\"79c96a62cd\" \/><input type=\"hidden\" name=\"_wp_http_referer\" value=\"\/fr\/wp-json\/wp\/v2\/pages\/6838\" \/><div data-type=\"name-element\" data-name=\"names\" class=\" ff-field_container ff-name-field-wrapper\" ><div class='ff-t-container'><div class='ff-t-cell '><div class='ff-el-group'><div class=\"ff-el-input--label ff-el-is-required asterisk-right\"><label for='ff_1_names_first_name_' id='label_ff_1_names_first_name_' >Pr\u00e9nom<\/label><\/div><div class='ff-el-input--content'><input type=\"text\" name=\"names[first_name]\" id=\"ff_1_names_first_name_\" class=\"ff-el-form-control\" placeholder=\"Ex: Jack\" aria-invalid=\"false\" aria-required=true><\/div><\/div><\/div><div class='ff-t-cell '><div class='ff-el-group'><div class=\"ff-el-input--label ff-el-is-required asterisk-right\"><label for='ff_1_names_last_name_' id='label_ff_1_names_last_name_' >Nom<\/label><\/div><div class='ff-el-input--content'><input type=\"text\" name=\"names[last_name]\" id=\"ff_1_names_last_name_\" class=\"ff-el-form-control\" placeholder=\"Ex: Herer\" aria-invalid=\"false\" aria-required=true><\/div><\/div><\/div><\/div><\/div><div class='ff-el-group'><div class=\"ff-el-input--label ff-el-is-required asterisk-right\"><label for='ff_1_phone_1' id='label_ff_1_phone_1' aria-label=\"Num\u00e9ro de t\u00e9l\u00e9phone\">Num\u00e9ro de t\u00e9l\u00e9phone <\/label><\/div><div class='ff-el-input--content'><input name=\"phone_1\" class=\"ff-el-form-control ff-el-phone ff_el_with_extended_validation\" type=\"tel\" data-name=\"phone_1\" id=\"ff_1_phone_1\" inputmode=\"tel\"  aria-invalid='false' aria-required=true><\/div><\/div><div class='ff-el-group'><div class=\"ff-el-input--label ff-el-is-required asterisk-right\"><label for='ff_1_email' id='label_ff_1_email' aria-label=\"Adresse Email\">Adresse Email <\/label><\/div><div class='ff-el-input--content'><input type=\"email\" name=\"email\" id=\"ff_1_email\" class=\"ff-el-form-control\" data-name=\"email\"  aria-invalid=\"false\" aria-required=true><\/div><\/div><div class='ff-el-group'><div class=\"ff-el-input--label ff-el-is-required asterisk-right\"><label for='ff_1_subject' id='label_ff_1_subject' aria-label=\"Sujet de votre demande\">Sujet de votre demande<\/label><\/div><div class='ff-el-input--content'><input type=\"text\" name=\"subject\" class=\"ff-el-form-control\" data-name=\"subject\" id=\"ff_1_subject\"  aria-invalid=\"false\" aria-required=true><\/div><\/div><div class='ff-el-group'><div class=\"ff-el-input--label asterisk-right\"><label for='ff_1_file-upload_1' id='label_ff_1_file-upload_1' aria-label=\"Pi\u00e8ce jointe\">Pi\u00e8ce jointe<\/label><\/div><div class='ff-el-input--content'><label for='ff_1_file-upload_1' class='ff_file_upload_holder'><span class='ff_upload_btn ff-btn' tabindex='0'>Select. fichiers<\/span> <input type=\"file\" name=\"file-upload\" id=\"ff_1_file-upload_1\" class=\"ff-el-form-control  ff-screen-reader-element\" data-name=\"file-upload\" multiple=\"1\"  aria-invalid='false' aria-required=false><\/label><\/div><\/div><div class='ff-el-group'><div class=\"ff-el-input--label ff-el-is-required asterisk-right\"><label for='ff_1_message' id='label_ff_1_message' aria-label=\"Votre message\">Votre message<\/label><\/div><div class='ff-el-input--content'><textarea aria-required=\"true\" aria-labelledby=\"label_ff_1_message\" name=\"message\" id=\"ff_1_message\" class=\"ff-el-form-control\" rows=\"4\" cols=\"2\" data-name=\"message\" ><\/textarea><\/div><\/div><div class='ff-el-group ff-text-left ff_submit_btn_wrapper'><button type=\"submit\" class=\"ff-btn ff-btn-submit ff-btn-md ff_btn_style wpf_has_custom_css\"  aria-label=\"Envoyer ma demande\">Envoyer ma demande<\/button><\/div><\/fieldset><\/form><div id='fluentform_1_errors' class='ff-errors-in-stack ff_form_instance_1_1 ff-form-loading_errors ff_form_instance_1_1_errors'><\/div><\/div>            <script data-jetpack-boost=\"ignore\" data-jetpack-boost=\"ignore\" type=\"text\/javascript\">\n                window.fluent_form_ff_form_instance_1_1 = {\"id\":\"1\",\"settings\":{\"layout\":{\"labelPlacement\":\"top\",\"helpMessagePlacement\":\"with_label\",\"errorMessagePlacement\":\"inline\",\"cssClassName\":\"\",\"asteriskPlacement\":\"asterisk-right\"},\"restrictions\":{\"denyEmptySubmission\":{\"enabled\":false}}},\"form_instance\":\"ff_form_instance_1_1\",\"form_id_selector\":\"fluentform_1\",\"rules\":{\"names[first_name]\":{\"required\":{\"value\":true,\"message\":\"Ce champs est vide.\",\"global\":false,\"global_message\":\"Ce champ est obligatoire\"}},\"names[middle_name]\":{\"required\":{\"value\":false,\"message\":\"This field is required\",\"global\":false,\"global_message\":\"Ce champ est obligatoire\"}},\"names[last_name]\":{\"required\":{\"value\":true,\"message\":\"Ce champs est vide.\",\"global\":false,\"global_message\":\"Ce champ est obligatoire\"}},\"phone_1\":{\"required\":{\"value\":true,\"global\":true,\"message\":\"Ce champ est obligatoire\",\"global_message\":\"Ce champ est obligatoire\"},\"valid_phone_number\":{\"value\":true,\"global\":true,\"message\":\"Le num\\u00e9ro de t\\u00e9l\\u00e9phone est invalide\",\"global_message\":\"Le num\\u00e9ro de t\\u00e9l\\u00e9phone est invalide\"}},\"email\":{\"required\":{\"value\":true,\"message\":\"Ce champs est vide.\",\"global\":false,\"global_message\":\"Ce champ est obligatoire\"},\"email\":{\"value\":true,\"message\":\"Ce champs doit contenir un email valide.\",\"global\":false,\"global_message\":\"Ce champ doit contenir un e-mail valide\"}},\"subject\":{\"required\":{\"value\":true,\"message\":\"Ce champs est vide.\",\"global\":false,\"global_message\":\"Ce champ est obligatoire\"}},\"file-upload\":{\"required\":{\"value\":false,\"message\":\"Ce champ est obligatoire\",\"global_message\":\"Ce champ est obligatoire\",\"global\":true},\"max_file_size\":{\"value\":1048576,\"_valueFrom\":\"MB\",\"message\":\"\\u00c9chec de la validation de la taille maximale de fichier\",\"global_message\":\"\\u00c9chec de la validation de la taille maximale de fichier\",\"global\":true},\"max_file_count\":{\"value\":\"10\",\"message\":\"\\u00c9chec de la validation du nombre maximal de fichiers\",\"global_message\":\"\\u00c9chec de la validation du nombre maximal de fichiers\",\"global\":true},\"allowed_file_types\":{\"value\":[\"jpg|jpeg|gif|png|bmp\"],\"message\":\"Type de fichier invalide\",\"global_message\":\"Les types d\\u2019images autoris\\u00e9s ne correspondent pas\",\"global\":true}},\"message\":{\"required\":{\"value\":true,\"message\":\"Ce champs est vide.\",\"global\":false,\"global_message\":\"Ce champ est obligatoire\"}}},\"debounce_time\":300};\n                            <\/script>\n                        <\/div>\n\n            \t\t\t\t<\/div>\n\t\t\t\t<\/div>\n\t\t\t\t<\/div>\n\t\t\t\t<\/div>\n\t\t\t\t<\/div>\n\t\t\t\t<\/div>\n\t\t<div class=\"elementor-element elementor-element-e609819 e-con-full e-flex e-con e-child\" data-id=\"e609819\" data-element_type=\"container\" data-e-type=\"container\">\n\t\t<div class=\"elementor-element elementor-element-5266e63 e-con-full e-flex e-con e-child\" data-id=\"5266e63\" data-element_type=\"container\" data-e-type=\"container\">\n\t\t<div class=\"elementor-element elementor-element-6710667 e-con-full e-flex e-con e-child\" data-id=\"6710667\" data-element_type=\"container\" data-e-type=\"container\">\n\t\t<div class=\"elementor-element elementor-element-0ae6707 e-con-full e-flex e-con e-child\" data-id=\"0ae6707\" data-element_type=\"container\" data-e-type=\"container\">\n\t\t\t\t<div class=\"elementor-element elementor-element-63369e1 wd-width-100 elementor-widget elementor-widget-wd_title\" data-id=\"63369e1\" data-element_type=\"widget\" data-e-type=\"widget\" data-widget_type=\"wd_title.default\">\n\t\t\t\t<div class=\"elementor-widget-container\">\n\t\t\t\t\t\t\t<div class=\"title-wrapper wd-set-mb reset-last-child wd-title-color-default wd-title-style-default wd-title-size-small text-center\">\n\n\t\t\t\n\t\t\t<div class=\"liner-continer\">\n\t\t\t\t<h2 class=\"woodmart-title-container title wd-fontsize-m\">QUESTIONS FR\u00c9QUEMMENT POS\u00c9ES<\/h2> \n\t\t\t\t\t\t\t<\/div>\n\n\t\t\t\t\t<\/div>\n\t\t\t\t\t\t<\/div>\n\t\t\t\t<\/div>\n\t\t\t\t<\/div>\n\t\t<div class=\"elementor-element elementor-element-bf7479a e-con-full e-flex e-con e-child\" data-id=\"bf7479a\" data-element_type=\"container\" data-e-type=\"container\">\n\t\t\t\t<div class=\"elementor-element elementor-element-b9f974c elementor-widget elementor-widget-wd_toggle\" data-id=\"b9f974c\" data-element_type=\"widget\" data-e-type=\"widget\" data-widget_type=\"wd_toggle.default\">\n\t\t\t\t<div class=\"elementor-widget-container\">\n\t\t\t\t\t\t\t<div class=\"wd-el-toggle wd-state-opened-lg wd-state-closed-md-sm wd-state-closed-sm wd-active-lg wd-icon-rotate\">\n\t\t\t<div class=\"wd-el-toggle-head wd-role-btn\" tabindex=\"0\">\n\t\t\t\t<div class=\"wd-el-toggle-title title\">\n\t\t\t\t\tQuand vais-je recevoir ma commande ?\t\t\t\t<\/div>\n\t\t\t\t<div class=\"wd-el-toggle-icon\"><\/div>\n\t\t\t<\/div>\n\t\t\t<div class=\"wd-el-toggle-content\">\n\t\t\t\t<div class=\"wd-el-toggle-content-inner\">\n\t\t\t\t\t<div class=\"elementor-element elementor-element-b092fd6 e-con-full e-flex e-con e-child\" data-id=\"b092fd6\" data-element_type=\"container\" data-e-type=\"container\">\n\t\t\t\t<div class=\"elementor-element elementor-element-9e55d32 elementor-widget elementor-widget-wd_text_block\" data-id=\"9e55d32\" data-element_type=\"widget\" data-e-type=\"widget\" data-widget_type=\"wd_text_block.default\">\n\t\t\t\t<div class=\"elementor-widget-container\">\n\t\t\t\t\t\t\t<div class=\"wd-text-block reset-last-child text-left\">\n\t\t\t\n\t\t\t<p>Les commandes sont exp\u00e9di\u00e9es\u00a0 depuis l\u2019UE sous 24-48h (jours ouvrables).<\/p><p>Le d\u00e9lai de livraison de 5 \u00e0 15 jours ouvrables.\u00a0<\/p><p>Il peut y avoir de retard durant les p\u00e9riodes vacances, nous vous remercions de votre compr\u00e9hension.<\/p>\n\t\t\t\t\t<\/div>\n\t\t\t\t\t\t<\/div>\n\t\t\t\t<\/div>\n\t\t\t\t<\/div>\n\t\t\t\t\t\t<\/div>\n\t\t\t<\/div>\n\t\t<\/div>\n\t\t\t\t\t\t<\/div>\n\t\t\t\t<\/div>\n\t\t\t\t<div class=\"elementor-element elementor-element-ef476f8 elementor-widget elementor-widget-wd_toggle\" data-id=\"ef476f8\" data-element_type=\"widget\" data-e-type=\"widget\" data-widget_type=\"wd_toggle.default\">\n\t\t\t\t<div class=\"elementor-widget-container\">\n\t\t\t\t\t\t\t<div class=\"wd-el-toggle wd-state-closed-lg wd-state-closed-md-sm wd-state-closed-sm wd-icon-rotate\">\n\t\t\t<div class=\"wd-el-toggle-head wd-role-btn\" tabindex=\"0\">\n\t\t\t\t<div class=\"wd-el-toggle-title title\">\n\t\t\t\t\tPuis-je modifier\/annuler la commande ?\t\t\t\t<\/div>\n\t\t\t\t<div class=\"wd-el-toggle-icon\"><\/div>\n\t\t\t<\/div>\n\t\t\t<div class=\"wd-el-toggle-content\">\n\t\t\t\t<div class=\"wd-el-toggle-content-inner\">\n\t\t\t\t\t<div class=\"elementor-element elementor-element-31e3a68 e-con-full e-flex e-con e-child\" data-id=\"31e3a68\" data-element_type=\"container\" data-e-type=\"container\">\n\t\t\t\t<div class=\"elementor-element elementor-element-0c5831a elementor-widget elementor-widget-wd_text_block\" data-id=\"0c5831a\" data-element_type=\"widget\" data-e-type=\"widget\" data-widget_type=\"wd_text_block.default\">\n\t\t\t\t<div class=\"elementor-widget-container\">\n\t\t\t\t\t\t\t<div class=\"wd-text-block reset-last-child text-left\">\n\t\t\t\n\t\t\t<p>Nous pouvons modifier la commande avant l\u2019exp\u00e9dition. Veuillez donc nous contacter le plus rapidement possible si quelque chose ne va pas.<\/p>\n\t\t\t\t\t<\/div>\n\t\t\t\t\t\t<\/div>\n\t\t\t\t<\/div>\n\t\t\t\t<\/div>\n\t\t\t\t\t\t<\/div>\n\t\t\t<\/div>\n\t\t<\/div>\n\t\t\t\t\t\t<\/div>\n\t\t\t\t<\/div>\n\t\t\t\t<div class=\"elementor-element elementor-element-302d441 elementor-widget elementor-widget-wd_toggle\" data-id=\"302d441\" data-element_type=\"widget\" data-e-type=\"widget\" data-widget_type=\"wd_toggle.default\">\n\t\t\t\t<div class=\"elementor-widget-container\">\n\t\t\t\t\t\t\t<div class=\"wd-el-toggle wd-state-closed-lg wd-state-closed-md-sm wd-state-closed-sm wd-icon-rotate\">\n\t\t\t<div class=\"wd-el-toggle-head wd-role-btn\" tabindex=\"0\">\n\t\t\t\t<div class=\"wd-el-toggle-title title\">\n\t\t\t\t\tQue dois-je faire si j'ai re\u00e7u le mauvais article ?\t\t\t\t<\/div>\n\t\t\t\t<div class=\"wd-el-toggle-icon\"><\/div>\n\t\t\t<\/div>\n\t\t\t<div class=\"wd-el-toggle-content\">\n\t\t\t\t<div class=\"wd-el-toggle-content-inner\">\n\t\t\t\t\t<div class=\"elementor-element elementor-element-b8dcbb0 e-con-full e-flex e-con e-child\" data-id=\"b8dcbb0\" data-element_type=\"container\" data-e-type=\"container\">\n\t\t\t\t<div class=\"elementor-element elementor-element-b8d6e06 elementor-widget elementor-widget-wd_text_block\" data-id=\"b8d6e06\" data-element_type=\"widget\" data-e-type=\"widget\" data-widget_type=\"wd_text_block.default\">\n\t\t\t\t<div class=\"elementor-widget-container\">\n\t\t\t\t\t\t\t<div class=\"wd-text-block reset-last-child text-left\">\n\t\t\t\n\t\t\t<p data-start=\"1021\" data-end=\"1370\">Veuillez prendre des photos claires de TOUS les autocollants sur l\u2019emballage ext\u00e9rieur, nous ferons de notre mieux pour r\u00e9soudre le probl\u00e8me.<\/p>\n\t\t\t\t\t<\/div>\n\t\t\t\t\t\t<\/div>\n\t\t\t\t<\/div>\n\t\t\t\t<\/div>\n\t\t\t\t\t\t<\/div>\n\t\t\t<\/div>\n\t\t<\/div>\n\t\t\t\t\t\t<\/div>\n\t\t\t\t<\/div>\n\t\t\t\t<div class=\"elementor-element elementor-element-355c1c6 elementor-widget elementor-widget-wd_toggle\" data-id=\"355c1c6\" data-element_type=\"widget\" data-e-type=\"widget\" data-widget_type=\"wd_toggle.default\">\n\t\t\t\t<div class=\"elementor-widget-container\">\n\t\t\t\t\t\t\t<div class=\"wd-el-toggle wd-state-closed-lg wd-state-closed-md-sm wd-state-closed-sm wd-icon-rotate\">\n\t\t\t<div class=\"wd-el-toggle-head wd-role-btn\" tabindex=\"0\">\n\t\t\t\t<div class=\"wd-el-toggle-title title\">\n\t\t\t\t\tMa commande est incompl\u00e8te, que dois-je faire  ?\t\t\t\t<\/div>\n\t\t\t\t<div class=\"wd-el-toggle-icon\"><\/div>\n\t\t\t<\/div>\n\t\t\t<div class=\"wd-el-toggle-content\">\n\t\t\t\t<div class=\"wd-el-toggle-content-inner\">\n\t\t\t\t\t<div class=\"elementor-element elementor-element-716655f e-con-full e-flex e-con e-child\" data-id=\"716655f\" data-element_type=\"container\" data-e-type=\"container\">\n\t\t\t\t<div class=\"elementor-element elementor-element-9846edb elementor-widget elementor-widget-wd_text_block\" data-id=\"9846edb\" data-element_type=\"widget\" data-e-type=\"widget\" data-widget_type=\"wd_text_block.default\">\n\t\t\t\t<div class=\"elementor-widget-container\">\n\t\t\t\t\t\t\t<div class=\"wd-text-block reset-last-child text-left\">\n\t\t\t\n\t\t\t<div class=\"elementor-accordion-item\"><div id=\"elementor-tab-content-1054\" class=\"elementor-tab-content elementor-clearfix elementor-active\" role=\"region\" data-tab=\"4\" aria-labelledby=\"elementor-tab-title-1054\"><p>Nous pouvons emballer plus d\u2019un colis, si vous ne recevez qu\u2019une partie de votre commande, veuillez attendre le reste ou nous contacter pour obtenir d\u2019autres num\u00e9ros de suivi. Nous vous remercions de votre attention.<\/p><\/div><\/div>\n\t\t\t\t\t<\/div>\n\t\t\t\t\t\t<\/div>\n\t\t\t\t<\/div>\n\t\t\t\t<\/div>\n\t\t\t\t\t\t<\/div>\n\t\t\t<\/div>\n\t\t<\/div>\n\t\t\t\t\t\t<\/div>\n\t\t\t\t<\/div>\n\t\t\t\t<div class=\"elementor-element elementor-element-2b0e458 elementor-widget elementor-widget-wd_toggle\" data-id=\"2b0e458\" data-element_type=\"widget\" data-e-type=\"widget\" data-widget_type=\"wd_toggle.default\">\n\t\t\t\t<div class=\"elementor-widget-container\">\n\t\t\t\t\t\t\t<div class=\"wd-el-toggle wd-state-closed-lg wd-state-closed-md-sm wd-state-closed-sm wd-icon-rotate\">\n\t\t\t<div class=\"wd-el-toggle-head wd-role-btn\" tabindex=\"0\">\n\t\t\t\t<div class=\"wd-el-toggle-title title\">\n\t\t\t\t\tFournissez-vous une garantie?\t\t\t\t<\/div>\n\t\t\t\t<div class=\"wd-el-toggle-icon\"><\/div>\n\t\t\t<\/div>\n\t\t\t<div class=\"wd-el-toggle-content\">\n\t\t\t\t<div class=\"wd-el-toggle-content-inner\">\n\t\t\t\t\t<div class=\"elementor-element elementor-element-cd1f52f e-con-full e-flex e-con e-child\" data-id=\"cd1f52f\" data-element_type=\"container\" data-e-type=\"container\">\n\t\t\t\t<div class=\"elementor-element elementor-element-867174c elementor-widget elementor-widget-wd_text_block\" data-id=\"867174c\" data-element_type=\"widget\" data-e-type=\"widget\" data-widget_type=\"wd_text_block.default\">\n\t\t\t\t<div class=\"elementor-widget-container\">\n\t\t\t\t\t\t\t<div class=\"wd-text-block reset-last-child text-left\">\n\t\t\t\n\t\t\t<p data-start=\"1767\" data-end=\"2069\">Les fabricants offrent une garantie de 5 ans pour les \u00e9clairages horticoles LED.<\/p><p data-start=\"1767\" data-end=\"2069\">Pour plus de d\u00e9tails, consultez la page Garantie.<\/p>\n\t\t\t\t\t<\/div>\n\t\t\t\t\t\t<\/div>\n\t\t\t\t<\/div>\n\t\t\t\t<\/div>\n\t\t\t\t\t\t<\/div>\n\t\t\t<\/div>\n\t\t<\/div>\n\t\t\t\t\t\t<\/div>\n\t\t\t\t<\/div>\n\t\t\t\t<\/div>\n\t\t<div class=\"elementor-element elementor-element-0742e90 e-con-full e-flex e-con e-child\" data-id=\"0742e90\" data-element_type=\"container\" data-e-type=\"container\">\n\t\t\t\t<div class=\"elementor-element elementor-element-134c76f color-scheme-inherit text-left elementor-widget elementor-widget-text-editor\" data-id=\"134c76f\" data-element_type=\"widget\" data-e-type=\"widget\" data-widget_type=\"text-editor.default\">\n\t\t\t\t\t\t\t\t\t<p>N&rsquo;h\u00e9sitez pas \u00e0 remplir le formulaire si avez besoin d&rsquo;aide ou contactez nous directement par e-mail \u00e0 <span style=\"text-decoration: underline;\"><strong>contact@chill-road.com<\/strong><\/span><\/p><p>Nous vous r\u00e9pondrons dans les plus brefs d\u00e9lais.<\/p>\t\t\t\t\t\t\t\t<\/div>\n\t\t\t\t<\/div>\n\t\t\t\t<\/div>\n\t\t\t\t<\/div>\n\t\t\t\t<\/div>\n\t\t\t\t\t<\/div>\n\t\t\t\t<\/div>\n\t\t\t\t<\/div>\n\t\t","protected":false},"excerpt":{"rendered":"<p>CONTACTEZ-NOUS POUR TOUTE QUESTION Contact Form &#8211; CONTACTEZ-NOUS &#916; Pr\u00e9nomNomNum\u00e9ro de t\u00e9l\u00e9phone Adresse Email Sujet de votre demandePi\u00e8ce jointeSelect. fichiers<\/p>\n","protected":false},"author":268266192,"featured_media":0,"parent":0,"menu_order":0,"comment_status":"closed","ping_status":"closed","template":"","meta":{"footnotes":""},"class_list":["post-6838","page","type-page","status-publish","hentry"],"jetpack_sharing_enabled":true,"_links":{"self":[{"href":"https:\/\/chill-road.com\/fr\/wp-json\/wp\/v2\/pages\/6838","targetHints":{"allow":["GET"]}}],"collection":[{"href":"https:\/\/chill-road.com\/fr\/wp-json\/wp\/v2\/pages"}],"about":[{"href":"https:\/\/chill-road.com\/fr\/wp-json\/wp\/v2\/types\/page"}],"author":[{"embeddable":true,"href":"https:\/\/chill-road.com\/fr\/wp-json\/wp\/v2\/users\/268266192"}],"replies":[{"embeddable":true,"href":"https:\/\/chill-road.com\/fr\/wp-json\/wp\/v2\/comments?post=6838"}],"version-history":[{"count":0,"href":"https:\/\/chill-road.com\/fr\/wp-json\/wp\/v2\/pages\/6838\/revisions"}],"wp:attachment":[{"href":"https:\/\/chill-road.com\/fr\/wp-json\/wp\/v2\/media?parent=6838"}],"curies":[{"name":"wp","href":"https:\/\/api.w.org\/{rel}","templated":true}]}}