{"id":101,"date":"2025-09-21T01:59:11","date_gmt":"2025-09-20T23:59:11","guid":{"rendered":"https:\/\/chill-road.com\/produit\/kit-controller43-mars-hydro\/"},"modified":"2026-04-08T12:06:08","modified_gmt":"2026-04-08T10:06:08","slug":"icontrol-mars-hydro-controleur-intelligent-par-application-wifi-pour-les-lumieres-la-temperature-lhumidite-et-le-vpd","status":"publish","type":"product","link":"https:\/\/chill-road.com\/fr\/produit\/icontrol-mars-hydro-controleur-intelligent-par-application-wifi-pour-les-lumieres-la-temperature-lhumidite-et-le-vpd\/","title":{"rendered":"iControl &#8211; Mars Hydro &#8211; Contr\u00f4leur Intelligent par application WiFi pour les lumi\u00e8res, la temp\u00e9rature, l&rsquo;humidit\u00e9 et le VPD"},"content":{"rendered":"<p><span style=\"color: #00a65a;\"><strong>Guide d&rsquo;utilisation des produits intelligents \u2013 Pr\u00e9sentation des fonctionnalit\u00e9s<\/strong><\/span><\/p>\n<p><strong><span style=\"color: #ff6600;\">\u2666<\/span> Contr\u00f4le des Lampe de culture LED<\/strong><\/p>\n<ul>\n<li><strong>Compatible avec les lumi\u00e8res dimmables Mars Hydro :<\/strong> S\u00e9rie FC, S\u00e9rie FC-E, S\u00e9rie TS (sauf TS600), SP3000, SP3000R, et ADlite100. Peut \u00eatre connect\u00e9 au Contr\u00f4leur iControl ou iHub Pro pour un contr\u00f4le intelligent. Connexion par c\u00e2ble RJ12 requise.<\/li>\n<li><strong>Mode manuel<\/strong><br \/>\nAllumez\/\u00e9teignez la lumi\u00e8re directement depuis l&rsquo;application.<br \/>\nR\u00e9glez la luminosit\u00e9 manuellement.<\/li>\n<li><strong>Mode minuterie<\/strong><br \/>\nChoisissez le type de contr\u00f4le : Rapport de gradation ou PPFD.<\/li>\n<li><strong>Rapport de gradation :<\/strong><br \/>\nCliquez Sc\u00e8ne de course pour d\u00e9finir les heures de travail et les niveaux de luminosit\u00e9.<br \/>\nJusqu&rsquo;\u00e0 5 \u00e9tapes diff\u00e9rentes peut \u00eatre programm\u00e9.<\/li>\n<li><strong>Mode PPFD :<\/strong><br \/>\nN\u00e9cessite un Capteur PPFD.<br \/>\nApr\u00e8s avoir s\u00e9lectionn\u00e9 PPFD, cliquez sur Sc\u00e8ne de course pour d\u00e9finir les heures de travail et la valeur PPFD cible.<br \/>\nLa lumi\u00e8re ajustera automatiquement la luminosit\u00e9 pour maintenir le PPFD cible.<br \/>\nJusqu&rsquo;\u00e0 5 \u00e9tapes diff\u00e9rentes peut \u00eatre programm\u00e9.<\/li>\n<li><strong>Mode lever\/coucher du soleil<\/strong><br \/>\nD\u00e9finissez la dur\u00e9e du lever et du coucher du soleil.<br \/>\nLa lumi\u00e8re s&rsquo;\u00e9claircira progressivement \u00e0 partir de 10 % jusqu&rsquo;\u00e0 la luminosit\u00e9 maximale avant l&rsquo;heure de d\u00e9but, et s&rsquo;att\u00e9nue progressivement apr\u00e8s l&rsquo;heure de fin jusqu&rsquo;\u00e0 ce qu&rsquo;il soit compl\u00e8tement \u00e9teint.<\/li>\n<\/ul>\n<p><strong><span style=\"color: #ff6600;\">\u2666<\/span> Contr\u00f4lez le ventilateur en ligne<\/strong><br \/>\nCompatible avec Ventilateur en ligne Mars Hydro iFresh avec RJ12. Peut \u00eatre connect\u00e9 au Contr\u00f4leur iControl ou iHub Pro pour un contr\u00f4le intelligent. Connexion par c\u00e2ble RJ12 requise.<\/p>\n<ul>\n<li><strong>Mode manuel<\/strong><br \/>\nAllumez\/\u00e9teignez le ventilateur via l&rsquo;application.<br \/>\nR\u00e9glez la vitesse du ventilateur manuellement.<\/li>\n<li><strong>Mode minuterie<\/strong><br \/>\nCliquez Sc\u00e8ne de course pour r\u00e9gler les temps de fonctionnement et les vitesses des ventilateurs.<br \/>\nJusqu&rsquo;\u00e0 5 \u00e9tapes diff\u00e9rentes peut \u00eatre programm\u00e9.<\/li>\n<li><strong>Mode cycle<\/strong><br \/>\nConfigurez ce qui suit :<br \/>\nHeure de d\u00e9but<br \/>\n<strong>Dur\u00e9e d&rsquo;ex\u00e9cution:<\/strong> Dur\u00e9e de fonctionnement du ventilateur par cycle.<br \/>\n<strong>Dur\u00e9e de la pause:<\/strong> Temps d&rsquo;arr\u00eat du ventilateur par cycle.<br \/>\n<strong>Nombre de boucles:<\/strong> Nombre de cycles avant minuit.<br \/>\nLe ventilateur suivra le cycle d\u00e9fini de fonctionnement et de pause.<\/li>\n<li><strong>Mode environnemental<\/strong><br \/>\nChoisissez l\u2019une des trois strat\u00e9gies environnementales :<br \/>\n<strong>Temp\u00e9rature et humidit\u00e9 \u2013<\/strong> Fonctionne lorsque l&rsquo;un ou l&rsquo;autre d\u00e9passe la plage d\u00e9finie.<br \/>\n<strong>Priorit\u00e9 de temp\u00e9rature \u2013<\/strong> Si les deux ne peuvent pas \u00eatre maintenus, donnez la priorit\u00e9 au contr\u00f4le de la temp\u00e9rature.<br \/>\n<strong>Priorit\u00e9 \u00e0 l&rsquo;humidit\u00e9 \u2013<\/strong> Si les deux ne peuvent pas \u00eatre maintenus, donnez la priorit\u00e9 au contr\u00f4le de l\u2019humidit\u00e9.<br \/>\nR\u00e9glez la vitesse du ventilateur et l&rsquo;angle d&rsquo;oscillation.<br \/>\nEn fonction des relev\u00e9s du capteur, le ventilateur s&rsquo;ajustera automatiquement pour maintenir l&rsquo;environnement id\u00e9al.<br \/>\nVitesse de veille<br \/>\nUne fois s\u00e9lectionn\u00e9, le ventilateur continuera \u00e0 fonctionner \u00e0 vitesse de veille m\u00eame pendant les temps d&rsquo;arr\u00eat.<br \/>\n<strong>Ventilateur de 4 pouces :<\/strong> 205 CFM<br \/>\n<strong>Ventilateur de 6 pouces :<\/strong> 402 CFM<\/li>\n<\/ul>\n<p><strong><span style=\"color: #ff6600;\">\u2666<\/span> Ventilateur \u00e0 clip de commande<\/strong><br \/>\nCompatible avec Ventilateur \u00e0 clip Mars Hydro avec RJ12. Peut \u00eatre connect\u00e9 au Contr\u00f4leur iControl ou iHub Pro pour un contr\u00f4le intelligent. Connexion par c\u00e2ble RJ12 requise.<\/p>\n<ul>\n<li><strong>Mode manuel<\/strong><br \/>\nAllumez\/\u00e9teignez le ventilateur du clip via l&rsquo;application.<br \/>\nR\u00e9glez manuellement la vitesse du ventilateur et l&rsquo;angle d&rsquo;oscillation.<\/li>\n<li><strong>Mode minuterie<\/strong><br \/>\nCliquez Sc\u00e8ne de course pour d\u00e9finir les temps de fonctionnement, les vitesses et les angles d&rsquo;oscillation.<br \/>\nJusqu&rsquo;\u00e0 5 \u00e9tapes diff\u00e9rentes peut \u00eatre programm\u00e9.<\/li>\n<li><strong>Mode cycle<\/strong><br \/>\nConfigurez ce qui suit :<br \/>\nHeure de d\u00e9but<br \/>\nDur\u00e9e d&rsquo;ex\u00e9cution: Dur\u00e9e de fonctionnement du ventilateur par cycle.<br \/>\nDur\u00e9e de la pause: Temps d&rsquo;arr\u00eat du ventilateur par cycle.<br \/>\nNombre de boucles: Nombre de cycles marche\/arr\u00eat (limit\u00e9 \u00e0 avant 23h59 du m\u00eame jour).<br \/>\nLe ventilateur suivra le cycle d\u00e9fini de fonctionnement et de pause.<\/li>\n<li><strong>Mode environnemental<\/strong><br \/>\nChoisissez l\u2019une des trois strat\u00e9gies environnementales :<br \/>\n<strong>Temp\u00e9rature et humidit\u00e9<\/strong> \u2013 Fonctionne lorsque l&rsquo;un ou l&rsquo;autre d\u00e9passe la plage d\u00e9finie.<br \/>\n<strong>Priorit\u00e9 de temp\u00e9rature<\/strong> \u2013 Si les deux ne peuvent pas \u00eatre maintenus, donnez la priorit\u00e9 au contr\u00f4le de la temp\u00e9rature.<br \/>\n<strong>Priorit\u00e9 \u00e0 l&rsquo;humidit\u00e9<\/strong> \u2013 Si les deux ne peuvent pas \u00eatre maintenus, donnez la priorit\u00e9 au contr\u00f4le de l\u2019humidit\u00e9.<br \/>\n<strong>R\u00e9glez la vitesse du ventilateur et l&rsquo;angle d&rsquo;oscillation.<\/strong><br \/>\nEn fonction des relev\u00e9s du capteur, le ventilateur s&rsquo;ajustera automatiquement pour maintenir l&rsquo;environnement id\u00e9al.<\/li>\n<li><strong>Mode Vent Naturel<\/strong><br \/>\nSimule les r\u00e9gimes de vent naturels.<br \/>\nLe ventilateur fait des cycles 5 niveaux de vitesse, diminuant progressivement du niveau actuel jusqu&rsquo;au niveau 1, puis augmentant \u00e0 nouveau jusqu&rsquo;\u00e0 la vitesse maximale.<\/li>\n<\/ul>\n<p><strong><span style=\"color: #ff6600;\">\u2666<\/span> Humidificateur de contr\u00f4le \/ D\u00e9shumidificateur<\/strong><br \/>\nL&rsquo;humidificateur et le d\u00e9shumidificateur Mars Hydro 6L peuvent \u00eatre connect\u00e9s au Contr\u00f4leur iControl ou iHub Pro via un C\u00e2ble RJ12 pour permettre un contr\u00f4le marche\/arr\u00eat intelligent et un r\u00e9glage des vitesses.<\/p>\n<ul>\n<li><strong>Mode manuel<\/strong><br \/>\nAllumez\/\u00e9teignez l&rsquo;appareil directement depuis l&rsquo;application.<br \/>\nR\u00e9glez manuellement le niveau de vitesse.<\/li>\n<li><strong>Mode minuterie<\/strong><br \/>\nCliquez Sc\u00e8ne de course pour r\u00e9gler les temps de fonctionnement de l&rsquo;appareil.<br \/>\nJusqu&rsquo;\u00e0 5 p\u00e9riodes diff\u00e9rentes peut \u00eatre programm\u00e9.<\/li>\n<li><strong>Mode cycle<\/strong><br \/>\nConfigurez ce qui suit :<br \/>\nHeure de d\u00e9but<br \/>\n<strong>Dur\u00e9e d&rsquo;ex\u00e9cution:<\/strong> Dur\u00e9e d&rsquo;ex\u00e9cution de l&rsquo;appareil par cycle.<br \/>\n<strong>Dur\u00e9e de la pause:<\/strong> Temps d&rsquo;arr\u00eat de l&rsquo;appareil par cycle.<br \/>\n<strong>Nombre de boucles:<\/strong> Nombre de cycles avant minuit.<br \/>\nUne fois r\u00e9gl\u00e9, l&rsquo;appareil s&rsquo;allumera automatiquement \u00e0 l&rsquo;heure de d\u00e9but d\u00e9finie et suivra le cycle de fonctionnement et de pause programm\u00e9.<\/li>\n<li><strong>Mode environnemental<\/strong><br \/>\nApr\u00e8s avoir s\u00e9lectionn\u00e9 la strat\u00e9gie environnementale :<br \/>\nQuand l&rsquo;humidit\u00e9 est plus \u00e9lev\u00e9e que la valeur cible, la d\u00e9shumidificateur commencera automatiquement \u00e0 restaurer les conditions optimales.<br \/>\nQuand l&rsquo;humidit\u00e9 est plus faible que la valeur cible, la humidificateur commencera automatiquement \u00e0 atteindre l&rsquo;environnement id\u00e9al.<\/li>\n<li><strong>Note compl\u00e9mentaire :<\/strong> Vous pouvez \u00e9galement connecter le Humidificateur Mars Hydro 6L, Humidificateur 15L, ou d&rsquo;autres marques d&rsquo;humidificateurs ou de d\u00e9shumidificateurs via la Multiprises iHub Pro. Alors que niveau le r\u00e9glage n&rsquo;est pas pris en charge, les appareils peuvent toujours fonctionner sous Mode manuel, Mode minuterie, Mode cycle, et Mode environnemental.<\/li>\n<\/ul>\n<p><strong><span style=\"color: #ff6600;\">\u2666<\/span> Cadre de sc\u00e8ne<\/strong><br \/>\nLa fonction Scene Setting est disponible \u00e0 la fois sur iControl Controller et iHub Pro. Une fois qu&rsquo;une sc\u00e8ne est cr\u00e9\u00e9e, tous les appareils connect\u00e9s \u00e0 chaque port fonctionneront automatiquement selon la strat\u00e9gie de sc\u00e8ne d\u00e9finie. En d\u00e9finissant diff\u00e9rentes strat\u00e9gies environnementales et cycles temporels pour chaque \u00e9tape de croissance des plantes, vous pouvez obtenir un contr\u00f4le intelligent en un clic \u2014 du semis \u00e0 la r\u00e9colte \u2014 pour une exp\u00e9rience de croissance enti\u00e8rement automatis\u00e9e et sans souci.<\/p>\n<p><strong>Cr\u00e9er et nommer une sc\u00e8ne<\/strong><\/p>\n<ul>\n<li>Cr\u00e9ez une nouvelle sc\u00e8ne et attribuez un nom pour une identification facile entre les diff\u00e9rentes \u00e9tapes de croissance.<\/li>\n<li>D\u00e9finir l&rsquo;heure de la sc\u00e8ne et les param\u00e8tres environnementaux<\/li>\n<li>Choisissez l&rsquo;heure de d\u00e9but de la sc\u00e8ne.<\/li>\n<li>S\u00e9lectionnez le stade de croissance de la plante (stade de plantation).<\/li>\n<li>D\u00e9finir le cycle de l&rsquo;\u00e9tape (Dur\u00e9e de l&rsquo;\u00e9tape).<\/li>\n<\/ul>\n<p><strong><span style=\"color: #ff6600;\">\u2666<\/span> Configurez les param\u00e8tres environnementaux tels que :<\/strong><\/p>\n<ul>\n<li>R\u00e9glage jour\/nuit<\/li>\n<li>Niveaux de temp\u00e9rature \/ humidit\u00e9 \/ CO\u2082<\/li>\n<li>R\u00e9glage de l&rsquo;\u00e9clairage<\/li>\n<\/ul>\n<p><strong>S\u00e9lectionnez un mode de contr\u00f4le de l&rsquo;\u00e9clairage :<\/strong><\/p>\n<ul>\n<li>Rapport de gradation fixe<\/li>\n<li>Strat\u00e9gie de contr\u00f4le PPFD<\/li>\n<\/ul>\n<p><strong>Si vous utilisez Mode de rapport de gradation:<\/strong><\/p>\n<ul>\n<li>Cliquez Sc\u00e8ne de course pour d\u00e9finir les p\u00e9riodes de fonctionnement et les niveaux de luminosit\u00e9.<\/li>\n<\/ul>\n<p>Jusqu&rsquo;\u00e0 5 \u00e9tapes temporelles diff\u00e9rentes peuvent \u00eatre programm\u00e9es.<\/p>\n<p><strong>Si vous utilisez Mode PPFD:<\/strong><\/p>\n<ul>\n<li>D\u00e9finissez les valeurs de luminosit\u00e9 maximale et minimale.<\/li>\n<li>Cliquez Sc\u00e8ne de course pour d\u00e9finir les p\u00e9riodes de fonctionnement et les valeurs PPFD cibles.<\/li>\n<li>La lumi\u00e8re ajustera automatiquement la luminosit\u00e9 pour maintenir le niveau PPFD cible.<\/li>\n<li>Jusqu&rsquo;\u00e0 5 \u00e9tapes PPFD diff\u00e9rentes peuvent \u00eatre programm\u00e9es.<\/li>\n<\/ul>\n<p><strong>Remarque :<\/strong> Si la valeur PPFD cible d\u00e9passe le PPFD maximum r\u00e9alisable de la lampe, la lumi\u00e8re fonctionnera \u00e0 une luminosit\u00e9 maximale.<\/p>\n<p><strong>Mode lever \/ coucher de soleil<\/strong><br \/>\nD\u00e9finissez la dur\u00e9e de transition du lever et du coucher du soleil (par exemple, 30 minutes).<br \/>\nAvant l&rsquo;heure ON, la luminosit\u00e9 augmentera progressivement de 10 % jusqu&rsquo;au maximum pr\u00e9d\u00e9fini.<br \/>\nUne fois le temps OFF commenc\u00e9, la luminosit\u00e9 diminuera progressivement jusqu&rsquo;\u00e0 s&rsquo;\u00e9teindre compl\u00e8tement apr\u00e8s la dur\u00e9e d\u00e9finie.<\/p>\n<p><strong>Fin du rappel<\/strong><br \/>\nD\u00e9finissez un rappel avant la fin de la phase de croissance actuelle pour assurer une transition en temps opportun vers l\u2019\u00e9tape suivante.<\/p>\n","protected":false},"excerpt":{"rendered":"<p><strong><span style=\"color: #ff6600;\">\u2666<\/span>\u00a0Contr\u00f4le environnemental complet mis \u00e0 jour :\u00a0<\/strong>Contrairement \u00e0 la version pr\u00e9c\u00e9dente qui ne prenait en charge que les lampes de culture, le nouveau iControl se connecte aux ventilateurs, humidificateurs, d\u00e9shumidificateurs et autres, permettant une automatisation compl\u00e8te de l\u2019environnement de culture.<\/p>\n<p><strong><span style=\"color: #ff6600;\">\u2666<\/span>\u00a0Strat\u00e9gie intelligente en mati\u00e8re de temp\u00e9rature et d\u2019humidit\u00e9 :\u00a0<\/strong>Ajuste automatiquement les appareils connect\u00e9s en fonction de la temp\u00e9rature, de l\u2019humidit\u00e9 et de la surveillance du DPV en temps r\u00e9el afin de maintenir des conditions de croissance id\u00e9ales.<\/p>\n<p><strong><span style=\"color: #ff6600;\">\u2666<\/span>\u00a0Automatisation de la culture en fonction des stades :<\/strong>\u00a0Personnalisez les param\u00e8tres d\u2019\u00e9clairage et de climat pour chaque stade de la plante. Seedling, veg &amp; flower \u2013 le syst\u00e8me changera automatiquement de mode en fonction de votre calendrier.<\/p>\n<p><strong><span style=\"color: #ff6600;\">\u2666<\/span>\u00a0Prise en charge de l\u2019int\u00e9gration avanc\u00e9e des capteurs :<\/strong>\u00a0Compatible avec les capteurs PPFD, d\u2019humidit\u00e9 du sol et de CO\u2082 en option (vendus s\u00e9par\u00e9ment) pour une automatisation pr\u00e9cise, bas\u00e9e sur des donn\u00e9es et une meilleure sant\u00e9 des plantes.<\/p>\n<p><strong><span style=\"color: #ff6600;\">\u2666<\/span>\u00a0Contr\u00f4le par application, journaux et alertes intelligentes :\u00a0<\/strong>Surveillez et contr\u00f4lez \u00e0 distance avec l\u2019application iControl. Obtenez des journaux de donn\u00e9es en temps r\u00e9el et des alertes instantan\u00e9es en cas de d\u00e9connexion ou de conditions extr\u00eames.<\/p>\n<p><strong>Le paquet comprend :<\/strong><\/p>\n<p>1 x contr\u00f4leur iControl<br \/>\n1 x capteur de temp\u00e9rature\/humidit\u00e9<br \/>\n1 x alimentation<br \/>\n4 x s\u00e9parateurs en forme de T RJ12<br \/>\n3 x cordons RJ12 de 0,25 m (0,82 pi)<br \/>\n5 x cordons RJ12 de 2,5 m (8,2 pieds)<br \/>\n2 x kits de suspension<\/p>\n<p><strong>Remarque<\/strong> : Il s&rsquo;agit du <strong>dernier mod\u00e8le iControl avec des fonctionnalit\u00e9s am\u00e9lior\u00e9es<\/strong> et une nouvelle conception du syst\u00e8me. Il n&rsquo;est pas compatible avec les contr\u00f4leurs Controller43 pr\u00e9c\u00e9dents ou les anciennes multiprises Mars Hydro iHub-4ac. Pour profiter des nouvelles fonctions de contr\u00f4le environnemental, un nouveau contr\u00f4leur et des appareils compatibles sont n\u00e9cessaires.<\/p>\n","protected":false},"featured_media":16213,"comment_status":"open","ping_status":"closed","template":"","meta":[],"product_brand":[43],"product_cat":[160,363],"product_tag":[],"class_list":{"0":"post-101","1":"product","2":"type-product","3":"status-publish","4":"has-post-thumbnail","6":"product_brand-mars-hydro","7":"product_cat-controleurs-intelligents","8":"product_cat-controleurs-mars-hydro","9":"cr-has-rrp","11":"first","12":"instock","13":"sale","14":"taxable","15":"shipping-taxable","16":"purchasable","17":"product-type-simple"},"jetpack_sharing_enabled":true,"_links":{"self":[{"href":"https:\/\/chill-road.com\/fr\/wp-json\/wp\/v2\/product\/101","targetHints":{"allow":["GET"]}}],"collection":[{"href":"https:\/\/chill-road.com\/fr\/wp-json\/wp\/v2\/product"}],"about":[{"href":"https:\/\/chill-road.com\/fr\/wp-json\/wp\/v2\/types\/product"}],"replies":[{"embeddable":true,"href":"https:\/\/chill-road.com\/fr\/wp-json\/wp\/v2\/comments?post=101"}],"version-history":[{"count":3,"href":"https:\/\/chill-road.com\/fr\/wp-json\/wp\/v2\/product\/101\/revisions"}],"predecessor-version":[{"id":20528,"href":"https:\/\/chill-road.com\/fr\/wp-json\/wp\/v2\/product\/101\/revisions\/20528"}],"wp:featuredmedia":[{"embeddable":true,"href":"https:\/\/chill-road.com\/fr\/wp-json\/wp\/v2\/media\/16213"}],"wp:attachment":[{"href":"https:\/\/chill-road.com\/fr\/wp-json\/wp\/v2\/media?parent=101"}],"wp:term":[{"taxonomy":"product_brand","embeddable":true,"href":"https:\/\/chill-road.com\/fr\/wp-json\/wp\/v2\/product_brand?post=101"},{"taxonomy":"product_cat","embeddable":true,"href":"https:\/\/chill-road.com\/fr\/wp-json\/wp\/v2\/product_cat?post=101"},{"taxonomy":"product_tag","embeddable":true,"href":"https:\/\/chill-road.com\/fr\/wp-json\/wp\/v2\/product_tag?post=101"}],"curies":[{"name":"wp","href":"https:\/\/api.w.org\/{rel}","templated":true}]}}