{"id":20193,"date":"2026-04-03T22:50:17","date_gmt":"2026-04-03T20:50:17","guid":{"rendered":"https:\/\/chill-road.com\/?post_type=product&#038;p=20193"},"modified":"2026-05-15T11:05:19","modified_gmt":"2026-05-15T09:05:19","slug":"pack-de-2-plateaux-de-drainage-mars-hydro-pour-tentes-de-culture-serres-plantes-de-jardin","status":"publish","type":"product","link":"https:\/\/chill-road.com\/fr\/produit\/pack-de-2-plateaux-de-drainage-mars-hydro-pour-tentes-de-culture-serres-plantes-de-jardin\/","title":{"rendered":"Pack de 2 Plateaux de drainage Mars Hydro &#8211; Pour tentes de culture, serres, plantes de jardin"},"content":{"rendered":"<p><img data-recalc-dims=\"1\" loading=\"lazy\" decoding=\"async\" data-attachment-id=\"20533\" data-permalink=\"https:\/\/chill-road.com\/fr\/?attachment_id=20533\" data-orig-file=\"https:\/\/i0.wp.com\/chill-road.com\/wp-content\/uploads\/2026\/04\/MH-Drainage-2PC-A.jpg?fit=1464%2C600&amp;quality=89&amp;ssl=1\" data-orig-size=\"1464,600\" data-comments-opened=\"1\" data-image-meta=\"{&quot;aperture&quot;:&quot;0&quot;,&quot;credit&quot;:&quot;&quot;,&quot;camera&quot;:&quot;&quot;,&quot;caption&quot;:&quot;&quot;,&quot;created_timestamp&quot;:&quot;0&quot;,&quot;copyright&quot;:&quot;&quot;,&quot;focal_length&quot;:&quot;0&quot;,&quot;iso&quot;:&quot;0&quot;,&quot;shutter_speed&quot;:&quot;0&quot;,&quot;title&quot;:&quot;&quot;,&quot;orientation&quot;:&quot;0&quot;}\" data-image-title=\"MH-Drainage-2PC-A\" data-image-description=\"\" data-image-caption=\"\" data-large-file=\"https:\/\/i0.wp.com\/chill-road.com\/wp-content\/uploads\/2026\/04\/MH-Drainage-2PC-A.jpg?fit=1024%2C420&amp;quality=89&amp;ssl=1\" class=\"alignnone size-full wp-image-20533\" src=\"https:\/\/i0.wp.com\/chill-road.com\/wp-content\/uploads\/2026\/04\/MH-Drainage-2PC-A.jpg?resize=1464%2C600&#038;quality=89&#038;ssl=1\" alt=\"\" width=\"1464\" height=\"600\" srcset=\"https:\/\/i0.wp.com\/chill-road.com\/wp-content\/uploads\/2026\/04\/MH-Drainage-2PC-A.jpg?w=1464&amp;quality=89&amp;ssl=1 1464w, https:\/\/i0.wp.com\/chill-road.com\/wp-content\/uploads\/2026\/04\/MH-Drainage-2PC-A.jpg?resize=300%2C123&amp;quality=89&amp;ssl=1 300w, https:\/\/i0.wp.com\/chill-road.com\/wp-content\/uploads\/2026\/04\/MH-Drainage-2PC-A.jpg?resize=1024%2C420&amp;quality=89&amp;ssl=1 1024w, https:\/\/i0.wp.com\/chill-road.com\/wp-content\/uploads\/2026\/04\/MH-Drainage-2PC-A.jpg?resize=768%2C315&amp;quality=89&amp;ssl=1 768w, https:\/\/i0.wp.com\/chill-road.com\/wp-content\/uploads\/2026\/04\/MH-Drainage-2PC-A.jpg?resize=18%2C7&amp;quality=89&amp;ssl=1 18w, https:\/\/i0.wp.com\/chill-road.com\/wp-content\/uploads\/2026\/04\/MH-Drainage-2PC-A.jpg?resize=900%2C369&amp;quality=89&amp;ssl=1 900w, https:\/\/i0.wp.com\/chill-road.com\/wp-content\/uploads\/2026\/04\/MH-Drainage-2PC-A.jpg?resize=150%2C61&amp;quality=89&amp;ssl=1 150w\" sizes=\"auto, (max-width: 1000px) 100vw, 1000px\" \/> <img data-recalc-dims=\"1\" loading=\"lazy\" decoding=\"async\" data-attachment-id=\"20534\" data-permalink=\"https:\/\/chill-road.com\/fr\/?attachment_id=20534\" data-orig-file=\"https:\/\/i0.wp.com\/chill-road.com\/wp-content\/uploads\/2026\/04\/MH-Drainage-2PC-B.jpg?fit=1464%2C600&amp;quality=89&amp;ssl=1\" data-orig-size=\"1464,600\" data-comments-opened=\"1\" data-image-meta=\"{&quot;aperture&quot;:&quot;0&quot;,&quot;credit&quot;:&quot;&quot;,&quot;camera&quot;:&quot;&quot;,&quot;caption&quot;:&quot;&quot;,&quot;created_timestamp&quot;:&quot;0&quot;,&quot;copyright&quot;:&quot;&quot;,&quot;focal_length&quot;:&quot;0&quot;,&quot;iso&quot;:&quot;0&quot;,&quot;shutter_speed&quot;:&quot;0&quot;,&quot;title&quot;:&quot;&quot;,&quot;orientation&quot;:&quot;0&quot;}\" data-image-title=\"MH-Drainage-2PC-B\" data-image-description=\"\" data-image-caption=\"\" data-large-file=\"https:\/\/i0.wp.com\/chill-road.com\/wp-content\/uploads\/2026\/04\/MH-Drainage-2PC-B.jpg?fit=1024%2C420&amp;quality=89&amp;ssl=1\" class=\"alignnone size-full wp-image-20534\" src=\"https:\/\/i0.wp.com\/chill-road.com\/wp-content\/uploads\/2026\/04\/MH-Drainage-2PC-B.jpg?resize=1464%2C600&#038;quality=89&#038;ssl=1\" alt=\"\" width=\"1464\" height=\"600\" srcset=\"https:\/\/i0.wp.com\/chill-road.com\/wp-content\/uploads\/2026\/04\/MH-Drainage-2PC-B.jpg?w=1464&amp;quality=89&amp;ssl=1 1464w, https:\/\/i0.wp.com\/chill-road.com\/wp-content\/uploads\/2026\/04\/MH-Drainage-2PC-B.jpg?resize=300%2C123&amp;quality=89&amp;ssl=1 300w, https:\/\/i0.wp.com\/chill-road.com\/wp-content\/uploads\/2026\/04\/MH-Drainage-2PC-B.jpg?resize=1024%2C420&amp;quality=89&amp;ssl=1 1024w, https:\/\/i0.wp.com\/chill-road.com\/wp-content\/uploads\/2026\/04\/MH-Drainage-2PC-B.jpg?resize=768%2C315&amp;quality=89&amp;ssl=1 768w, https:\/\/i0.wp.com\/chill-road.com\/wp-content\/uploads\/2026\/04\/MH-Drainage-2PC-B.jpg?resize=18%2C7&amp;quality=89&amp;ssl=1 18w, https:\/\/i0.wp.com\/chill-road.com\/wp-content\/uploads\/2026\/04\/MH-Drainage-2PC-B.jpg?resize=900%2C369&amp;quality=89&amp;ssl=1 900w, https:\/\/i0.wp.com\/chill-road.com\/wp-content\/uploads\/2026\/04\/MH-Drainage-2PC-B.jpg?resize=150%2C61&amp;quality=89&amp;ssl=1 150w\" sizes=\"auto, (max-width: 1000px) 100vw, 1000px\" \/> <img data-recalc-dims=\"1\" loading=\"lazy\" decoding=\"async\" data-attachment-id=\"20535\" data-permalink=\"https:\/\/chill-road.com\/fr\/?attachment_id=20535\" data-orig-file=\"https:\/\/i0.wp.com\/chill-road.com\/wp-content\/uploads\/2026\/04\/MH-Drainage-2PC-C.jpg?fit=1464%2C600&amp;quality=89&amp;ssl=1\" data-orig-size=\"1464,600\" data-comments-opened=\"1\" data-image-meta=\"{&quot;aperture&quot;:&quot;0&quot;,&quot;credit&quot;:&quot;&quot;,&quot;camera&quot;:&quot;&quot;,&quot;caption&quot;:&quot;&quot;,&quot;created_timestamp&quot;:&quot;0&quot;,&quot;copyright&quot;:&quot;&quot;,&quot;focal_length&quot;:&quot;0&quot;,&quot;iso&quot;:&quot;0&quot;,&quot;shutter_speed&quot;:&quot;0&quot;,&quot;title&quot;:&quot;&quot;,&quot;orientation&quot;:&quot;0&quot;}\" data-image-title=\"MH-Drainage-2PC-C\" data-image-description=\"\" data-image-caption=\"\" data-large-file=\"https:\/\/i0.wp.com\/chill-road.com\/wp-content\/uploads\/2026\/04\/MH-Drainage-2PC-C.jpg?fit=1024%2C420&amp;quality=89&amp;ssl=1\" class=\"alignnone size-full wp-image-20535\" src=\"https:\/\/i0.wp.com\/chill-road.com\/wp-content\/uploads\/2026\/04\/MH-Drainage-2PC-C.jpg?resize=1464%2C600&#038;quality=89&#038;ssl=1\" alt=\"\" width=\"1464\" height=\"600\" srcset=\"https:\/\/i0.wp.com\/chill-road.com\/wp-content\/uploads\/2026\/04\/MH-Drainage-2PC-C.jpg?w=1464&amp;quality=89&amp;ssl=1 1464w, https:\/\/i0.wp.com\/chill-road.com\/wp-content\/uploads\/2026\/04\/MH-Drainage-2PC-C.jpg?resize=300%2C123&amp;quality=89&amp;ssl=1 300w, https:\/\/i0.wp.com\/chill-road.com\/wp-content\/uploads\/2026\/04\/MH-Drainage-2PC-C.jpg?resize=1024%2C420&amp;quality=89&amp;ssl=1 1024w, https:\/\/i0.wp.com\/chill-road.com\/wp-content\/uploads\/2026\/04\/MH-Drainage-2PC-C.jpg?resize=768%2C315&amp;quality=89&amp;ssl=1 768w, https:\/\/i0.wp.com\/chill-road.com\/wp-content\/uploads\/2026\/04\/MH-Drainage-2PC-C.jpg?resize=18%2C7&amp;quality=89&amp;ssl=1 18w, https:\/\/i0.wp.com\/chill-road.com\/wp-content\/uploads\/2026\/04\/MH-Drainage-2PC-C.jpg?resize=900%2C369&amp;quality=89&amp;ssl=1 900w, https:\/\/i0.wp.com\/chill-road.com\/wp-content\/uploads\/2026\/04\/MH-Drainage-2PC-C.jpg?resize=150%2C61&amp;quality=89&amp;ssl=1 150w\" sizes=\"auto, (max-width: 1000px) 100vw, 1000px\" \/><\/p>\n","protected":false},"excerpt":{"rendered":"<p>Un bac de trop-plein durable avec d\u00e9rivation d&rsquo;eau optimis\u00e9e assure un drainage fluide et efficace \u2014 gardant votre zone de culture propre et s\u00e8che.<br \/>\nId\u00e9al pour les tentes de culture int\u00e9rieures et ext\u00e9rieures, les serres, les balcons et les jardins.<br \/>\nPour une puissance de drainage plus forte, veuillez passer au Syst\u00e8me de drainage automatique avec pompe pour une \u00e9limination de l&rsquo;eau totalement efficace.<\/p>\n<p><strong>Le forfait comprend :<\/strong><br \/>\n2\u00d7 Plateau (31,5\u00d731,5x15cm)<br \/>\n8\u00d7 Pieds de soutien<br \/>\n1\u00d7 Tube en silicone<br \/>\nAutres accessoires<\/p>\n","protected":false},"featured_media":20536,"comment_status":"open","ping_status":"closed","template":"","meta":[],"product_brand":[43],"product_cat":[110,108,109],"product_tag":[],"class_list":["post-20193","product","type-product","status-publish","has-post-thumbnail","product_brand-mars-hydro","product_cat-systemes-hydroponiques","product_cat-accessoires","product_cat-systemes-dirrigation","cr-has-rrp","first","outofstock","sale","purchasable","product-type-simple"],"jetpack_sharing_enabled":true,"_links":{"self":[{"href":"https:\/\/chill-road.com\/fr\/wp-json\/wp\/v2\/product\/20193","targetHints":{"allow":["GET"]}}],"collection":[{"href":"https:\/\/chill-road.com\/fr\/wp-json\/wp\/v2\/product"}],"about":[{"href":"https:\/\/chill-road.com\/fr\/wp-json\/wp\/v2\/types\/product"}],"replies":[{"embeddable":true,"href":"https:\/\/chill-road.com\/fr\/wp-json\/wp\/v2\/comments?post=20193"}],"version-history":[{"count":1,"href":"https:\/\/chill-road.com\/fr\/wp-json\/wp\/v2\/product\/20193\/revisions"}],"predecessor-version":[{"id":23414,"href":"https:\/\/chill-road.com\/fr\/wp-json\/wp\/v2\/product\/20193\/revisions\/23414"}],"wp:featuredmedia":[{"embeddable":true,"href":"https:\/\/chill-road.com\/fr\/wp-json\/wp\/v2\/media\/20536"}],"wp:attachment":[{"href":"https:\/\/chill-road.com\/fr\/wp-json\/wp\/v2\/media?parent=20193"}],"wp:term":[{"taxonomy":"product_brand","embeddable":true,"href":"https:\/\/chill-road.com\/fr\/wp-json\/wp\/v2\/product_brand?post=20193"},{"taxonomy":"product_cat","embeddable":true,"href":"https:\/\/chill-road.com\/fr\/wp-json\/wp\/v2\/product_cat?post=20193"},{"taxonomy":"product_tag","embeddable":true,"href":"https:\/\/chill-road.com\/fr\/wp-json\/wp\/v2\/product_tag?post=20193"}],"curies":[{"name":"wp","href":"https:\/\/api.w.org\/{rel}","templated":true}]}}