{"id":21329,"date":"2026-04-18T03:00:35","date_gmt":"2026-04-18T01:00:35","guid":{"rendered":"https:\/\/chill-road.com\/?post_type=product&#038;p=21329"},"modified":"2026-05-12T16:05:59","modified_gmt":"2026-05-12T14:05:59","slug":"calmag-500ml-calcium-et-magnesium-bio-bizz","status":"publish","type":"product","link":"https:\/\/chill-road.com\/fr\/produit\/calmag-500ml-calcium-et-magnesium-bio-bizz\/","title":{"rendered":"Calmag 500ml &#8211; Calcium et magn\u00e9sium &#8211; Bio Bizz"},"content":{"rendered":"<p>Biobizz Calmag a \u00e9t\u00e9 d\u00e9velopp\u00e9 par des jardiniers professionnels qui ont besoin de calcium et de magn\u00e9sium.<\/p>\n<p>Le calcium et le magn\u00e9sium sont des \u00e9l\u00e9ments essentiels pour que les plantes soient en bonne sant\u00e9 et fleurissent car ils jouent un r\u00f4le important dans la production des cellules et pour la photosynth\u00e8se.<\/p>\n<p><strong>Pourquoi Biobizz Calmag?<\/strong><br \/>\nLes manques en calcium et en magn\u00e9sium sont fr\u00e9quents car l&rsquo;eau du robinet ne garantit pas une concentration en min\u00e9raux correcte.<\/p>\n<p>Ind\u00e9pendemment du fait qu&rsquo;il s&rsquo;agisse d&rsquo;eau douce ou d&rsquo;eau trait\u00e9e par osmose inverse, Biobizz Calmag propose une solution certifi\u00e9e et \u00e0 100% organique lors de manques de calcium et de magn\u00e9sium. Utilisez Biobizz Calmag \u00e0 chaque arrosage. Dans le cas d&rsquo;un manque g\u00e9n\u00e9ral de calcium et de magn\u00e9sium, nous recommandons d&rsquo;utiliser Biobizz Calmag une fois par semaine.<\/p>\n<p>Ce produit prend le meilleur \u00e0 partir d&rsquo;ingr\u00e9dients \u00e0 100% naturels et les pr\u00e9sente dans une formule qui ne modifie pas votre programme de culture.<\/p>\n<p>Corrigez la qualit\u00e9 insuffisante de l&rsquo;eau et les manques de mani\u00e8re simple, contr\u00f4l\u00e9e et naturelle avec Biobizz Calmag.<\/p>\n<p><strong>Comment est utilis\u00e9 Biobizz Calmag?<\/strong><\/p>\n<ul>\n<li>Ajoutez la dose recommand\u00e9e de Calmag, afin d&rsquo;ajouter du calcium et du magn\u00e9sium et pr\u00e9parez l&rsquo;eau d&rsquo;arrosage.<\/li>\n<li>M\u00e9langer les engrais Biobizz n\u00e9cessaires.<\/li>\n<li>R\u00e9gler la valeur ph du m\u00e9lange.<\/li>\n<li>R\u00e9alisez l&rsquo;arrosage.<\/li>\n<\/ul>\n<p><strong>BioBizz Calmag convient pour:<\/strong><\/p>\n<ul>\n<li>La phase de croissance et de floraison<\/li>\n<li>Pour l&rsquo;int\u00e9rieur et l&rsquo;ext\u00e9rieur<\/li>\n<li>Pour un arrosage r\u00e9gulier<\/li>\n<li>Syst\u00e8me d&rsquo;arrosage<\/li>\n<li>Convient pour l&rsquo;hydroponie, le coco et la terre<\/li>\n<\/ul>\n<p><strong>Disponible en:<\/strong><\/p>\n<ul>\n<li>Calmag 250ml &#8211; Calcium et magn\u00e9sium &#8211; Bio Bizz<\/li>\n<li>Calmag 500ml &#8211; Calcium et magn\u00e9sium &#8211; Bio Bizz<\/li>\n<li>Calmag 1L &#8211; Calcium et magn\u00e9sium &#8211; Bio Bizz<\/li>\n<li>Calmag 5L &#8211; Calcium et magn\u00e9sium &#8211; Bio Bizz<\/li>\n<li>Calmag 10L &#8211; Calcium et magn\u00e9sium &#8211; Bio Bizz<\/li>\n<\/ul>\n","protected":false},"excerpt":{"rendered":"<p>Le calcium et le magn\u00e9sium sont des \u00e9l\u00e9ments essentiels pour que les plantes soient en bonne sant\u00e9 et fleurissent car ils jouent un r\u00f4le important dans la production des cellules et pour la photosynth\u00e8se.<\/p>\n<ul>\n<li>Apport de calcium et de magn\u00e9sium<\/li>\n<li>Prot\u00e8ge la plante d&rsquo;un manque \u00e9ventuel en calcium et en magn\u00e9sium<\/li>\n<li>Utilisation sur des substrats avec un peu d&rsquo;engrais et pour les syst\u00e8mes hydroponiques<\/li>\n<\/ul>\n","protected":false},"featured_media":21193,"comment_status":"open","ping_status":"closed","template":"","meta":[],"product_brand":[1173],"product_cat":[1175,1181],"product_tag":[],"class_list":["post-21329","product","type-product","status-publish","has-post-thumbnail","product_brand-bio-bizz","product_cat-engrais-additifs","product_cat-calcium-et-magnesium","product_shipping_class-frais-de-port-500ml","pa_volume-l-500ml","cr-has-rrp","first","instock","sale","taxable","shipping-taxable","purchasable","product-type-simple"],"jetpack_sharing_enabled":true,"_links":{"self":[{"href":"https:\/\/chill-road.com\/fr\/wp-json\/wp\/v2\/product\/21329","targetHints":{"allow":["GET"]}}],"collection":[{"href":"https:\/\/chill-road.com\/fr\/wp-json\/wp\/v2\/product"}],"about":[{"href":"https:\/\/chill-road.com\/fr\/wp-json\/wp\/v2\/types\/product"}],"replies":[{"embeddable":true,"href":"https:\/\/chill-road.com\/fr\/wp-json\/wp\/v2\/comments?post=21329"}],"version-history":[{"count":1,"href":"https:\/\/chill-road.com\/fr\/wp-json\/wp\/v2\/product\/21329\/revisions"}],"predecessor-version":[{"id":24298,"href":"https:\/\/chill-road.com\/fr\/wp-json\/wp\/v2\/product\/21329\/revisions\/24298"}],"wp:featuredmedia":[{"embeddable":true,"href":"https:\/\/chill-road.com\/fr\/wp-json\/wp\/v2\/media\/21193"}],"wp:attachment":[{"href":"https:\/\/chill-road.com\/fr\/wp-json\/wp\/v2\/media?parent=21329"}],"wp:term":[{"taxonomy":"product_brand","embeddable":true,"href":"https:\/\/chill-road.com\/fr\/wp-json\/wp\/v2\/product_brand?post=21329"},{"taxonomy":"product_cat","embeddable":true,"href":"https:\/\/chill-road.com\/fr\/wp-json\/wp\/v2\/product_cat?post=21329"},{"taxonomy":"product_tag","embeddable":true,"href":"https:\/\/chill-road.com\/fr\/wp-json\/wp\/v2\/product_tag?post=21329"}],"curies":[{"name":"wp","href":"https:\/\/api.w.org\/{rel}","templated":true}]}}