{"id":21579,"date":"2026-04-18T16:56:36","date_gmt":"2026-04-18T14:56:36","guid":{"rendered":"https:\/\/chill-road.com\/?post_type=product&#038;p=21579"},"modified":"2026-05-12T05:05:15","modified_gmt":"2026-05-12T03:05:15","slug":"trypack-hydro-bio-bizz","status":"publish","type":"product","link":"https:\/\/chill-road.com\/fr\/produit\/trypack-hydro-bio-bizz\/","title":{"rendered":"Trypack Hydro &#8211; Bio Bizz"},"content":{"rendered":"<p>Cultivez comme un professionnel gr\u00e2ce \u00e0 un kit complet de haute qualit\u00e9, con\u00e7u pour \u00eatre facile \u00e0 manipuler, facile \u00e0 utiliser, facile \u00e0 combiner* et abordable.<br \/>\nLe Trypack Hydro &#8211; Biobizz contient Bio\u2022Bloom\u2122, Bio\u2022Heaven\u2122 et Top\u2022Max\u2122. Une combinaison qui permet au cultivateur hydroponique de se familiariser avec les produits biologiques Biobizz\u00ae adapt\u00e9s \u00e0 une utilisation dans n&rsquo;importe quel syst\u00e8me hydroponique.<\/p>\n<p>Les trois produits qui composent le pack Trypack Hydro &#8211; Biobizz vous garantissent une production bioponique.<br \/>\nLe meilleur des deux mondes. Avec la qualit\u00e9 de la culture biologique et le rendement de la culture hydroponique.<\/p>\n<p>Le Trypack Hydro &#8211; Biobizz favorise un d\u00e9veloppement racinaire et une protection optimaux gr\u00e2ce \u00e0 l&rsquo;utilisation de substances biologiques dans votre syst\u00e8me hydroponique.<br \/>\nUtilisez-le avec n&rsquo;importe quel autre produit Biobizz\u00ae ou TryPack pour maximiser votre r\u00e9colte et minimiser vos co\u00fbts.<\/p>\n<p><strong>Le Trypack Hydro &#8211; Biobizz contient :<\/strong><\/p>\n<ul>\n<li>Bio\u2022Bloom\u2122 &#8211; 250 ml<\/li>\n<li>Bio\u2022Heaven\u2122 &#8211; 250 ml<\/li>\n<li>Top\u2022Max\u2122 &#8211; 250 ml<\/li>\n<\/ul>\n","protected":false},"excerpt":{"rendered":"<p>Vous pratiquez la culture hydroponique, mais vous en avez assez de devoir ajouter des min\u00e9raux \u00e0 vos plantes ? Vous souhaitez profiter du go\u00fbt naturel d&rsquo;une production biologique, mais vous h\u00e9sitez \u00e0 abandonner votre syst\u00e8me actuel ? Laissez Biobizz\u00ae vous faciliter la t\u00e2che ! Essayez Hydro\u2022Pack, l&rsquo;un des quatre produits de notre nouvelle gamme de kits de d\u00e9couverte Biobizz\u00ae Try\u2022Pack.<\/p>\n","protected":false},"featured_media":21585,"comment_status":"open","ping_status":"closed","template":"","meta":[],"product_brand":[1173],"product_cat":[1175,1176,1186],"product_tag":[],"class_list":["post-21579","product","type-product","status-publish","has-post-thumbnail","product_brand-bio-bizz","product_cat-engrais-additifs","product_cat-engrais","product_cat-packs-dengrais","product_shipping_class-frais-de-port-1l","cr-has-rrp","first","instock","sale","taxable","shipping-taxable","purchasable","product-type-simple"],"jetpack_sharing_enabled":true,"_links":{"self":[{"href":"https:\/\/chill-road.com\/fr\/wp-json\/wp\/v2\/product\/21579","targetHints":{"allow":["GET"]}}],"collection":[{"href":"https:\/\/chill-road.com\/fr\/wp-json\/wp\/v2\/product"}],"about":[{"href":"https:\/\/chill-road.com\/fr\/wp-json\/wp\/v2\/types\/product"}],"replies":[{"embeddable":true,"href":"https:\/\/chill-road.com\/fr\/wp-json\/wp\/v2\/comments?post=21579"}],"version-history":[{"count":1,"href":"https:\/\/chill-road.com\/fr\/wp-json\/wp\/v2\/product\/21579\/revisions"}],"predecessor-version":[{"id":24325,"href":"https:\/\/chill-road.com\/fr\/wp-json\/wp\/v2\/product\/21579\/revisions\/24325"}],"wp:featuredmedia":[{"embeddable":true,"href":"https:\/\/chill-road.com\/fr\/wp-json\/wp\/v2\/media\/21585"}],"wp:attachment":[{"href":"https:\/\/chill-road.com\/fr\/wp-json\/wp\/v2\/media?parent=21579"}],"wp:term":[{"taxonomy":"product_brand","embeddable":true,"href":"https:\/\/chill-road.com\/fr\/wp-json\/wp\/v2\/product_brand?post=21579"},{"taxonomy":"product_cat","embeddable":true,"href":"https:\/\/chill-road.com\/fr\/wp-json\/wp\/v2\/product_cat?post=21579"},{"taxonomy":"product_tag","embeddable":true,"href":"https:\/\/chill-road.com\/fr\/wp-json\/wp\/v2\/product_tag?post=21579"}],"curies":[{"name":"wp","href":"https:\/\/api.w.org\/{rel}","templated":true}]}}