{"id":21994,"date":"2026-04-20T22:50:50","date_gmt":"2026-04-20T20:50:50","guid":{"rendered":"https:\/\/chill-road.com\/?post_type=product&#038;p=21994"},"modified":"2026-05-12T05:05:26","modified_gmt":"2026-05-12T03:05:26","slug":"alga-bloom-250ml-engrais-de-floraison-natural-plagron","status":"publish","type":"product","link":"https:\/\/chill-road.com\/fr\/produit\/alga-bloom-250ml-engrais-de-floraison-natural-plagron\/","title":{"rendered":"Alga Bloom 250ml &#8211; Engrais de floraison &#8211; Natural &#8211; Plagron"},"content":{"rendered":"<p><strong>Alga Bloom. Engrais pour la phase de floraison.<\/strong><br \/>\nAlga Bloom est un nutriment de base sp\u00e9cialement con\u00e7u pour la culture en terre. Alga Bloom est \u00e0 utilis\u00e9 pendant la phase de floraison. Ce fertilisant, \u00e0 base d&rsquo;algue, contribue \u00e0 rendre les plantes saines et r\u00e9sistantes afin qu&rsquo;elles fleurissent abondamment.<\/p>\n<p><strong>Ad\u00e9quat pour la culture organique<\/strong><br \/>\nAlga Bloom est organique et certifi\u00e9 par Control Union, cela signifie que ce nutriment de base est appropri\u00e9 pour la culture organique et n\u2019est pas n\u00e9faste pour les humains, les animaux ni l\u2019environnement. Alga Bloom am\u00e9liore la structure du sol et a un effet positif sur la vie du sol gr\u00e2ce \u00e0 la pr\u00e9sence de composants organiques comme les prot\u00e9ines et acides amin\u00e9s. Tout cela sera b\u00e9n\u00e9fique pour le go\u00fbt du produit final.<\/p>\n<p><strong>D\u00e9clenche une floraison vigoureuse<\/strong><br \/>\nLe phosphore et le potassium sont des nutriments essentiels \u00e0 la plante durant la phase de floraison. Le phosphore stimule le d\u00e9veloppement racinaire ainsi que la croissance des fleurs et fruits. Le potassium est un nutriment qui va augmenter la solidit\u00e9 de la plante et am\u00e9liorer la qualit\u00e9 de l\u2019ar\u00f4me et du go\u00fbt. Gr\u00e2ce \u00e0 la quantit\u00e9 \u00e9quilibr\u00e9e de phosphore et potassium contenus dans Alga Bloom, tes plantes b\u00e9n\u00e9ficieront d\u2019une floraison vigoureuse et d\u2019une r\u00e9colte cons\u00e9quente.<\/p>\n<p><strong>Absorption des nutriments rapide<\/strong><br \/>\nLes engrais organiques ont besoin d\u2019\u00eatre transform\u00e9s par la vie du sol avant de pouvoir \u00eatre absorb\u00e9s par la plante. Alga Bloom contient des acides amin\u00e9s qui vont faciliter ce processus, ce qui va permettre \u00e0 la plante d\u2019absorber les nutriments plus vite et donc d\u2019assurer une croissance plus rapide. Certains acides amin\u00e9s contenus dans Alga Bloom seront directement absorb\u00e9s par la plante et serviront de composante pour des prot\u00e9ines essentielles \u00e0 la plante. Ces prot\u00e9ines sont n\u00e9cessaires dans \u00e0 peu pr\u00e8s tous les processus \u00e9tablis par la plante : elles stimulent la croissance, augmentent la qualit\u00e9 des feuilles et favorisent le d\u00e9veloppement des fruits.<\/p>\n<p><strong> Plus besoin de te soucier des valeurs pH et EC<\/strong><br \/>\nCombin\u00e9 avec l\u2019un de nos substrats 100% NATURAL, tu n\u2019auras pas besoin d\u2019ajuster les valeurs pH et EC de ta solution nutritive. La valeur pH sera en fait ajust\u00e9e automatiquement par la vie du sol dans le substrat. Dans ce processus, la vie du sol est stimul\u00e9e par Alga Bloom et les nutriments seront rel\u00e2ch\u00e9s une fois que les mati\u00e8res organiques sont d\u00e9compos\u00e9es. Sachant que les mati\u00e8res organiques ne sont pas conductrices, la valeur EC ne peut pas \u00eatre mesur\u00e9e.<\/p>\n<p><strong>Dosage et utilisation<\/strong><br \/>\nBien agiter avant utilisation. Ajouter un maximum de 4 ml d&rsquo;Alga Bloom pour un litre d&rsquo;eau (1:250). Utilise cette solution nutritive \u00e0 chaque arrosage pendant la phase de floraison.<\/p>\n<p><strong>ATTENTION : Ce nutriment ne convient pas aux syst\u00e8mes de culture hydroponique. Si tu utilises un syst\u00e8me d\u2019irrigation, rince les tuyaux apr\u00e8s utilisation.<\/strong><\/p>\n<p><strong>NPK <\/strong>(3-2-5).<\/p>\n<p><strong>Disponible en :<\/strong><\/p>\n<ul>\n<li>Alga Bloom 100ml &#8211; Engrais de floraison &#8211; Natural &#8211; Plagron<\/li>\n<li>Alga Bloom 250ml &#8211; Engrais de floraison &#8211; Natural &#8211; Plagron<\/li>\n<li>Alga Bloom 500ml &#8211; Engrais de floraison &#8211; Natural &#8211; Plagron<\/li>\n<li>Alga Bloom 1L &#8211; Engrais de floraison &#8211; Natural &#8211; Plagron<\/li>\n<li>Alga Bloom 5L &#8211; Engrais de floraison &#8211; Natural &#8211; Plagron<\/li>\n<li>Alga Bloom 10L- Engrais de floraison &#8211; Natural &#8211; Plagron<\/li>\n<\/ul>\n","protected":false},"excerpt":{"rendered":"<p>Alga Bloom est un nutriment de base sp\u00e9cialement con\u00e7u pour la culture en terre. Alga Bloom est \u00e0 utilis\u00e9 pendant la phase de floraison. Ce fertilisant, \u00e0 base d&rsquo;algue, contribue \u00e0 rendre les plantes saines et r\u00e9sistantes afin qu&rsquo;elles fleurissent abondamment.<\/p>\n<ul>\n<li>Prot\u00e8ge contre les concentrations de sels \u00e9lev\u00e9es et les moisissures.<\/li>\n<li>Absorption rapide des nutriments pour une croissance forte.<\/li>\n<li>Stimule la production de chlorophylle.<\/li>\n<li>Hormones de croissance et de floraison pour des rendements plus \u00e9lev\u00e9s.<\/li>\n<li>Peut \u00e9galement \u00eatre utilis\u00e9 comme engrais pour feuilles.<\/li>\n<\/ul>\n","protected":false},"featured_media":21972,"comment_status":"open","ping_status":"closed","template":"","meta":[],"product_brand":[1188],"product_cat":[1175,1176],"product_tag":[],"class_list":["post-21994","product","type-product","status-publish","has-post-thumbnail","product_brand-plagron","product_cat-engrais-additifs","product_cat-engrais","product_shipping_class-frais-de-port-250ml","pa_volume-l-250ml","cr-has-rrp","first","instock","sale","taxable","shipping-taxable","purchasable","product-type-simple"],"jetpack_sharing_enabled":true,"_links":{"self":[{"href":"https:\/\/chill-road.com\/fr\/wp-json\/wp\/v2\/product\/21994","targetHints":{"allow":["GET"]}}],"collection":[{"href":"https:\/\/chill-road.com\/fr\/wp-json\/wp\/v2\/product"}],"about":[{"href":"https:\/\/chill-road.com\/fr\/wp-json\/wp\/v2\/types\/product"}],"replies":[{"embeddable":true,"href":"https:\/\/chill-road.com\/fr\/wp-json\/wp\/v2\/comments?post=21994"}],"version-history":[{"count":1,"href":"https:\/\/chill-road.com\/fr\/wp-json\/wp\/v2\/product\/21994\/revisions"}],"predecessor-version":[{"id":24340,"href":"https:\/\/chill-road.com\/fr\/wp-json\/wp\/v2\/product\/21994\/revisions\/24340"}],"wp:featuredmedia":[{"embeddable":true,"href":"https:\/\/chill-road.com\/fr\/wp-json\/wp\/v2\/media\/21972"}],"wp:attachment":[{"href":"https:\/\/chill-road.com\/fr\/wp-json\/wp\/v2\/media?parent=21994"}],"wp:term":[{"taxonomy":"product_brand","embeddable":true,"href":"https:\/\/chill-road.com\/fr\/wp-json\/wp\/v2\/product_brand?post=21994"},{"taxonomy":"product_cat","embeddable":true,"href":"https:\/\/chill-road.com\/fr\/wp-json\/wp\/v2\/product_cat?post=21994"},{"taxonomy":"product_tag","embeddable":true,"href":"https:\/\/chill-road.com\/fr\/wp-json\/wp\/v2\/product_tag?post=21994"}],"curies":[{"name":"wp","href":"https:\/\/api.w.org\/{rel}","templated":true}]}}