{"id":22849,"date":"2026-05-03T21:14:47","date_gmt":"2026-05-03T19:14:47","guid":{"rendered":"https:\/\/chill-road.com\/?post_type=product&#038;p=22849"},"modified":"2026-05-12T05:05:39","modified_gmt":"2026-05-12T03:05:39","slug":"fish-force-1l-stimulateur-de-croissance-plagron","status":"publish","type":"product","link":"https:\/\/chill-road.com\/fr\/produit\/fish-force-1l-stimulateur-de-croissance-plagron\/","title":{"rendered":"Fish Force 1L &#8211; Stimulateur de croissance &#8211; Plagron"},"content":{"rendered":"<p><strong>Pour une croissance rapide, des feuilles vertes et une bonne r\u00e9sistance de la plante.<\/strong><\/p>\n<p>Fish Force est un engrais naturel \u00e0 base de poissons pour les plantes en phase de croissance. Cet engrais de croissance formul\u00e9 par Plagron assure une croissance rapide, des feuilles vertes et une grande r\u00e9sistance. Fish Force est riche en azote, en acides amin\u00e9s et en vitamines.<\/p>\n<ul>\n<li>Stimule et acc\u00e9l\u00e8re la croissance et la floraison.<\/li>\n<li>Augmente la r\u00e9sistance.<\/li>\n<li>Stimule la production de chlorophylle.<\/li>\n<\/ul>\n<p><strong>Dosage et utilisation<\/strong><\/p>\n<p>Bien secouer avant l\u2019utilisation.<br \/>\n10ml \u00e0 1L d\u2019eau (1 : 100)<\/p>\n<p><strong>Caract\u00e9ristiques<\/strong><\/p>\n<p>Prot\u00e9ines animales (poisson),<br \/>\nExtraits d\u2019algues<br \/>\nEngrais NPK (3-5-2)<br \/>\n3 % d\u2019azote total (N)<br \/>\n4,9 % de pentoxyde de phosphore soluble dans l\u2019eau (P2O5)<br \/>\n1,5 % d\u2019oxyde de potassium soluble dans l\u2019eau (K2O).<\/p>\n","protected":false},"excerpt":{"rendered":"<p><strong>Pour une croissance rapide, des feuilles vertes et une bonne r\u00e9sistance de la plante.<\/strong><\/p>\n<p>Fish Force est un engrais naturel \u00e0 base de poissons pour les plantes en phase de croissance. Cet engrais de croissance formul\u00e9 par Plagron assure une croissance rapide, des feuilles vertes et une grande r\u00e9sistance. Fish Force est riche en azote, en acides amin\u00e9s et en vitamines.<\/p>\n<ul>\n<li>Stimule et acc\u00e9l\u00e8re la croissance et la floraison.<\/li>\n<li>Augmente la r\u00e9sistance.<\/li>\n<li>Stimule la production de chlorophylle.<\/li>\n<\/ul>\n","protected":false},"featured_media":21898,"comment_status":"open","ping_status":"closed","template":"","meta":[],"product_brand":[1188],"product_cat":[1175,1182,1179],"product_tag":[],"class_list":["post-22849","product","type-product","status-publish","has-post-thumbnail","product_brand-plagron","product_cat-engrais-additifs","product_cat-stimulateurs-de-croissance","product_cat-stimulateurs-et-boosters","product_shipping_class-frais-de-port-1l","pa_volume-l-1l","cr-has-rrp","first","outofstock","sale","purchasable","product-type-simple"],"jetpack_sharing_enabled":true,"_links":{"self":[{"href":"https:\/\/chill-road.com\/fr\/wp-json\/wp\/v2\/product\/22849","targetHints":{"allow":["GET"]}}],"collection":[{"href":"https:\/\/chill-road.com\/fr\/wp-json\/wp\/v2\/product"}],"about":[{"href":"https:\/\/chill-road.com\/fr\/wp-json\/wp\/v2\/types\/product"}],"replies":[{"embeddable":true,"href":"https:\/\/chill-road.com\/fr\/wp-json\/wp\/v2\/comments?post=22849"}],"version-history":[{"count":2,"href":"https:\/\/chill-road.com\/fr\/wp-json\/wp\/v2\/product\/22849\/revisions"}],"predecessor-version":[{"id":24526,"href":"https:\/\/chill-road.com\/fr\/wp-json\/wp\/v2\/product\/22849\/revisions\/24526"}],"wp:featuredmedia":[{"embeddable":true,"href":"https:\/\/chill-road.com\/fr\/wp-json\/wp\/v2\/media\/21898"}],"wp:attachment":[{"href":"https:\/\/chill-road.com\/fr\/wp-json\/wp\/v2\/media?parent=22849"}],"wp:term":[{"taxonomy":"product_brand","embeddable":true,"href":"https:\/\/chill-road.com\/fr\/wp-json\/wp\/v2\/product_brand?post=22849"},{"taxonomy":"product_cat","embeddable":true,"href":"https:\/\/chill-road.com\/fr\/wp-json\/wp\/v2\/product_cat?post=22849"},{"taxonomy":"product_tag","embeddable":true,"href":"https:\/\/chill-road.com\/fr\/wp-json\/wp\/v2\/product_tag?post=22849"}],"curies":[{"name":"wp","href":"https:\/\/api.w.org\/{rel}","templated":true}]}}