{"id":22891,"date":"2026-05-03T23:20:13","date_gmt":"2026-05-03T21:20:13","guid":{"rendered":"https:\/\/chill-road.com\/?post_type=product&#038;p=22891"},"modified":"2026-05-12T05:05:38","modified_gmt":"2026-05-12T03:05:38","slug":"coco-ab-10l-engrais-de-croissance-et-de-floraison-plagron","status":"publish","type":"product","link":"https:\/\/chill-road.com\/fr\/produit\/coco-ab-10l-engrais-de-croissance-et-de-floraison-plagron\/","title":{"rendered":"Coco A+B 10L &#8211; Engrais de croissance et de floraison &#8211; Plagron"},"content":{"rendered":"<p><strong>Une nutrition \u00e9quilibr\u00e9e pour des r\u00e9sultats optimaux<\/strong><br \/>\nCocos A &amp; B contient, dans les bonnes proportions, tous les nutriments dont tes plantes auront besoin pendant la croissance et floraison, ce qui t\u2019assure des r\u00e9sultats optimaux. Cultives-tu dans un substrat \u00e0 base de coco\u202f? Souviens-toi alors que la coco a besoin de beaucoup d\u2019eau afin d\u2019\u00e9viter l\u2019accumulation de sel. Garde la coco humide et utilise Cocos A &amp; B \u00e0 chaque arrosage afin que ta plante ait suffisamment de nutriments \u00e0 disposition.<\/p>\n<p><strong>Des nutriments directement absorbables sur un large \u00e9ventail de pH<\/strong><br \/>\nCocos A &amp; B ont \u00e9t\u00e9 sp\u00e9cialement d\u00e9velopp\u00e9s pour cultiver sur toutes sortes de substrats tamponn\u00e9s \u00e0 base de coco, comme par exemple Cocos Premium. Sachant que le substrat \u00e0 base de coco est un medium inerte qui ne contient aucun nutriment, il est recommand\u00e9 d\u2019arroser la plante avec des nutriments (min\u00e9raux) directement absorbables. Les nutriments de base Cocos A &amp; B remplissent ces fonctions, ils contiennent des nutriments min\u00e9raux \u00e9quilibr\u00e9s pour la croissance et floraison de ta plante. De plus, les nutriments Cocos A &amp; B sont facilement absorbables sur une large gamme de pH, ce qui va cr\u00e9er un tampon au cas o\u00f9 le pH ne serait pas optimal. La plante sera quand m\u00eame en mesure d\u2019absorber des nutriments.<\/p>\n<p><strong>Une croissance et floraison vigoureuse<\/strong><br \/>\nLes plantes ont besoin du phosphore et du calcium pour une croissance et floraison vigoureuses. Ces \u00e9l\u00e9ments sont connus pour se lier entre eux et cr\u00e9er un pr\u00e9cipit\u00e9. Ils ne seront donc plus absorbables par la plante. Cocos A &amp; B emp\u00eache ce processus. Cocos A contient du calcium et Cocos B contient du phosphore. Lorsque les deux nutriments sont ajout\u00e9s \u00e0 l\u2019eau s\u00e9par\u00e9ment, la solution est dilu\u00e9e afin que le calcium et le phosphore ne forment pas un pr\u00e9cipit\u00e9. Cocos A &amp; B est disponible en deux bouteilles diff\u00e9rentes car une seule bouteille de solution ne suffirait pas pour combler les besoins nutritifs du cycle complet.<\/p>\n<p><strong>Dosage et utilisation<\/strong><\/p>\n<p>Ajouter un maximum de 4 ml de Cocos A pour litre d&rsquo;eau (1:250). Pour chaque application de Cocos A, utiliser la m\u00eame quantit\u00e9 de Cocos B. Utiliser cette solution chaque fois que les plantes sont irrigu\u00e9es.<\/p>\n<p><strong>Caract\u00e9ristiques<\/strong><\/p>\n<p>Cocos A<br \/>\nNPK (4-0-3)<\/p>\n<p>Cocos B<br \/>\nNPK (0-3-2)<\/p>\n<p><strong>Disponible en:<\/strong><\/p>\n<ul>\n<li>Coco A+B 1L &#8211; Engrais de croissance et de floraison &#8211; Plagron<\/li>\n<li>Coco A+B 5L &#8211; Engrais de croissance et de floraison &#8211; Plagron<\/li>\n<li>Coco A+B 10L &#8211; Engrais de croissance et de floraison &#8211; Plagron<\/li>\n<\/ul>\n","protected":false},"excerpt":{"rendered":"<p><strong>Deux composants nutritionels pour les phases de croissance et de floraison<\/strong><\/p>\n<p>Cocos A &amp; B est un engrais de base min\u00e9ral tr\u00e8s concentr\u00e9 pour les plantes \u00e0 utiliser durant les phases de croissance et floraison. Ce fertilisant liquide est facile \u00e0 utiliser et contient un m\u00e9lange de nutriments \u00e9quilibr\u00e9e pour des r\u00e9sultats optimaux. Cocos A &amp; B ont \u00e9t\u00e9 d\u00e9velopp\u00e9 sp\u00e9cialement pour la culture avec tous types de substrat \u00e0 base de coco tamponn\u00e9e et sont universellement applicable.<\/p>\n","protected":false},"featured_media":21889,"comment_status":"open","ping_status":"closed","template":"","meta":[],"product_brand":[1188],"product_cat":[1175,1176],"product_tag":[],"class_list":["post-22891","product","type-product","status-publish","has-post-thumbnail","product_brand-plagron","product_cat-engrais-additifs","product_cat-engrais","product_shipping_class-20l-1490-890-qty-supp-590","pa_volume-l-10l","cr-has-rrp","first","instock","sale","purchasable","product-type-simple"],"jetpack_sharing_enabled":true,"_links":{"self":[{"href":"https:\/\/chill-road.com\/fr\/wp-json\/wp\/v2\/product\/22891","targetHints":{"allow":["GET"]}}],"collection":[{"href":"https:\/\/chill-road.com\/fr\/wp-json\/wp\/v2\/product"}],"about":[{"href":"https:\/\/chill-road.com\/fr\/wp-json\/wp\/v2\/types\/product"}],"replies":[{"embeddable":true,"href":"https:\/\/chill-road.com\/fr\/wp-json\/wp\/v2\/comments?post=22891"}],"version-history":[{"count":2,"href":"https:\/\/chill-road.com\/fr\/wp-json\/wp\/v2\/product\/22891\/revisions"}],"predecessor-version":[{"id":24525,"href":"https:\/\/chill-road.com\/fr\/wp-json\/wp\/v2\/product\/22891\/revisions\/24525"}],"wp:featuredmedia":[{"embeddable":true,"href":"https:\/\/chill-road.com\/fr\/wp-json\/wp\/v2\/media\/21889"}],"wp:attachment":[{"href":"https:\/\/chill-road.com\/fr\/wp-json\/wp\/v2\/media?parent=22891"}],"wp:term":[{"taxonomy":"product_brand","embeddable":true,"href":"https:\/\/chill-road.com\/fr\/wp-json\/wp\/v2\/product_brand?post=22891"},{"taxonomy":"product_cat","embeddable":true,"href":"https:\/\/chill-road.com\/fr\/wp-json\/wp\/v2\/product_cat?post=22891"},{"taxonomy":"product_tag","embeddable":true,"href":"https:\/\/chill-road.com\/fr\/wp-json\/wp\/v2\/product_tag?post=22891"}],"curies":[{"name":"wp","href":"https:\/\/api.w.org\/{rel}","templated":true}]}}