{"id":22899,"date":"2026-05-04T02:18:41","date_gmt":"2026-05-04T00:18:41","guid":{"rendered":"https:\/\/chill-road.com\/?post_type=product&#038;p=22899"},"modified":"2026-05-12T05:06:15","modified_gmt":"2026-05-12T03:06:15","slug":"terra-bloom-5l-engrais-de-floraison-terra-plagron","status":"publish","type":"product","link":"https:\/\/chill-road.com\/fr\/produit\/terra-bloom-5l-engrais-de-floraison-terra-plagron\/","title":{"rendered":"Terra Bloom 5L &#8211; Engrais de floraison &#8211; Terra &#8211; Plagron"},"content":{"rendered":"<p><strong>Des r\u00e9sultats rapides<\/strong><br \/>\nTerra Bloom contient des fertilisants min\u00e9raux qui peuvent \u00eatre absorb\u00e9s directement par les racines de ta plante. Les fertilisants n\u2019ont pas besoin d\u2019\u00eatre transform\u00e9s par le sol et pourront donc \u00eatre absorb\u00e9s directement, ta plante grandira plus vite et produira un meilleur rendement.<\/p>\n<p><strong>Une floraison abondante garantie<\/strong><br \/>\nLe phosphore et le potassium sont des nutriments essentiels \u00e0 la plante durant la phase de floraison. Le phosphore stimule le d\u00e9veloppement racinaire et la pousse des fleurs et fruits. Le potassium est un nutriment qui augmente la fermet\u00e9 de la plante et am\u00e9liore la qualit\u00e9 de l\u2019ar\u00f4me et de la saveur. Terra Bloom t\u2019assurera une floraison abondante et un bon rendement gr\u00e2ce \u00e0 sa quantit\u00e9 \u00e9quilibr\u00e9e en phosphore et potassium.<\/p>\n<p><strong>Adapt\u00e9 \u00e0 tous les syst\u00e8mes d\u2019irrigation<\/strong><br \/>\nTerra Bloom peut \u00eatre utilis\u00e9 avec tous les syst\u00e8mes d\u2019arrosages. Terra Bloom n\u2019encombrera pas les tuyaux de ton syst\u00e8me d\u2019arrosage car il est compos\u00e9 de fertilisants min\u00e9raux.<\/p>\n<p><strong>Dosage et utilisation<\/strong><\/p>\n<p>Bien agiter avant utilisation. Ajouter un maximum de 5 ml de Terra Bloom pour litre d&rsquo;eau (1:200). Utilise cette solution nutritive \u00e0 chaque arrosage pendant la phase de floraison.<\/p>\n<p><strong>Caract\u00e9ristiques<\/strong><\/p>\n<p>Fertilisant NPK (2-2-4)<\/p>\n<p><strong>Disponible en:<\/strong><\/p>\n<ul>\n<li>Terra Bloom 1L &#8211; Engrais de floraison &#8211; Terra &#8211; Plagron<\/li>\n<li>Terra Bloom 5L &#8211; Engrais de floraison &#8211; Terra &#8211; Plagron<\/li>\n<li>Terra Bloom 10L &#8211; Engrais de floraison &#8211; Terra &#8211; Plagron<\/li>\n<li>Terra Bloom 20L &#8211; Engrais de floraison &#8211; Terra &#8211; Plagron<\/li>\n<\/ul>\n","protected":false},"excerpt":{"rendered":"<p><strong>Nutriment complet pour la phase de floraison<\/strong><\/p>\n<p>Terra Bloom est un nutriment pour plante tr\u00e8s concentr\u00e9 \u00e0 base de min\u00e9raux \u00e0 utiliser pendant la phase de floraison. Ce fertilisant liquide offre une nutrition optimale durant la floraison qui supporte et favorise la floraison. Terra Bloom convient \u00e0 tous types de terre et peut \u00eatre utilis\u00e9 en combinaison avec d&rsquo;autres liquides fertilisants ou additifs.<\/p>\n","protected":false},"featured_media":21961,"comment_status":"open","ping_status":"closed","template":"","meta":[],"product_brand":[1188],"product_cat":[1175,1176],"product_tag":[],"class_list":["post-22899","product","type-product","status-publish","has-post-thumbnail","product_brand-plagron","product_cat-engrais-additifs","product_cat-engrais","product_shipping_class-frais-de-port-5l","pa_volume-l-5l","cr-has-rrp","first","instock","sale","purchasable","product-type-simple"],"jetpack_sharing_enabled":true,"_links":{"self":[{"href":"https:\/\/chill-road.com\/fr\/wp-json\/wp\/v2\/product\/22899","targetHints":{"allow":["GET"]}}],"collection":[{"href":"https:\/\/chill-road.com\/fr\/wp-json\/wp\/v2\/product"}],"about":[{"href":"https:\/\/chill-road.com\/fr\/wp-json\/wp\/v2\/types\/product"}],"replies":[{"embeddable":true,"href":"https:\/\/chill-road.com\/fr\/wp-json\/wp\/v2\/comments?post=22899"}],"version-history":[{"count":1,"href":"https:\/\/chill-road.com\/fr\/wp-json\/wp\/v2\/product\/22899\/revisions"}],"predecessor-version":[{"id":24412,"href":"https:\/\/chill-road.com\/fr\/wp-json\/wp\/v2\/product\/22899\/revisions\/24412"}],"wp:featuredmedia":[{"embeddable":true,"href":"https:\/\/chill-road.com\/fr\/wp-json\/wp\/v2\/media\/21961"}],"wp:attachment":[{"href":"https:\/\/chill-road.com\/fr\/wp-json\/wp\/v2\/media?parent=22899"}],"wp:term":[{"taxonomy":"product_brand","embeddable":true,"href":"https:\/\/chill-road.com\/fr\/wp-json\/wp\/v2\/product_brand?post=22899"},{"taxonomy":"product_cat","embeddable":true,"href":"https:\/\/chill-road.com\/fr\/wp-json\/wp\/v2\/product_cat?post=22899"},{"taxonomy":"product_tag","embeddable":true,"href":"https:\/\/chill-road.com\/fr\/wp-json\/wp\/v2\/product_tag?post=22899"}],"curies":[{"name":"wp","href":"https:\/\/api.w.org\/{rel}","templated":true}]}}