{"id":23158,"date":"2026-05-05T01:55:06","date_gmt":"2026-05-04T23:55:06","guid":{"rendered":"https:\/\/chill-road.com\/?post_type=product&#038;p=23158"},"modified":"2026-05-12T06:05:58","modified_gmt":"2026-05-12T04:05:58","slug":"house-plant-elixir-1l-engrais-universel-indoor-hesi","status":"publish","type":"product","link":"https:\/\/chill-road.com\/fr\/produit\/house-plant-elixir-1l-engrais-universel-indoor-hesi\/","title":{"rendered":"House Plant Elixir 1L &#8211; Engrais universel &#8211; Indoor &#8211; Hesi"},"content":{"rendered":"<p><strong>HESI HousePlant Elixir<\/strong> est un engrais universel pour toutes les plantes d&rsquo;int\u00e9rieur. En plus des nutriments de base, il offre une large gamme de substances vitales qui permettent la cr\u00e9ation d&rsquo;un biotope complet dans de petits pots.<\/p>\n<p>Une particularit\u00e9 des plantes d&rsquo;int\u00e9rieur est qu&rsquo;elles vivent dans des pots relativement petits et consomment donc rapidement tous les nutriments et l&rsquo;eau. House Plant Elixir peut \u00eatre utilis\u00e9 pour toutes les m\u00e9thodes de culture et m\u00eame si les plantes viennent de diff\u00e9rentes parties du monde, ce produit vous aidera avec des nutriments pour toutes ces esp\u00e8ces.<\/p>\n<p>House Plant Elixir offre l&rsquo;apport id\u00e9al de nutriments pour chaque plante d&rsquo;int\u00e9rieur. Les nutriments contenus dans ce produit sont combin\u00e9s de telle mani\u00e8re que m\u00eame des environnements limit\u00e9s, tels que de petits pots, restent constamment nourris.<\/p>\n<p><strong>Dosage et utilisation<\/strong><\/p>\n<p>\u2666Fertiliser uniquement pendant la saison de croissance et de floraison.<br \/>\n\u2666Moins il y a de lumi\u00e8re, moins il y a d&rsquo;engrais.<\/p>\n<ul>\n<li>plantes \u00e0 croissance lente &#8211; 2 ml \/ 1 l d&rsquo;eau<\/li>\n<li>plantes \u00e0 croissance rapide &#8211; 3-5 ml \/ 1 l d&rsquo;eau<\/li>\n<li>pulv\u00e9risation foliaire &#8211; 1 ml \/ 1 l d&rsquo;eau<\/li>\n<li>r\u00e9guli\u00e8rement, 1x-4x par mois<\/li>\n<li>comme l&rsquo;approvisionnement en eau des plantes \u00e0 croissance rapide est plus \u00e9lev\u00e9, elles re\u00e7oivent automatiquement plus d&rsquo;engrais<\/li>\n<\/ul>\n<p><strong>Caract\u00e9ristiques<\/strong><\/p>\n<ul>\n<li>NPK 4-2-3<\/li>\n<li>faible en sels, ce qui le rend id\u00e9al pour les plantes d&rsquo;int\u00e9rieur.<\/li>\n<li>magn\u00e9sium, calcium et micronutriments ch\u00e9lat\u00e9s<\/li>\n<li>vitamines, acides amin\u00e9s et autres \u00e9l\u00e9ments vitaux<\/li>\n<\/ul>\n<p><strong>Disponible en:<\/strong><\/p>\n<ul>\n<li>House Plant Elixir 500ml &#8211; Engrais universel &#8211; Indoor &#8211; Hesi<\/li>\n<li>House Plant Elixir 1L &#8211; Engrais universel &#8211; Indoor &#8211; Hesi<\/li>\n<\/ul>\n","protected":false},"excerpt":{"rendered":"<p><strong>HESI HousePlant Elixir<\/strong> est un engrais universel pour toutes les plantes d&rsquo;int\u00e9rieur. En plus des nutriments de base, il offre une large gamme de substances vitales qui permettent la cr\u00e9ation d&rsquo;un biotope complet dans de petits pots.<\/p>\n<p>Une particularit\u00e9 des plantes d&rsquo;int\u00e9rieur est qu&rsquo;elles vivent dans des pots relativement petits et consomment donc rapidement tous les nutriments et l&rsquo;eau. House Plant Elixir peut \u00eatre utilis\u00e9 pour toutes les m\u00e9thodes de culture et m\u00eame si les plantes viennent de diff\u00e9rentes parties du monde, ce produit vous aidera avec des nutriments pour toutes ces esp\u00e8ces.<\/p>\n<p>House Plant Elixir offre l&rsquo;apport id\u00e9al de nutriments pour chaque plante d&rsquo;int\u00e9rieur. Les nutriments contenus dans ce produit sont combin\u00e9s de telle mani\u00e8re que m\u00eame des environnements limit\u00e9s, tels que de petits pots, restent constamment nourris.<\/p>\n","protected":false},"featured_media":23045,"comment_status":"open","ping_status":"closed","template":"","meta":[],"product_brand":[1225],"product_cat":[1175,1176],"product_tag":[],"class_list":["post-23158","product","type-product","status-publish","has-post-thumbnail","product_brand-hesi","product_cat-engrais-additifs","product_cat-engrais","product_shipping_class-frais-de-port-1l","pa_volume-l-1l","cr-has-rrp","first","instock","sale","purchasable","product-type-simple"],"jetpack_sharing_enabled":true,"_links":{"self":[{"href":"https:\/\/chill-road.com\/fr\/wp-json\/wp\/v2\/product\/23158","targetHints":{"allow":["GET"]}}],"collection":[{"href":"https:\/\/chill-road.com\/fr\/wp-json\/wp\/v2\/product"}],"about":[{"href":"https:\/\/chill-road.com\/fr\/wp-json\/wp\/v2\/types\/product"}],"replies":[{"embeddable":true,"href":"https:\/\/chill-road.com\/fr\/wp-json\/wp\/v2\/comments?post=23158"}],"version-history":[{"count":1,"href":"https:\/\/chill-road.com\/fr\/wp-json\/wp\/v2\/product\/23158\/revisions"}],"predecessor-version":[{"id":24473,"href":"https:\/\/chill-road.com\/fr\/wp-json\/wp\/v2\/product\/23158\/revisions\/24473"}],"wp:featuredmedia":[{"embeddable":true,"href":"https:\/\/chill-road.com\/fr\/wp-json\/wp\/v2\/media\/23045"}],"wp:attachment":[{"href":"https:\/\/chill-road.com\/fr\/wp-json\/wp\/v2\/media?parent=23158"}],"wp:term":[{"taxonomy":"product_brand","embeddable":true,"href":"https:\/\/chill-road.com\/fr\/wp-json\/wp\/v2\/product_brand?post=23158"},{"taxonomy":"product_cat","embeddable":true,"href":"https:\/\/chill-road.com\/fr\/wp-json\/wp\/v2\/product_cat?post=23158"},{"taxonomy":"product_tag","embeddable":true,"href":"https:\/\/chill-road.com\/fr\/wp-json\/wp\/v2\/product_tag?post=23158"}],"curies":[{"name":"wp","href":"https:\/\/api.w.org\/{rel}","templated":true}]}}