{"id":23192,"date":"2026-05-05T02:11:35","date_gmt":"2026-05-05T00:11:35","guid":{"rendered":"https:\/\/chill-road.com\/?post_type=product&#038;p=23192"},"modified":"2026-05-12T17:05:32","modified_gmt":"2026-05-12T15:05:32","slug":"bloom-10l-engrais-de-floraison-terre-hesi","status":"publish","type":"product","link":"https:\/\/chill-road.com\/fr\/produit\/bloom-10l-engrais-de-floraison-terre-hesi\/","title":{"rendered":"Bloom 10L &#8211; Engrais de floraison &#8211; Terre &#8211; Hesi"},"content":{"rendered":"<p><strong>POUR DES FLEURS \u00c0 COUPER LE SOUFFLE<\/strong><\/p>\n<p>Hesi Bloom est un engrais complet NPK avec tous les macro et micro nutriments et des additifs suppl\u00e9mentaires pr\u00e9cieux. Hesi Bloom veille \u00e0 ce que vos plantes soient pleinement productives pendant la p\u00e9riode de floraison. Les fleurs servent \u00e0 la reproduction de la plante. Le passage de la croissance \u00e0 la floraison n\u00e9cessite une r\u00e9organisation compl\u00e8te du m\u00e9tabolisme. Le correcteur de pH int\u00e9gr\u00e9 assure des valeurs de pH optimales et est donc doux pour les plantes. Parfait pour vos plantes \u00e0 la maison, dans le jardin ou sur votre terrasse. Id\u00e9al pour une utilisation permanente, m\u00eame dans des pots plus petits. Il maintient l&rsquo;environnement racinaire optimal et le sol vif avec une microflore riche.<\/p>\n<p>Parfait pour le <strong>\u00ab\u00a0facteur wow\u00a0\u00bb<\/strong> m\u00eame pour les cultivateurs inexp\u00e9riment\u00e9s.<\/p>\n<ul>\n<li>Tamponne la valeur du pH.<\/li>\n<li>Enrichit la flore du sol.<\/li>\n<li>Facile \u00e0 utiliser pour des r\u00e9sultats satisfaisants.<\/li>\n<\/ul>\n<p><strong>Dosage et utilisation<\/strong><br \/>\n<strong>50 ml \/ 10 L<\/strong><\/p>\n<ul>\n<li>Utiliser sur les plantes qui ont termin\u00e9es leur p\u00e9riode de croissance et sont pr\u00eates \u00e0 fleurir.<\/li>\n<li>Utilisez environ un arrosage sur deux pour vos plantes \u00e0 fleurs en terre.<\/li>\n<li>Recommandation : utiliser 1 \u00e0 2 fois par semaine.<\/li>\n<\/ul>\n<p><strong>Caract\u00e9ristiques<\/strong><\/p>\n<ul>\n<li>NPK 3-3-4<\/li>\n<li>Tous les macro et micronutriments n\u00e9cessaires.<\/li>\n<li>Vitamines et acides amin\u00e9s suppl\u00e9mentaires pour donner \u00e0 votre plante un coup de pouce suppl\u00e9mentaire.<\/li>\n<\/ul>\n<p><strong>Disponible en:<\/strong><\/p>\n<ul>\n<li>Bloom 1L &#8211; Engrais de floraison &#8211; Terre &#8211; Hesi<\/li>\n<li>Bloom 5L &#8211; Engrais de floraison &#8211; Terre &#8211; Hesi<\/li>\n<li>Bloom 10L &#8211; Engrais de floraison &#8211; Terre &#8211; Hesi<\/li>\n<li>Bloom 20L &#8211; Engrais de floraison &#8211; Terre &#8211; Hesi<\/li>\n<\/ul>\n","protected":false},"excerpt":{"rendered":"<p><strong>POUR DES FLEURS \u00c0 COUPER LE SOUFFLE<\/strong><\/p>\n<p>Hesi Bloom est un engrais complet NPK avec tous les macro et micro nutriments et des additifs suppl\u00e9mentaires pr\u00e9cieux. Hesi Bloom veille \u00e0 ce que vos plantes soient pleinement productives pendant la p\u00e9riode de floraison. Les fleurs servent \u00e0 la reproduction de la plante. Le passage de la croissance \u00e0 la floraison n\u00e9cessite une r\u00e9organisation compl\u00e8te du m\u00e9tabolisme. Le correcteur de pH int\u00e9gr\u00e9 assure des valeurs de pH optimales et est donc doux pour les plantes. Parfait pour vos plantes \u00e0 la maison, dans le jardin ou sur votre terrasse. Id\u00e9al pour une utilisation permanente, m\u00eame dans des pots plus petits. Il maintient l&rsquo;environnement racinaire optimal et le sol vif avec une microflore riche.<\/p>\n<p>Parfait pour le <strong>\u00ab\u00a0facteur wow\u00a0\u00bb<\/strong> m\u00eame pour les cultivateurs inexp\u00e9riment\u00e9s.<\/p>\n<ul>\n<li>Tamponne la valeur du pH.<\/li>\n<li>Enrichit la flore du sol.<\/li>\n<li>Facile \u00e0 utiliser pour des r\u00e9sultats satisfaisants.<\/li>\n<\/ul>\n","protected":false},"featured_media":23025,"comment_status":"open","ping_status":"closed","template":"","meta":[],"product_brand":[1225],"product_cat":[1175,1176],"product_tag":[],"class_list":["post-23192","product","type-product","status-publish","has-post-thumbnail","product_brand-hesi","product_cat-engrais-additifs","product_cat-engrais","product_shipping_class-10l-280-890-qty-supp-590","pa_volume-l-10l","cr-has-rrp","first","instock","sale","purchasable","product-type-simple"],"jetpack_sharing_enabled":true,"_links":{"self":[{"href":"https:\/\/chill-road.com\/fr\/wp-json\/wp\/v2\/product\/23192","targetHints":{"allow":["GET"]}}],"collection":[{"href":"https:\/\/chill-road.com\/fr\/wp-json\/wp\/v2\/product"}],"about":[{"href":"https:\/\/chill-road.com\/fr\/wp-json\/wp\/v2\/types\/product"}],"replies":[{"embeddable":true,"href":"https:\/\/chill-road.com\/fr\/wp-json\/wp\/v2\/comments?post=23192"}],"version-history":[{"count":1,"href":"https:\/\/chill-road.com\/fr\/wp-json\/wp\/v2\/product\/23192\/revisions"}],"predecessor-version":[{"id":24460,"href":"https:\/\/chill-road.com\/fr\/wp-json\/wp\/v2\/product\/23192\/revisions\/24460"}],"wp:featuredmedia":[{"embeddable":true,"href":"https:\/\/chill-road.com\/fr\/wp-json\/wp\/v2\/media\/23025"}],"wp:attachment":[{"href":"https:\/\/chill-road.com\/fr\/wp-json\/wp\/v2\/media?parent=23192"}],"wp:term":[{"taxonomy":"product_brand","embeddable":true,"href":"https:\/\/chill-road.com\/fr\/wp-json\/wp\/v2\/product_brand?post=23192"},{"taxonomy":"product_cat","embeddable":true,"href":"https:\/\/chill-road.com\/fr\/wp-json\/wp\/v2\/product_cat?post=23192"},{"taxonomy":"product_tag","embeddable":true,"href":"https:\/\/chill-road.com\/fr\/wp-json\/wp\/v2\/product_tag?post=23192"}],"curies":[{"name":"wp","href":"https:\/\/api.w.org\/{rel}","templated":true}]}}