{"id":23359,"date":"2026-05-05T09:59:51","date_gmt":"2026-05-05T07:59:51","guid":{"rendered":"https:\/\/chill-road.com\/?post_type=product&#038;p=23359"},"modified":"2026-05-12T07:05:28","modified_gmt":"2026-05-12T05:05:28","slug":"ionic-calmag-pro-5l-calcium-et-magnesium-growth-technology","status":"publish","type":"product","link":"https:\/\/chill-road.com\/fr\/produit\/ionic-calmag-pro-5l-calcium-et-magnesium-growth-technology\/","title":{"rendered":"IONIC CalMag Pro 5L &#8211; Calcium et magn\u00e9sium &#8211; Growth Technology"},"content":{"rendered":"<p>Ajouter IONIC CalMag Pro \u00e0 votre r\u00e9gime alimentaire normal peut aider \u00e0 att\u00e9nuer les probl\u00e8mes courants que m\u00eame les producteurs les plus exp\u00e9riment\u00e9s rencontrent souvent.<br \/>\nIONIC CalMag Pro aide <strong>avec une croissance lente en milieu de saison, feuilles p\u00e2les et jaunissantes et manque de vigueur apr\u00e8s une forte croissance.<\/strong><\/p>\n<p><strong>Disponible en:<\/strong><\/p>\n<ul>\n<li>IONIC CalMag Pro 1L &#8211; Calcium et magn\u00e9sium &#8211; Growth Technology<\/li>\n<li>IONIC CalMag Pro 5L &#8211; Calcium et magn\u00e9sium &#8211; Growth Technology<\/li>\n<\/ul>\n","protected":false},"excerpt":{"rendered":"<p>Ajouter IONIC CalMag Pro \u00e0 votre r\u00e9gime alimentaire normal peut aider \u00e0 att\u00e9nuer les probl\u00e8mes courants que m\u00eame les producteurs les plus exp\u00e9riment\u00e9s rencontrent souvent.<br \/>\nIONIC CalMag Pro aide <strong>avec une croissance lente en milieu de saison, feuilles p\u00e2les et jaunissantes et manque de vigueur apr\u00e8s une forte croissance.<\/strong><\/p>\n","protected":false},"featured_media":23315,"comment_status":"open","ping_status":"closed","template":"","meta":[],"product_brand":[1224],"product_cat":[1175,1181],"product_tag":[],"class_list":["post-23359","product","type-product","status-publish","has-post-thumbnail","product_brand-growth-technology","product_cat-engrais-additifs","product_cat-calcium-et-magnesium","product_shipping_class-frais-de-port-5l","pa_volume-l-5l","cr-has-rrp","first","instock","sale","purchasable","product-type-simple"],"jetpack_sharing_enabled":true,"_links":{"self":[{"href":"https:\/\/chill-road.com\/fr\/wp-json\/wp\/v2\/product\/23359","targetHints":{"allow":["GET"]}}],"collection":[{"href":"https:\/\/chill-road.com\/fr\/wp-json\/wp\/v2\/product"}],"about":[{"href":"https:\/\/chill-road.com\/fr\/wp-json\/wp\/v2\/types\/product"}],"replies":[{"embeddable":true,"href":"https:\/\/chill-road.com\/fr\/wp-json\/wp\/v2\/comments?post=23359"}],"version-history":[{"count":1,"href":"https:\/\/chill-road.com\/fr\/wp-json\/wp\/v2\/product\/23359\/revisions"}],"predecessor-version":[{"id":24509,"href":"https:\/\/chill-road.com\/fr\/wp-json\/wp\/v2\/product\/23359\/revisions\/24509"}],"wp:featuredmedia":[{"embeddable":true,"href":"https:\/\/chill-road.com\/fr\/wp-json\/wp\/v2\/media\/23315"}],"wp:attachment":[{"href":"https:\/\/chill-road.com\/fr\/wp-json\/wp\/v2\/media?parent=23359"}],"wp:term":[{"taxonomy":"product_brand","embeddable":true,"href":"https:\/\/chill-road.com\/fr\/wp-json\/wp\/v2\/product_brand?post=23359"},{"taxonomy":"product_cat","embeddable":true,"href":"https:\/\/chill-road.com\/fr\/wp-json\/wp\/v2\/product_cat?post=23359"},{"taxonomy":"product_tag","embeddable":true,"href":"https:\/\/chill-road.com\/fr\/wp-json\/wp\/v2\/product_tag?post=23359"}],"curies":[{"name":"wp","href":"https:\/\/api.w.org\/{rel}","templated":true}]}}