{"id":49,"date":"2026-04-03T23:05:14","date_gmt":"2026-04-03T21:05:14","guid":{"rendered":"https:\/\/chill-road.com\/produit\/ventilateur-a-pince-mars-hydro\/"},"modified":"2026-05-15T10:06:17","modified_gmt":"2026-05-15T08:06:17","slug":"ventilateur-a-pince-mars-hydro","status":"publish","type":"product","link":"https:\/\/chill-road.com\/fr\/produit\/ventilateur-a-pince-mars-hydro\/","title":{"rendered":"Ventilateur \u00e0 Pince \u00d815cm Mars Hydro &#8211;  10 niveaux de contr\u00f4le de vitesse, oscillation grand angle \u00e0 10 niveaux, moteur EC"},"content":{"rendered":"<p><img data-recalc-dims=\"1\" loading=\"lazy\" decoding=\"async\" data-attachment-id=\"2298\" data-permalink=\"https:\/\/chill-road.com\/fr\/?attachment_id=2298\" data-orig-file=\"https:\/\/i0.wp.com\/chill-road.com\/wp-content\/uploads\/2025\/09\/Ventilateur-oscillant-M6-a-pince-des1.jpg?fit=1464%2C600&amp;quality=89&amp;ssl=1\" data-orig-size=\"1464,600\" data-comments-opened=\"1\" data-image-meta=\"{&quot;aperture&quot;:&quot;0&quot;,&quot;credit&quot;:&quot;&quot;,&quot;camera&quot;:&quot;&quot;,&quot;caption&quot;:&quot;&quot;,&quot;created_timestamp&quot;:&quot;0&quot;,&quot;copyright&quot;:&quot;&quot;,&quot;focal_length&quot;:&quot;0&quot;,&quot;iso&quot;:&quot;0&quot;,&quot;shutter_speed&quot;:&quot;0&quot;,&quot;title&quot;:&quot;&quot;,&quot;orientation&quot;:&quot;0&quot;}\" data-image-title=\"Ventilateur oscillant M6 \u00e0 pince &amp;#8211; des1\" data-image-description=\"\" data-image-caption=\"\" data-large-file=\"https:\/\/i0.wp.com\/chill-road.com\/wp-content\/uploads\/2025\/09\/Ventilateur-oscillant-M6-a-pince-des1.jpg?fit=1024%2C420&amp;quality=89&amp;ssl=1\" class=\"alignnone size-full wp-image-2298\" src=\"https:\/\/i0.wp.com\/chill-road.com\/wp-content\/uploads\/2025\/09\/Ventilateur-oscillant-M6-a-pince-des1.jpg?resize=1464%2C600&#038;quality=89&#038;ssl=1\" alt=\"\" width=\"1464\" height=\"600\" srcset=\"https:\/\/i0.wp.com\/chill-road.com\/wp-content\/uploads\/2025\/09\/Ventilateur-oscillant-M6-a-pince-des1.jpg?w=1464&amp;quality=89&amp;ssl=1 1464w, https:\/\/i0.wp.com\/chill-road.com\/wp-content\/uploads\/2025\/09\/Ventilateur-oscillant-M6-a-pince-des1.jpg?resize=300%2C123&amp;quality=89&amp;ssl=1 300w, https:\/\/i0.wp.com\/chill-road.com\/wp-content\/uploads\/2025\/09\/Ventilateur-oscillant-M6-a-pince-des1.jpg?resize=1024%2C420&amp;quality=89&amp;ssl=1 1024w, https:\/\/i0.wp.com\/chill-road.com\/wp-content\/uploads\/2025\/09\/Ventilateur-oscillant-M6-a-pince-des1.jpg?resize=768%2C315&amp;quality=89&amp;ssl=1 768w, https:\/\/i0.wp.com\/chill-road.com\/wp-content\/uploads\/2025\/09\/Ventilateur-oscillant-M6-a-pince-des1.jpg?resize=18%2C7&amp;quality=89&amp;ssl=1 18w, https:\/\/i0.wp.com\/chill-road.com\/wp-content\/uploads\/2025\/09\/Ventilateur-oscillant-M6-a-pince-des1.jpg?resize=1200%2C492&amp;quality=89&amp;ssl=1 1200w, https:\/\/i0.wp.com\/chill-road.com\/wp-content\/uploads\/2025\/09\/Ventilateur-oscillant-M6-a-pince-des1.jpg?resize=900%2C369&amp;quality=89&amp;ssl=1 900w, https:\/\/i0.wp.com\/chill-road.com\/wp-content\/uploads\/2025\/09\/Ventilateur-oscillant-M6-a-pince-des1.jpg?resize=150%2C61&amp;quality=89&amp;ssl=1 150w\" sizes=\"auto, (max-width: 1000px) 100vw, 1000px\" \/> <img data-recalc-dims=\"1\" loading=\"lazy\" decoding=\"async\" data-attachment-id=\"2299\" data-permalink=\"https:\/\/chill-road.com\/fr\/?attachment_id=2299\" data-orig-file=\"https:\/\/i0.wp.com\/chill-road.com\/wp-content\/uploads\/2025\/09\/Ventilateur-oscillant-M6-a-pince-des2.jpg?fit=1464%2C600&amp;quality=89&amp;ssl=1\" data-orig-size=\"1464,600\" data-comments-opened=\"1\" data-image-meta=\"{&quot;aperture&quot;:&quot;0&quot;,&quot;credit&quot;:&quot;&quot;,&quot;camera&quot;:&quot;&quot;,&quot;caption&quot;:&quot;&quot;,&quot;created_timestamp&quot;:&quot;0&quot;,&quot;copyright&quot;:&quot;&quot;,&quot;focal_length&quot;:&quot;0&quot;,&quot;iso&quot;:&quot;0&quot;,&quot;shutter_speed&quot;:&quot;0&quot;,&quot;title&quot;:&quot;&quot;,&quot;orientation&quot;:&quot;0&quot;}\" data-image-title=\"Ventilateur oscillant M6 \u00e0 pince &amp;#8211; des2\" data-image-description=\"\" data-image-caption=\"\" data-large-file=\"https:\/\/i0.wp.com\/chill-road.com\/wp-content\/uploads\/2025\/09\/Ventilateur-oscillant-M6-a-pince-des2.jpg?fit=1024%2C420&amp;quality=89&amp;ssl=1\" class=\"alignnone size-full wp-image-2299\" src=\"https:\/\/i0.wp.com\/chill-road.com\/wp-content\/uploads\/2025\/09\/Ventilateur-oscillant-M6-a-pince-des2.jpg?resize=1464%2C600&#038;quality=89&#038;ssl=1\" alt=\"\" width=\"1464\" height=\"600\" srcset=\"https:\/\/i0.wp.com\/chill-road.com\/wp-content\/uploads\/2025\/09\/Ventilateur-oscillant-M6-a-pince-des2.jpg?w=1464&amp;quality=89&amp;ssl=1 1464w, https:\/\/i0.wp.com\/chill-road.com\/wp-content\/uploads\/2025\/09\/Ventilateur-oscillant-M6-a-pince-des2.jpg?resize=300%2C123&amp;quality=89&amp;ssl=1 300w, https:\/\/i0.wp.com\/chill-road.com\/wp-content\/uploads\/2025\/09\/Ventilateur-oscillant-M6-a-pince-des2.jpg?resize=1024%2C420&amp;quality=89&amp;ssl=1 1024w, https:\/\/i0.wp.com\/chill-road.com\/wp-content\/uploads\/2025\/09\/Ventilateur-oscillant-M6-a-pince-des2.jpg?resize=768%2C315&amp;quality=89&amp;ssl=1 768w, https:\/\/i0.wp.com\/chill-road.com\/wp-content\/uploads\/2025\/09\/Ventilateur-oscillant-M6-a-pince-des2.jpg?resize=18%2C7&amp;quality=89&amp;ssl=1 18w, https:\/\/i0.wp.com\/chill-road.com\/wp-content\/uploads\/2025\/09\/Ventilateur-oscillant-M6-a-pince-des2.jpg?resize=1200%2C492&amp;quality=89&amp;ssl=1 1200w, https:\/\/i0.wp.com\/chill-road.com\/wp-content\/uploads\/2025\/09\/Ventilateur-oscillant-M6-a-pince-des2.jpg?resize=900%2C369&amp;quality=89&amp;ssl=1 900w, https:\/\/i0.wp.com\/chill-road.com\/wp-content\/uploads\/2025\/09\/Ventilateur-oscillant-M6-a-pince-des2.jpg?resize=150%2C61&amp;quality=89&amp;ssl=1 150w\" sizes=\"auto, (max-width: 1000px) 100vw, 1000px\" \/> <img data-recalc-dims=\"1\" loading=\"lazy\" decoding=\"async\" data-attachment-id=\"2300\" data-permalink=\"https:\/\/chill-road.com\/fr\/?attachment_id=2300\" data-orig-file=\"https:\/\/i0.wp.com\/chill-road.com\/wp-content\/uploads\/2025\/09\/Ventilateur-oscillant-M6-a-pince-des3.jpg?fit=1464%2C600&amp;quality=89&amp;ssl=1\" data-orig-size=\"1464,600\" data-comments-opened=\"1\" data-image-meta=\"{&quot;aperture&quot;:&quot;0&quot;,&quot;credit&quot;:&quot;&quot;,&quot;camera&quot;:&quot;&quot;,&quot;caption&quot;:&quot;&quot;,&quot;created_timestamp&quot;:&quot;0&quot;,&quot;copyright&quot;:&quot;&quot;,&quot;focal_length&quot;:&quot;0&quot;,&quot;iso&quot;:&quot;0&quot;,&quot;shutter_speed&quot;:&quot;0&quot;,&quot;title&quot;:&quot;&quot;,&quot;orientation&quot;:&quot;0&quot;}\" data-image-title=\"Ventilateur oscillant M6 \u00e0 pince &amp;#8211; des3\" data-image-description=\"\" data-image-caption=\"\" data-large-file=\"https:\/\/i0.wp.com\/chill-road.com\/wp-content\/uploads\/2025\/09\/Ventilateur-oscillant-M6-a-pince-des3.jpg?fit=1024%2C420&amp;quality=89&amp;ssl=1\" class=\"alignnone size-full wp-image-2300\" src=\"https:\/\/i0.wp.com\/chill-road.com\/wp-content\/uploads\/2025\/09\/Ventilateur-oscillant-M6-a-pince-des3.jpg?resize=1464%2C600&#038;quality=89&#038;ssl=1\" alt=\"\" width=\"1464\" height=\"600\" srcset=\"https:\/\/i0.wp.com\/chill-road.com\/wp-content\/uploads\/2025\/09\/Ventilateur-oscillant-M6-a-pince-des3.jpg?w=1464&amp;quality=89&amp;ssl=1 1464w, https:\/\/i0.wp.com\/chill-road.com\/wp-content\/uploads\/2025\/09\/Ventilateur-oscillant-M6-a-pince-des3.jpg?resize=300%2C123&amp;quality=89&amp;ssl=1 300w, https:\/\/i0.wp.com\/chill-road.com\/wp-content\/uploads\/2025\/09\/Ventilateur-oscillant-M6-a-pince-des3.jpg?resize=1024%2C420&amp;quality=89&amp;ssl=1 1024w, https:\/\/i0.wp.com\/chill-road.com\/wp-content\/uploads\/2025\/09\/Ventilateur-oscillant-M6-a-pince-des3.jpg?resize=768%2C315&amp;quality=89&amp;ssl=1 768w, https:\/\/i0.wp.com\/chill-road.com\/wp-content\/uploads\/2025\/09\/Ventilateur-oscillant-M6-a-pince-des3.jpg?resize=18%2C7&amp;quality=89&amp;ssl=1 18w, https:\/\/i0.wp.com\/chill-road.com\/wp-content\/uploads\/2025\/09\/Ventilateur-oscillant-M6-a-pince-des3.jpg?resize=1200%2C492&amp;quality=89&amp;ssl=1 1200w, https:\/\/i0.wp.com\/chill-road.com\/wp-content\/uploads\/2025\/09\/Ventilateur-oscillant-M6-a-pince-des3.jpg?resize=900%2C369&amp;quality=89&amp;ssl=1 900w, https:\/\/i0.wp.com\/chill-road.com\/wp-content\/uploads\/2025\/09\/Ventilateur-oscillant-M6-a-pince-des3.jpg?resize=150%2C61&amp;quality=89&amp;ssl=1 150w\" sizes=\"auto, (max-width: 1000px) 100vw, 1000px\" \/> <img data-recalc-dims=\"1\" loading=\"lazy\" decoding=\"async\" data-attachment-id=\"2301\" data-permalink=\"https:\/\/chill-road.com\/fr\/?attachment_id=2301\" data-orig-file=\"https:\/\/i0.wp.com\/chill-road.com\/wp-content\/uploads\/2025\/09\/Ventilateur-oscillant-M6-a-pince-des4.jpg?fit=1464%2C600&amp;quality=89&amp;ssl=1\" data-orig-size=\"1464,600\" data-comments-opened=\"1\" data-image-meta=\"{&quot;aperture&quot;:&quot;0&quot;,&quot;credit&quot;:&quot;&quot;,&quot;camera&quot;:&quot;&quot;,&quot;caption&quot;:&quot;&quot;,&quot;created_timestamp&quot;:&quot;0&quot;,&quot;copyright&quot;:&quot;&quot;,&quot;focal_length&quot;:&quot;0&quot;,&quot;iso&quot;:&quot;0&quot;,&quot;shutter_speed&quot;:&quot;0&quot;,&quot;title&quot;:&quot;&quot;,&quot;orientation&quot;:&quot;0&quot;}\" data-image-title=\"Ventilateur oscillant M6 \u00e0 pince &amp;#8211; des4\" data-image-description=\"\" data-image-caption=\"\" data-large-file=\"https:\/\/i0.wp.com\/chill-road.com\/wp-content\/uploads\/2025\/09\/Ventilateur-oscillant-M6-a-pince-des4.jpg?fit=1024%2C420&amp;quality=89&amp;ssl=1\" class=\"alignnone size-full wp-image-2301\" src=\"https:\/\/i0.wp.com\/chill-road.com\/wp-content\/uploads\/2025\/09\/Ventilateur-oscillant-M6-a-pince-des4.jpg?resize=1464%2C600&#038;quality=89&#038;ssl=1\" alt=\"\" width=\"1464\" height=\"600\" srcset=\"https:\/\/i0.wp.com\/chill-road.com\/wp-content\/uploads\/2025\/09\/Ventilateur-oscillant-M6-a-pince-des4.jpg?w=1464&amp;quality=89&amp;ssl=1 1464w, https:\/\/i0.wp.com\/chill-road.com\/wp-content\/uploads\/2025\/09\/Ventilateur-oscillant-M6-a-pince-des4.jpg?resize=300%2C123&amp;quality=89&amp;ssl=1 300w, https:\/\/i0.wp.com\/chill-road.com\/wp-content\/uploads\/2025\/09\/Ventilateur-oscillant-M6-a-pince-des4.jpg?resize=1024%2C420&amp;quality=89&amp;ssl=1 1024w, https:\/\/i0.wp.com\/chill-road.com\/wp-content\/uploads\/2025\/09\/Ventilateur-oscillant-M6-a-pince-des4.jpg?resize=768%2C315&amp;quality=89&amp;ssl=1 768w, https:\/\/i0.wp.com\/chill-road.com\/wp-content\/uploads\/2025\/09\/Ventilateur-oscillant-M6-a-pince-des4.jpg?resize=18%2C7&amp;quality=89&amp;ssl=1 18w, https:\/\/i0.wp.com\/chill-road.com\/wp-content\/uploads\/2025\/09\/Ventilateur-oscillant-M6-a-pince-des4.jpg?resize=1200%2C492&amp;quality=89&amp;ssl=1 1200w, https:\/\/i0.wp.com\/chill-road.com\/wp-content\/uploads\/2025\/09\/Ventilateur-oscillant-M6-a-pince-des4.jpg?resize=900%2C369&amp;quality=89&amp;ssl=1 900w, https:\/\/i0.wp.com\/chill-road.com\/wp-content\/uploads\/2025\/09\/Ventilateur-oscillant-M6-a-pince-des4.jpg?resize=150%2C61&amp;quality=89&amp;ssl=1 150w\" sizes=\"auto, (max-width: 1000px) 100vw, 1000px\" \/> <img data-recalc-dims=\"1\" loading=\"lazy\" decoding=\"async\" data-attachment-id=\"2302\" data-permalink=\"https:\/\/chill-road.com\/fr\/?attachment_id=2302\" data-orig-file=\"https:\/\/i0.wp.com\/chill-road.com\/wp-content\/uploads\/2025\/09\/Ventilateur-oscillant-M6-a-pince-des5.jpg?fit=1464%2C600&amp;quality=89&amp;ssl=1\" data-orig-size=\"1464,600\" data-comments-opened=\"1\" data-image-meta=\"{&quot;aperture&quot;:&quot;0&quot;,&quot;credit&quot;:&quot;&quot;,&quot;camera&quot;:&quot;&quot;,&quot;caption&quot;:&quot;&quot;,&quot;created_timestamp&quot;:&quot;0&quot;,&quot;copyright&quot;:&quot;&quot;,&quot;focal_length&quot;:&quot;0&quot;,&quot;iso&quot;:&quot;0&quot;,&quot;shutter_speed&quot;:&quot;0&quot;,&quot;title&quot;:&quot;&quot;,&quot;orientation&quot;:&quot;0&quot;}\" data-image-title=\"Ventilateur oscillant M6 \u00e0 pince &amp;#8211; des5\" data-image-description=\"\" data-image-caption=\"\" data-large-file=\"https:\/\/i0.wp.com\/chill-road.com\/wp-content\/uploads\/2025\/09\/Ventilateur-oscillant-M6-a-pince-des5.jpg?fit=1024%2C420&amp;quality=89&amp;ssl=1\" class=\"alignnone size-full wp-image-2302\" src=\"https:\/\/i0.wp.com\/chill-road.com\/wp-content\/uploads\/2025\/09\/Ventilateur-oscillant-M6-a-pince-des5.jpg?resize=1464%2C600&#038;quality=89&#038;ssl=1\" alt=\"\" width=\"1464\" height=\"600\" srcset=\"https:\/\/i0.wp.com\/chill-road.com\/wp-content\/uploads\/2025\/09\/Ventilateur-oscillant-M6-a-pince-des5.jpg?w=1464&amp;quality=89&amp;ssl=1 1464w, https:\/\/i0.wp.com\/chill-road.com\/wp-content\/uploads\/2025\/09\/Ventilateur-oscillant-M6-a-pince-des5.jpg?resize=300%2C123&amp;quality=89&amp;ssl=1 300w, https:\/\/i0.wp.com\/chill-road.com\/wp-content\/uploads\/2025\/09\/Ventilateur-oscillant-M6-a-pince-des5.jpg?resize=1024%2C420&amp;quality=89&amp;ssl=1 1024w, https:\/\/i0.wp.com\/chill-road.com\/wp-content\/uploads\/2025\/09\/Ventilateur-oscillant-M6-a-pince-des5.jpg?resize=768%2C315&amp;quality=89&amp;ssl=1 768w, https:\/\/i0.wp.com\/chill-road.com\/wp-content\/uploads\/2025\/09\/Ventilateur-oscillant-M6-a-pince-des5.jpg?resize=18%2C7&amp;quality=89&amp;ssl=1 18w, https:\/\/i0.wp.com\/chill-road.com\/wp-content\/uploads\/2025\/09\/Ventilateur-oscillant-M6-a-pince-des5.jpg?resize=1200%2C492&amp;quality=89&amp;ssl=1 1200w, https:\/\/i0.wp.com\/chill-road.com\/wp-content\/uploads\/2025\/09\/Ventilateur-oscillant-M6-a-pince-des5.jpg?resize=900%2C369&amp;quality=89&amp;ssl=1 900w, https:\/\/i0.wp.com\/chill-road.com\/wp-content\/uploads\/2025\/09\/Ventilateur-oscillant-M6-a-pince-des5.jpg?resize=150%2C61&amp;quality=89&amp;ssl=1 150w\" sizes=\"auto, (max-width: 1000px) 100vw, 1000px\" \/> <img data-recalc-dims=\"1\" loading=\"lazy\" decoding=\"async\" data-attachment-id=\"2303\" data-permalink=\"https:\/\/chill-road.com\/fr\/?attachment_id=2303\" data-orig-file=\"https:\/\/i0.wp.com\/chill-road.com\/wp-content\/uploads\/2025\/09\/Ventilateur-oscillant-M6-a-pince-des6.jpg?fit=1464%2C600&amp;quality=89&amp;ssl=1\" data-orig-size=\"1464,600\" data-comments-opened=\"1\" data-image-meta=\"{&quot;aperture&quot;:&quot;0&quot;,&quot;credit&quot;:&quot;&quot;,&quot;camera&quot;:&quot;&quot;,&quot;caption&quot;:&quot;&quot;,&quot;created_timestamp&quot;:&quot;0&quot;,&quot;copyright&quot;:&quot;&quot;,&quot;focal_length&quot;:&quot;0&quot;,&quot;iso&quot;:&quot;0&quot;,&quot;shutter_speed&quot;:&quot;0&quot;,&quot;title&quot;:&quot;&quot;,&quot;orientation&quot;:&quot;0&quot;}\" data-image-title=\"Ventilateur oscillant M6 \u00e0 pince &amp;#8211; des6\" data-image-description=\"\" data-image-caption=\"\" data-large-file=\"https:\/\/i0.wp.com\/chill-road.com\/wp-content\/uploads\/2025\/09\/Ventilateur-oscillant-M6-a-pince-des6.jpg?fit=1024%2C420&amp;quality=89&amp;ssl=1\" class=\"alignnone size-full wp-image-2303\" src=\"https:\/\/i0.wp.com\/chill-road.com\/wp-content\/uploads\/2025\/09\/Ventilateur-oscillant-M6-a-pince-des6.jpg?resize=1464%2C600&#038;quality=89&#038;ssl=1\" alt=\"\" width=\"1464\" height=\"600\" srcset=\"https:\/\/i0.wp.com\/chill-road.com\/wp-content\/uploads\/2025\/09\/Ventilateur-oscillant-M6-a-pince-des6.jpg?w=1464&amp;quality=89&amp;ssl=1 1464w, https:\/\/i0.wp.com\/chill-road.com\/wp-content\/uploads\/2025\/09\/Ventilateur-oscillant-M6-a-pince-des6.jpg?resize=300%2C123&amp;quality=89&amp;ssl=1 300w, https:\/\/i0.wp.com\/chill-road.com\/wp-content\/uploads\/2025\/09\/Ventilateur-oscillant-M6-a-pince-des6.jpg?resize=1024%2C420&amp;quality=89&amp;ssl=1 1024w, https:\/\/i0.wp.com\/chill-road.com\/wp-content\/uploads\/2025\/09\/Ventilateur-oscillant-M6-a-pince-des6.jpg?resize=768%2C315&amp;quality=89&amp;ssl=1 768w, https:\/\/i0.wp.com\/chill-road.com\/wp-content\/uploads\/2025\/09\/Ventilateur-oscillant-M6-a-pince-des6.jpg?resize=18%2C7&amp;quality=89&amp;ssl=1 18w, https:\/\/i0.wp.com\/chill-road.com\/wp-content\/uploads\/2025\/09\/Ventilateur-oscillant-M6-a-pince-des6.jpg?resize=1200%2C492&amp;quality=89&amp;ssl=1 1200w, https:\/\/i0.wp.com\/chill-road.com\/wp-content\/uploads\/2025\/09\/Ventilateur-oscillant-M6-a-pince-des6.jpg?resize=900%2C369&amp;quality=89&amp;ssl=1 900w, https:\/\/i0.wp.com\/chill-road.com\/wp-content\/uploads\/2025\/09\/Ventilateur-oscillant-M6-a-pince-des6.jpg?resize=150%2C61&amp;quality=89&amp;ssl=1 150w\" sizes=\"auto, (max-width: 1000px) 100vw, 1000px\" \/> <img data-recalc-dims=\"1\" loading=\"lazy\" decoding=\"async\" data-attachment-id=\"2304\" data-permalink=\"https:\/\/chill-road.com\/fr\/?attachment_id=2304\" data-orig-file=\"https:\/\/i0.wp.com\/chill-road.com\/wp-content\/uploads\/2025\/09\/Ventilateur-oscillant-M6-a-pince-des7.jpg?fit=1464%2C600&amp;quality=89&amp;ssl=1\" data-orig-size=\"1464,600\" data-comments-opened=\"1\" data-image-meta=\"{&quot;aperture&quot;:&quot;0&quot;,&quot;credit&quot;:&quot;&quot;,&quot;camera&quot;:&quot;&quot;,&quot;caption&quot;:&quot;&quot;,&quot;created_timestamp&quot;:&quot;0&quot;,&quot;copyright&quot;:&quot;&quot;,&quot;focal_length&quot;:&quot;0&quot;,&quot;iso&quot;:&quot;0&quot;,&quot;shutter_speed&quot;:&quot;0&quot;,&quot;title&quot;:&quot;&quot;,&quot;orientation&quot;:&quot;0&quot;}\" data-image-title=\"Ventilateur oscillant M6 \u00e0 pince &amp;#8211; des7\" data-image-description=\"\" data-image-caption=\"\" data-large-file=\"https:\/\/i0.wp.com\/chill-road.com\/wp-content\/uploads\/2025\/09\/Ventilateur-oscillant-M6-a-pince-des7.jpg?fit=1024%2C420&amp;quality=89&amp;ssl=1\" class=\"alignnone size-full wp-image-2304\" src=\"https:\/\/i0.wp.com\/chill-road.com\/wp-content\/uploads\/2025\/09\/Ventilateur-oscillant-M6-a-pince-des7.jpg?resize=1464%2C600&#038;quality=89&#038;ssl=1\" alt=\"\" width=\"1464\" height=\"600\" srcset=\"https:\/\/i0.wp.com\/chill-road.com\/wp-content\/uploads\/2025\/09\/Ventilateur-oscillant-M6-a-pince-des7.jpg?w=1464&amp;quality=89&amp;ssl=1 1464w, https:\/\/i0.wp.com\/chill-road.com\/wp-content\/uploads\/2025\/09\/Ventilateur-oscillant-M6-a-pince-des7.jpg?resize=300%2C123&amp;quality=89&amp;ssl=1 300w, https:\/\/i0.wp.com\/chill-road.com\/wp-content\/uploads\/2025\/09\/Ventilateur-oscillant-M6-a-pince-des7.jpg?resize=1024%2C420&amp;quality=89&amp;ssl=1 1024w, https:\/\/i0.wp.com\/chill-road.com\/wp-content\/uploads\/2025\/09\/Ventilateur-oscillant-M6-a-pince-des7.jpg?resize=768%2C315&amp;quality=89&amp;ssl=1 768w, https:\/\/i0.wp.com\/chill-road.com\/wp-content\/uploads\/2025\/09\/Ventilateur-oscillant-M6-a-pince-des7.jpg?resize=18%2C7&amp;quality=89&amp;ssl=1 18w, https:\/\/i0.wp.com\/chill-road.com\/wp-content\/uploads\/2025\/09\/Ventilateur-oscillant-M6-a-pince-des7.jpg?resize=1200%2C492&amp;quality=89&amp;ssl=1 1200w, https:\/\/i0.wp.com\/chill-road.com\/wp-content\/uploads\/2025\/09\/Ventilateur-oscillant-M6-a-pince-des7.jpg?resize=900%2C369&amp;quality=89&amp;ssl=1 900w, https:\/\/i0.wp.com\/chill-road.com\/wp-content\/uploads\/2025\/09\/Ventilateur-oscillant-M6-a-pince-des7.jpg?resize=150%2C61&amp;quality=89&amp;ssl=1 150w\" sizes=\"auto, (max-width: 1000px) 100vw, 1000px\" \/><\/p>\n","protected":false},"excerpt":{"rendered":"<ul>\n<li>Taille du ventilateur \u00e0 clip : 6 pouces<\/li>\n<li>D\u00e9bit d&rsquo;air maximal : 315 CFM<\/li>\n<li>Vitesse du ventilateur : 0-2100 tr\/min (r\u00e9glage \u00e0 10 vitesses)<\/li>\n<li>Cet article contient deux ventilateurs \u00e0 clip de 6 pouces<\/li>\n<li>Le contr\u00f4le intelligent sur l&rsquo;application Marspro est d\u00e9sormais disponible avec\u00a0<a href=\"https:\/\/marshydro.eu\/products\/itime-2-in-1-smart-timer\/\">iTime<\/a>,<a href=\"https:\/\/marshydro.eu\/products\/icontrol-smart-grow-room-controller\/\">\u00a0iControl<\/a>, ou\u00a0<a href=\"https:\/\/marshydro.eu\/products\/ihub-pro-smart-10-outlet-all-in-one-grow-room-hub\/\">iHub-Pro<\/a>!<\/li>\n<\/ul>\n<p>Le nouveau ventilateur \u00e0 clipser de 6 pouces de Mars Hydro pour tentes de culture offre 10 vitesses de ventilateur, une inclinaison de t\u00eate r\u00e9glable et une oscillation automatique pour fournir une circulation d&rsquo;air suffisante, portable et flexible et une excellente exp\u00e9rience de refroidissement pour les tentes de culture ou les situations r\u00e9elles.<\/p>\n<p>*Le package n&rsquo;inclut pas de c\u00e2ble RJ12.<\/p>\n","protected":false},"featured_media":2285,"comment_status":"open","ping_status":"closed","template":"","meta":[],"product_brand":[43],"product_cat":[24,19],"product_tag":[],"class_list":["post-49","product","type-product","status-publish","has-post-thumbnail","product_brand-mars-hydro","product_cat-ventilateurs","product_cat-ventilation-climat","cr-has-rrp","first","instock","sale","taxable","shipping-taxable","purchasable","product-type-simple"],"jetpack_sharing_enabled":true,"_links":{"self":[{"href":"https:\/\/chill-road.com\/fr\/wp-json\/wp\/v2\/product\/49","targetHints":{"allow":["GET"]}}],"collection":[{"href":"https:\/\/chill-road.com\/fr\/wp-json\/wp\/v2\/product"}],"about":[{"href":"https:\/\/chill-road.com\/fr\/wp-json\/wp\/v2\/types\/product"}],"replies":[{"embeddable":true,"href":"https:\/\/chill-road.com\/fr\/wp-json\/wp\/v2\/comments?post=49"}],"version-history":[{"count":1,"href":"https:\/\/chill-road.com\/fr\/wp-json\/wp\/v2\/product\/49\/revisions"}],"predecessor-version":[{"id":24244,"href":"https:\/\/chill-road.com\/fr\/wp-json\/wp\/v2\/product\/49\/revisions\/24244"}],"wp:featuredmedia":[{"embeddable":true,"href":"https:\/\/chill-road.com\/fr\/wp-json\/wp\/v2\/media\/2285"}],"wp:attachment":[{"href":"https:\/\/chill-road.com\/fr\/wp-json\/wp\/v2\/media?parent=49"}],"wp:term":[{"taxonomy":"product_brand","embeddable":true,"href":"https:\/\/chill-road.com\/fr\/wp-json\/wp\/v2\/product_brand?post=49"},{"taxonomy":"product_cat","embeddable":true,"href":"https:\/\/chill-road.com\/fr\/wp-json\/wp\/v2\/product_cat?post=49"},{"taxonomy":"product_tag","embeddable":true,"href":"https:\/\/chill-road.com\/fr\/wp-json\/wp\/v2\/product_tag?post=49"}],"curies":[{"name":"wp","href":"https:\/\/api.w.org\/{rel}","templated":true}]}}