{"id":52,"date":"2026-04-03T23:05:10","date_gmt":"2026-04-03T21:05:10","guid":{"rendered":"https:\/\/chill-road.com\/produit\/panneau-led-tsl-2000-mars-hydro-300w-spectre-complet\/"},"modified":"2026-05-06T05:05:21","modified_gmt":"2026-05-06T03:05:21","slug":"panneau-led-tsl-2000-mars-hydro-300w-spectre-complet","status":"publish","type":"product","link":"https:\/\/chill-road.com\/fr\/produit\/panneau-led-tsl-2000-mars-hydro-300w-spectre-complet\/","title":{"rendered":"TSL 2000 \u2013 Lampe de Culture LED 300W \u00e0 Spectre Complet Dimmable Mars Hydro \u2013 pour Tentes Int\u00e9rieures 120x60cm, V\u00e9g\u00e9tation et Floraison"},"content":{"rendered":"<p><img data-recalc-dims=\"1\" loading=\"lazy\" decoding=\"async\" data-attachment-id=\"1124\" data-permalink=\"https:\/\/chill-road.com\/fr\/?attachment_id=1124\" data-orig-file=\"https:\/\/i0.wp.com\/chill-road.com\/wp-content\/uploads\/2025\/09\/TSL2000-des1.jpg?fit=2560%2C1049&amp;quality=89&amp;ssl=1\" data-orig-size=\"2560,1049\" data-comments-opened=\"1\" data-image-meta=\"{&quot;aperture&quot;:&quot;0&quot;,&quot;credit&quot;:&quot;&quot;,&quot;camera&quot;:&quot;&quot;,&quot;caption&quot;:&quot;&quot;,&quot;created_timestamp&quot;:&quot;0&quot;,&quot;copyright&quot;:&quot;&quot;,&quot;focal_length&quot;:&quot;0&quot;,&quot;iso&quot;:&quot;0&quot;,&quot;shutter_speed&quot;:&quot;0&quot;,&quot;title&quot;:&quot;&quot;,&quot;orientation&quot;:&quot;0&quot;}\" data-image-title=\"TSL2000 &amp;#8211; des1\" data-image-description=\"\" data-image-caption=\"\" data-large-file=\"https:\/\/i0.wp.com\/chill-road.com\/wp-content\/uploads\/2025\/09\/TSL2000-des1.jpg?fit=1024%2C420&amp;quality=89&amp;ssl=1\" class=\"alignnone size-full wp-image-1124\" src=\"https:\/\/i0.wp.com\/chill-road.com\/wp-content\/uploads\/2025\/09\/TSL2000-des1.jpg?resize=2560%2C1049&#038;quality=89&#038;ssl=1\" alt=\"\" width=\"2560\" height=\"1049\" srcset=\"https:\/\/i0.wp.com\/chill-road.com\/wp-content\/uploads\/2025\/09\/TSL2000-des1.jpg?w=2560&amp;quality=89&amp;ssl=1 2560w, https:\/\/i0.wp.com\/chill-road.com\/wp-content\/uploads\/2025\/09\/TSL2000-des1.jpg?resize=300%2C123&amp;quality=89&amp;ssl=1 300w, https:\/\/i0.wp.com\/chill-road.com\/wp-content\/uploads\/2025\/09\/TSL2000-des1.jpg?resize=1024%2C420&amp;quality=89&amp;ssl=1 1024w, https:\/\/i0.wp.com\/chill-road.com\/wp-content\/uploads\/2025\/09\/TSL2000-des1.jpg?resize=768%2C315&amp;quality=89&amp;ssl=1 768w, https:\/\/i0.wp.com\/chill-road.com\/wp-content\/uploads\/2025\/09\/TSL2000-des1.jpg?resize=1536%2C629&amp;quality=89&amp;ssl=1 1536w, https:\/\/i0.wp.com\/chill-road.com\/wp-content\/uploads\/2025\/09\/TSL2000-des1.jpg?resize=2048%2C839&amp;quality=89&amp;ssl=1 2048w, https:\/\/i0.wp.com\/chill-road.com\/wp-content\/uploads\/2025\/09\/TSL2000-des1.jpg?resize=18%2C7&amp;quality=89&amp;ssl=1 18w, https:\/\/i0.wp.com\/chill-road.com\/wp-content\/uploads\/2025\/09\/TSL2000-des1.jpg?resize=1200%2C492&amp;quality=89&amp;ssl=1 1200w, https:\/\/i0.wp.com\/chill-road.com\/wp-content\/uploads\/2025\/09\/TSL2000-des1.jpg?resize=900%2C369&amp;quality=89&amp;ssl=1 900w, https:\/\/i0.wp.com\/chill-road.com\/wp-content\/uploads\/2025\/09\/TSL2000-des1.jpg?resize=150%2C61&amp;quality=89&amp;ssl=1 150w\" sizes=\"auto, (max-width: 1000px) 100vw, 1000px\" \/> <img data-recalc-dims=\"1\" loading=\"lazy\" decoding=\"async\" data-attachment-id=\"1125\" data-permalink=\"https:\/\/chill-road.com\/fr\/?attachment_id=1125\" data-orig-file=\"https:\/\/i0.wp.com\/chill-road.com\/wp-content\/uploads\/2025\/09\/TSL2000-des2.jpg?fit=2560%2C1049&amp;quality=89&amp;ssl=1\" data-orig-size=\"2560,1049\" data-comments-opened=\"1\" data-image-meta=\"{&quot;aperture&quot;:&quot;0&quot;,&quot;credit&quot;:&quot;&quot;,&quot;camera&quot;:&quot;&quot;,&quot;caption&quot;:&quot;&quot;,&quot;created_timestamp&quot;:&quot;0&quot;,&quot;copyright&quot;:&quot;&quot;,&quot;focal_length&quot;:&quot;0&quot;,&quot;iso&quot;:&quot;0&quot;,&quot;shutter_speed&quot;:&quot;0&quot;,&quot;title&quot;:&quot;&quot;,&quot;orientation&quot;:&quot;0&quot;}\" data-image-title=\"TSL2000 &amp;#8211; des2\" data-image-description=\"\" data-image-caption=\"\" data-large-file=\"https:\/\/i0.wp.com\/chill-road.com\/wp-content\/uploads\/2025\/09\/TSL2000-des2.jpg?fit=1024%2C420&amp;quality=89&amp;ssl=1\" class=\"alignnone size-full wp-image-1125\" src=\"https:\/\/i0.wp.com\/chill-road.com\/wp-content\/uploads\/2025\/09\/TSL2000-des2.jpg?resize=2560%2C1049&#038;quality=89&#038;ssl=1\" alt=\"\" width=\"2560\" height=\"1049\" srcset=\"https:\/\/i0.wp.com\/chill-road.com\/wp-content\/uploads\/2025\/09\/TSL2000-des2.jpg?w=2560&amp;quality=89&amp;ssl=1 2560w, https:\/\/i0.wp.com\/chill-road.com\/wp-content\/uploads\/2025\/09\/TSL2000-des2.jpg?resize=300%2C123&amp;quality=89&amp;ssl=1 300w, https:\/\/i0.wp.com\/chill-road.com\/wp-content\/uploads\/2025\/09\/TSL2000-des2.jpg?resize=1024%2C420&amp;quality=89&amp;ssl=1 1024w, https:\/\/i0.wp.com\/chill-road.com\/wp-content\/uploads\/2025\/09\/TSL2000-des2.jpg?resize=768%2C315&amp;quality=89&amp;ssl=1 768w, https:\/\/i0.wp.com\/chill-road.com\/wp-content\/uploads\/2025\/09\/TSL2000-des2.jpg?resize=1536%2C629&amp;quality=89&amp;ssl=1 1536w, https:\/\/i0.wp.com\/chill-road.com\/wp-content\/uploads\/2025\/09\/TSL2000-des2.jpg?resize=2048%2C839&amp;quality=89&amp;ssl=1 2048w, https:\/\/i0.wp.com\/chill-road.com\/wp-content\/uploads\/2025\/09\/TSL2000-des2.jpg?resize=18%2C7&amp;quality=89&amp;ssl=1 18w, https:\/\/i0.wp.com\/chill-road.com\/wp-content\/uploads\/2025\/09\/TSL2000-des2.jpg?resize=1200%2C492&amp;quality=89&amp;ssl=1 1200w, https:\/\/i0.wp.com\/chill-road.com\/wp-content\/uploads\/2025\/09\/TSL2000-des2.jpg?resize=900%2C369&amp;quality=89&amp;ssl=1 900w, https:\/\/i0.wp.com\/chill-road.com\/wp-content\/uploads\/2025\/09\/TSL2000-des2.jpg?resize=150%2C61&amp;quality=89&amp;ssl=1 150w\" sizes=\"auto, (max-width: 1000px) 100vw, 1000px\" \/> <img data-recalc-dims=\"1\" loading=\"lazy\" decoding=\"async\" data-attachment-id=\"1126\" data-permalink=\"https:\/\/chill-road.com\/fr\/?attachment_id=1126\" data-orig-file=\"https:\/\/i0.wp.com\/chill-road.com\/wp-content\/uploads\/2025\/09\/TSL2000-des3.jpg?fit=2560%2C1049&amp;quality=89&amp;ssl=1\" data-orig-size=\"2560,1049\" data-comments-opened=\"1\" data-image-meta=\"{&quot;aperture&quot;:&quot;0&quot;,&quot;credit&quot;:&quot;&quot;,&quot;camera&quot;:&quot;&quot;,&quot;caption&quot;:&quot;&quot;,&quot;created_timestamp&quot;:&quot;0&quot;,&quot;copyright&quot;:&quot;&quot;,&quot;focal_length&quot;:&quot;0&quot;,&quot;iso&quot;:&quot;0&quot;,&quot;shutter_speed&quot;:&quot;0&quot;,&quot;title&quot;:&quot;&quot;,&quot;orientation&quot;:&quot;0&quot;}\" data-image-title=\"TSL2000 &amp;#8211; des3\" data-image-description=\"\" data-image-caption=\"\" data-large-file=\"https:\/\/i0.wp.com\/chill-road.com\/wp-content\/uploads\/2025\/09\/TSL2000-des3.jpg?fit=1024%2C420&amp;quality=89&amp;ssl=1\" class=\"alignnone size-full wp-image-1126\" src=\"https:\/\/i0.wp.com\/chill-road.com\/wp-content\/uploads\/2025\/09\/TSL2000-des3.jpg?resize=2560%2C1049&#038;quality=89&#038;ssl=1\" alt=\"\" width=\"2560\" height=\"1049\" srcset=\"https:\/\/i0.wp.com\/chill-road.com\/wp-content\/uploads\/2025\/09\/TSL2000-des3.jpg?w=2560&amp;quality=89&amp;ssl=1 2560w, https:\/\/i0.wp.com\/chill-road.com\/wp-content\/uploads\/2025\/09\/TSL2000-des3.jpg?resize=300%2C123&amp;quality=89&amp;ssl=1 300w, https:\/\/i0.wp.com\/chill-road.com\/wp-content\/uploads\/2025\/09\/TSL2000-des3.jpg?resize=1024%2C420&amp;quality=89&amp;ssl=1 1024w, https:\/\/i0.wp.com\/chill-road.com\/wp-content\/uploads\/2025\/09\/TSL2000-des3.jpg?resize=768%2C315&amp;quality=89&amp;ssl=1 768w, https:\/\/i0.wp.com\/chill-road.com\/wp-content\/uploads\/2025\/09\/TSL2000-des3.jpg?resize=1536%2C629&amp;quality=89&amp;ssl=1 1536w, https:\/\/i0.wp.com\/chill-road.com\/wp-content\/uploads\/2025\/09\/TSL2000-des3.jpg?resize=2048%2C839&amp;quality=89&amp;ssl=1 2048w, https:\/\/i0.wp.com\/chill-road.com\/wp-content\/uploads\/2025\/09\/TSL2000-des3.jpg?resize=18%2C7&amp;quality=89&amp;ssl=1 18w, https:\/\/i0.wp.com\/chill-road.com\/wp-content\/uploads\/2025\/09\/TSL2000-des3.jpg?resize=1200%2C492&amp;quality=89&amp;ssl=1 1200w, https:\/\/i0.wp.com\/chill-road.com\/wp-content\/uploads\/2025\/09\/TSL2000-des3.jpg?resize=900%2C369&amp;quality=89&amp;ssl=1 900w, https:\/\/i0.wp.com\/chill-road.com\/wp-content\/uploads\/2025\/09\/TSL2000-des3.jpg?resize=150%2C61&amp;quality=89&amp;ssl=1 150w\" sizes=\"auto, (max-width: 1000px) 100vw, 1000px\" \/> <img data-recalc-dims=\"1\" loading=\"lazy\" decoding=\"async\" data-attachment-id=\"1127\" data-permalink=\"https:\/\/chill-road.com\/fr\/?attachment_id=1127\" data-orig-file=\"https:\/\/i0.wp.com\/chill-road.com\/wp-content\/uploads\/2025\/09\/TSL2000-des4.jpg?fit=2560%2C1049&amp;quality=89&amp;ssl=1\" data-orig-size=\"2560,1049\" data-comments-opened=\"1\" data-image-meta=\"{&quot;aperture&quot;:&quot;0&quot;,&quot;credit&quot;:&quot;&quot;,&quot;camera&quot;:&quot;&quot;,&quot;caption&quot;:&quot;&quot;,&quot;created_timestamp&quot;:&quot;0&quot;,&quot;copyright&quot;:&quot;&quot;,&quot;focal_length&quot;:&quot;0&quot;,&quot;iso&quot;:&quot;0&quot;,&quot;shutter_speed&quot;:&quot;0&quot;,&quot;title&quot;:&quot;&quot;,&quot;orientation&quot;:&quot;0&quot;}\" data-image-title=\"TSL2000 &amp;#8211; des4\" data-image-description=\"\" data-image-caption=\"\" data-large-file=\"https:\/\/i0.wp.com\/chill-road.com\/wp-content\/uploads\/2025\/09\/TSL2000-des4.jpg?fit=1024%2C420&amp;quality=89&amp;ssl=1\" class=\"alignnone size-full wp-image-1127\" src=\"https:\/\/i0.wp.com\/chill-road.com\/wp-content\/uploads\/2025\/09\/TSL2000-des4.jpg?resize=2560%2C1049&#038;quality=89&#038;ssl=1\" alt=\"\" width=\"2560\" height=\"1049\" srcset=\"https:\/\/i0.wp.com\/chill-road.com\/wp-content\/uploads\/2025\/09\/TSL2000-des4.jpg?w=2560&amp;quality=89&amp;ssl=1 2560w, https:\/\/i0.wp.com\/chill-road.com\/wp-content\/uploads\/2025\/09\/TSL2000-des4.jpg?resize=300%2C123&amp;quality=89&amp;ssl=1 300w, https:\/\/i0.wp.com\/chill-road.com\/wp-content\/uploads\/2025\/09\/TSL2000-des4.jpg?resize=1024%2C420&amp;quality=89&amp;ssl=1 1024w, https:\/\/i0.wp.com\/chill-road.com\/wp-content\/uploads\/2025\/09\/TSL2000-des4.jpg?resize=768%2C315&amp;quality=89&amp;ssl=1 768w, https:\/\/i0.wp.com\/chill-road.com\/wp-content\/uploads\/2025\/09\/TSL2000-des4.jpg?resize=1536%2C629&amp;quality=89&amp;ssl=1 1536w, https:\/\/i0.wp.com\/chill-road.com\/wp-content\/uploads\/2025\/09\/TSL2000-des4.jpg?resize=2048%2C839&amp;quality=89&amp;ssl=1 2048w, https:\/\/i0.wp.com\/chill-road.com\/wp-content\/uploads\/2025\/09\/TSL2000-des4.jpg?resize=18%2C7&amp;quality=89&amp;ssl=1 18w, https:\/\/i0.wp.com\/chill-road.com\/wp-content\/uploads\/2025\/09\/TSL2000-des4.jpg?resize=1200%2C492&amp;quality=89&amp;ssl=1 1200w, https:\/\/i0.wp.com\/chill-road.com\/wp-content\/uploads\/2025\/09\/TSL2000-des4.jpg?resize=900%2C369&amp;quality=89&amp;ssl=1 900w, https:\/\/i0.wp.com\/chill-road.com\/wp-content\/uploads\/2025\/09\/TSL2000-des4.jpg?resize=150%2C61&amp;quality=89&amp;ssl=1 150w\" sizes=\"auto, (max-width: 1000px) 100vw, 1000px\" \/> <img data-recalc-dims=\"1\" loading=\"lazy\" decoding=\"async\" data-attachment-id=\"1128\" data-permalink=\"https:\/\/chill-road.com\/fr\/?attachment_id=1128\" data-orig-file=\"https:\/\/i0.wp.com\/chill-road.com\/wp-content\/uploads\/2025\/09\/TSL2000-des5.jpg?fit=2560%2C1049&amp;quality=89&amp;ssl=1\" data-orig-size=\"2560,1049\" data-comments-opened=\"1\" data-image-meta=\"{&quot;aperture&quot;:&quot;0&quot;,&quot;credit&quot;:&quot;&quot;,&quot;camera&quot;:&quot;&quot;,&quot;caption&quot;:&quot;&quot;,&quot;created_timestamp&quot;:&quot;0&quot;,&quot;copyright&quot;:&quot;&quot;,&quot;focal_length&quot;:&quot;0&quot;,&quot;iso&quot;:&quot;0&quot;,&quot;shutter_speed&quot;:&quot;0&quot;,&quot;title&quot;:&quot;&quot;,&quot;orientation&quot;:&quot;0&quot;}\" data-image-title=\"TSL2000 &amp;#8211; des5\" data-image-description=\"\" data-image-caption=\"\" data-large-file=\"https:\/\/i0.wp.com\/chill-road.com\/wp-content\/uploads\/2025\/09\/TSL2000-des5.jpg?fit=1024%2C420&amp;quality=89&amp;ssl=1\" class=\"alignnone size-full wp-image-1128\" src=\"https:\/\/i0.wp.com\/chill-road.com\/wp-content\/uploads\/2025\/09\/TSL2000-des5.jpg?resize=2560%2C1049&#038;quality=89&#038;ssl=1\" alt=\"\" width=\"2560\" height=\"1049\" srcset=\"https:\/\/i0.wp.com\/chill-road.com\/wp-content\/uploads\/2025\/09\/TSL2000-des5.jpg?w=2560&amp;quality=89&amp;ssl=1 2560w, https:\/\/i0.wp.com\/chill-road.com\/wp-content\/uploads\/2025\/09\/TSL2000-des5.jpg?resize=300%2C123&amp;quality=89&amp;ssl=1 300w, https:\/\/i0.wp.com\/chill-road.com\/wp-content\/uploads\/2025\/09\/TSL2000-des5.jpg?resize=1024%2C420&amp;quality=89&amp;ssl=1 1024w, https:\/\/i0.wp.com\/chill-road.com\/wp-content\/uploads\/2025\/09\/TSL2000-des5.jpg?resize=768%2C315&amp;quality=89&amp;ssl=1 768w, https:\/\/i0.wp.com\/chill-road.com\/wp-content\/uploads\/2025\/09\/TSL2000-des5.jpg?resize=1536%2C629&amp;quality=89&amp;ssl=1 1536w, https:\/\/i0.wp.com\/chill-road.com\/wp-content\/uploads\/2025\/09\/TSL2000-des5.jpg?resize=2048%2C839&amp;quality=89&amp;ssl=1 2048w, https:\/\/i0.wp.com\/chill-road.com\/wp-content\/uploads\/2025\/09\/TSL2000-des5.jpg?resize=18%2C7&amp;quality=89&amp;ssl=1 18w, https:\/\/i0.wp.com\/chill-road.com\/wp-content\/uploads\/2025\/09\/TSL2000-des5.jpg?resize=1200%2C492&amp;quality=89&amp;ssl=1 1200w, https:\/\/i0.wp.com\/chill-road.com\/wp-content\/uploads\/2025\/09\/TSL2000-des5.jpg?resize=900%2C369&amp;quality=89&amp;ssl=1 900w, https:\/\/i0.wp.com\/chill-road.com\/wp-content\/uploads\/2025\/09\/TSL2000-des5.jpg?resize=150%2C61&amp;quality=89&amp;ssl=1 150w\" sizes=\"auto, (max-width: 1000px) 100vw, 1000px\" \/> <img data-recalc-dims=\"1\" loading=\"lazy\" decoding=\"async\" data-attachment-id=\"1129\" data-permalink=\"https:\/\/chill-road.com\/fr\/?attachment_id=1129\" data-orig-file=\"https:\/\/i0.wp.com\/chill-road.com\/wp-content\/uploads\/2025\/09\/TSL2000-des6.jpg?fit=2560%2C1049&amp;quality=89&amp;ssl=1\" data-orig-size=\"2560,1049\" data-comments-opened=\"1\" data-image-meta=\"{&quot;aperture&quot;:&quot;0&quot;,&quot;credit&quot;:&quot;&quot;,&quot;camera&quot;:&quot;&quot;,&quot;caption&quot;:&quot;&quot;,&quot;created_timestamp&quot;:&quot;0&quot;,&quot;copyright&quot;:&quot;&quot;,&quot;focal_length&quot;:&quot;0&quot;,&quot;iso&quot;:&quot;0&quot;,&quot;shutter_speed&quot;:&quot;0&quot;,&quot;title&quot;:&quot;&quot;,&quot;orientation&quot;:&quot;0&quot;}\" data-image-title=\"TSL2000 &amp;#8211; des6\" data-image-description=\"\" data-image-caption=\"\" data-large-file=\"https:\/\/i0.wp.com\/chill-road.com\/wp-content\/uploads\/2025\/09\/TSL2000-des6.jpg?fit=1024%2C420&amp;quality=89&amp;ssl=1\" class=\"alignnone size-full wp-image-1129\" src=\"https:\/\/i0.wp.com\/chill-road.com\/wp-content\/uploads\/2025\/09\/TSL2000-des6.jpg?resize=2560%2C1049&#038;quality=89&#038;ssl=1\" alt=\"\" width=\"2560\" height=\"1049\" srcset=\"https:\/\/i0.wp.com\/chill-road.com\/wp-content\/uploads\/2025\/09\/TSL2000-des6.jpg?w=2560&amp;quality=89&amp;ssl=1 2560w, https:\/\/i0.wp.com\/chill-road.com\/wp-content\/uploads\/2025\/09\/TSL2000-des6.jpg?resize=300%2C123&amp;quality=89&amp;ssl=1 300w, https:\/\/i0.wp.com\/chill-road.com\/wp-content\/uploads\/2025\/09\/TSL2000-des6.jpg?resize=1024%2C420&amp;quality=89&amp;ssl=1 1024w, https:\/\/i0.wp.com\/chill-road.com\/wp-content\/uploads\/2025\/09\/TSL2000-des6.jpg?resize=768%2C315&amp;quality=89&amp;ssl=1 768w, https:\/\/i0.wp.com\/chill-road.com\/wp-content\/uploads\/2025\/09\/TSL2000-des6.jpg?resize=1536%2C629&amp;quality=89&amp;ssl=1 1536w, https:\/\/i0.wp.com\/chill-road.com\/wp-content\/uploads\/2025\/09\/TSL2000-des6.jpg?resize=2048%2C839&amp;quality=89&amp;ssl=1 2048w, https:\/\/i0.wp.com\/chill-road.com\/wp-content\/uploads\/2025\/09\/TSL2000-des6.jpg?resize=18%2C7&amp;quality=89&amp;ssl=1 18w, https:\/\/i0.wp.com\/chill-road.com\/wp-content\/uploads\/2025\/09\/TSL2000-des6.jpg?resize=1200%2C492&amp;quality=89&amp;ssl=1 1200w, https:\/\/i0.wp.com\/chill-road.com\/wp-content\/uploads\/2025\/09\/TSL2000-des6.jpg?resize=900%2C369&amp;quality=89&amp;ssl=1 900w, https:\/\/i0.wp.com\/chill-road.com\/wp-content\/uploads\/2025\/09\/TSL2000-des6.jpg?resize=150%2C61&amp;quality=89&amp;ssl=1 150w\" sizes=\"auto, (max-width: 1000px) 100vw, 1000px\" \/> <img data-recalc-dims=\"1\" loading=\"lazy\" decoding=\"async\" data-attachment-id=\"1130\" data-permalink=\"https:\/\/chill-road.com\/fr\/?attachment_id=1130\" data-orig-file=\"https:\/\/i0.wp.com\/chill-road.com\/wp-content\/uploads\/2025\/09\/TSL2000-des7.jpg?fit=2560%2C1049&amp;quality=89&amp;ssl=1\" data-orig-size=\"2560,1049\" data-comments-opened=\"1\" data-image-meta=\"{&quot;aperture&quot;:&quot;0&quot;,&quot;credit&quot;:&quot;&quot;,&quot;camera&quot;:&quot;&quot;,&quot;caption&quot;:&quot;&quot;,&quot;created_timestamp&quot;:&quot;0&quot;,&quot;copyright&quot;:&quot;&quot;,&quot;focal_length&quot;:&quot;0&quot;,&quot;iso&quot;:&quot;0&quot;,&quot;shutter_speed&quot;:&quot;0&quot;,&quot;title&quot;:&quot;&quot;,&quot;orientation&quot;:&quot;0&quot;}\" data-image-title=\"TSL2000 &amp;#8211; des7\" data-image-description=\"\" data-image-caption=\"\" data-large-file=\"https:\/\/i0.wp.com\/chill-road.com\/wp-content\/uploads\/2025\/09\/TSL2000-des7.jpg?fit=1024%2C420&amp;quality=89&amp;ssl=1\" class=\"alignnone size-full wp-image-1130\" src=\"https:\/\/i0.wp.com\/chill-road.com\/wp-content\/uploads\/2025\/09\/TSL2000-des7.jpg?resize=2560%2C1049&#038;quality=89&#038;ssl=1\" alt=\"\" width=\"2560\" height=\"1049\" srcset=\"https:\/\/i0.wp.com\/chill-road.com\/wp-content\/uploads\/2025\/09\/TSL2000-des7.jpg?w=2560&amp;quality=89&amp;ssl=1 2560w, https:\/\/i0.wp.com\/chill-road.com\/wp-content\/uploads\/2025\/09\/TSL2000-des7.jpg?resize=300%2C123&amp;quality=89&amp;ssl=1 300w, https:\/\/i0.wp.com\/chill-road.com\/wp-content\/uploads\/2025\/09\/TSL2000-des7.jpg?resize=1024%2C420&amp;quality=89&amp;ssl=1 1024w, https:\/\/i0.wp.com\/chill-road.com\/wp-content\/uploads\/2025\/09\/TSL2000-des7.jpg?resize=768%2C315&amp;quality=89&amp;ssl=1 768w, https:\/\/i0.wp.com\/chill-road.com\/wp-content\/uploads\/2025\/09\/TSL2000-des7.jpg?resize=1536%2C629&amp;quality=89&amp;ssl=1 1536w, https:\/\/i0.wp.com\/chill-road.com\/wp-content\/uploads\/2025\/09\/TSL2000-des7.jpg?resize=2048%2C839&amp;quality=89&amp;ssl=1 2048w, https:\/\/i0.wp.com\/chill-road.com\/wp-content\/uploads\/2025\/09\/TSL2000-des7.jpg?resize=18%2C7&amp;quality=89&amp;ssl=1 18w, https:\/\/i0.wp.com\/chill-road.com\/wp-content\/uploads\/2025\/09\/TSL2000-des7.jpg?resize=1200%2C492&amp;quality=89&amp;ssl=1 1200w, https:\/\/i0.wp.com\/chill-road.com\/wp-content\/uploads\/2025\/09\/TSL2000-des7.jpg?resize=900%2C369&amp;quality=89&amp;ssl=1 900w, https:\/\/i0.wp.com\/chill-road.com\/wp-content\/uploads\/2025\/09\/TSL2000-des7.jpg?resize=150%2C61&amp;quality=89&amp;ssl=1 150w\" sizes=\"auto, (max-width: 1000px) 100vw, 1000px\" \/><\/p>\n","protected":false},"excerpt":{"rendered":"<p>La <strong>Mars Hydro TSL 2000<\/strong> offre une couverture lumineuse rectangulaire parfaite pour 4 \u00e0 6 plantes d\u2019int\u00e9rieur ou des \u00e9tag\u00e8res d\u00e9coratives. Gr\u00e2ce \u00e0 son prix abordable, ses rendements intuitifs et ses fonctions de gradation et de connexion en cha\u00eene, elle est un choix id\u00e9al pour les cultivateurs d\u00e9butants comme exp\u00e9riment\u00e9s.<\/p>\n<ul>\n<li><strong>Puissance<\/strong>: 300 W<\/li>\n<li><strong>Couverture en phase v\u00e9g\u00e9tative<\/strong> : 150 cm x 90 cm<\/li>\n<li><strong>Couverture en phase floraison<\/strong> : 120 cm x 60 cm<\/li>\n<\/ul>\n<p>Un choix incontournable pour les tentes de culture, petites pi\u00e8ces, armoires, placards, et \u00e9tag\u00e8res pour plantes.<\/p>\n<p>*Achetez et utilisez le <a href=\"https:\/\/chill-road.com\/boutique\/ventilation-climat\/controle-du-climat\/itime2-in-1-minuteur-mars-hydro\/\"><strong>iTime Dual-Plug Timer Mars Hydro<\/strong><\/a>\u00a0avec l\u2019application MarsPro pour une programmation intelligente (Remarque : la gradation n\u2019est pas prise en charge).<\/p>\n","protected":false},"featured_media":761,"comment_status":"open","ping_status":"closed","template":"","meta":[],"product_brand":[43],"product_cat":[17,159,18],"product_tag":[],"class_list":{"0":"post-52","1":"product","2":"type-product","3":"status-publish","4":"has-post-thumbnail","6":"product_brand-mars-hydro","7":"product_cat-eclairages-horticoles","8":"product_cat-led-mars-hydro","9":"product_cat-ts-series","10":"pa_led-couverture-croissance-120x60cm","11":"pa_led-dimensions-102025364-mm","12":"pa_led-duree-de-vie-jusqua-80000-heures","13":"pa_led-frequence-50-60hz","14":"pa_led-intensite-amperes-2-469a120v-1-237a240v-1-102a277v","15":"pa_led-nombre-de-led-704-pcs","16":"pa_led-puissance-300w","17":"pa_led-spectre-lumineux-spectre-complet","18":"pa_led-temperature-d-usage-20-35-4-95","19":"cr-has-rrp","21":"first","22":"instock","23":"sale","24":"taxable","25":"shipping-taxable","26":"purchasable","27":"product-type-simple"},"jetpack_sharing_enabled":true,"_links":{"self":[{"href":"https:\/\/chill-road.com\/fr\/wp-json\/wp\/v2\/product\/52","targetHints":{"allow":["GET"]}}],"collection":[{"href":"https:\/\/chill-road.com\/fr\/wp-json\/wp\/v2\/product"}],"about":[{"href":"https:\/\/chill-road.com\/fr\/wp-json\/wp\/v2\/types\/product"}],"replies":[{"embeddable":true,"href":"https:\/\/chill-road.com\/fr\/wp-json\/wp\/v2\/comments?post=52"}],"version-history":[{"count":1,"href":"https:\/\/chill-road.com\/fr\/wp-json\/wp\/v2\/product\/52\/revisions"}],"predecessor-version":[{"id":22501,"href":"https:\/\/chill-road.com\/fr\/wp-json\/wp\/v2\/product\/52\/revisions\/22501"}],"wp:featuredmedia":[{"embeddable":true,"href":"https:\/\/chill-road.com\/fr\/wp-json\/wp\/v2\/media\/761"}],"wp:attachment":[{"href":"https:\/\/chill-road.com\/fr\/wp-json\/wp\/v2\/media?parent=52"}],"wp:term":[{"taxonomy":"product_brand","embeddable":true,"href":"https:\/\/chill-road.com\/fr\/wp-json\/wp\/v2\/product_brand?post=52"},{"taxonomy":"product_cat","embeddable":true,"href":"https:\/\/chill-road.com\/fr\/wp-json\/wp\/v2\/product_cat?post=52"},{"taxonomy":"product_tag","embeddable":true,"href":"https:\/\/chill-road.com\/fr\/wp-json\/wp\/v2\/product_tag?post=52"}],"curies":[{"name":"wp","href":"https:\/\/api.w.org\/{rel}","templated":true}]}}