{"id":57,"date":"2026-04-03T23:05:04","date_gmt":"2026-04-03T21:05:04","guid":{"rendered":"https:\/\/chill-road.com\/produit\/panneau-led-fc-4800-evo-mars-hydro-480w-spectre-complet\/"},"modified":"2026-04-04T15:05:20","modified_gmt":"2026-04-04T13:05:20","slug":"panneau-led-fc-4800-evo-mars-hydro-480w-spectre-complet","status":"publish","type":"product","link":"https:\/\/chill-road.com\/fr\/produit\/panneau-led-fc-4800-evo-mars-hydro-480w-spectre-complet\/","title":{"rendered":"FC 4800-EVO Lampe de Culture LED Samsung LM301H EVO Spectre Complet 480W Dimmable Mars Hydro \u2013 pour Tente de Culture 120X120cm"},"content":{"rendered":"<p><img data-recalc-dims=\"1\" loading=\"lazy\" decoding=\"async\" data-attachment-id=\"1339\" data-permalink=\"https:\/\/chill-road.com\/fr\/?attachment_id=1339\" data-orig-file=\"https:\/\/i0.wp.com\/chill-road.com\/wp-content\/uploads\/2025\/09\/FC-4800-EVO-des1.jpg?fit=2048%2C839&amp;quality=89&amp;ssl=1\" data-orig-size=\"2048,839\" data-comments-opened=\"1\" data-image-meta=\"{&quot;aperture&quot;:&quot;0&quot;,&quot;credit&quot;:&quot;&quot;,&quot;camera&quot;:&quot;&quot;,&quot;caption&quot;:&quot;&quot;,&quot;created_timestamp&quot;:&quot;0&quot;,&quot;copyright&quot;:&quot;&quot;,&quot;focal_length&quot;:&quot;0&quot;,&quot;iso&quot;:&quot;0&quot;,&quot;shutter_speed&quot;:&quot;0&quot;,&quot;title&quot;:&quot;&quot;,&quot;orientation&quot;:&quot;0&quot;}\" data-image-title=\"FC 4800 EVO &amp;#8211; des1\" data-image-description=\"\" data-image-caption=\"\" data-medium-file=\"https:\/\/i0.wp.com\/chill-road.com\/wp-content\/uploads\/2025\/09\/FC-4800-EVO-des1.jpg?fit=300%2C123&amp;quality=89&amp;ssl=1\" data-large-file=\"https:\/\/i0.wp.com\/chill-road.com\/wp-content\/uploads\/2025\/09\/FC-4800-EVO-des1.jpg?fit=1024%2C420&amp;quality=89&amp;ssl=1\" class=\"alignnone size-full wp-image-1339\" src=\"https:\/\/i0.wp.com\/chill-road.com\/wp-content\/uploads\/2025\/09\/FC-4800-EVO-des1.jpg?resize=2048%2C839&#038;quality=89&#038;ssl=1\" alt=\"\" width=\"2048\" height=\"839\" srcset=\"https:\/\/i0.wp.com\/chill-road.com\/wp-content\/uploads\/2025\/09\/FC-4800-EVO-des1.jpg?w=2048&amp;quality=89&amp;ssl=1 2048w, https:\/\/i0.wp.com\/chill-road.com\/wp-content\/uploads\/2025\/09\/FC-4800-EVO-des1.jpg?resize=300%2C123&amp;quality=89&amp;ssl=1 300w, https:\/\/i0.wp.com\/chill-road.com\/wp-content\/uploads\/2025\/09\/FC-4800-EVO-des1.jpg?resize=1024%2C420&amp;quality=89&amp;ssl=1 1024w, https:\/\/i0.wp.com\/chill-road.com\/wp-content\/uploads\/2025\/09\/FC-4800-EVO-des1.jpg?resize=768%2C315&amp;quality=89&amp;ssl=1 768w, https:\/\/i0.wp.com\/chill-road.com\/wp-content\/uploads\/2025\/09\/FC-4800-EVO-des1.jpg?resize=1536%2C629&amp;quality=89&amp;ssl=1 1536w, https:\/\/i0.wp.com\/chill-road.com\/wp-content\/uploads\/2025\/09\/FC-4800-EVO-des1.jpg?resize=18%2C7&amp;quality=89&amp;ssl=1 18w, https:\/\/i0.wp.com\/chill-road.com\/wp-content\/uploads\/2025\/09\/FC-4800-EVO-des1.jpg?resize=1200%2C492&amp;quality=89&amp;ssl=1 1200w, https:\/\/i0.wp.com\/chill-road.com\/wp-content\/uploads\/2025\/09\/FC-4800-EVO-des1.jpg?resize=900%2C369&amp;quality=89&amp;ssl=1 900w, https:\/\/i0.wp.com\/chill-road.com\/wp-content\/uploads\/2025\/09\/FC-4800-EVO-des1.jpg?resize=150%2C61&amp;quality=89&amp;ssl=1 150w\" sizes=\"auto, (max-width: 1000px) 100vw, 1000px\" \/> <img data-recalc-dims=\"1\" loading=\"lazy\" decoding=\"async\" data-attachment-id=\"1340\" data-permalink=\"https:\/\/chill-road.com\/fr\/?attachment_id=1340\" data-orig-file=\"https:\/\/i0.wp.com\/chill-road.com\/wp-content\/uploads\/2025\/09\/FC-4800-EVO-des2.jpg?fit=2048%2C839&amp;quality=89&amp;ssl=1\" data-orig-size=\"2048,839\" data-comments-opened=\"1\" data-image-meta=\"{&quot;aperture&quot;:&quot;0&quot;,&quot;credit&quot;:&quot;&quot;,&quot;camera&quot;:&quot;&quot;,&quot;caption&quot;:&quot;&quot;,&quot;created_timestamp&quot;:&quot;0&quot;,&quot;copyright&quot;:&quot;&quot;,&quot;focal_length&quot;:&quot;0&quot;,&quot;iso&quot;:&quot;0&quot;,&quot;shutter_speed&quot;:&quot;0&quot;,&quot;title&quot;:&quot;&quot;,&quot;orientation&quot;:&quot;0&quot;}\" data-image-title=\"FC 4800 EVO &amp;#8211; des2\" data-image-description=\"\" data-image-caption=\"\" data-medium-file=\"https:\/\/i0.wp.com\/chill-road.com\/wp-content\/uploads\/2025\/09\/FC-4800-EVO-des2.jpg?fit=300%2C123&amp;quality=89&amp;ssl=1\" data-large-file=\"https:\/\/i0.wp.com\/chill-road.com\/wp-content\/uploads\/2025\/09\/FC-4800-EVO-des2.jpg?fit=1024%2C420&amp;quality=89&amp;ssl=1\" class=\"alignnone size-full wp-image-1340\" src=\"https:\/\/i0.wp.com\/chill-road.com\/wp-content\/uploads\/2025\/09\/FC-4800-EVO-des2.jpg?resize=2048%2C839&#038;quality=89&#038;ssl=1\" alt=\"\" width=\"2048\" height=\"839\" srcset=\"https:\/\/i0.wp.com\/chill-road.com\/wp-content\/uploads\/2025\/09\/FC-4800-EVO-des2.jpg?w=2048&amp;quality=89&amp;ssl=1 2048w, https:\/\/i0.wp.com\/chill-road.com\/wp-content\/uploads\/2025\/09\/FC-4800-EVO-des2.jpg?resize=300%2C123&amp;quality=89&amp;ssl=1 300w, https:\/\/i0.wp.com\/chill-road.com\/wp-content\/uploads\/2025\/09\/FC-4800-EVO-des2.jpg?resize=1024%2C420&amp;quality=89&amp;ssl=1 1024w, https:\/\/i0.wp.com\/chill-road.com\/wp-content\/uploads\/2025\/09\/FC-4800-EVO-des2.jpg?resize=768%2C315&amp;quality=89&amp;ssl=1 768w, https:\/\/i0.wp.com\/chill-road.com\/wp-content\/uploads\/2025\/09\/FC-4800-EVO-des2.jpg?resize=1536%2C629&amp;quality=89&amp;ssl=1 1536w, https:\/\/i0.wp.com\/chill-road.com\/wp-content\/uploads\/2025\/09\/FC-4800-EVO-des2.jpg?resize=18%2C7&amp;quality=89&amp;ssl=1 18w, https:\/\/i0.wp.com\/chill-road.com\/wp-content\/uploads\/2025\/09\/FC-4800-EVO-des2.jpg?resize=1200%2C492&amp;quality=89&amp;ssl=1 1200w, https:\/\/i0.wp.com\/chill-road.com\/wp-content\/uploads\/2025\/09\/FC-4800-EVO-des2.jpg?resize=900%2C369&amp;quality=89&amp;ssl=1 900w, https:\/\/i0.wp.com\/chill-road.com\/wp-content\/uploads\/2025\/09\/FC-4800-EVO-des2.jpg?resize=150%2C61&amp;quality=89&amp;ssl=1 150w\" sizes=\"auto, (max-width: 1000px) 100vw, 1000px\" \/> <img data-recalc-dims=\"1\" loading=\"lazy\" decoding=\"async\" data-attachment-id=\"1341\" data-permalink=\"https:\/\/chill-road.com\/fr\/?attachment_id=1341\" data-orig-file=\"https:\/\/i0.wp.com\/chill-road.com\/wp-content\/uploads\/2025\/09\/FC-4800-EVO-des3.jpg?fit=2048%2C839&amp;quality=89&amp;ssl=1\" data-orig-size=\"2048,839\" data-comments-opened=\"1\" data-image-meta=\"{&quot;aperture&quot;:&quot;0&quot;,&quot;credit&quot;:&quot;&quot;,&quot;camera&quot;:&quot;&quot;,&quot;caption&quot;:&quot;&quot;,&quot;created_timestamp&quot;:&quot;0&quot;,&quot;copyright&quot;:&quot;&quot;,&quot;focal_length&quot;:&quot;0&quot;,&quot;iso&quot;:&quot;0&quot;,&quot;shutter_speed&quot;:&quot;0&quot;,&quot;title&quot;:&quot;&quot;,&quot;orientation&quot;:&quot;0&quot;}\" data-image-title=\"FC 4800 EVO &amp;#8211; des3\" data-image-description=\"\" data-image-caption=\"\" data-medium-file=\"https:\/\/i0.wp.com\/chill-road.com\/wp-content\/uploads\/2025\/09\/FC-4800-EVO-des3.jpg?fit=300%2C123&amp;quality=89&amp;ssl=1\" data-large-file=\"https:\/\/i0.wp.com\/chill-road.com\/wp-content\/uploads\/2025\/09\/FC-4800-EVO-des3.jpg?fit=1024%2C420&amp;quality=89&amp;ssl=1\" class=\"alignnone size-full wp-image-1341\" src=\"https:\/\/i0.wp.com\/chill-road.com\/wp-content\/uploads\/2025\/09\/FC-4800-EVO-des3.jpg?resize=2048%2C839&#038;quality=89&#038;ssl=1\" alt=\"\" width=\"2048\" height=\"839\" srcset=\"https:\/\/i0.wp.com\/chill-road.com\/wp-content\/uploads\/2025\/09\/FC-4800-EVO-des3.jpg?w=2048&amp;quality=89&amp;ssl=1 2048w, https:\/\/i0.wp.com\/chill-road.com\/wp-content\/uploads\/2025\/09\/FC-4800-EVO-des3.jpg?resize=300%2C123&amp;quality=89&amp;ssl=1 300w, https:\/\/i0.wp.com\/chill-road.com\/wp-content\/uploads\/2025\/09\/FC-4800-EVO-des3.jpg?resize=1024%2C420&amp;quality=89&amp;ssl=1 1024w, https:\/\/i0.wp.com\/chill-road.com\/wp-content\/uploads\/2025\/09\/FC-4800-EVO-des3.jpg?resize=768%2C315&amp;quality=89&amp;ssl=1 768w, https:\/\/i0.wp.com\/chill-road.com\/wp-content\/uploads\/2025\/09\/FC-4800-EVO-des3.jpg?resize=1536%2C629&amp;quality=89&amp;ssl=1 1536w, https:\/\/i0.wp.com\/chill-road.com\/wp-content\/uploads\/2025\/09\/FC-4800-EVO-des3.jpg?resize=18%2C7&amp;quality=89&amp;ssl=1 18w, https:\/\/i0.wp.com\/chill-road.com\/wp-content\/uploads\/2025\/09\/FC-4800-EVO-des3.jpg?resize=1200%2C492&amp;quality=89&amp;ssl=1 1200w, https:\/\/i0.wp.com\/chill-road.com\/wp-content\/uploads\/2025\/09\/FC-4800-EVO-des3.jpg?resize=900%2C369&amp;quality=89&amp;ssl=1 900w, https:\/\/i0.wp.com\/chill-road.com\/wp-content\/uploads\/2025\/09\/FC-4800-EVO-des3.jpg?resize=150%2C61&amp;quality=89&amp;ssl=1 150w\" sizes=\"auto, (max-width: 1000px) 100vw, 1000px\" \/> <img data-recalc-dims=\"1\" loading=\"lazy\" decoding=\"async\" data-attachment-id=\"1342\" data-permalink=\"https:\/\/chill-road.com\/fr\/?attachment_id=1342\" data-orig-file=\"https:\/\/i0.wp.com\/chill-road.com\/wp-content\/uploads\/2025\/09\/FC-4800-EVO-des4.jpg?fit=1464%2C600&amp;quality=89&amp;ssl=1\" data-orig-size=\"1464,600\" data-comments-opened=\"1\" data-image-meta=\"{&quot;aperture&quot;:&quot;0&quot;,&quot;credit&quot;:&quot;&quot;,&quot;camera&quot;:&quot;&quot;,&quot;caption&quot;:&quot;&quot;,&quot;created_timestamp&quot;:&quot;0&quot;,&quot;copyright&quot;:&quot;&quot;,&quot;focal_length&quot;:&quot;0&quot;,&quot;iso&quot;:&quot;0&quot;,&quot;shutter_speed&quot;:&quot;0&quot;,&quot;title&quot;:&quot;&quot;,&quot;orientation&quot;:&quot;0&quot;}\" data-image-title=\"FC 4800 EVO &amp;#8211; des4\" data-image-description=\"\" data-image-caption=\"\" data-medium-file=\"https:\/\/i0.wp.com\/chill-road.com\/wp-content\/uploads\/2025\/09\/FC-4800-EVO-des4.jpg?fit=300%2C123&amp;quality=89&amp;ssl=1\" data-large-file=\"https:\/\/i0.wp.com\/chill-road.com\/wp-content\/uploads\/2025\/09\/FC-4800-EVO-des4.jpg?fit=1024%2C420&amp;quality=89&amp;ssl=1\" class=\"alignnone size-full wp-image-1342\" src=\"https:\/\/i0.wp.com\/chill-road.com\/wp-content\/uploads\/2025\/09\/FC-4800-EVO-des4.jpg?resize=1464%2C600&#038;quality=89&#038;ssl=1\" alt=\"\" width=\"1464\" height=\"600\" srcset=\"https:\/\/i0.wp.com\/chill-road.com\/wp-content\/uploads\/2025\/09\/FC-4800-EVO-des4.jpg?w=1464&amp;quality=89&amp;ssl=1 1464w, https:\/\/i0.wp.com\/chill-road.com\/wp-content\/uploads\/2025\/09\/FC-4800-EVO-des4.jpg?resize=300%2C123&amp;quality=89&amp;ssl=1 300w, https:\/\/i0.wp.com\/chill-road.com\/wp-content\/uploads\/2025\/09\/FC-4800-EVO-des4.jpg?resize=1024%2C420&amp;quality=89&amp;ssl=1 1024w, https:\/\/i0.wp.com\/chill-road.com\/wp-content\/uploads\/2025\/09\/FC-4800-EVO-des4.jpg?resize=768%2C315&amp;quality=89&amp;ssl=1 768w, https:\/\/i0.wp.com\/chill-road.com\/wp-content\/uploads\/2025\/09\/FC-4800-EVO-des4.jpg?resize=18%2C7&amp;quality=89&amp;ssl=1 18w, https:\/\/i0.wp.com\/chill-road.com\/wp-content\/uploads\/2025\/09\/FC-4800-EVO-des4.jpg?resize=1200%2C492&amp;quality=89&amp;ssl=1 1200w, https:\/\/i0.wp.com\/chill-road.com\/wp-content\/uploads\/2025\/09\/FC-4800-EVO-des4.jpg?resize=900%2C369&amp;quality=89&amp;ssl=1 900w, https:\/\/i0.wp.com\/chill-road.com\/wp-content\/uploads\/2025\/09\/FC-4800-EVO-des4.jpg?resize=150%2C61&amp;quality=89&amp;ssl=1 150w\" sizes=\"auto, (max-width: 1000px) 100vw, 1000px\" \/> <img data-recalc-dims=\"1\" loading=\"lazy\" decoding=\"async\" data-attachment-id=\"1343\" data-permalink=\"https:\/\/chill-road.com\/fr\/?attachment_id=1343\" data-orig-file=\"https:\/\/i0.wp.com\/chill-road.com\/wp-content\/uploads\/2025\/09\/FC-4800-EVO-des5.jpg?fit=2048%2C839&amp;quality=89&amp;ssl=1\" data-orig-size=\"2048,839\" data-comments-opened=\"1\" data-image-meta=\"{&quot;aperture&quot;:&quot;0&quot;,&quot;credit&quot;:&quot;&quot;,&quot;camera&quot;:&quot;&quot;,&quot;caption&quot;:&quot;&quot;,&quot;created_timestamp&quot;:&quot;0&quot;,&quot;copyright&quot;:&quot;&quot;,&quot;focal_length&quot;:&quot;0&quot;,&quot;iso&quot;:&quot;0&quot;,&quot;shutter_speed&quot;:&quot;0&quot;,&quot;title&quot;:&quot;&quot;,&quot;orientation&quot;:&quot;0&quot;}\" data-image-title=\"FC 4800 EVO &amp;#8211; des5\" data-image-description=\"\" data-image-caption=\"\" data-medium-file=\"https:\/\/i0.wp.com\/chill-road.com\/wp-content\/uploads\/2025\/09\/FC-4800-EVO-des5.jpg?fit=300%2C123&amp;quality=89&amp;ssl=1\" data-large-file=\"https:\/\/i0.wp.com\/chill-road.com\/wp-content\/uploads\/2025\/09\/FC-4800-EVO-des5.jpg?fit=1024%2C420&amp;quality=89&amp;ssl=1\" class=\"alignnone size-full wp-image-1343\" src=\"https:\/\/i0.wp.com\/chill-road.com\/wp-content\/uploads\/2025\/09\/FC-4800-EVO-des5.jpg?resize=2048%2C839&#038;quality=89&#038;ssl=1\" alt=\"\" width=\"2048\" height=\"839\" srcset=\"https:\/\/i0.wp.com\/chill-road.com\/wp-content\/uploads\/2025\/09\/FC-4800-EVO-des5.jpg?w=2048&amp;quality=89&amp;ssl=1 2048w, https:\/\/i0.wp.com\/chill-road.com\/wp-content\/uploads\/2025\/09\/FC-4800-EVO-des5.jpg?resize=300%2C123&amp;quality=89&amp;ssl=1 300w, https:\/\/i0.wp.com\/chill-road.com\/wp-content\/uploads\/2025\/09\/FC-4800-EVO-des5.jpg?resize=1024%2C420&amp;quality=89&amp;ssl=1 1024w, https:\/\/i0.wp.com\/chill-road.com\/wp-content\/uploads\/2025\/09\/FC-4800-EVO-des5.jpg?resize=768%2C315&amp;quality=89&amp;ssl=1 768w, https:\/\/i0.wp.com\/chill-road.com\/wp-content\/uploads\/2025\/09\/FC-4800-EVO-des5.jpg?resize=1536%2C629&amp;quality=89&amp;ssl=1 1536w, https:\/\/i0.wp.com\/chill-road.com\/wp-content\/uploads\/2025\/09\/FC-4800-EVO-des5.jpg?resize=18%2C7&amp;quality=89&amp;ssl=1 18w, https:\/\/i0.wp.com\/chill-road.com\/wp-content\/uploads\/2025\/09\/FC-4800-EVO-des5.jpg?resize=1200%2C492&amp;quality=89&amp;ssl=1 1200w, https:\/\/i0.wp.com\/chill-road.com\/wp-content\/uploads\/2025\/09\/FC-4800-EVO-des5.jpg?resize=900%2C369&amp;quality=89&amp;ssl=1 900w, https:\/\/i0.wp.com\/chill-road.com\/wp-content\/uploads\/2025\/09\/FC-4800-EVO-des5.jpg?resize=150%2C61&amp;quality=89&amp;ssl=1 150w\" sizes=\"auto, (max-width: 1000px) 100vw, 1000px\" \/> <img data-recalc-dims=\"1\" loading=\"lazy\" decoding=\"async\" data-attachment-id=\"1344\" data-permalink=\"https:\/\/chill-road.com\/fr\/?attachment_id=1344\" data-orig-file=\"https:\/\/i0.wp.com\/chill-road.com\/wp-content\/uploads\/2025\/09\/FC-4800-EVO-des6.jpg?fit=2048%2C839&amp;quality=89&amp;ssl=1\" data-orig-size=\"2048,839\" data-comments-opened=\"1\" data-image-meta=\"{&quot;aperture&quot;:&quot;0&quot;,&quot;credit&quot;:&quot;&quot;,&quot;camera&quot;:&quot;&quot;,&quot;caption&quot;:&quot;&quot;,&quot;created_timestamp&quot;:&quot;0&quot;,&quot;copyright&quot;:&quot;&quot;,&quot;focal_length&quot;:&quot;0&quot;,&quot;iso&quot;:&quot;0&quot;,&quot;shutter_speed&quot;:&quot;0&quot;,&quot;title&quot;:&quot;&quot;,&quot;orientation&quot;:&quot;0&quot;}\" data-image-title=\"FC 4800 EVO &amp;#8211; des6\" data-image-description=\"\" data-image-caption=\"\" data-medium-file=\"https:\/\/i0.wp.com\/chill-road.com\/wp-content\/uploads\/2025\/09\/FC-4800-EVO-des6.jpg?fit=300%2C123&amp;quality=89&amp;ssl=1\" data-large-file=\"https:\/\/i0.wp.com\/chill-road.com\/wp-content\/uploads\/2025\/09\/FC-4800-EVO-des6.jpg?fit=1024%2C420&amp;quality=89&amp;ssl=1\" class=\"alignnone size-full wp-image-1344\" src=\"https:\/\/i0.wp.com\/chill-road.com\/wp-content\/uploads\/2025\/09\/FC-4800-EVO-des6.jpg?resize=2048%2C839&#038;quality=89&#038;ssl=1\" alt=\"\" width=\"2048\" height=\"839\" srcset=\"https:\/\/i0.wp.com\/chill-road.com\/wp-content\/uploads\/2025\/09\/FC-4800-EVO-des6.jpg?w=2048&amp;quality=89&amp;ssl=1 2048w, https:\/\/i0.wp.com\/chill-road.com\/wp-content\/uploads\/2025\/09\/FC-4800-EVO-des6.jpg?resize=300%2C123&amp;quality=89&amp;ssl=1 300w, https:\/\/i0.wp.com\/chill-road.com\/wp-content\/uploads\/2025\/09\/FC-4800-EVO-des6.jpg?resize=1024%2C420&amp;quality=89&amp;ssl=1 1024w, https:\/\/i0.wp.com\/chill-road.com\/wp-content\/uploads\/2025\/09\/FC-4800-EVO-des6.jpg?resize=768%2C315&amp;quality=89&amp;ssl=1 768w, https:\/\/i0.wp.com\/chill-road.com\/wp-content\/uploads\/2025\/09\/FC-4800-EVO-des6.jpg?resize=1536%2C629&amp;quality=89&amp;ssl=1 1536w, https:\/\/i0.wp.com\/chill-road.com\/wp-content\/uploads\/2025\/09\/FC-4800-EVO-des6.jpg?resize=18%2C7&amp;quality=89&amp;ssl=1 18w, https:\/\/i0.wp.com\/chill-road.com\/wp-content\/uploads\/2025\/09\/FC-4800-EVO-des6.jpg?resize=1200%2C492&amp;quality=89&amp;ssl=1 1200w, https:\/\/i0.wp.com\/chill-road.com\/wp-content\/uploads\/2025\/09\/FC-4800-EVO-des6.jpg?resize=900%2C369&amp;quality=89&amp;ssl=1 900w, https:\/\/i0.wp.com\/chill-road.com\/wp-content\/uploads\/2025\/09\/FC-4800-EVO-des6.jpg?resize=150%2C61&amp;quality=89&amp;ssl=1 150w\" sizes=\"auto, (max-width: 1000px) 100vw, 1000px\" \/> <img data-recalc-dims=\"1\" loading=\"lazy\" decoding=\"async\" data-attachment-id=\"1345\" data-permalink=\"https:\/\/chill-road.com\/fr\/?attachment_id=1345\" data-orig-file=\"https:\/\/i0.wp.com\/chill-road.com\/wp-content\/uploads\/2025\/09\/FC-4800-EVO-des7.jpg?fit=2048%2C839&amp;quality=89&amp;ssl=1\" data-orig-size=\"2048,839\" data-comments-opened=\"1\" data-image-meta=\"{&quot;aperture&quot;:&quot;0&quot;,&quot;credit&quot;:&quot;&quot;,&quot;camera&quot;:&quot;&quot;,&quot;caption&quot;:&quot;&quot;,&quot;created_timestamp&quot;:&quot;0&quot;,&quot;copyright&quot;:&quot;&quot;,&quot;focal_length&quot;:&quot;0&quot;,&quot;iso&quot;:&quot;0&quot;,&quot;shutter_speed&quot;:&quot;0&quot;,&quot;title&quot;:&quot;&quot;,&quot;orientation&quot;:&quot;0&quot;}\" data-image-title=\"FC 4800 EVO &amp;#8211; des7\" data-image-description=\"\" data-image-caption=\"\" data-medium-file=\"https:\/\/i0.wp.com\/chill-road.com\/wp-content\/uploads\/2025\/09\/FC-4800-EVO-des7.jpg?fit=300%2C123&amp;quality=89&amp;ssl=1\" data-large-file=\"https:\/\/i0.wp.com\/chill-road.com\/wp-content\/uploads\/2025\/09\/FC-4800-EVO-des7.jpg?fit=1024%2C420&amp;quality=89&amp;ssl=1\" class=\"alignnone size-full wp-image-1345\" src=\"https:\/\/i0.wp.com\/chill-road.com\/wp-content\/uploads\/2025\/09\/FC-4800-EVO-des7.jpg?resize=2048%2C839&#038;quality=89&#038;ssl=1\" alt=\"\" width=\"2048\" height=\"839\" srcset=\"https:\/\/i0.wp.com\/chill-road.com\/wp-content\/uploads\/2025\/09\/FC-4800-EVO-des7.jpg?w=2048&amp;quality=89&amp;ssl=1 2048w, https:\/\/i0.wp.com\/chill-road.com\/wp-content\/uploads\/2025\/09\/FC-4800-EVO-des7.jpg?resize=300%2C123&amp;quality=89&amp;ssl=1 300w, https:\/\/i0.wp.com\/chill-road.com\/wp-content\/uploads\/2025\/09\/FC-4800-EVO-des7.jpg?resize=1024%2C420&amp;quality=89&amp;ssl=1 1024w, https:\/\/i0.wp.com\/chill-road.com\/wp-content\/uploads\/2025\/09\/FC-4800-EVO-des7.jpg?resize=768%2C315&amp;quality=89&amp;ssl=1 768w, https:\/\/i0.wp.com\/chill-road.com\/wp-content\/uploads\/2025\/09\/FC-4800-EVO-des7.jpg?resize=1536%2C629&amp;quality=89&amp;ssl=1 1536w, https:\/\/i0.wp.com\/chill-road.com\/wp-content\/uploads\/2025\/09\/FC-4800-EVO-des7.jpg?resize=18%2C7&amp;quality=89&amp;ssl=1 18w, https:\/\/i0.wp.com\/chill-road.com\/wp-content\/uploads\/2025\/09\/FC-4800-EVO-des7.jpg?resize=1200%2C492&amp;quality=89&amp;ssl=1 1200w, https:\/\/i0.wp.com\/chill-road.com\/wp-content\/uploads\/2025\/09\/FC-4800-EVO-des7.jpg?resize=900%2C369&amp;quality=89&amp;ssl=1 900w, https:\/\/i0.wp.com\/chill-road.com\/wp-content\/uploads\/2025\/09\/FC-4800-EVO-des7.jpg?resize=150%2C61&amp;quality=89&amp;ssl=1 150w\" sizes=\"auto, (max-width: 1000px) 100vw, 1000px\" \/> <img data-recalc-dims=\"1\" loading=\"lazy\" decoding=\"async\" data-attachment-id=\"1338\" data-permalink=\"https:\/\/chill-road.com\/fr\/?attachment_id=1338\" data-orig-file=\"https:\/\/i0.wp.com\/chill-road.com\/wp-content\/uploads\/2025\/09\/FC-4800-EVO-des8.jpg?fit=2048%2C839&amp;quality=89&amp;ssl=1\" data-orig-size=\"2048,839\" data-comments-opened=\"1\" data-image-meta=\"{&quot;aperture&quot;:&quot;0&quot;,&quot;credit&quot;:&quot;&quot;,&quot;camera&quot;:&quot;&quot;,&quot;caption&quot;:&quot;&quot;,&quot;created_timestamp&quot;:&quot;0&quot;,&quot;copyright&quot;:&quot;&quot;,&quot;focal_length&quot;:&quot;0&quot;,&quot;iso&quot;:&quot;0&quot;,&quot;shutter_speed&quot;:&quot;0&quot;,&quot;title&quot;:&quot;&quot;,&quot;orientation&quot;:&quot;0&quot;}\" data-image-title=\"FC 4800 EVO &amp;#8211; des8\" data-image-description=\"\" data-image-caption=\"\" data-medium-file=\"https:\/\/i0.wp.com\/chill-road.com\/wp-content\/uploads\/2025\/09\/FC-4800-EVO-des8.jpg?fit=300%2C123&amp;quality=89&amp;ssl=1\" data-large-file=\"https:\/\/i0.wp.com\/chill-road.com\/wp-content\/uploads\/2025\/09\/FC-4800-EVO-des8.jpg?fit=1024%2C420&amp;quality=89&amp;ssl=1\" class=\"alignnone size-full wp-image-1338\" src=\"https:\/\/i0.wp.com\/chill-road.com\/wp-content\/uploads\/2025\/09\/FC-4800-EVO-des8.jpg?resize=2048%2C839&#038;quality=89&#038;ssl=1\" alt=\"\" width=\"2048\" height=\"839\" srcset=\"https:\/\/i0.wp.com\/chill-road.com\/wp-content\/uploads\/2025\/09\/FC-4800-EVO-des8.jpg?w=2048&amp;quality=89&amp;ssl=1 2048w, https:\/\/i0.wp.com\/chill-road.com\/wp-content\/uploads\/2025\/09\/FC-4800-EVO-des8.jpg?resize=300%2C123&amp;quality=89&amp;ssl=1 300w, https:\/\/i0.wp.com\/chill-road.com\/wp-content\/uploads\/2025\/09\/FC-4800-EVO-des8.jpg?resize=1024%2C420&amp;quality=89&amp;ssl=1 1024w, https:\/\/i0.wp.com\/chill-road.com\/wp-content\/uploads\/2025\/09\/FC-4800-EVO-des8.jpg?resize=768%2C315&amp;quality=89&amp;ssl=1 768w, https:\/\/i0.wp.com\/chill-road.com\/wp-content\/uploads\/2025\/09\/FC-4800-EVO-des8.jpg?resize=1536%2C629&amp;quality=89&amp;ssl=1 1536w, https:\/\/i0.wp.com\/chill-road.com\/wp-content\/uploads\/2025\/09\/FC-4800-EVO-des8.jpg?resize=18%2C7&amp;quality=89&amp;ssl=1 18w, https:\/\/i0.wp.com\/chill-road.com\/wp-content\/uploads\/2025\/09\/FC-4800-EVO-des8.jpg?resize=1200%2C492&amp;quality=89&amp;ssl=1 1200w, https:\/\/i0.wp.com\/chill-road.com\/wp-content\/uploads\/2025\/09\/FC-4800-EVO-des8.jpg?resize=900%2C369&amp;quality=89&amp;ssl=1 900w, https:\/\/i0.wp.com\/chill-road.com\/wp-content\/uploads\/2025\/09\/FC-4800-EVO-des8.jpg?resize=150%2C61&amp;quality=89&amp;ssl=1 150w\" sizes=\"auto, (max-width: 1000px) 100vw, 1000px\" \/><\/p>\n","protected":false},"excerpt":{"rendered":"<p><strong>Puce \u00e0 haute efficacit\u00e9 \u2013 Samsung LM301H EVO<\/strong><br \/>\n<strong>FC4800 EVO<\/strong> LED est conseill\u00e9 pour la culture domestique comme la culture sous tente. Avec des spectres blancs sp\u00e9cialis\u00e9s riches en bandes d\u2019ondes rouges et bleues, FC4800 EVO utilise une distribution uniforme des photons pour obtenir un PPFD uniforme et un PPF de premi\u00e8re qualit\u00e9 sur toute la canop\u00e9e de la plante.<\/p>\n<ul>\n<li><strong>Consommation d&rsquo;\u00e9nergie<\/strong> : 480W<\/li>\n<li><strong>PPE <\/strong>:\u00a02,85 \u00b5mol\/J<\/li>\n<li><strong>Rendement<\/strong>:\u00a03,5 g\/W<\/li>\n<li><strong>Couverture de la culture<\/strong> : 120x120cm<\/li>\n<\/ul>\n<p>&nbsp;<\/p>\n<p>Pour activer la fonction intelligente, vous devez acheter ensemble le <strong>Mars Hydro <a href=\"https:\/\/chill-road.com\/produit\/controleur-intelligent-iconnect-mars-hydro\/\">iConnect Smart Controller<\/a>.<\/strong><\/p>\n<ul>\n<li><strong>D\u00e9lai d\u2019exp\u00e9dition<\/strong> : exp\u00e9di\u00e9 sous 24 heures, livraisons sous 5 \u00e0 15 jours ouvrables.<\/li>\n<li><strong>Le paquet comprend :<\/strong> 1xFC4800-EVO, 1xConnecteur UE, 1xC\u00e2ble d\u2019att\u00e9nuation, 1xKit de suspension, 1xCliquet de corde, 1xManuel d\u2019utilisation.<\/li>\n<\/ul>\n","protected":false},"featured_media":914,"comment_status":"open","ping_status":"closed","template":"","meta":[],"product_brand":[43],"product_cat":[17,25,159],"product_tag":[],"class_list":{"0":"post-57","1":"product","2":"type-product","3":"status-publish","4":"has-post-thumbnail","6":"product_brand-mars-hydro","7":"product_cat-eclairages-horticoles","8":"product_cat-fc-evo-series","9":"product_cat-led-mars-hydro","10":"pa_led-couverture-croissance-120x120cm","11":"pa_led-dimensions-84084080-mm","12":"pa_led-frequence-50-60hz","13":"pa_led-intensite-amperes-3-995a120v-2-024a240v-1-780a277v","14":"pa_led-nombre-de-led-1680-pcs","15":"pa_led-puissance-480w","16":"pa_led-spectre-lumineux-spectre-complet","17":"pa_led-temperature-d-usage-20-35-4-95","18":"pa_led-tension-volts-ac100-277v","19":"cr-has-rrp","21":"first","22":"instock","23":"sale","24":"taxable","25":"shipping-taxable","26":"purchasable","27":"product-type-simple"},"jetpack_sharing_enabled":true,"_links":{"self":[{"href":"https:\/\/chill-road.com\/fr\/wp-json\/wp\/v2\/product\/57","targetHints":{"allow":["GET"]}}],"collection":[{"href":"https:\/\/chill-road.com\/fr\/wp-json\/wp\/v2\/product"}],"about":[{"href":"https:\/\/chill-road.com\/fr\/wp-json\/wp\/v2\/types\/product"}],"replies":[{"embeddable":true,"href":"https:\/\/chill-road.com\/fr\/wp-json\/wp\/v2\/comments?post=57"}],"version-history":[{"count":0,"href":"https:\/\/chill-road.com\/fr\/wp-json\/wp\/v2\/product\/57\/revisions"}],"wp:featuredmedia":[{"embeddable":true,"href":"https:\/\/chill-road.com\/fr\/wp-json\/wp\/v2\/media\/914"}],"wp:attachment":[{"href":"https:\/\/chill-road.com\/fr\/wp-json\/wp\/v2\/media?parent=57"}],"wp:term":[{"taxonomy":"product_brand","embeddable":true,"href":"https:\/\/chill-road.com\/fr\/wp-json\/wp\/v2\/product_brand?post=57"},{"taxonomy":"product_cat","embeddable":true,"href":"https:\/\/chill-road.com\/fr\/wp-json\/wp\/v2\/product_cat?post=57"},{"taxonomy":"product_tag","embeddable":true,"href":"https:\/\/chill-road.com\/fr\/wp-json\/wp\/v2\/product_tag?post=57"}],"curies":[{"name":"wp","href":"https:\/\/api.w.org\/{rel}","templated":true}]}}