{"id":78,"date":"2026-04-03T23:04:48","date_gmt":"2026-04-03T21:04:48","guid":{"rendered":"https:\/\/chill-road.com\/produit\/barres-led-additionnel-ur5530-mars-hydro\/"},"modified":"2026-05-15T10:05:41","modified_gmt":"2026-05-15T08:05:41","slug":"barres-led-additionnel-ur5530-mars-hydro","status":"publish","type":"product","link":"https:\/\/chill-road.com\/fr\/produit\/barres-led-additionnel-ur5530-mars-hydro\/","title":{"rendered":"ADLite UV55 + IR30 Barres LED  de Croissance Mars Hydro \u2013 Pack de suppl\u00e9mentation ultraviolet et infrarouge."},"content":{"rendered":"<p><img data-recalc-dims=\"1\" loading=\"lazy\" decoding=\"async\" data-attachment-id=\"1617\" data-permalink=\"https:\/\/chill-road.com\/fr\/?attachment_id=1617\" data-orig-file=\"https:\/\/i0.wp.com\/chill-road.com\/wp-content\/uploads\/2025\/09\/ADLite-UR5530-des1.jpg?fit=2048%2C839&amp;quality=89&amp;ssl=1\" data-orig-size=\"2048,839\" data-comments-opened=\"1\" data-image-meta=\"{&quot;aperture&quot;:&quot;0&quot;,&quot;credit&quot;:&quot;&quot;,&quot;camera&quot;:&quot;&quot;,&quot;caption&quot;:&quot;&quot;,&quot;created_timestamp&quot;:&quot;0&quot;,&quot;copyright&quot;:&quot;&quot;,&quot;focal_length&quot;:&quot;0&quot;,&quot;iso&quot;:&quot;0&quot;,&quot;shutter_speed&quot;:&quot;0&quot;,&quot;title&quot;:&quot;&quot;,&quot;orientation&quot;:&quot;0&quot;}\" data-image-title=\"ADLite -UR5530 &amp;#8211; des1\" data-image-description=\"\" data-image-caption=\"\" data-large-file=\"https:\/\/i0.wp.com\/chill-road.com\/wp-content\/uploads\/2025\/09\/ADLite-UR5530-des1.jpg?fit=1024%2C420&amp;quality=89&amp;ssl=1\" class=\"alignnone size-full wp-image-1617\" src=\"https:\/\/i0.wp.com\/chill-road.com\/wp-content\/uploads\/2025\/09\/ADLite-UR5530-des1.jpg?resize=2048%2C839&#038;quality=89&#038;ssl=1\" alt=\"\" width=\"2048\" height=\"839\" srcset=\"https:\/\/i0.wp.com\/chill-road.com\/wp-content\/uploads\/2025\/09\/ADLite-UR5530-des1.jpg?w=2048&amp;quality=89&amp;ssl=1 2048w, https:\/\/i0.wp.com\/chill-road.com\/wp-content\/uploads\/2025\/09\/ADLite-UR5530-des1.jpg?resize=300%2C123&amp;quality=89&amp;ssl=1 300w, https:\/\/i0.wp.com\/chill-road.com\/wp-content\/uploads\/2025\/09\/ADLite-UR5530-des1.jpg?resize=1024%2C420&amp;quality=89&amp;ssl=1 1024w, https:\/\/i0.wp.com\/chill-road.com\/wp-content\/uploads\/2025\/09\/ADLite-UR5530-des1.jpg?resize=768%2C315&amp;quality=89&amp;ssl=1 768w, https:\/\/i0.wp.com\/chill-road.com\/wp-content\/uploads\/2025\/09\/ADLite-UR5530-des1.jpg?resize=1536%2C629&amp;quality=89&amp;ssl=1 1536w, https:\/\/i0.wp.com\/chill-road.com\/wp-content\/uploads\/2025\/09\/ADLite-UR5530-des1.jpg?resize=18%2C7&amp;quality=89&amp;ssl=1 18w, https:\/\/i0.wp.com\/chill-road.com\/wp-content\/uploads\/2025\/09\/ADLite-UR5530-des1.jpg?resize=1200%2C492&amp;quality=89&amp;ssl=1 1200w, https:\/\/i0.wp.com\/chill-road.com\/wp-content\/uploads\/2025\/09\/ADLite-UR5530-des1.jpg?resize=900%2C369&amp;quality=89&amp;ssl=1 900w, https:\/\/i0.wp.com\/chill-road.com\/wp-content\/uploads\/2025\/09\/ADLite-UR5530-des1.jpg?resize=150%2C61&amp;quality=89&amp;ssl=1 150w\" sizes=\"auto, (max-width: 1000px) 100vw, 1000px\" \/> <img data-recalc-dims=\"1\" loading=\"lazy\" decoding=\"async\" data-attachment-id=\"1618\" data-permalink=\"https:\/\/chill-road.com\/fr\/?attachment_id=1618\" data-orig-file=\"https:\/\/i0.wp.com\/chill-road.com\/wp-content\/uploads\/2025\/09\/ADLite-UR5530-des2.jpg?fit=2048%2C839&amp;quality=89&amp;ssl=1\" data-orig-size=\"2048,839\" data-comments-opened=\"1\" data-image-meta=\"{&quot;aperture&quot;:&quot;0&quot;,&quot;credit&quot;:&quot;&quot;,&quot;camera&quot;:&quot;&quot;,&quot;caption&quot;:&quot;&quot;,&quot;created_timestamp&quot;:&quot;0&quot;,&quot;copyright&quot;:&quot;&quot;,&quot;focal_length&quot;:&quot;0&quot;,&quot;iso&quot;:&quot;0&quot;,&quot;shutter_speed&quot;:&quot;0&quot;,&quot;title&quot;:&quot;&quot;,&quot;orientation&quot;:&quot;0&quot;}\" data-image-title=\"ADLite -UR5530 &amp;#8211; des2\" data-image-description=\"\" data-image-caption=\"\" data-large-file=\"https:\/\/i0.wp.com\/chill-road.com\/wp-content\/uploads\/2025\/09\/ADLite-UR5530-des2.jpg?fit=1024%2C420&amp;quality=89&amp;ssl=1\" class=\"alignnone size-full wp-image-1618\" src=\"https:\/\/i0.wp.com\/chill-road.com\/wp-content\/uploads\/2025\/09\/ADLite-UR5530-des2.jpg?resize=2048%2C839&#038;quality=89&#038;ssl=1\" alt=\"\" width=\"2048\" height=\"839\" srcset=\"https:\/\/i0.wp.com\/chill-road.com\/wp-content\/uploads\/2025\/09\/ADLite-UR5530-des2.jpg?w=2048&amp;quality=89&amp;ssl=1 2048w, https:\/\/i0.wp.com\/chill-road.com\/wp-content\/uploads\/2025\/09\/ADLite-UR5530-des2.jpg?resize=300%2C123&amp;quality=89&amp;ssl=1 300w, https:\/\/i0.wp.com\/chill-road.com\/wp-content\/uploads\/2025\/09\/ADLite-UR5530-des2.jpg?resize=1024%2C420&amp;quality=89&amp;ssl=1 1024w, https:\/\/i0.wp.com\/chill-road.com\/wp-content\/uploads\/2025\/09\/ADLite-UR5530-des2.jpg?resize=768%2C315&amp;quality=89&amp;ssl=1 768w, https:\/\/i0.wp.com\/chill-road.com\/wp-content\/uploads\/2025\/09\/ADLite-UR5530-des2.jpg?resize=1536%2C629&amp;quality=89&amp;ssl=1 1536w, https:\/\/i0.wp.com\/chill-road.com\/wp-content\/uploads\/2025\/09\/ADLite-UR5530-des2.jpg?resize=18%2C7&amp;quality=89&amp;ssl=1 18w, https:\/\/i0.wp.com\/chill-road.com\/wp-content\/uploads\/2025\/09\/ADLite-UR5530-des2.jpg?resize=1200%2C492&amp;quality=89&amp;ssl=1 1200w, https:\/\/i0.wp.com\/chill-road.com\/wp-content\/uploads\/2025\/09\/ADLite-UR5530-des2.jpg?resize=900%2C369&amp;quality=89&amp;ssl=1 900w, https:\/\/i0.wp.com\/chill-road.com\/wp-content\/uploads\/2025\/09\/ADLite-UR5530-des2.jpg?resize=150%2C61&amp;quality=89&amp;ssl=1 150w\" sizes=\"auto, (max-width: 1000px) 100vw, 1000px\" \/> <img data-recalc-dims=\"1\" loading=\"lazy\" decoding=\"async\" data-attachment-id=\"1619\" data-permalink=\"https:\/\/chill-road.com\/fr\/?attachment_id=1619\" data-orig-file=\"https:\/\/i0.wp.com\/chill-road.com\/wp-content\/uploads\/2025\/09\/ADLite-UR5530-des3.jpg?fit=2048%2C839&amp;quality=89&amp;ssl=1\" data-orig-size=\"2048,839\" data-comments-opened=\"1\" data-image-meta=\"{&quot;aperture&quot;:&quot;0&quot;,&quot;credit&quot;:&quot;&quot;,&quot;camera&quot;:&quot;&quot;,&quot;caption&quot;:&quot;&quot;,&quot;created_timestamp&quot;:&quot;0&quot;,&quot;copyright&quot;:&quot;&quot;,&quot;focal_length&quot;:&quot;0&quot;,&quot;iso&quot;:&quot;0&quot;,&quot;shutter_speed&quot;:&quot;0&quot;,&quot;title&quot;:&quot;&quot;,&quot;orientation&quot;:&quot;0&quot;}\" data-image-title=\"ADLite -UR5530 &amp;#8211; des3\" data-image-description=\"\" data-image-caption=\"\" data-large-file=\"https:\/\/i0.wp.com\/chill-road.com\/wp-content\/uploads\/2025\/09\/ADLite-UR5530-des3.jpg?fit=1024%2C420&amp;quality=89&amp;ssl=1\" class=\"alignnone size-full wp-image-1619\" src=\"https:\/\/i0.wp.com\/chill-road.com\/wp-content\/uploads\/2025\/09\/ADLite-UR5530-des3.jpg?resize=2048%2C839&#038;quality=89&#038;ssl=1\" alt=\"\" width=\"2048\" height=\"839\" srcset=\"https:\/\/i0.wp.com\/chill-road.com\/wp-content\/uploads\/2025\/09\/ADLite-UR5530-des3.jpg?w=2048&amp;quality=89&amp;ssl=1 2048w, https:\/\/i0.wp.com\/chill-road.com\/wp-content\/uploads\/2025\/09\/ADLite-UR5530-des3.jpg?resize=300%2C123&amp;quality=89&amp;ssl=1 300w, https:\/\/i0.wp.com\/chill-road.com\/wp-content\/uploads\/2025\/09\/ADLite-UR5530-des3.jpg?resize=1024%2C420&amp;quality=89&amp;ssl=1 1024w, https:\/\/i0.wp.com\/chill-road.com\/wp-content\/uploads\/2025\/09\/ADLite-UR5530-des3.jpg?resize=768%2C315&amp;quality=89&amp;ssl=1 768w, https:\/\/i0.wp.com\/chill-road.com\/wp-content\/uploads\/2025\/09\/ADLite-UR5530-des3.jpg?resize=1536%2C629&amp;quality=89&amp;ssl=1 1536w, https:\/\/i0.wp.com\/chill-road.com\/wp-content\/uploads\/2025\/09\/ADLite-UR5530-des3.jpg?resize=18%2C7&amp;quality=89&amp;ssl=1 18w, https:\/\/i0.wp.com\/chill-road.com\/wp-content\/uploads\/2025\/09\/ADLite-UR5530-des3.jpg?resize=1200%2C492&amp;quality=89&amp;ssl=1 1200w, https:\/\/i0.wp.com\/chill-road.com\/wp-content\/uploads\/2025\/09\/ADLite-UR5530-des3.jpg?resize=900%2C369&amp;quality=89&amp;ssl=1 900w, https:\/\/i0.wp.com\/chill-road.com\/wp-content\/uploads\/2025\/09\/ADLite-UR5530-des3.jpg?resize=150%2C61&amp;quality=89&amp;ssl=1 150w\" sizes=\"auto, (max-width: 1000px) 100vw, 1000px\" \/> <img data-recalc-dims=\"1\" loading=\"lazy\" decoding=\"async\" data-attachment-id=\"1620\" data-permalink=\"https:\/\/chill-road.com\/fr\/?attachment_id=1620\" data-orig-file=\"https:\/\/i0.wp.com\/chill-road.com\/wp-content\/uploads\/2025\/09\/ADLite-UR5530-des4.jpg?fit=2048%2C839&amp;quality=89&amp;ssl=1\" data-orig-size=\"2048,839\" data-comments-opened=\"1\" data-image-meta=\"{&quot;aperture&quot;:&quot;0&quot;,&quot;credit&quot;:&quot;&quot;,&quot;camera&quot;:&quot;&quot;,&quot;caption&quot;:&quot;&quot;,&quot;created_timestamp&quot;:&quot;0&quot;,&quot;copyright&quot;:&quot;&quot;,&quot;focal_length&quot;:&quot;0&quot;,&quot;iso&quot;:&quot;0&quot;,&quot;shutter_speed&quot;:&quot;0&quot;,&quot;title&quot;:&quot;&quot;,&quot;orientation&quot;:&quot;0&quot;}\" data-image-title=\"ADLite -UR5530 &amp;#8211; des4\" data-image-description=\"\" data-image-caption=\"\" data-large-file=\"https:\/\/i0.wp.com\/chill-road.com\/wp-content\/uploads\/2025\/09\/ADLite-UR5530-des4.jpg?fit=1024%2C420&amp;quality=89&amp;ssl=1\" class=\"alignnone size-full wp-image-1620\" src=\"https:\/\/i0.wp.com\/chill-road.com\/wp-content\/uploads\/2025\/09\/ADLite-UR5530-des4.jpg?resize=2048%2C839&#038;quality=89&#038;ssl=1\" alt=\"\" width=\"2048\" height=\"839\" srcset=\"https:\/\/i0.wp.com\/chill-road.com\/wp-content\/uploads\/2025\/09\/ADLite-UR5530-des4.jpg?w=2048&amp;quality=89&amp;ssl=1 2048w, https:\/\/i0.wp.com\/chill-road.com\/wp-content\/uploads\/2025\/09\/ADLite-UR5530-des4.jpg?resize=300%2C123&amp;quality=89&amp;ssl=1 300w, https:\/\/i0.wp.com\/chill-road.com\/wp-content\/uploads\/2025\/09\/ADLite-UR5530-des4.jpg?resize=1024%2C420&amp;quality=89&amp;ssl=1 1024w, https:\/\/i0.wp.com\/chill-road.com\/wp-content\/uploads\/2025\/09\/ADLite-UR5530-des4.jpg?resize=768%2C315&amp;quality=89&amp;ssl=1 768w, https:\/\/i0.wp.com\/chill-road.com\/wp-content\/uploads\/2025\/09\/ADLite-UR5530-des4.jpg?resize=1536%2C629&amp;quality=89&amp;ssl=1 1536w, https:\/\/i0.wp.com\/chill-road.com\/wp-content\/uploads\/2025\/09\/ADLite-UR5530-des4.jpg?resize=18%2C7&amp;quality=89&amp;ssl=1 18w, https:\/\/i0.wp.com\/chill-road.com\/wp-content\/uploads\/2025\/09\/ADLite-UR5530-des4.jpg?resize=1200%2C492&amp;quality=89&amp;ssl=1 1200w, https:\/\/i0.wp.com\/chill-road.com\/wp-content\/uploads\/2025\/09\/ADLite-UR5530-des4.jpg?resize=900%2C369&amp;quality=89&amp;ssl=1 900w, https:\/\/i0.wp.com\/chill-road.com\/wp-content\/uploads\/2025\/09\/ADLite-UR5530-des4.jpg?resize=150%2C61&amp;quality=89&amp;ssl=1 150w\" sizes=\"auto, (max-width: 1000px) 100vw, 1000px\" \/> <img data-recalc-dims=\"1\" loading=\"lazy\" decoding=\"async\" data-attachment-id=\"1612\" data-permalink=\"https:\/\/chill-road.com\/fr\/?attachment_id=1612\" data-orig-file=\"https:\/\/i0.wp.com\/chill-road.com\/wp-content\/uploads\/2025\/09\/ADLite-UR5530-des5.jpg?fit=2048%2C839&amp;quality=89&amp;ssl=1\" data-orig-size=\"2048,839\" data-comments-opened=\"1\" data-image-meta=\"{&quot;aperture&quot;:&quot;0&quot;,&quot;credit&quot;:&quot;&quot;,&quot;camera&quot;:&quot;&quot;,&quot;caption&quot;:&quot;&quot;,&quot;created_timestamp&quot;:&quot;0&quot;,&quot;copyright&quot;:&quot;&quot;,&quot;focal_length&quot;:&quot;0&quot;,&quot;iso&quot;:&quot;0&quot;,&quot;shutter_speed&quot;:&quot;0&quot;,&quot;title&quot;:&quot;&quot;,&quot;orientation&quot;:&quot;0&quot;}\" data-image-title=\"ADLite -UR5530 &amp;#8211; des5\" data-image-description=\"\" data-image-caption=\"\" data-large-file=\"https:\/\/i0.wp.com\/chill-road.com\/wp-content\/uploads\/2025\/09\/ADLite-UR5530-des5.jpg?fit=1024%2C420&amp;quality=89&amp;ssl=1\" class=\"alignnone size-full wp-image-1612\" src=\"https:\/\/i0.wp.com\/chill-road.com\/wp-content\/uploads\/2025\/09\/ADLite-UR5530-des5.jpg?resize=2048%2C839&#038;quality=89&#038;ssl=1\" alt=\"\" width=\"2048\" height=\"839\" srcset=\"https:\/\/i0.wp.com\/chill-road.com\/wp-content\/uploads\/2025\/09\/ADLite-UR5530-des5.jpg?w=2048&amp;quality=89&amp;ssl=1 2048w, https:\/\/i0.wp.com\/chill-road.com\/wp-content\/uploads\/2025\/09\/ADLite-UR5530-des5.jpg?resize=300%2C123&amp;quality=89&amp;ssl=1 300w, https:\/\/i0.wp.com\/chill-road.com\/wp-content\/uploads\/2025\/09\/ADLite-UR5530-des5.jpg?resize=1024%2C420&amp;quality=89&amp;ssl=1 1024w, https:\/\/i0.wp.com\/chill-road.com\/wp-content\/uploads\/2025\/09\/ADLite-UR5530-des5.jpg?resize=768%2C315&amp;quality=89&amp;ssl=1 768w, https:\/\/i0.wp.com\/chill-road.com\/wp-content\/uploads\/2025\/09\/ADLite-UR5530-des5.jpg?resize=1536%2C629&amp;quality=89&amp;ssl=1 1536w, https:\/\/i0.wp.com\/chill-road.com\/wp-content\/uploads\/2025\/09\/ADLite-UR5530-des5.jpg?resize=18%2C7&amp;quality=89&amp;ssl=1 18w, https:\/\/i0.wp.com\/chill-road.com\/wp-content\/uploads\/2025\/09\/ADLite-UR5530-des5.jpg?resize=1200%2C492&amp;quality=89&amp;ssl=1 1200w, https:\/\/i0.wp.com\/chill-road.com\/wp-content\/uploads\/2025\/09\/ADLite-UR5530-des5.jpg?resize=900%2C369&amp;quality=89&amp;ssl=1 900w, https:\/\/i0.wp.com\/chill-road.com\/wp-content\/uploads\/2025\/09\/ADLite-UR5530-des5.jpg?resize=150%2C61&amp;quality=89&amp;ssl=1 150w\" sizes=\"auto, (max-width: 1000px) 100vw, 1000px\" \/> <img data-recalc-dims=\"1\" loading=\"lazy\" decoding=\"async\" data-attachment-id=\"1613\" data-permalink=\"https:\/\/chill-road.com\/fr\/?attachment_id=1613\" data-orig-file=\"https:\/\/i0.wp.com\/chill-road.com\/wp-content\/uploads\/2025\/09\/ADLite-UR5530-des6.jpg?fit=2048%2C839&amp;quality=89&amp;ssl=1\" data-orig-size=\"2048,839\" data-comments-opened=\"1\" data-image-meta=\"{&quot;aperture&quot;:&quot;0&quot;,&quot;credit&quot;:&quot;&quot;,&quot;camera&quot;:&quot;&quot;,&quot;caption&quot;:&quot;&quot;,&quot;created_timestamp&quot;:&quot;0&quot;,&quot;copyright&quot;:&quot;&quot;,&quot;focal_length&quot;:&quot;0&quot;,&quot;iso&quot;:&quot;0&quot;,&quot;shutter_speed&quot;:&quot;0&quot;,&quot;title&quot;:&quot;&quot;,&quot;orientation&quot;:&quot;0&quot;}\" data-image-title=\"ADLite -UR5530 &amp;#8211; des6\" data-image-description=\"\" data-image-caption=\"\" data-large-file=\"https:\/\/i0.wp.com\/chill-road.com\/wp-content\/uploads\/2025\/09\/ADLite-UR5530-des6.jpg?fit=1024%2C420&amp;quality=89&amp;ssl=1\" class=\"alignnone size-full wp-image-1613\" src=\"https:\/\/i0.wp.com\/chill-road.com\/wp-content\/uploads\/2025\/09\/ADLite-UR5530-des6.jpg?resize=2048%2C839&#038;quality=89&#038;ssl=1\" alt=\"\" width=\"2048\" height=\"839\" srcset=\"https:\/\/i0.wp.com\/chill-road.com\/wp-content\/uploads\/2025\/09\/ADLite-UR5530-des6.jpg?w=2048&amp;quality=89&amp;ssl=1 2048w, https:\/\/i0.wp.com\/chill-road.com\/wp-content\/uploads\/2025\/09\/ADLite-UR5530-des6.jpg?resize=300%2C123&amp;quality=89&amp;ssl=1 300w, https:\/\/i0.wp.com\/chill-road.com\/wp-content\/uploads\/2025\/09\/ADLite-UR5530-des6.jpg?resize=1024%2C420&amp;quality=89&amp;ssl=1 1024w, https:\/\/i0.wp.com\/chill-road.com\/wp-content\/uploads\/2025\/09\/ADLite-UR5530-des6.jpg?resize=768%2C315&amp;quality=89&amp;ssl=1 768w, https:\/\/i0.wp.com\/chill-road.com\/wp-content\/uploads\/2025\/09\/ADLite-UR5530-des6.jpg?resize=1536%2C629&amp;quality=89&amp;ssl=1 1536w, https:\/\/i0.wp.com\/chill-road.com\/wp-content\/uploads\/2025\/09\/ADLite-UR5530-des6.jpg?resize=18%2C7&amp;quality=89&amp;ssl=1 18w, https:\/\/i0.wp.com\/chill-road.com\/wp-content\/uploads\/2025\/09\/ADLite-UR5530-des6.jpg?resize=1200%2C492&amp;quality=89&amp;ssl=1 1200w, https:\/\/i0.wp.com\/chill-road.com\/wp-content\/uploads\/2025\/09\/ADLite-UR5530-des6.jpg?resize=900%2C369&amp;quality=89&amp;ssl=1 900w, https:\/\/i0.wp.com\/chill-road.com\/wp-content\/uploads\/2025\/09\/ADLite-UR5530-des6.jpg?resize=150%2C61&amp;quality=89&amp;ssl=1 150w\" sizes=\"auto, (max-width: 1000px) 100vw, 1000px\" \/> <img data-recalc-dims=\"1\" loading=\"lazy\" decoding=\"async\" data-attachment-id=\"1614\" data-permalink=\"https:\/\/chill-road.com\/fr\/?attachment_id=1614\" data-orig-file=\"https:\/\/i0.wp.com\/chill-road.com\/wp-content\/uploads\/2025\/09\/ADLite-UR5530-des7.jpg?fit=2048%2C839&amp;quality=89&amp;ssl=1\" data-orig-size=\"2048,839\" data-comments-opened=\"1\" data-image-meta=\"{&quot;aperture&quot;:&quot;0&quot;,&quot;credit&quot;:&quot;&quot;,&quot;camera&quot;:&quot;&quot;,&quot;caption&quot;:&quot;&quot;,&quot;created_timestamp&quot;:&quot;0&quot;,&quot;copyright&quot;:&quot;&quot;,&quot;focal_length&quot;:&quot;0&quot;,&quot;iso&quot;:&quot;0&quot;,&quot;shutter_speed&quot;:&quot;0&quot;,&quot;title&quot;:&quot;&quot;,&quot;orientation&quot;:&quot;0&quot;}\" data-image-title=\"ADLite -UR5530 &amp;#8211; des7\" data-image-description=\"\" data-image-caption=\"\" data-large-file=\"https:\/\/i0.wp.com\/chill-road.com\/wp-content\/uploads\/2025\/09\/ADLite-UR5530-des7.jpg?fit=1024%2C420&amp;quality=89&amp;ssl=1\" class=\"alignnone size-full wp-image-1614\" src=\"https:\/\/i0.wp.com\/chill-road.com\/wp-content\/uploads\/2025\/09\/ADLite-UR5530-des7.jpg?resize=2048%2C839&#038;quality=89&#038;ssl=1\" alt=\"\" width=\"2048\" height=\"839\" srcset=\"https:\/\/i0.wp.com\/chill-road.com\/wp-content\/uploads\/2025\/09\/ADLite-UR5530-des7.jpg?w=2048&amp;quality=89&amp;ssl=1 2048w, https:\/\/i0.wp.com\/chill-road.com\/wp-content\/uploads\/2025\/09\/ADLite-UR5530-des7.jpg?resize=300%2C123&amp;quality=89&amp;ssl=1 300w, https:\/\/i0.wp.com\/chill-road.com\/wp-content\/uploads\/2025\/09\/ADLite-UR5530-des7.jpg?resize=1024%2C420&amp;quality=89&amp;ssl=1 1024w, https:\/\/i0.wp.com\/chill-road.com\/wp-content\/uploads\/2025\/09\/ADLite-UR5530-des7.jpg?resize=768%2C315&amp;quality=89&amp;ssl=1 768w, https:\/\/i0.wp.com\/chill-road.com\/wp-content\/uploads\/2025\/09\/ADLite-UR5530-des7.jpg?resize=1536%2C629&amp;quality=89&amp;ssl=1 1536w, https:\/\/i0.wp.com\/chill-road.com\/wp-content\/uploads\/2025\/09\/ADLite-UR5530-des7.jpg?resize=18%2C7&amp;quality=89&amp;ssl=1 18w, https:\/\/i0.wp.com\/chill-road.com\/wp-content\/uploads\/2025\/09\/ADLite-UR5530-des7.jpg?resize=1200%2C492&amp;quality=89&amp;ssl=1 1200w, https:\/\/i0.wp.com\/chill-road.com\/wp-content\/uploads\/2025\/09\/ADLite-UR5530-des7.jpg?resize=900%2C369&amp;quality=89&amp;ssl=1 900w, https:\/\/i0.wp.com\/chill-road.com\/wp-content\/uploads\/2025\/09\/ADLite-UR5530-des7.jpg?resize=150%2C61&amp;quality=89&amp;ssl=1 150w\" sizes=\"auto, (max-width: 1000px) 100vw, 1000px\" \/> <img data-recalc-dims=\"1\" loading=\"lazy\" decoding=\"async\" data-attachment-id=\"1615\" data-permalink=\"https:\/\/chill-road.com\/fr\/?attachment_id=1615\" data-orig-file=\"https:\/\/i0.wp.com\/chill-road.com\/wp-content\/uploads\/2025\/09\/ADLite-UR5530-des8.jpg?fit=2048%2C839&amp;quality=89&amp;ssl=1\" data-orig-size=\"2048,839\" data-comments-opened=\"1\" data-image-meta=\"{&quot;aperture&quot;:&quot;0&quot;,&quot;credit&quot;:&quot;&quot;,&quot;camera&quot;:&quot;&quot;,&quot;caption&quot;:&quot;&quot;,&quot;created_timestamp&quot;:&quot;0&quot;,&quot;copyright&quot;:&quot;&quot;,&quot;focal_length&quot;:&quot;0&quot;,&quot;iso&quot;:&quot;0&quot;,&quot;shutter_speed&quot;:&quot;0&quot;,&quot;title&quot;:&quot;&quot;,&quot;orientation&quot;:&quot;0&quot;}\" data-image-title=\"ADLite -UR5530 &amp;#8211; des8\" data-image-description=\"\" data-image-caption=\"\" data-large-file=\"https:\/\/i0.wp.com\/chill-road.com\/wp-content\/uploads\/2025\/09\/ADLite-UR5530-des8.jpg?fit=1024%2C420&amp;quality=89&amp;ssl=1\" class=\"alignnone size-full wp-image-1615\" src=\"https:\/\/i0.wp.com\/chill-road.com\/wp-content\/uploads\/2025\/09\/ADLite-UR5530-des8.jpg?resize=2048%2C839&#038;quality=89&#038;ssl=1\" alt=\"\" width=\"2048\" height=\"839\" srcset=\"https:\/\/i0.wp.com\/chill-road.com\/wp-content\/uploads\/2025\/09\/ADLite-UR5530-des8.jpg?w=2048&amp;quality=89&amp;ssl=1 2048w, https:\/\/i0.wp.com\/chill-road.com\/wp-content\/uploads\/2025\/09\/ADLite-UR5530-des8.jpg?resize=300%2C123&amp;quality=89&amp;ssl=1 300w, https:\/\/i0.wp.com\/chill-road.com\/wp-content\/uploads\/2025\/09\/ADLite-UR5530-des8.jpg?resize=1024%2C420&amp;quality=89&amp;ssl=1 1024w, https:\/\/i0.wp.com\/chill-road.com\/wp-content\/uploads\/2025\/09\/ADLite-UR5530-des8.jpg?resize=768%2C315&amp;quality=89&amp;ssl=1 768w, https:\/\/i0.wp.com\/chill-road.com\/wp-content\/uploads\/2025\/09\/ADLite-UR5530-des8.jpg?resize=1536%2C629&amp;quality=89&amp;ssl=1 1536w, https:\/\/i0.wp.com\/chill-road.com\/wp-content\/uploads\/2025\/09\/ADLite-UR5530-des8.jpg?resize=18%2C7&amp;quality=89&amp;ssl=1 18w, https:\/\/i0.wp.com\/chill-road.com\/wp-content\/uploads\/2025\/09\/ADLite-UR5530-des8.jpg?resize=1200%2C492&amp;quality=89&amp;ssl=1 1200w, https:\/\/i0.wp.com\/chill-road.com\/wp-content\/uploads\/2025\/09\/ADLite-UR5530-des8.jpg?resize=900%2C369&amp;quality=89&amp;ssl=1 900w, https:\/\/i0.wp.com\/chill-road.com\/wp-content\/uploads\/2025\/09\/ADLite-UR5530-des8.jpg?resize=150%2C61&amp;quality=89&amp;ssl=1 150w\" sizes=\"auto, (max-width: 1000px) 100vw, 1000px\" \/> <img data-recalc-dims=\"1\" loading=\"lazy\" decoding=\"async\" data-attachment-id=\"1616\" data-permalink=\"https:\/\/chill-road.com\/fr\/?attachment_id=1616\" data-orig-file=\"https:\/\/i0.wp.com\/chill-road.com\/wp-content\/uploads\/2025\/09\/ADLite-UR5530-des9.jpg?fit=2048%2C839&amp;quality=89&amp;ssl=1\" data-orig-size=\"2048,839\" data-comments-opened=\"1\" data-image-meta=\"{&quot;aperture&quot;:&quot;0&quot;,&quot;credit&quot;:&quot;&quot;,&quot;camera&quot;:&quot;&quot;,&quot;caption&quot;:&quot;&quot;,&quot;created_timestamp&quot;:&quot;0&quot;,&quot;copyright&quot;:&quot;&quot;,&quot;focal_length&quot;:&quot;0&quot;,&quot;iso&quot;:&quot;0&quot;,&quot;shutter_speed&quot;:&quot;0&quot;,&quot;title&quot;:&quot;&quot;,&quot;orientation&quot;:&quot;0&quot;}\" data-image-title=\"ADLite -UR5530 &amp;#8211; des9\" data-image-description=\"\" data-image-caption=\"\" data-large-file=\"https:\/\/i0.wp.com\/chill-road.com\/wp-content\/uploads\/2025\/09\/ADLite-UR5530-des9.jpg?fit=1024%2C420&amp;quality=89&amp;ssl=1\" class=\"alignnone size-full wp-image-1616\" src=\"https:\/\/i0.wp.com\/chill-road.com\/wp-content\/uploads\/2025\/09\/ADLite-UR5530-des9.jpg?resize=2048%2C839&#038;quality=89&#038;ssl=1\" alt=\"\" width=\"2048\" height=\"839\" srcset=\"https:\/\/i0.wp.com\/chill-road.com\/wp-content\/uploads\/2025\/09\/ADLite-UR5530-des9.jpg?w=2048&amp;quality=89&amp;ssl=1 2048w, https:\/\/i0.wp.com\/chill-road.com\/wp-content\/uploads\/2025\/09\/ADLite-UR5530-des9.jpg?resize=300%2C123&amp;quality=89&amp;ssl=1 300w, https:\/\/i0.wp.com\/chill-road.com\/wp-content\/uploads\/2025\/09\/ADLite-UR5530-des9.jpg?resize=1024%2C420&amp;quality=89&amp;ssl=1 1024w, https:\/\/i0.wp.com\/chill-road.com\/wp-content\/uploads\/2025\/09\/ADLite-UR5530-des9.jpg?resize=768%2C315&amp;quality=89&amp;ssl=1 768w, https:\/\/i0.wp.com\/chill-road.com\/wp-content\/uploads\/2025\/09\/ADLite-UR5530-des9.jpg?resize=1536%2C629&amp;quality=89&amp;ssl=1 1536w, https:\/\/i0.wp.com\/chill-road.com\/wp-content\/uploads\/2025\/09\/ADLite-UR5530-des9.jpg?resize=18%2C7&amp;quality=89&amp;ssl=1 18w, https:\/\/i0.wp.com\/chill-road.com\/wp-content\/uploads\/2025\/09\/ADLite-UR5530-des9.jpg?resize=1200%2C492&amp;quality=89&amp;ssl=1 1200w, https:\/\/i0.wp.com\/chill-road.com\/wp-content\/uploads\/2025\/09\/ADLite-UR5530-des9.jpg?resize=900%2C369&amp;quality=89&amp;ssl=1 900w, https:\/\/i0.wp.com\/chill-road.com\/wp-content\/uploads\/2025\/09\/ADLite-UR5530-des9.jpg?resize=150%2C61&amp;quality=89&amp;ssl=1 150w\" sizes=\"auto, (max-width: 1000px) 100vw, 1000px\" \/><\/p>\n","protected":false},"excerpt":{"rendered":"<p><strong>Ce produit contient<\/strong>:<\/p>\n<p><strong>ADlite UV 55<\/strong> : Longueur d&rsquo;onde de 365 \u00e0 370 nm, 2 barres lumineuses (27 W chacune)<\/p>\n<p><strong>ADlite IR 30<\/strong> : Longueur d&rsquo;onde de 730 \u00e0 745 nm, 2 barres lumineuses (15 W chacune)<\/p>\n<p><strong>Application<\/strong> : Convient pour l&rsquo;association avec des lampes de culture principales de plus de 500 W.<\/p>\n<p>Pour moins de 500 W<\/p>\n<p><strong>Caract\u00e9ristiques<\/strong>:<\/p>\n<p><strong>Lumi\u00e8re UV<\/strong> : Stimule la production de m\u00e9tabolites secondaires, tels que les flavono\u00efdes, qui am\u00e9liorent la r\u00e9sistance des plantes et contribuent \u00e0 augmenter le rendement en THC.<\/p>\n<p><strong>Lumi\u00e8re IR<\/strong> : P\u00e9n\u00e8tre profond\u00e9ment dans les tissus v\u00e9g\u00e9taux, favorisant la croissance de la tige. L\u2019application mod\u00e9r\u00e9e de lumi\u00e8re IR peut induire efficacement la floraison chez les plantes sensibles \u00e0 la photop\u00e9riode.<\/p>\n<p>**Remarque : Les barres lumineuses ADlite peuvent \u00eatre exp\u00e9di\u00e9es sous la forme d&rsquo;un m\u00e9lange de mod\u00e8les nouveaux et anciens. Les c\u00e2bles et l\u2019apparence peuvent diff\u00e9rer l\u00e9g\u00e8rement d\u2019une version \u00e0 l\u2019autre, mais le spectre, la puissance et les performances pour la croissance des plantes restent les m\u00eames.**<\/p>\n","protected":false},"featured_media":985,"comment_status":"open","ping_status":"closed","template":"","meta":[],"product_brand":[43],"product_cat":[17,28,159],"product_tag":[],"class_list":["post-78","product","type-product","status-publish","has-post-thumbnail","product_brand-mars-hydro","product_cat-eclairages-horticoles","product_cat-ad-lite-et-vg-series","product_cat-led-mars-hydro","pa_led-couverture-croissance-120x60cm","pa_led-dimensions-90033-229-4-mm-barre","pa_led-duree-de-vie-jusqua-25-000-heures","pa_led-frequence-50-60hz","pa_led-puissance-85w","pa_led-spectre-lumineux-rouge-660-665-nm","pa_led-spectre-lumineux-uv-365-370-nm","pa_led-temperature-d-usage-20-35-4-95","pa_led-tension-volts-ac100-277v","cr-has-rrp","first","instock","sale","taxable","shipping-taxable","purchasable","product-type-simple"],"jetpack_sharing_enabled":true,"_links":{"self":[{"href":"https:\/\/chill-road.com\/fr\/wp-json\/wp\/v2\/product\/78","targetHints":{"allow":["GET"]}}],"collection":[{"href":"https:\/\/chill-road.com\/fr\/wp-json\/wp\/v2\/product"}],"about":[{"href":"https:\/\/chill-road.com\/fr\/wp-json\/wp\/v2\/types\/product"}],"replies":[{"embeddable":true,"href":"https:\/\/chill-road.com\/fr\/wp-json\/wp\/v2\/comments?post=78"}],"version-history":[{"count":1,"href":"https:\/\/chill-road.com\/fr\/wp-json\/wp\/v2\/product\/78\/revisions"}],"predecessor-version":[{"id":24204,"href":"https:\/\/chill-road.com\/fr\/wp-json\/wp\/v2\/product\/78\/revisions\/24204"}],"wp:featuredmedia":[{"embeddable":true,"href":"https:\/\/chill-road.com\/fr\/wp-json\/wp\/v2\/media\/985"}],"wp:attachment":[{"href":"https:\/\/chill-road.com\/fr\/wp-json\/wp\/v2\/media?parent=78"}],"wp:term":[{"taxonomy":"product_brand","embeddable":true,"href":"https:\/\/chill-road.com\/fr\/wp-json\/wp\/v2\/product_brand?post=78"},{"taxonomy":"product_cat","embeddable":true,"href":"https:\/\/chill-road.com\/fr\/wp-json\/wp\/v2\/product_cat?post=78"},{"taxonomy":"product_tag","embeddable":true,"href":"https:\/\/chill-road.com\/fr\/wp-json\/wp\/v2\/product_tag?post=78"}],"curies":[{"name":"wp","href":"https:\/\/api.w.org\/{rel}","templated":true}]}}