{"id":8024,"date":"2025-11-29T15:48:25","date_gmt":"2025-11-29T14:48:25","guid":{"rendered":"https:\/\/chill-road.com\/produit\/se3000-300w-samsung-lm301h-evo-led-spectre-complet-spider-farmer\/"},"modified":"2026-05-05T13:56:38","modified_gmt":"2026-05-05T11:56:38","slug":"se3000-300w-samsung-lm301h-evo-led-spectre-complet-spider-farmer","status":"publish","type":"product","link":"https:\/\/chill-road.com\/fr\/produit\/se3000-300w-samsung-lm301h-evo-led-spectre-complet-spider-farmer\/","title":{"rendered":"SE3000 300W Lampe de Culture LED BridgeLux3030  spectre complet Spider Farmer"},"content":{"rendered":"<p><strong>Diodes Bridgelux 3030<\/strong>\u00a0Suite \u00e0 l&rsquo;ajustement strat\u00e9gique de Samsung dans sa gamme de puces LED, le La s\u00e9rie SE a \u00e9t\u00e9 mise \u00e0 niveau technique. Passage \u00e0 la plate-forme LED haute efficacit\u00e9 avanc\u00e9e Bridgelux 3030.<\/p>\n<p>La nouvelle version comprend LED hautes performances avec un nombre de diodes accru, en veillant \u00e0 ce que l&rsquo;efficacit\u00e9 de la lumi\u00e8re, le rendement PPF et l&rsquo;uniformit\u00e9 de la lumi\u00e8re restent coh\u00e9rents avec la version pr\u00e9c\u00e9dente bas\u00e9e sur Samsung.<\/p>\n<p>Toutes les sp\u00e9cifications de performance cl\u00e9s sont maintenues pour fournir les m\u00eames r\u00e9sultats de croissance fiables.<\/p>\n<p><strong>\u00c9conomie d&rsquo;\u00e9nergie et faible chaleur<\/strong> : Consomme seulement 300 W \u2014beaucoup moins que les lampes HPS\/MH\u2014, r\u00e9duisant ainsi les factures d&rsquo;\u00e9lectricit\u00e9 tout en garantissant de solides performances avec un minimum de chaleur.<\/p>\n<p><strong>Couverture lumineuse uniforme<\/strong> :\u00a0La conception des barres assure une r\u00e9partition uniforme de la lumi\u00e8re, emp\u00eachant l&rsquo;ombrage et favorisant des rendements constants sur toute la canop\u00e9e.<\/p>\n<p><strong>Dissipation efficace de la chaleur<\/strong> :\u00a0Le support en aluminium am\u00e9liore la circulation de l\u2019air et le refroidissement, permettant aux lumi\u00e8res de se suspendre plus pr\u00e8s des plantes sans les br\u00fbler.<\/p>\n<p data-start=\"694\" data-end=\"850\"><strong data-start=\"694\" data-end=\"733\">Spectre complet pour toutes les \u00e9tapes de croissance :\u00a0<\/strong>Couvre 660-665 nm, 2800\u20133200K et 4800\u20135000K, simulant la lumi\u00e8re naturelle du soleil pour les phases de semis, de l\u00e9gumes et de floraison.<\/p>\n<p><strong>Variation intelligente et connexion en s\u00e9rie<\/strong> : R\u00e9glez la luminosit\u00e9 avec le variateur int\u00e9gr\u00e9 ; connectez jusqu&rsquo;\u00e0 50 lumi\u00e8res en s\u00e9rie pour synchroniser l&rsquo;intensit\u00e9 dans les grandes configurations de culture.<\/p>\n<p><strong>Applications polyvalentes<\/strong> :\u00a0Parfait pour les tentes de culture, les salles de culture, la culture hydroponique et le jardinage int\u00e9rieur \u00e0 domicile.<\/p>\n<p><strong>Lumi\u00e8re programm\u00e9e<\/strong><br \/>\nMode minuterie : R\u00e9glez l&rsquo;heure d&rsquo;allumage\/extinction de la lumi\u00e8re et la luminosit\u00e9 cible.<br \/>\nDevenez sombre : D\u00e9finissez une temp\u00e9rature cible \u2014 lorsqu&rsquo;elle est atteinte, la lumi\u00e8re diminue \u00e0 11 %.<br \/>\n\u00c9teindre la lumi\u00e8re : D\u00e9finissez une temp\u00e9rature cible \u2014 lorsqu&rsquo;elle est atteinte, la lumi\u00e8re s&rsquo;\u00e9teint automatiquement.<\/p>\n<p><strong>Simulation de lever \/ coucher de soleil<\/strong> Imite le lever et le coucher du soleil naturels pour r\u00e9duire le stress des plantes et favoriser une croissance plus saine.<br \/>\npar exemple : Heure de d\u00e9but : 8h00 ; Heure de fin : 20h00 ; Heure de simulation : 30 minutes<br \/>\n\u2192 \u00c0 partir de 8h00\u20138h30, la luminosit\u00e9 augmente progressivement jusqu&rsquo;au niveau cible.<br \/>\n\u2192 \u00c0 partir de 19h30\u201320h00, la luminosit\u00e9 diminue lentement jusqu&rsquo;\u00e0 ce que la lumi\u00e8re s&rsquo;\u00e9teigne.<\/p>\n<p>&nbsp;<\/p>\n<p>&nbsp;<\/p>\n<p><img data-recalc-dims=\"1\" loading=\"lazy\" decoding=\"async\" data-attachment-id=\"8156\" data-permalink=\"https:\/\/chill-road.com\/fr\/?attachment_id=8156\" data-orig-file=\"https:\/\/i0.wp.com\/chill-road.com\/wp-content\/uploads\/2025\/11\/SE3000-EVO-Dimming-Control-A.jpg.webp?fit=1464%2C600&amp;quality=80&amp;ssl=1\" data-orig-size=\"1464,600\" data-comments-opened=\"1\" data-image-meta=\"{&quot;aperture&quot;:&quot;0&quot;,&quot;credit&quot;:&quot;&quot;,&quot;camera&quot;:&quot;&quot;,&quot;caption&quot;:&quot;&quot;,&quot;created_timestamp&quot;:&quot;0&quot;,&quot;copyright&quot;:&quot;&quot;,&quot;focal_length&quot;:&quot;0&quot;,&quot;iso&quot;:&quot;0&quot;,&quot;shutter_speed&quot;:&quot;0&quot;,&quot;title&quot;:&quot;&quot;,&quot;orientation&quot;:&quot;0&quot;}\" data-image-title=\"SE3000-EVO-Dimming-Control-A.jpg\" data-image-description=\"\" data-image-caption=\"\" data-large-file=\"https:\/\/i0.wp.com\/chill-road.com\/wp-content\/uploads\/2025\/11\/SE3000-EVO-Dimming-Control-A.jpg.webp?fit=1024%2C420&amp;quality=80&amp;ssl=1\" class=\"alignnone size-full wp-image-8156\" src=\"https:\/\/i0.wp.com\/chill-road.com\/wp-content\/uploads\/2025\/11\/SE3000-EVO-Dimming-Control-A.jpg.webp?resize=1464%2C600&#038;quality=80&#038;ssl=1\" alt=\"\" width=\"1464\" height=\"600\" srcset=\"https:\/\/i0.wp.com\/chill-road.com\/wp-content\/uploads\/2025\/11\/SE3000-EVO-Dimming-Control-A.jpg.webp?w=1464&amp;quality=80&amp;ssl=1 1464w, https:\/\/i0.wp.com\/chill-road.com\/wp-content\/uploads\/2025\/11\/SE3000-EVO-Dimming-Control-A.jpg.webp?resize=300%2C123&amp;quality=80&amp;ssl=1 300w, https:\/\/i0.wp.com\/chill-road.com\/wp-content\/uploads\/2025\/11\/SE3000-EVO-Dimming-Control-A.jpg.webp?resize=1024%2C420&amp;quality=80&amp;ssl=1 1024w, https:\/\/i0.wp.com\/chill-road.com\/wp-content\/uploads\/2025\/11\/SE3000-EVO-Dimming-Control-A.jpg.webp?resize=768%2C315&amp;quality=80&amp;ssl=1 768w, https:\/\/i0.wp.com\/chill-road.com\/wp-content\/uploads\/2025\/11\/SE3000-EVO-Dimming-Control-A.jpg.webp?resize=18%2C7&amp;quality=80&amp;ssl=1 18w, https:\/\/i0.wp.com\/chill-road.com\/wp-content\/uploads\/2025\/11\/SE3000-EVO-Dimming-Control-A.jpg.webp?resize=1200%2C492&amp;quality=80&amp;ssl=1 1200w, https:\/\/i0.wp.com\/chill-road.com\/wp-content\/uploads\/2025\/11\/SE3000-EVO-Dimming-Control-A.jpg.webp?resize=900%2C369&amp;quality=80&amp;ssl=1 900w, https:\/\/i0.wp.com\/chill-road.com\/wp-content\/uploads\/2025\/11\/SE3000-EVO-Dimming-Control-A.jpg.webp?resize=150%2C61&amp;quality=80&amp;ssl=1 150w\" sizes=\"auto, (max-width: 1000px) 100vw, 1000px\" \/><\/p>\n<p><img data-recalc-dims=\"1\" loading=\"lazy\" decoding=\"async\" data-attachment-id=\"8149\" data-permalink=\"https:\/\/chill-road.com\/fr\/?attachment_id=8149\" data-orig-file=\"https:\/\/i0.wp.com\/chill-road.com\/wp-content\/uploads\/2025\/11\/SE-EVO-SERIES-Efficent-Cooling.jpg.webp?fit=1464%2C600&amp;quality=80&amp;ssl=1\" data-orig-size=\"1464,600\" data-comments-opened=\"1\" data-image-meta=\"{&quot;aperture&quot;:&quot;0&quot;,&quot;credit&quot;:&quot;&quot;,&quot;camera&quot;:&quot;&quot;,&quot;caption&quot;:&quot;&quot;,&quot;created_timestamp&quot;:&quot;0&quot;,&quot;copyright&quot;:&quot;&quot;,&quot;focal_length&quot;:&quot;0&quot;,&quot;iso&quot;:&quot;0&quot;,&quot;shutter_speed&quot;:&quot;0&quot;,&quot;title&quot;:&quot;&quot;,&quot;orientation&quot;:&quot;0&quot;}\" data-image-title=\"SE-EVO-SERIES-Efficent-Cooling.jpg\" data-image-description=\"\" data-image-caption=\"\" data-large-file=\"https:\/\/i0.wp.com\/chill-road.com\/wp-content\/uploads\/2025\/11\/SE-EVO-SERIES-Efficent-Cooling.jpg.webp?fit=1024%2C420&amp;quality=80&amp;ssl=1\" class=\"alignnone size-full wp-image-8149\" src=\"https:\/\/i0.wp.com\/chill-road.com\/wp-content\/uploads\/2025\/11\/SE-EVO-SERIES-Efficent-Cooling.jpg.webp?resize=1464%2C600&#038;quality=80&#038;ssl=1\" alt=\"\" width=\"1464\" height=\"600\" srcset=\"https:\/\/i0.wp.com\/chill-road.com\/wp-content\/uploads\/2025\/11\/SE-EVO-SERIES-Efficent-Cooling.jpg.webp?w=1464&amp;quality=80&amp;ssl=1 1464w, https:\/\/i0.wp.com\/chill-road.com\/wp-content\/uploads\/2025\/11\/SE-EVO-SERIES-Efficent-Cooling.jpg.webp?resize=300%2C123&amp;quality=80&amp;ssl=1 300w, https:\/\/i0.wp.com\/chill-road.com\/wp-content\/uploads\/2025\/11\/SE-EVO-SERIES-Efficent-Cooling.jpg.webp?resize=1024%2C420&amp;quality=80&amp;ssl=1 1024w, https:\/\/i0.wp.com\/chill-road.com\/wp-content\/uploads\/2025\/11\/SE-EVO-SERIES-Efficent-Cooling.jpg.webp?resize=768%2C315&amp;quality=80&amp;ssl=1 768w, https:\/\/i0.wp.com\/chill-road.com\/wp-content\/uploads\/2025\/11\/SE-EVO-SERIES-Efficent-Cooling.jpg.webp?resize=18%2C7&amp;quality=80&amp;ssl=1 18w, https:\/\/i0.wp.com\/chill-road.com\/wp-content\/uploads\/2025\/11\/SE-EVO-SERIES-Efficent-Cooling.jpg.webp?resize=1200%2C492&amp;quality=80&amp;ssl=1 1200w, https:\/\/i0.wp.com\/chill-road.com\/wp-content\/uploads\/2025\/11\/SE-EVO-SERIES-Efficent-Cooling.jpg.webp?resize=900%2C369&amp;quality=80&amp;ssl=1 900w, https:\/\/i0.wp.com\/chill-road.com\/wp-content\/uploads\/2025\/11\/SE-EVO-SERIES-Efficent-Cooling.jpg.webp?resize=150%2C61&amp;quality=80&amp;ssl=1 150w\" sizes=\"auto, (max-width: 1000px) 100vw, 1000px\" \/><\/p>\n<p><img data-recalc-dims=\"1\" loading=\"lazy\" decoding=\"async\" data-attachment-id=\"8150\" data-permalink=\"https:\/\/chill-road.com\/fr\/?attachment_id=8150\" data-orig-file=\"https:\/\/i0.wp.com\/chill-road.com\/wp-content\/uploads\/2025\/11\/SE-Series-APP-control-A.jpg.webp?fit=1464%2C600&amp;quality=80&amp;ssl=1\" data-orig-size=\"1464,600\" data-comments-opened=\"1\" data-image-meta=\"{&quot;aperture&quot;:&quot;0&quot;,&quot;credit&quot;:&quot;&quot;,&quot;camera&quot;:&quot;&quot;,&quot;caption&quot;:&quot;&quot;,&quot;created_timestamp&quot;:&quot;0&quot;,&quot;copyright&quot;:&quot;&quot;,&quot;focal_length&quot;:&quot;0&quot;,&quot;iso&quot;:&quot;0&quot;,&quot;shutter_speed&quot;:&quot;0&quot;,&quot;title&quot;:&quot;&quot;,&quot;orientation&quot;:&quot;0&quot;}\" data-image-title=\"SE-Series-APP-control-A.jpg\" data-image-description=\"\" data-image-caption=\"\" data-large-file=\"https:\/\/i0.wp.com\/chill-road.com\/wp-content\/uploads\/2025\/11\/SE-Series-APP-control-A.jpg.webp?fit=1024%2C420&amp;quality=80&amp;ssl=1\" class=\"alignnone size-full wp-image-8150\" src=\"https:\/\/i0.wp.com\/chill-road.com\/wp-content\/uploads\/2025\/11\/SE-Series-APP-control-A.jpg.webp?resize=1464%2C600&#038;quality=80&#038;ssl=1\" alt=\"\" width=\"1464\" height=\"600\" srcset=\"https:\/\/i0.wp.com\/chill-road.com\/wp-content\/uploads\/2025\/11\/SE-Series-APP-control-A.jpg.webp?w=1464&amp;quality=80&amp;ssl=1 1464w, https:\/\/i0.wp.com\/chill-road.com\/wp-content\/uploads\/2025\/11\/SE-Series-APP-control-A.jpg.webp?resize=300%2C123&amp;quality=80&amp;ssl=1 300w, https:\/\/i0.wp.com\/chill-road.com\/wp-content\/uploads\/2025\/11\/SE-Series-APP-control-A.jpg.webp?resize=1024%2C420&amp;quality=80&amp;ssl=1 1024w, https:\/\/i0.wp.com\/chill-road.com\/wp-content\/uploads\/2025\/11\/SE-Series-APP-control-A.jpg.webp?resize=768%2C315&amp;quality=80&amp;ssl=1 768w, https:\/\/i0.wp.com\/chill-road.com\/wp-content\/uploads\/2025\/11\/SE-Series-APP-control-A.jpg.webp?resize=18%2C7&amp;quality=80&amp;ssl=1 18w, https:\/\/i0.wp.com\/chill-road.com\/wp-content\/uploads\/2025\/11\/SE-Series-APP-control-A.jpg.webp?resize=1200%2C492&amp;quality=80&amp;ssl=1 1200w, https:\/\/i0.wp.com\/chill-road.com\/wp-content\/uploads\/2025\/11\/SE-Series-APP-control-A.jpg.webp?resize=900%2C369&amp;quality=80&amp;ssl=1 900w, https:\/\/i0.wp.com\/chill-road.com\/wp-content\/uploads\/2025\/11\/SE-Series-APP-control-A.jpg.webp?resize=150%2C61&amp;quality=80&amp;ssl=1 150w\" sizes=\"auto, (max-width: 1000px) 100vw, 1000px\" \/><\/p>\n<p><img data-recalc-dims=\"1\" loading=\"lazy\" decoding=\"async\" data-attachment-id=\"8155\" data-permalink=\"https:\/\/chill-road.com\/fr\/?attachment_id=8155\" data-orig-file=\"https:\/\/i0.wp.com\/chill-road.com\/wp-content\/uploads\/2025\/11\/SE3000-EVO-300W-Using-Tips-A.jpg.webp?fit=1464%2C600&amp;quality=80&amp;ssl=1\" data-orig-size=\"1464,600\" data-comments-opened=\"1\" data-image-meta=\"{&quot;aperture&quot;:&quot;0&quot;,&quot;credit&quot;:&quot;&quot;,&quot;camera&quot;:&quot;&quot;,&quot;caption&quot;:&quot;&quot;,&quot;created_timestamp&quot;:&quot;0&quot;,&quot;copyright&quot;:&quot;&quot;,&quot;focal_length&quot;:&quot;0&quot;,&quot;iso&quot;:&quot;0&quot;,&quot;shutter_speed&quot;:&quot;0&quot;,&quot;title&quot;:&quot;&quot;,&quot;orientation&quot;:&quot;0&quot;}\" data-image-title=\"SE3000-EVO-300W-Using-Tips-A.jpg\" data-image-description=\"\" data-image-caption=\"\" data-large-file=\"https:\/\/i0.wp.com\/chill-road.com\/wp-content\/uploads\/2025\/11\/SE3000-EVO-300W-Using-Tips-A.jpg.webp?fit=1024%2C420&amp;quality=80&amp;ssl=1\" class=\"alignnone size-full wp-image-8155\" src=\"https:\/\/i0.wp.com\/chill-road.com\/wp-content\/uploads\/2025\/11\/SE3000-EVO-300W-Using-Tips-A.jpg.webp?resize=1464%2C600&#038;quality=80&#038;ssl=1\" alt=\"\" width=\"1464\" height=\"600\" srcset=\"https:\/\/i0.wp.com\/chill-road.com\/wp-content\/uploads\/2025\/11\/SE3000-EVO-300W-Using-Tips-A.jpg.webp?w=1464&amp;quality=80&amp;ssl=1 1464w, https:\/\/i0.wp.com\/chill-road.com\/wp-content\/uploads\/2025\/11\/SE3000-EVO-300W-Using-Tips-A.jpg.webp?resize=300%2C123&amp;quality=80&amp;ssl=1 300w, https:\/\/i0.wp.com\/chill-road.com\/wp-content\/uploads\/2025\/11\/SE3000-EVO-300W-Using-Tips-A.jpg.webp?resize=1024%2C420&amp;quality=80&amp;ssl=1 1024w, https:\/\/i0.wp.com\/chill-road.com\/wp-content\/uploads\/2025\/11\/SE3000-EVO-300W-Using-Tips-A.jpg.webp?resize=768%2C315&amp;quality=80&amp;ssl=1 768w, https:\/\/i0.wp.com\/chill-road.com\/wp-content\/uploads\/2025\/11\/SE3000-EVO-300W-Using-Tips-A.jpg.webp?resize=18%2C7&amp;quality=80&amp;ssl=1 18w, https:\/\/i0.wp.com\/chill-road.com\/wp-content\/uploads\/2025\/11\/SE3000-EVO-300W-Using-Tips-A.jpg.webp?resize=1200%2C492&amp;quality=80&amp;ssl=1 1200w, https:\/\/i0.wp.com\/chill-road.com\/wp-content\/uploads\/2025\/11\/SE3000-EVO-300W-Using-Tips-A.jpg.webp?resize=900%2C369&amp;quality=80&amp;ssl=1 900w, https:\/\/i0.wp.com\/chill-road.com\/wp-content\/uploads\/2025\/11\/SE3000-EVO-300W-Using-Tips-A.jpg.webp?resize=150%2C61&amp;quality=80&amp;ssl=1 150w\" sizes=\"auto, (max-width: 1000px) 100vw, 1000px\" \/><\/p>\n","protected":false},"excerpt":{"rendered":"<p><strong>PPE :<\/strong> 2,85 \u00b5mol\/J<br \/>\n<strong>PPF :<\/strong> 856 \u00b5mol\/S<br \/>\n<strong>Couverture maximale:<\/strong>\u00a090x90cm<br \/>\n<strong>Dimensions :<\/strong> 60,27 x 58,46 x 7,12cm<\/p>\n<p>Con\u00e7u avec les diodes <strong>BridgeLux 3030<\/strong>, offrant un rendement lumineux (PPF) \u00e9lev\u00e9 et une efficacit\u00e9 \u00e9nerg\u00e9tique.<\/p>\n<p><strong>Contr\u00f4le des applications<\/strong>\u00a0La nouvelle version est compatible Bluetooth et WiFi, vous pouvez donc contr\u00f4ler votre \u00e9quipement via l&rsquo;application Spider Farmer.<\/p>\n<p>La conception de la barre LED 4x offre une couverture uniforme et une p\u00e9n\u00e9tration de la lumi\u00e8re plus profonde. Offre un \u00e9clairage \u00e0 spectre complet, favorisant une croissance vigoureuse des plantes et des rendements plus \u00e9lev\u00e9s. Parfait pour les zones de culture de petite \u00e0 moyenne taille.<\/p>\n<p><strong>Le paquet comprend:<\/strong><\/p>\n<ul>\n<li>1 x LED SE3000<\/li>\n<li>1 x prise UE 220 V<\/li>\n<li>1 x c\u00e2ble \u00e0 intensit\u00e9 variable<\/li>\n<li>2 x corde de suspension \u00e0 cliquet (yoyo)<\/li>\n<li>1 x manuel d&rsquo;utilisation<\/li>\n<\/ul>\n<hr \/>\n<p><img loading=\"lazy\" decoding=\"async\" class=\"alignnone\" src=\"https:\/\/chill-road.com\/wp-content\/uploads\/2025\/11\/imgi_28_retail-2-shipping.svg\" sizes=\"auto, (max-width: 30px) 100vw, 30px\" alt=\"\" width=\"32\" height=\"37\" \/><br \/>\n<strong>Exp\u00e9di\u00e9 sous 24-48h, 3 \u00e0 8 jours ouvrables pour que le produit vous parvienne.<\/strong><\/p>\n<p><img loading=\"lazy\" decoding=\"async\" class=\"alignnone\" src=\"https:\/\/chill-road.com\/wp-content\/uploads\/2025\/11\/imgi_31_retail-2-safe.svg\" sizes=\"auto, (max-width: 30px) 100vw, 30px\" alt=\"\" width=\"32\" height=\"37\" \/><br \/>\n<strong>Jusqu&rsquo;\u00e0 5 ans de garantie.<\/strong><\/p>\n<hr \/>\n","protected":false},"featured_media":8144,"comment_status":"open","ping_status":"closed","template":"","meta":[],"product_brand":[333],"product_cat":[336,17,334],"product_tag":[],"class_list":{"0":"post-8024","1":"product","2":"type-product","3":"status-publish","4":"has-post-thumbnail","6":"product_brand-spider-farmer","7":"product_cat-se-series","8":"product_cat-eclairages-horticoles","9":"product_cat-led-spider-farmer","10":"pa_led-couverture-croissance-90x90cm","11":"pa_led-dimensions-602-7584-671-2-mm","12":"pa_led-duree-de-vie-jusqua-100000-heures","13":"pa_led-frequence-50-60hz","14":"pa_led-intensite-amperes-2-535aac120v-1-238aac240v-1-082aac277v","15":"pa_led-puissance-300w","16":"pa_led-spectre-lumineux-spectre-complet","17":"pa_led-temperature-d-usage-20-35-4-95","18":"pa_led-tension-volts-ac100-277v","19":"cr-has-rrp","21":"first","22":"instock","23":"sale","24":"purchasable","25":"product-type-simple"},"jetpack_sharing_enabled":true,"_links":{"self":[{"href":"https:\/\/chill-road.com\/fr\/wp-json\/wp\/v2\/product\/8024","targetHints":{"allow":["GET"]}}],"collection":[{"href":"https:\/\/chill-road.com\/fr\/wp-json\/wp\/v2\/product"}],"about":[{"href":"https:\/\/chill-road.com\/fr\/wp-json\/wp\/v2\/types\/product"}],"replies":[{"embeddable":true,"href":"https:\/\/chill-road.com\/fr\/wp-json\/wp\/v2\/comments?post=8024"}],"version-history":[{"count":1,"href":"https:\/\/chill-road.com\/fr\/wp-json\/wp\/v2\/product\/8024\/revisions"}],"predecessor-version":[{"id":22345,"href":"https:\/\/chill-road.com\/fr\/wp-json\/wp\/v2\/product\/8024\/revisions\/22345"}],"wp:featuredmedia":[{"embeddable":true,"href":"https:\/\/chill-road.com\/fr\/wp-json\/wp\/v2\/media\/8144"}],"wp:attachment":[{"href":"https:\/\/chill-road.com\/fr\/wp-json\/wp\/v2\/media?parent=8024"}],"wp:term":[{"taxonomy":"product_brand","embeddable":true,"href":"https:\/\/chill-road.com\/fr\/wp-json\/wp\/v2\/product_brand?post=8024"},{"taxonomy":"product_cat","embeddable":true,"href":"https:\/\/chill-road.com\/fr\/wp-json\/wp\/v2\/product_cat?post=8024"},{"taxonomy":"product_tag","embeddable":true,"href":"https:\/\/chill-road.com\/fr\/wp-json\/wp\/v2\/product_tag?post=8024"}],"curies":[{"name":"wp","href":"https:\/\/api.w.org\/{rel}","templated":true}]}}