{"id":84,"date":"2026-04-03T23:04:27","date_gmt":"2026-04-03T21:04:27","guid":{"rendered":"https:\/\/chill-road.com\/produit\/extracteur-o150-thermostatique-mars-hydro\/"},"modified":"2026-05-13T18:06:02","modified_gmt":"2026-05-13T16:06:02","slug":"extracteur-o150-thermostatique-mars-hydro","status":"publish","type":"product","link":"https:\/\/chill-road.com\/fr\/produit\/extracteur-o150-thermostatique-mars-hydro\/","title":{"rendered":"Extracteur d&rsquo;air (\u00d8150mm) Contr\u00f4leur Thermostatique Mars Hydro"},"content":{"rendered":"<p><img data-recalc-dims=\"1\" loading=\"lazy\" decoding=\"async\" data-attachment-id=\"2217\" data-permalink=\"https:\/\/chill-road.com\/fr\/?attachment_id=2217\" data-orig-file=\"https:\/\/i0.wp.com\/chill-road.com\/wp-content\/uploads\/2025\/09\/Extracteur-dair-6%E2%80%B2%E2%80%B2-thermostat-150-mm-des1.jpg?fit=1464%2C600&amp;quality=89&amp;ssl=1\" data-orig-size=\"1464,600\" data-comments-opened=\"1\" data-image-meta=\"{&quot;aperture&quot;:&quot;0&quot;,&quot;credit&quot;:&quot;&quot;,&quot;camera&quot;:&quot;&quot;,&quot;caption&quot;:&quot;&quot;,&quot;created_timestamp&quot;:&quot;0&quot;,&quot;copyright&quot;:&quot;&quot;,&quot;focal_length&quot;:&quot;0&quot;,&quot;iso&quot;:&quot;0&quot;,&quot;shutter_speed&quot;:&quot;0&quot;,&quot;title&quot;:&quot;&quot;,&quot;orientation&quot;:&quot;0&quot;}\" data-image-title=\"Extracteur d&amp;rsquo;air 6\u2032\u2032 thermostat (150 mm) &amp;#8211; des1\" data-image-description=\"\" data-image-caption=\"\" data-large-file=\"https:\/\/i0.wp.com\/chill-road.com\/wp-content\/uploads\/2025\/09\/Extracteur-dair-6%E2%80%B2%E2%80%B2-thermostat-150-mm-des1.jpg?fit=1024%2C420&amp;quality=89&amp;ssl=1\" class=\"alignnone size-full wp-image-2217\" src=\"https:\/\/i0.wp.com\/chill-road.com\/wp-content\/uploads\/2025\/09\/Extracteur-dair-6%E2%80%B2%E2%80%B2-thermostat-150-mm-des1.jpg?resize=1464%2C600&#038;quality=89&#038;ssl=1\" alt=\"\" width=\"1464\" height=\"600\" srcset=\"https:\/\/i0.wp.com\/chill-road.com\/wp-content\/uploads\/2025\/09\/Extracteur-dair-6%E2%80%B2%E2%80%B2-thermostat-150-mm-des1.jpg?w=1464&amp;quality=89&amp;ssl=1 1464w, https:\/\/i0.wp.com\/chill-road.com\/wp-content\/uploads\/2025\/09\/Extracteur-dair-6%E2%80%B2%E2%80%B2-thermostat-150-mm-des1.jpg?resize=300%2C123&amp;quality=89&amp;ssl=1 300w, https:\/\/i0.wp.com\/chill-road.com\/wp-content\/uploads\/2025\/09\/Extracteur-dair-6%E2%80%B2%E2%80%B2-thermostat-150-mm-des1.jpg?resize=1024%2C420&amp;quality=89&amp;ssl=1 1024w, https:\/\/i0.wp.com\/chill-road.com\/wp-content\/uploads\/2025\/09\/Extracteur-dair-6%E2%80%B2%E2%80%B2-thermostat-150-mm-des1.jpg?resize=768%2C315&amp;quality=89&amp;ssl=1 768w, https:\/\/i0.wp.com\/chill-road.com\/wp-content\/uploads\/2025\/09\/Extracteur-dair-6%E2%80%B2%E2%80%B2-thermostat-150-mm-des1.jpg?resize=18%2C7&amp;quality=89&amp;ssl=1 18w, https:\/\/i0.wp.com\/chill-road.com\/wp-content\/uploads\/2025\/09\/Extracteur-dair-6%E2%80%B2%E2%80%B2-thermostat-150-mm-des1.jpg?resize=1200%2C492&amp;quality=89&amp;ssl=1 1200w, https:\/\/i0.wp.com\/chill-road.com\/wp-content\/uploads\/2025\/09\/Extracteur-dair-6%E2%80%B2%E2%80%B2-thermostat-150-mm-des1.jpg?resize=900%2C369&amp;quality=89&amp;ssl=1 900w, https:\/\/i0.wp.com\/chill-road.com\/wp-content\/uploads\/2025\/09\/Extracteur-dair-6%E2%80%B2%E2%80%B2-thermostat-150-mm-des1.jpg?resize=150%2C61&amp;quality=89&amp;ssl=1 150w\" sizes=\"auto, (max-width: 1000px) 100vw, 1000px\" \/> <img data-recalc-dims=\"1\" loading=\"lazy\" decoding=\"async\" data-attachment-id=\"2218\" data-permalink=\"https:\/\/chill-road.com\/fr\/?attachment_id=2218\" data-orig-file=\"https:\/\/i0.wp.com\/chill-road.com\/wp-content\/uploads\/2025\/09\/Extracteur-dair-6%E2%80%B2%E2%80%B2-thermostat-150-mm-des2.jpg?fit=1464%2C600&amp;quality=89&amp;ssl=1\" data-orig-size=\"1464,600\" data-comments-opened=\"1\" data-image-meta=\"{&quot;aperture&quot;:&quot;0&quot;,&quot;credit&quot;:&quot;&quot;,&quot;camera&quot;:&quot;&quot;,&quot;caption&quot;:&quot;&quot;,&quot;created_timestamp&quot;:&quot;0&quot;,&quot;copyright&quot;:&quot;&quot;,&quot;focal_length&quot;:&quot;0&quot;,&quot;iso&quot;:&quot;0&quot;,&quot;shutter_speed&quot;:&quot;0&quot;,&quot;title&quot;:&quot;&quot;,&quot;orientation&quot;:&quot;0&quot;}\" data-image-title=\"Extracteur d&amp;rsquo;air 6\u2032\u2032 thermostat (150 mm) &amp;#8211; des2\" data-image-description=\"\" data-image-caption=\"\" data-large-file=\"https:\/\/i0.wp.com\/chill-road.com\/wp-content\/uploads\/2025\/09\/Extracteur-dair-6%E2%80%B2%E2%80%B2-thermostat-150-mm-des2.jpg?fit=1024%2C420&amp;quality=89&amp;ssl=1\" class=\"alignnone size-full wp-image-2218\" src=\"https:\/\/i0.wp.com\/chill-road.com\/wp-content\/uploads\/2025\/09\/Extracteur-dair-6%E2%80%B2%E2%80%B2-thermostat-150-mm-des2.jpg?resize=1464%2C600&#038;quality=89&#038;ssl=1\" alt=\"\" width=\"1464\" height=\"600\" srcset=\"https:\/\/i0.wp.com\/chill-road.com\/wp-content\/uploads\/2025\/09\/Extracteur-dair-6%E2%80%B2%E2%80%B2-thermostat-150-mm-des2.jpg?w=1464&amp;quality=89&amp;ssl=1 1464w, https:\/\/i0.wp.com\/chill-road.com\/wp-content\/uploads\/2025\/09\/Extracteur-dair-6%E2%80%B2%E2%80%B2-thermostat-150-mm-des2.jpg?resize=300%2C123&amp;quality=89&amp;ssl=1 300w, https:\/\/i0.wp.com\/chill-road.com\/wp-content\/uploads\/2025\/09\/Extracteur-dair-6%E2%80%B2%E2%80%B2-thermostat-150-mm-des2.jpg?resize=1024%2C420&amp;quality=89&amp;ssl=1 1024w, https:\/\/i0.wp.com\/chill-road.com\/wp-content\/uploads\/2025\/09\/Extracteur-dair-6%E2%80%B2%E2%80%B2-thermostat-150-mm-des2.jpg?resize=768%2C315&amp;quality=89&amp;ssl=1 768w, https:\/\/i0.wp.com\/chill-road.com\/wp-content\/uploads\/2025\/09\/Extracteur-dair-6%E2%80%B2%E2%80%B2-thermostat-150-mm-des2.jpg?resize=18%2C7&amp;quality=89&amp;ssl=1 18w, https:\/\/i0.wp.com\/chill-road.com\/wp-content\/uploads\/2025\/09\/Extracteur-dair-6%E2%80%B2%E2%80%B2-thermostat-150-mm-des2.jpg?resize=1200%2C492&amp;quality=89&amp;ssl=1 1200w, https:\/\/i0.wp.com\/chill-road.com\/wp-content\/uploads\/2025\/09\/Extracteur-dair-6%E2%80%B2%E2%80%B2-thermostat-150-mm-des2.jpg?resize=900%2C369&amp;quality=89&amp;ssl=1 900w, https:\/\/i0.wp.com\/chill-road.com\/wp-content\/uploads\/2025\/09\/Extracteur-dair-6%E2%80%B2%E2%80%B2-thermostat-150-mm-des2.jpg?resize=150%2C61&amp;quality=89&amp;ssl=1 150w\" sizes=\"auto, (max-width: 1000px) 100vw, 1000px\" \/> <img data-recalc-dims=\"1\" loading=\"lazy\" decoding=\"async\" data-attachment-id=\"2219\" data-permalink=\"https:\/\/chill-road.com\/fr\/?attachment_id=2219\" data-orig-file=\"https:\/\/i0.wp.com\/chill-road.com\/wp-content\/uploads\/2025\/09\/Extracteur-dair-6%E2%80%B2%E2%80%B2-thermostat-150-mm-des3.jpg?fit=1464%2C600&amp;quality=89&amp;ssl=1\" data-orig-size=\"1464,600\" data-comments-opened=\"1\" data-image-meta=\"{&quot;aperture&quot;:&quot;0&quot;,&quot;credit&quot;:&quot;&quot;,&quot;camera&quot;:&quot;&quot;,&quot;caption&quot;:&quot;&quot;,&quot;created_timestamp&quot;:&quot;0&quot;,&quot;copyright&quot;:&quot;&quot;,&quot;focal_length&quot;:&quot;0&quot;,&quot;iso&quot;:&quot;0&quot;,&quot;shutter_speed&quot;:&quot;0&quot;,&quot;title&quot;:&quot;&quot;,&quot;orientation&quot;:&quot;0&quot;}\" data-image-title=\"Extracteur d&amp;rsquo;air 6\u2032\u2032 thermostat (150 mm) &amp;#8211; des3\" data-image-description=\"\" data-image-caption=\"\" data-large-file=\"https:\/\/i0.wp.com\/chill-road.com\/wp-content\/uploads\/2025\/09\/Extracteur-dair-6%E2%80%B2%E2%80%B2-thermostat-150-mm-des3.jpg?fit=1024%2C420&amp;quality=89&amp;ssl=1\" class=\"alignnone size-full wp-image-2219\" src=\"https:\/\/i0.wp.com\/chill-road.com\/wp-content\/uploads\/2025\/09\/Extracteur-dair-6%E2%80%B2%E2%80%B2-thermostat-150-mm-des3.jpg?resize=1464%2C600&#038;quality=89&#038;ssl=1\" alt=\"\" width=\"1464\" height=\"600\" srcset=\"https:\/\/i0.wp.com\/chill-road.com\/wp-content\/uploads\/2025\/09\/Extracteur-dair-6%E2%80%B2%E2%80%B2-thermostat-150-mm-des3.jpg?w=1464&amp;quality=89&amp;ssl=1 1464w, https:\/\/i0.wp.com\/chill-road.com\/wp-content\/uploads\/2025\/09\/Extracteur-dair-6%E2%80%B2%E2%80%B2-thermostat-150-mm-des3.jpg?resize=300%2C123&amp;quality=89&amp;ssl=1 300w, https:\/\/i0.wp.com\/chill-road.com\/wp-content\/uploads\/2025\/09\/Extracteur-dair-6%E2%80%B2%E2%80%B2-thermostat-150-mm-des3.jpg?resize=1024%2C420&amp;quality=89&amp;ssl=1 1024w, https:\/\/i0.wp.com\/chill-road.com\/wp-content\/uploads\/2025\/09\/Extracteur-dair-6%E2%80%B2%E2%80%B2-thermostat-150-mm-des3.jpg?resize=768%2C315&amp;quality=89&amp;ssl=1 768w, https:\/\/i0.wp.com\/chill-road.com\/wp-content\/uploads\/2025\/09\/Extracteur-dair-6%E2%80%B2%E2%80%B2-thermostat-150-mm-des3.jpg?resize=18%2C7&amp;quality=89&amp;ssl=1 18w, https:\/\/i0.wp.com\/chill-road.com\/wp-content\/uploads\/2025\/09\/Extracteur-dair-6%E2%80%B2%E2%80%B2-thermostat-150-mm-des3.jpg?resize=1200%2C492&amp;quality=89&amp;ssl=1 1200w, https:\/\/i0.wp.com\/chill-road.com\/wp-content\/uploads\/2025\/09\/Extracteur-dair-6%E2%80%B2%E2%80%B2-thermostat-150-mm-des3.jpg?resize=900%2C369&amp;quality=89&amp;ssl=1 900w, https:\/\/i0.wp.com\/chill-road.com\/wp-content\/uploads\/2025\/09\/Extracteur-dair-6%E2%80%B2%E2%80%B2-thermostat-150-mm-des3.jpg?resize=150%2C61&amp;quality=89&amp;ssl=1 150w\" sizes=\"auto, (max-width: 1000px) 100vw, 1000px\" \/> <img data-recalc-dims=\"1\" loading=\"lazy\" decoding=\"async\" data-attachment-id=\"2220\" data-permalink=\"https:\/\/chill-road.com\/fr\/?attachment_id=2220\" data-orig-file=\"https:\/\/i0.wp.com\/chill-road.com\/wp-content\/uploads\/2025\/09\/Extracteur-dair-6%E2%80%B2%E2%80%B2-thermostat-150-mm-des4.jpg?fit=1464%2C600&amp;quality=89&amp;ssl=1\" data-orig-size=\"1464,600\" data-comments-opened=\"1\" data-image-meta=\"{&quot;aperture&quot;:&quot;0&quot;,&quot;credit&quot;:&quot;&quot;,&quot;camera&quot;:&quot;&quot;,&quot;caption&quot;:&quot;&quot;,&quot;created_timestamp&quot;:&quot;0&quot;,&quot;copyright&quot;:&quot;&quot;,&quot;focal_length&quot;:&quot;0&quot;,&quot;iso&quot;:&quot;0&quot;,&quot;shutter_speed&quot;:&quot;0&quot;,&quot;title&quot;:&quot;&quot;,&quot;orientation&quot;:&quot;0&quot;}\" data-image-title=\"Extracteur d&amp;rsquo;air 6\u2032\u2032 thermostat (150 mm) &amp;#8211; des4\" data-image-description=\"\" data-image-caption=\"\" data-large-file=\"https:\/\/i0.wp.com\/chill-road.com\/wp-content\/uploads\/2025\/09\/Extracteur-dair-6%E2%80%B2%E2%80%B2-thermostat-150-mm-des4.jpg?fit=1024%2C420&amp;quality=89&amp;ssl=1\" class=\"alignnone size-full wp-image-2220\" src=\"https:\/\/i0.wp.com\/chill-road.com\/wp-content\/uploads\/2025\/09\/Extracteur-dair-6%E2%80%B2%E2%80%B2-thermostat-150-mm-des4.jpg?resize=1464%2C600&#038;quality=89&#038;ssl=1\" alt=\"\" width=\"1464\" height=\"600\" srcset=\"https:\/\/i0.wp.com\/chill-road.com\/wp-content\/uploads\/2025\/09\/Extracteur-dair-6%E2%80%B2%E2%80%B2-thermostat-150-mm-des4.jpg?w=1464&amp;quality=89&amp;ssl=1 1464w, https:\/\/i0.wp.com\/chill-road.com\/wp-content\/uploads\/2025\/09\/Extracteur-dair-6%E2%80%B2%E2%80%B2-thermostat-150-mm-des4.jpg?resize=300%2C123&amp;quality=89&amp;ssl=1 300w, https:\/\/i0.wp.com\/chill-road.com\/wp-content\/uploads\/2025\/09\/Extracteur-dair-6%E2%80%B2%E2%80%B2-thermostat-150-mm-des4.jpg?resize=1024%2C420&amp;quality=89&amp;ssl=1 1024w, https:\/\/i0.wp.com\/chill-road.com\/wp-content\/uploads\/2025\/09\/Extracteur-dair-6%E2%80%B2%E2%80%B2-thermostat-150-mm-des4.jpg?resize=768%2C315&amp;quality=89&amp;ssl=1 768w, https:\/\/i0.wp.com\/chill-road.com\/wp-content\/uploads\/2025\/09\/Extracteur-dair-6%E2%80%B2%E2%80%B2-thermostat-150-mm-des4.jpg?resize=18%2C7&amp;quality=89&amp;ssl=1 18w, https:\/\/i0.wp.com\/chill-road.com\/wp-content\/uploads\/2025\/09\/Extracteur-dair-6%E2%80%B2%E2%80%B2-thermostat-150-mm-des4.jpg?resize=1200%2C492&amp;quality=89&amp;ssl=1 1200w, https:\/\/i0.wp.com\/chill-road.com\/wp-content\/uploads\/2025\/09\/Extracteur-dair-6%E2%80%B2%E2%80%B2-thermostat-150-mm-des4.jpg?resize=900%2C369&amp;quality=89&amp;ssl=1 900w, https:\/\/i0.wp.com\/chill-road.com\/wp-content\/uploads\/2025\/09\/Extracteur-dair-6%E2%80%B2%E2%80%B2-thermostat-150-mm-des4.jpg?resize=150%2C61&amp;quality=89&amp;ssl=1 150w\" sizes=\"auto, (max-width: 1000px) 100vw, 1000px\" \/> <img data-recalc-dims=\"1\" loading=\"lazy\" decoding=\"async\" data-attachment-id=\"2221\" data-permalink=\"https:\/\/chill-road.com\/fr\/?attachment_id=2221\" data-orig-file=\"https:\/\/i0.wp.com\/chill-road.com\/wp-content\/uploads\/2025\/09\/Extracteur-dair-6%E2%80%B2%E2%80%B2-thermostat-150-mm-des5.jpg?fit=1464%2C600&amp;quality=89&amp;ssl=1\" data-orig-size=\"1464,600\" data-comments-opened=\"1\" data-image-meta=\"{&quot;aperture&quot;:&quot;0&quot;,&quot;credit&quot;:&quot;&quot;,&quot;camera&quot;:&quot;&quot;,&quot;caption&quot;:&quot;&quot;,&quot;created_timestamp&quot;:&quot;0&quot;,&quot;copyright&quot;:&quot;&quot;,&quot;focal_length&quot;:&quot;0&quot;,&quot;iso&quot;:&quot;0&quot;,&quot;shutter_speed&quot;:&quot;0&quot;,&quot;title&quot;:&quot;&quot;,&quot;orientation&quot;:&quot;0&quot;}\" data-image-title=\"Extracteur d&amp;rsquo;air 6\u2032\u2032 thermostat (150 mm) &amp;#8211; des5\" data-image-description=\"\" data-image-caption=\"\" data-large-file=\"https:\/\/i0.wp.com\/chill-road.com\/wp-content\/uploads\/2025\/09\/Extracteur-dair-6%E2%80%B2%E2%80%B2-thermostat-150-mm-des5.jpg?fit=1024%2C420&amp;quality=89&amp;ssl=1\" class=\"alignnone size-full wp-image-2221\" src=\"https:\/\/i0.wp.com\/chill-road.com\/wp-content\/uploads\/2025\/09\/Extracteur-dair-6%E2%80%B2%E2%80%B2-thermostat-150-mm-des5.jpg?resize=1464%2C600&#038;quality=89&#038;ssl=1\" alt=\"\" width=\"1464\" height=\"600\" srcset=\"https:\/\/i0.wp.com\/chill-road.com\/wp-content\/uploads\/2025\/09\/Extracteur-dair-6%E2%80%B2%E2%80%B2-thermostat-150-mm-des5.jpg?w=1464&amp;quality=89&amp;ssl=1 1464w, https:\/\/i0.wp.com\/chill-road.com\/wp-content\/uploads\/2025\/09\/Extracteur-dair-6%E2%80%B2%E2%80%B2-thermostat-150-mm-des5.jpg?resize=300%2C123&amp;quality=89&amp;ssl=1 300w, https:\/\/i0.wp.com\/chill-road.com\/wp-content\/uploads\/2025\/09\/Extracteur-dair-6%E2%80%B2%E2%80%B2-thermostat-150-mm-des5.jpg?resize=1024%2C420&amp;quality=89&amp;ssl=1 1024w, https:\/\/i0.wp.com\/chill-road.com\/wp-content\/uploads\/2025\/09\/Extracteur-dair-6%E2%80%B2%E2%80%B2-thermostat-150-mm-des5.jpg?resize=768%2C315&amp;quality=89&amp;ssl=1 768w, https:\/\/i0.wp.com\/chill-road.com\/wp-content\/uploads\/2025\/09\/Extracteur-dair-6%E2%80%B2%E2%80%B2-thermostat-150-mm-des5.jpg?resize=18%2C7&amp;quality=89&amp;ssl=1 18w, https:\/\/i0.wp.com\/chill-road.com\/wp-content\/uploads\/2025\/09\/Extracteur-dair-6%E2%80%B2%E2%80%B2-thermostat-150-mm-des5.jpg?resize=1200%2C492&amp;quality=89&amp;ssl=1 1200w, https:\/\/i0.wp.com\/chill-road.com\/wp-content\/uploads\/2025\/09\/Extracteur-dair-6%E2%80%B2%E2%80%B2-thermostat-150-mm-des5.jpg?resize=900%2C369&amp;quality=89&amp;ssl=1 900w, https:\/\/i0.wp.com\/chill-road.com\/wp-content\/uploads\/2025\/09\/Extracteur-dair-6%E2%80%B2%E2%80%B2-thermostat-150-mm-des5.jpg?resize=150%2C61&amp;quality=89&amp;ssl=1 150w\" sizes=\"auto, (max-width: 1000px) 100vw, 1000px\" \/><\/p>\n","protected":false},"excerpt":{"rendered":"<ul>\n<li>Taille du ventilateur\/filtre\/conduit : 6 pouces<\/li>\n<li>D\u00e9bit d&rsquo;air : 402CFM<\/li>\n<li>Bruit : 32 dB-A<\/li>\n<li>Type de contr\u00f4leur : Contr\u00f4leur de thermostat num\u00e9rique<\/li>\n<\/ul>\n","protected":false},"featured_media":2216,"comment_status":"open","ping_status":"closed","template":"","meta":[],"product_brand":[43],"product_cat":[89,20,19],"product_tag":[],"class_list":["post-84","product","type-product","status-publish","has-post-thumbnail","product_brand-mars-hydro","product_cat-thermostat-controller-series","product_cat-extracteurs-dair","product_cat-ventilation-climat","cr-has-rrp","first","outofstock","sale","taxable","shipping-taxable","purchasable","product-type-simple"],"jetpack_sharing_enabled":true,"_links":{"self":[{"href":"https:\/\/chill-road.com\/fr\/wp-json\/wp\/v2\/product\/84","targetHints":{"allow":["GET"]}}],"collection":[{"href":"https:\/\/chill-road.com\/fr\/wp-json\/wp\/v2\/product"}],"about":[{"href":"https:\/\/chill-road.com\/fr\/wp-json\/wp\/v2\/types\/product"}],"replies":[{"embeddable":true,"href":"https:\/\/chill-road.com\/fr\/wp-json\/wp\/v2\/comments?post=84"}],"version-history":[{"count":1,"href":"https:\/\/chill-road.com\/fr\/wp-json\/wp\/v2\/product\/84\/revisions"}],"predecessor-version":[{"id":24233,"href":"https:\/\/chill-road.com\/fr\/wp-json\/wp\/v2\/product\/84\/revisions\/24233"}],"wp:featuredmedia":[{"embeddable":true,"href":"https:\/\/chill-road.com\/fr\/wp-json\/wp\/v2\/media\/2216"}],"wp:attachment":[{"href":"https:\/\/chill-road.com\/fr\/wp-json\/wp\/v2\/media?parent=84"}],"wp:term":[{"taxonomy":"product_brand","embeddable":true,"href":"https:\/\/chill-road.com\/fr\/wp-json\/wp\/v2\/product_brand?post=84"},{"taxonomy":"product_cat","embeddable":true,"href":"https:\/\/chill-road.com\/fr\/wp-json\/wp\/v2\/product_cat?post=84"},{"taxonomy":"product_tag","embeddable":true,"href":"https:\/\/chill-road.com\/fr\/wp-json\/wp\/v2\/product_tag?post=84"}],"curies":[{"name":"wp","href":"https:\/\/api.w.org\/{rel}","templated":true}]}}