{"id":8522,"date":"2025-11-29T15:48:19","date_gmt":"2025-11-29T14:48:19","guid":{"rendered":"https:\/\/chill-road.com\/?post_type=product&#038;p=8522"},"modified":"2026-04-04T16:05:30","modified_gmt":"2026-04-04T14:05:30","slug":"barres-led-lateral-glow30-32-w-spectre-complet-spider-farmer","status":"publish","type":"product","link":"https:\/\/chill-road.com\/fr\/produit\/barres-led-lateral-glow30-32-w-spectre-complet-spider-farmer\/","title":{"rendered":"Glow30 32W &#8211; Barres lumineuses de culture LED, spectre complet Spider Farmer &#8211; stimule la croissance et le rendement des bourgeons inf\u00e9rieurs, id\u00e9al pour le clonage, les l\u00e9gumes et la floraison dans les plantes d&rsquo;int\u00e9rieur et les tentes de culture (kit de 4 barres)"},"content":{"rendered":"<h2><strong>Principales caract\u00e9ristiques<\/strong><\/h2>\n<ul>\n<li><strong>COUVERTURE SUPPL\u00c9MENTAIRE SOUS LA CANOP\u00c9E :<\/strong>\u00a0Quatre barres LED 13\u201d efficaces pour l&rsquo;\u00e9clairage suppl\u00e9mentaire sous la canop\u00e9e ou sur le c\u00f4t\u00e9, offrent une couverture lumineuse \u00e9tendue aux zones que vos lampes de culture principales ont du mal \u00e0 atteindre. Optimisez votre croissance et augmentez les rendements des plantes.<\/li>\n<li><strong>SPECTRE COMPLET SEMBLABLE AU SOLEIL :<\/strong>\u00a0Les barres lumineuses de croissance des plantes peuvent \u00e9mettre une lumi\u00e8re \u00e0 large bande \u00e0 spectre complet,\u00a0<strong>5000-5500K (BLANC), 3000K-3500K (BLANC CHAUD), 650-660 nm (ROUGE)<\/strong>, fournit l&rsquo;onde lumineuse de croissance la plus raisonnable en fonction du rapport d&rsquo;absorption des plantes, favorise la sant\u00e9 et la croissance de vos plantes d&rsquo;int\u00e9rieur. Kits de lampes de croissance LED \u00e9tanches Glow30<\/li>\n<li><strong>ABAT-JOUR \u00c9TANCHE IP65 :<\/strong>\u00a0Chaque barre lumineuse est dot\u00e9e d&rsquo;un abat-jour PC transparent de haute qualit\u00e9 et r\u00e9sistant \u00e0 la chaleur qui r\u00e9siste \u00e0 l&rsquo;eau et \u00e0 la poussi\u00e8re, ce qui la rend facile \u00e0 nettoyer et s\u00fbre \u00e0 utiliser dans des conditions d&rsquo;humidit\u00e9 \u00e9lev\u00e9e. Cette conception prot\u00e8ge efficacement les billes LED et prolonge la dur\u00e9e de vie du produit.<\/li>\n<li><strong>LARGE APPLICATION :<\/strong>\u00a0Sa conception mince et imperm\u00e9able le rend parfait pour cultiver des tentes, des placards, des \u00e9tag\u00e8res, des serres, des comptoirs ou tout autre environnement o\u00f9 l&rsquo;espace est limit\u00e9. Cultivez n&rsquo;importe o\u00f9 sans effort.<\/li>\n<li><strong>CONCEPTION D&rsquo;INSTALLATION UNIQUE :\u00a0<\/strong>Facilement mont\u00e9 \u00e0 l&rsquo;aide du velcro adh\u00e9sif fourni et des clips de fixation, les angles de la barre lumineuse sont r\u00e9glables \u00e0 360 angles. Plug and play, pas besoin de passer vous-m\u00eame un temps pr\u00e9cieux \u00e0 connecter des barres.<\/li>\n<li><strong>GARANTIE DE 2 ANS :<\/strong> Les lampes LED pour plantes sont souvent copi\u00e9es mais n&rsquo;auront jamais notre qualit\u00e9 ou notre engagement, nous offrons 2 ans de service apr\u00e8s-vente dans un centre de maintenance local (EU\/). Pour toute question, n&rsquo;h\u00e9sitez pas \u00e0 nous contacter et nous vous aiderons \u00e0 y r\u00e9pondre.<\/li>\n<\/ul>\n<h2><strong>Qu&rsquo;est-ce qui pourrait provoquer le d\u00e9tachement de mon Glow30 de la tente de culture et comment puis-je le r\u00e9installer en toute s\u00e9curit\u00e9 ?<\/strong><\/h2>\n<p><strong>1. Le velcro n&rsquo;\u00e9tait pas mont\u00e9 verticalement :<\/strong><br \/>\nFixez toujours les bandes Velcro verticalement pour une adh\u00e9rence maximale. La lumi\u00e8re peut \u00eatre tourn\u00e9e, mais la direction Velcro doit rester verticale.<br \/>\n<strong>2. Couverture Velcro insuffisante :<\/strong><br \/>\nUtilisez les bandes Velcro extra-longues fournies. Couvrez autant de surface que possible, en veillant notamment \u00e0 ce qu&rsquo;elle s&rsquo;\u00e9tende au-del\u00e0 et recouvre enti\u00e8rement les clips de fixation.<br \/>\n<strong>3. Surface murale de tente de culture impure :<\/strong><br \/>\nLa poussi\u00e8re, l\u2019huile ou l\u2019humidit\u00e9 peuvent affaiblir l\u2019adh\u00e9rence. Nettoyez le mur de la tente avec de l&rsquo;alcool ou de l&rsquo;eau avant d&rsquo;appliquer le Velcro.<br \/>\n<strong>4. Velcro non press\u00e9 fermement :<\/strong><br \/>\nApr\u00e8s le positionnement, appuyez sur le Velcro sur toute sa longueur pour le fixer correctement.<br \/>\n<strong>5. D\u00e9salignement :<\/strong><br \/>\nAssurez-vous que le velcro est droit, sans torsion ni espace.<\/p>\n<p><img data-recalc-dims=\"1\" loading=\"lazy\" decoding=\"async\" data-attachment-id=\"8322\" data-permalink=\"https:\/\/chill-road.com\/fr\/?attachment_id=8322\" data-orig-file=\"https:\/\/i0.wp.com\/chill-road.com\/wp-content\/uploads\/2025\/11\/Glow30-APC_01.jpg.webp?fit=1464%2C600&amp;quality=80&amp;ssl=1\" data-orig-size=\"1464,600\" data-comments-opened=\"1\" data-image-meta=\"{&quot;aperture&quot;:&quot;0&quot;,&quot;credit&quot;:&quot;&quot;,&quot;camera&quot;:&quot;&quot;,&quot;caption&quot;:&quot;&quot;,&quot;created_timestamp&quot;:&quot;0&quot;,&quot;copyright&quot;:&quot;&quot;,&quot;focal_length&quot;:&quot;0&quot;,&quot;iso&quot;:&quot;0&quot;,&quot;shutter_speed&quot;:&quot;0&quot;,&quot;title&quot;:&quot;&quot;,&quot;orientation&quot;:&quot;0&quot;}\" data-image-title=\"Glow30-APC_01.jpg\" data-image-description=\"\" data-image-caption=\"\" data-medium-file=\"https:\/\/i0.wp.com\/chill-road.com\/wp-content\/uploads\/2025\/11\/Glow30-APC_01.jpg.webp?fit=300%2C123&amp;quality=80&amp;ssl=1\" data-large-file=\"https:\/\/i0.wp.com\/chill-road.com\/wp-content\/uploads\/2025\/11\/Glow30-APC_01.jpg.webp?fit=1024%2C420&amp;quality=80&amp;ssl=1\" class=\"alignnone size-full wp-image-8322\" src=\"https:\/\/i0.wp.com\/chill-road.com\/wp-content\/uploads\/2025\/11\/Glow30-APC_01.jpg.webp?resize=1464%2C600&#038;quality=80&#038;ssl=1\" alt=\"\" width=\"1464\" height=\"600\" srcset=\"https:\/\/i0.wp.com\/chill-road.com\/wp-content\/uploads\/2025\/11\/Glow30-APC_01.jpg.webp?w=1464&amp;quality=80&amp;ssl=1 1464w, https:\/\/i0.wp.com\/chill-road.com\/wp-content\/uploads\/2025\/11\/Glow30-APC_01.jpg.webp?resize=300%2C123&amp;quality=80&amp;ssl=1 300w, https:\/\/i0.wp.com\/chill-road.com\/wp-content\/uploads\/2025\/11\/Glow30-APC_01.jpg.webp?resize=1024%2C420&amp;quality=80&amp;ssl=1 1024w, https:\/\/i0.wp.com\/chill-road.com\/wp-content\/uploads\/2025\/11\/Glow30-APC_01.jpg.webp?resize=768%2C315&amp;quality=80&amp;ssl=1 768w, https:\/\/i0.wp.com\/chill-road.com\/wp-content\/uploads\/2025\/11\/Glow30-APC_01.jpg.webp?resize=18%2C7&amp;quality=80&amp;ssl=1 18w, https:\/\/i0.wp.com\/chill-road.com\/wp-content\/uploads\/2025\/11\/Glow30-APC_01.jpg.webp?resize=1200%2C492&amp;quality=80&amp;ssl=1 1200w, https:\/\/i0.wp.com\/chill-road.com\/wp-content\/uploads\/2025\/11\/Glow30-APC_01.jpg.webp?resize=900%2C369&amp;quality=80&amp;ssl=1 900w, https:\/\/i0.wp.com\/chill-road.com\/wp-content\/uploads\/2025\/11\/Glow30-APC_01.jpg.webp?resize=150%2C61&amp;quality=80&amp;ssl=1 150w\" sizes=\"auto, (max-width: 1000px) 100vw, 1000px\" \/> <img data-recalc-dims=\"1\" loading=\"lazy\" decoding=\"async\" data-attachment-id=\"8323\" data-permalink=\"https:\/\/chill-road.com\/fr\/?attachment_id=8323\" data-orig-file=\"https:\/\/i0.wp.com\/chill-road.com\/wp-content\/uploads\/2025\/11\/Glow30-APC_02.jpg.webp?fit=1464%2C600&amp;quality=80&amp;ssl=1\" data-orig-size=\"1464,600\" data-comments-opened=\"1\" data-image-meta=\"{&quot;aperture&quot;:&quot;0&quot;,&quot;credit&quot;:&quot;&quot;,&quot;camera&quot;:&quot;&quot;,&quot;caption&quot;:&quot;&quot;,&quot;created_timestamp&quot;:&quot;0&quot;,&quot;copyright&quot;:&quot;&quot;,&quot;focal_length&quot;:&quot;0&quot;,&quot;iso&quot;:&quot;0&quot;,&quot;shutter_speed&quot;:&quot;0&quot;,&quot;title&quot;:&quot;&quot;,&quot;orientation&quot;:&quot;0&quot;}\" data-image-title=\"Glow30-APC_02.jpg\" data-image-description=\"\" data-image-caption=\"\" data-medium-file=\"https:\/\/i0.wp.com\/chill-road.com\/wp-content\/uploads\/2025\/11\/Glow30-APC_02.jpg.webp?fit=300%2C123&amp;quality=80&amp;ssl=1\" data-large-file=\"https:\/\/i0.wp.com\/chill-road.com\/wp-content\/uploads\/2025\/11\/Glow30-APC_02.jpg.webp?fit=1024%2C420&amp;quality=80&amp;ssl=1\" class=\"alignnone size-full wp-image-8323\" src=\"https:\/\/i0.wp.com\/chill-road.com\/wp-content\/uploads\/2025\/11\/Glow30-APC_02.jpg.webp?resize=1464%2C600&#038;quality=80&#038;ssl=1\" alt=\"\" width=\"1464\" height=\"600\" srcset=\"https:\/\/i0.wp.com\/chill-road.com\/wp-content\/uploads\/2025\/11\/Glow30-APC_02.jpg.webp?w=1464&amp;quality=80&amp;ssl=1 1464w, https:\/\/i0.wp.com\/chill-road.com\/wp-content\/uploads\/2025\/11\/Glow30-APC_02.jpg.webp?resize=300%2C123&amp;quality=80&amp;ssl=1 300w, https:\/\/i0.wp.com\/chill-road.com\/wp-content\/uploads\/2025\/11\/Glow30-APC_02.jpg.webp?resize=1024%2C420&amp;quality=80&amp;ssl=1 1024w, https:\/\/i0.wp.com\/chill-road.com\/wp-content\/uploads\/2025\/11\/Glow30-APC_02.jpg.webp?resize=768%2C315&amp;quality=80&amp;ssl=1 768w, https:\/\/i0.wp.com\/chill-road.com\/wp-content\/uploads\/2025\/11\/Glow30-APC_02.jpg.webp?resize=18%2C7&amp;quality=80&amp;ssl=1 18w, https:\/\/i0.wp.com\/chill-road.com\/wp-content\/uploads\/2025\/11\/Glow30-APC_02.jpg.webp?resize=1200%2C492&amp;quality=80&amp;ssl=1 1200w, https:\/\/i0.wp.com\/chill-road.com\/wp-content\/uploads\/2025\/11\/Glow30-APC_02.jpg.webp?resize=900%2C369&amp;quality=80&amp;ssl=1 900w, https:\/\/i0.wp.com\/chill-road.com\/wp-content\/uploads\/2025\/11\/Glow30-APC_02.jpg.webp?resize=150%2C61&amp;quality=80&amp;ssl=1 150w\" sizes=\"auto, (max-width: 1000px) 100vw, 1000px\" \/> <img data-recalc-dims=\"1\" loading=\"lazy\" decoding=\"async\" data-attachment-id=\"8324\" data-permalink=\"https:\/\/chill-road.com\/fr\/?attachment_id=8324\" data-orig-file=\"https:\/\/i0.wp.com\/chill-road.com\/wp-content\/uploads\/2025\/11\/Glow30-APC_06.jpg.webp?fit=1464%2C600&amp;quality=80&amp;ssl=1\" data-orig-size=\"1464,600\" data-comments-opened=\"1\" data-image-meta=\"{&quot;aperture&quot;:&quot;0&quot;,&quot;credit&quot;:&quot;&quot;,&quot;camera&quot;:&quot;&quot;,&quot;caption&quot;:&quot;&quot;,&quot;created_timestamp&quot;:&quot;0&quot;,&quot;copyright&quot;:&quot;&quot;,&quot;focal_length&quot;:&quot;0&quot;,&quot;iso&quot;:&quot;0&quot;,&quot;shutter_speed&quot;:&quot;0&quot;,&quot;title&quot;:&quot;&quot;,&quot;orientation&quot;:&quot;0&quot;}\" data-image-title=\"Glow30-APC_06.jpg\" data-image-description=\"\" data-image-caption=\"\" data-medium-file=\"https:\/\/i0.wp.com\/chill-road.com\/wp-content\/uploads\/2025\/11\/Glow30-APC_06.jpg.webp?fit=300%2C123&amp;quality=80&amp;ssl=1\" data-large-file=\"https:\/\/i0.wp.com\/chill-road.com\/wp-content\/uploads\/2025\/11\/Glow30-APC_06.jpg.webp?fit=1024%2C420&amp;quality=80&amp;ssl=1\" class=\"alignnone size-full wp-image-8324\" src=\"https:\/\/i0.wp.com\/chill-road.com\/wp-content\/uploads\/2025\/11\/Glow30-APC_06.jpg.webp?resize=1464%2C600&#038;quality=80&#038;ssl=1\" alt=\"\" width=\"1464\" height=\"600\" srcset=\"https:\/\/i0.wp.com\/chill-road.com\/wp-content\/uploads\/2025\/11\/Glow30-APC_06.jpg.webp?w=1464&amp;quality=80&amp;ssl=1 1464w, https:\/\/i0.wp.com\/chill-road.com\/wp-content\/uploads\/2025\/11\/Glow30-APC_06.jpg.webp?resize=300%2C123&amp;quality=80&amp;ssl=1 300w, https:\/\/i0.wp.com\/chill-road.com\/wp-content\/uploads\/2025\/11\/Glow30-APC_06.jpg.webp?resize=1024%2C420&amp;quality=80&amp;ssl=1 1024w, https:\/\/i0.wp.com\/chill-road.com\/wp-content\/uploads\/2025\/11\/Glow30-APC_06.jpg.webp?resize=768%2C315&amp;quality=80&amp;ssl=1 768w, https:\/\/i0.wp.com\/chill-road.com\/wp-content\/uploads\/2025\/11\/Glow30-APC_06.jpg.webp?resize=18%2C7&amp;quality=80&amp;ssl=1 18w, https:\/\/i0.wp.com\/chill-road.com\/wp-content\/uploads\/2025\/11\/Glow30-APC_06.jpg.webp?resize=1200%2C492&amp;quality=80&amp;ssl=1 1200w, https:\/\/i0.wp.com\/chill-road.com\/wp-content\/uploads\/2025\/11\/Glow30-APC_06.jpg.webp?resize=900%2C369&amp;quality=80&amp;ssl=1 900w, https:\/\/i0.wp.com\/chill-road.com\/wp-content\/uploads\/2025\/11\/Glow30-APC_06.jpg.webp?resize=150%2C61&amp;quality=80&amp;ssl=1 150w\" sizes=\"auto, (max-width: 1000px) 100vw, 1000px\" \/> <img data-recalc-dims=\"1\" loading=\"lazy\" decoding=\"async\" data-attachment-id=\"8325\" data-permalink=\"https:\/\/chill-road.com\/fr\/?attachment_id=8325\" data-orig-file=\"https:\/\/i0.wp.com\/chill-road.com\/wp-content\/uploads\/2025\/11\/Glow30-APC_07.jpg.webp?fit=1464%2C600&amp;quality=80&amp;ssl=1\" data-orig-size=\"1464,600\" data-comments-opened=\"1\" data-image-meta=\"{&quot;aperture&quot;:&quot;0&quot;,&quot;credit&quot;:&quot;&quot;,&quot;camera&quot;:&quot;&quot;,&quot;caption&quot;:&quot;&quot;,&quot;created_timestamp&quot;:&quot;0&quot;,&quot;copyright&quot;:&quot;&quot;,&quot;focal_length&quot;:&quot;0&quot;,&quot;iso&quot;:&quot;0&quot;,&quot;shutter_speed&quot;:&quot;0&quot;,&quot;title&quot;:&quot;&quot;,&quot;orientation&quot;:&quot;0&quot;}\" data-image-title=\"Glow30-APC_07.jpg\" data-image-description=\"\" data-image-caption=\"\" data-medium-file=\"https:\/\/i0.wp.com\/chill-road.com\/wp-content\/uploads\/2025\/11\/Glow30-APC_07.jpg.webp?fit=300%2C123&amp;quality=80&amp;ssl=1\" data-large-file=\"https:\/\/i0.wp.com\/chill-road.com\/wp-content\/uploads\/2025\/11\/Glow30-APC_07.jpg.webp?fit=1024%2C420&amp;quality=80&amp;ssl=1\" class=\"alignnone size-full wp-image-8325\" src=\"https:\/\/i0.wp.com\/chill-road.com\/wp-content\/uploads\/2025\/11\/Glow30-APC_07.jpg.webp?resize=1464%2C600&#038;quality=80&#038;ssl=1\" alt=\"\" width=\"1464\" height=\"600\" srcset=\"https:\/\/i0.wp.com\/chill-road.com\/wp-content\/uploads\/2025\/11\/Glow30-APC_07.jpg.webp?w=1464&amp;quality=80&amp;ssl=1 1464w, https:\/\/i0.wp.com\/chill-road.com\/wp-content\/uploads\/2025\/11\/Glow30-APC_07.jpg.webp?resize=300%2C123&amp;quality=80&amp;ssl=1 300w, https:\/\/i0.wp.com\/chill-road.com\/wp-content\/uploads\/2025\/11\/Glow30-APC_07.jpg.webp?resize=1024%2C420&amp;quality=80&amp;ssl=1 1024w, https:\/\/i0.wp.com\/chill-road.com\/wp-content\/uploads\/2025\/11\/Glow30-APC_07.jpg.webp?resize=768%2C315&amp;quality=80&amp;ssl=1 768w, https:\/\/i0.wp.com\/chill-road.com\/wp-content\/uploads\/2025\/11\/Glow30-APC_07.jpg.webp?resize=18%2C7&amp;quality=80&amp;ssl=1 18w, https:\/\/i0.wp.com\/chill-road.com\/wp-content\/uploads\/2025\/11\/Glow30-APC_07.jpg.webp?resize=1200%2C492&amp;quality=80&amp;ssl=1 1200w, https:\/\/i0.wp.com\/chill-road.com\/wp-content\/uploads\/2025\/11\/Glow30-APC_07.jpg.webp?resize=900%2C369&amp;quality=80&amp;ssl=1 900w, https:\/\/i0.wp.com\/chill-road.com\/wp-content\/uploads\/2025\/11\/Glow30-APC_07.jpg.webp?resize=150%2C61&amp;quality=80&amp;ssl=1 150w\" sizes=\"auto, (max-width: 1000px) 100vw, 1000px\" \/><\/p>\n","protected":false},"excerpt":{"rendered":"<h3><strong>Pourquoi avez-vous besoin de l\u2019\u00e9clairage lat\u00e9ral Glow30 ?<\/strong><\/h3>\n<p>La plupart des lampes de culture sont mont\u00e9es au-dessus des tentes de culture, mais la lumi\u00e8re a du mal \u00e0 p\u00e9n\u00e9trer profond\u00e9ment dans la canop\u00e9e inf\u00e9rieure. Cela signifie que les bourgeons et les branches inf\u00e9rieurs re\u00e7oivent moins de lumi\u00e8re, ce qui entra\u00eene une croissance plus lente, des rendements plus faibles et une puissance inf\u00e9rieure par rapport au sommet. Sans un \u00e9clairage ad\u00e9quat, vous ne maximisez pas tout le potentiel de votre plante.<\/p>\n<p>Spider Farmer Glow30 r\u00e9sout ce probl\u00e8me (\u00e9clairage lat\u00e9ral, sous-\u00e9clairage, \u00e9clairage suppl\u00e9mentaire) ! Il fournit un \u00e9clairage lat\u00e9ral cibl\u00e9, garantissant que les bourgeons inf\u00e9rieurs re\u00e7oivent la lumi\u00e8re suppl\u00e9mentaire dont ils ont besoin pour devenir plus gros, plus denses et plus sains. L&rsquo;installation flexible vous permet de le monter sur les parois lat\u00e9rales de la tente de culture ou de le placer n&rsquo;importe o\u00f9 pour une r\u00e9partition optimis\u00e9e de la lumi\u00e8re.<\/p>\n<p>De plus, il est super \u00e9conome en \u00e9nergie \u2014 seulement 32 W ! M\u00eame si vous le faites fonctionner 4 heures par jour pendant 21 jours, votre co\u00fbt en \u00e9lectricit\u00e9 ne sera que de quelques dollars. Avec une meilleure couverture lumineuse et des rendements plus \u00e9lev\u00e9s,Glow30 est la mise \u00e0 niveau dont votre configuration de culture a besoin.<\/p>\n<p><strong>Longueur des fils aux deux extr\u00e9mit\u00e9s d&rsquo;une seule barre lumineuse : <\/strong>70 cm<\/p>\n<hr \/>\n<p><img loading=\"lazy\" decoding=\"async\" class=\"alignnone\" src=\"https:\/\/chill-road.com\/wp-content\/uploads\/2025\/11\/imgi_28_retail-2-shipping.svg\" sizes=\"auto, (max-width: 30px) 100vw, 30px\" alt=\"\" width=\"32\" height=\"37\" \/><br \/>\n<strong>Exp\u00e9di\u00e9 le jour m\u00eame, 3 \u00e0 8 jours ouvrables pour que le produit vous parvienne.<\/strong><\/p>\n<p><img loading=\"lazy\" decoding=\"async\" class=\"alignnone\" src=\"https:\/\/chill-road.com\/wp-content\/uploads\/2025\/11\/imgi_31_retail-2-safe.svg\" sizes=\"auto, (max-width: 30px) 100vw, 30px\" alt=\"\" width=\"32\" height=\"37\" \/><br \/>\n<strong>Jusqu&rsquo;\u00e0 5 ans de garantie.<\/strong><\/p>\n<hr \/>\n","protected":false},"featured_media":8315,"comment_status":"open","ping_status":"closed","template":"","meta":[],"product_brand":[333],"product_cat":[338,17,334],"product_tag":[],"class_list":{"0":"post-8522","1":"product","2":"type-product","3":"status-publish","4":"has-post-thumbnail","6":"product_brand-spider-farmer","7":"product_cat-garden-series","8":"product_cat-eclairages-horticoles","9":"product_cat-led-spider-farmer","10":"pa_led-couverture-croissance-60x60cm","11":"pa_led-puissance-32wadlite","12":"pa_led-spectre-lumineux-spectre-complet","13":"cr-has-rrp","15":"first","16":"instock","17":"sale","18":"purchasable","19":"product-type-simple"},"jetpack_sharing_enabled":true,"_links":{"self":[{"href":"https:\/\/chill-road.com\/fr\/wp-json\/wp\/v2\/product\/8522","targetHints":{"allow":["GET"]}}],"collection":[{"href":"https:\/\/chill-road.com\/fr\/wp-json\/wp\/v2\/product"}],"about":[{"href":"https:\/\/chill-road.com\/fr\/wp-json\/wp\/v2\/types\/product"}],"replies":[{"embeddable":true,"href":"https:\/\/chill-road.com\/fr\/wp-json\/wp\/v2\/comments?post=8522"}],"version-history":[{"count":1,"href":"https:\/\/chill-road.com\/fr\/wp-json\/wp\/v2\/product\/8522\/revisions"}],"predecessor-version":[{"id":20368,"href":"https:\/\/chill-road.com\/fr\/wp-json\/wp\/v2\/product\/8522\/revisions\/20368"}],"wp:featuredmedia":[{"embeddable":true,"href":"https:\/\/chill-road.com\/fr\/wp-json\/wp\/v2\/media\/8315"}],"wp:attachment":[{"href":"https:\/\/chill-road.com\/fr\/wp-json\/wp\/v2\/media?parent=8522"}],"wp:term":[{"taxonomy":"product_brand","embeddable":true,"href":"https:\/\/chill-road.com\/fr\/wp-json\/wp\/v2\/product_brand?post=8522"},{"taxonomy":"product_cat","embeddable":true,"href":"https:\/\/chill-road.com\/fr\/wp-json\/wp\/v2\/product_cat?post=8522"},{"taxonomy":"product_tag","embeddable":true,"href":"https:\/\/chill-road.com\/fr\/wp-json\/wp\/v2\/product_tag?post=8522"}],"curies":[{"name":"wp","href":"https:\/\/api.w.org\/{rel}","templated":true}]}}