{"id":8540,"date":"2025-11-29T15:48:11","date_gmt":"2025-11-29T14:48:11","guid":{"rendered":"https:\/\/chill-road.com\/?post_type=product&#038;p=8540"},"modified":"2026-05-06T06:05:58","modified_gmt":"2026-05-06T04:05:58","slug":"g8600-800w-bridgelux-led-spectre-complet-wifi-bluetooth-app-control-dimmable-spider-farmer","status":"publish","type":"product","link":"https:\/\/chill-road.com\/fr\/produit\/g8600-800w-bridgelux-led-spectre-complet-wifi-bluetooth-app-control-dimmable-spider-farmer\/","title":{"rendered":"G8600 800W  Lampe de Culture LED Bridgelux Spectre Complet WiFi &#038; Bluetooth App-Control Dimmable Spider Farmer"},"content":{"rendered":"<p><img data-recalc-dims=\"1\" loading=\"lazy\" decoding=\"async\" data-attachment-id=\"8113\" data-permalink=\"https:\/\/chill-road.com\/fr\/?attachment_id=8113\" data-orig-file=\"https:\/\/i0.wp.com\/chill-road.com\/wp-content\/uploads\/2025\/11\/G-A-8600-PC-1.jpg.webp?fit=1464%2C600&amp;quality=80&amp;ssl=1\" data-orig-size=\"1464,600\" data-comments-opened=\"1\" data-image-meta=\"{&quot;aperture&quot;:&quot;0&quot;,&quot;credit&quot;:&quot;&quot;,&quot;camera&quot;:&quot;&quot;,&quot;caption&quot;:&quot;&quot;,&quot;created_timestamp&quot;:&quot;0&quot;,&quot;copyright&quot;:&quot;&quot;,&quot;focal_length&quot;:&quot;0&quot;,&quot;iso&quot;:&quot;0&quot;,&quot;shutter_speed&quot;:&quot;0&quot;,&quot;title&quot;:&quot;&quot;,&quot;orientation&quot;:&quot;0&quot;}\" data-image-title=\"G-A-8600-PC-1.jpg\" data-image-description=\"\" data-image-caption=\"\" data-large-file=\"https:\/\/i0.wp.com\/chill-road.com\/wp-content\/uploads\/2025\/11\/G-A-8600-PC-1.jpg.webp?fit=1024%2C420&amp;quality=80&amp;ssl=1\" class=\"alignnone size-full wp-image-8113\" src=\"https:\/\/i0.wp.com\/chill-road.com\/wp-content\/uploads\/2025\/11\/G-A-8600-PC-1.jpg.webp?resize=1464%2C600&#038;quality=80&#038;ssl=1\" alt=\"\" width=\"1464\" height=\"600\" srcset=\"https:\/\/i0.wp.com\/chill-road.com\/wp-content\/uploads\/2025\/11\/G-A-8600-PC-1.jpg.webp?w=1464&amp;quality=80&amp;ssl=1 1464w, https:\/\/i0.wp.com\/chill-road.com\/wp-content\/uploads\/2025\/11\/G-A-8600-PC-1.jpg.webp?resize=300%2C123&amp;quality=80&amp;ssl=1 300w, https:\/\/i0.wp.com\/chill-road.com\/wp-content\/uploads\/2025\/11\/G-A-8600-PC-1.jpg.webp?resize=1024%2C420&amp;quality=80&amp;ssl=1 1024w, https:\/\/i0.wp.com\/chill-road.com\/wp-content\/uploads\/2025\/11\/G-A-8600-PC-1.jpg.webp?resize=768%2C315&amp;quality=80&amp;ssl=1 768w, https:\/\/i0.wp.com\/chill-road.com\/wp-content\/uploads\/2025\/11\/G-A-8600-PC-1.jpg.webp?resize=18%2C7&amp;quality=80&amp;ssl=1 18w, https:\/\/i0.wp.com\/chill-road.com\/wp-content\/uploads\/2025\/11\/G-A-8600-PC-1.jpg.webp?resize=1200%2C492&amp;quality=80&amp;ssl=1 1200w, https:\/\/i0.wp.com\/chill-road.com\/wp-content\/uploads\/2025\/11\/G-A-8600-PC-1.jpg.webp?resize=900%2C369&amp;quality=80&amp;ssl=1 900w, https:\/\/i0.wp.com\/chill-road.com\/wp-content\/uploads\/2025\/11\/G-A-8600-PC-1.jpg.webp?resize=150%2C61&amp;quality=80&amp;ssl=1 150w\" sizes=\"auto, (max-width: 1000px) 100vw, 1000px\" \/> <img data-recalc-dims=\"1\" loading=\"lazy\" decoding=\"async\" data-attachment-id=\"8112\" data-permalink=\"https:\/\/chill-road.com\/fr\/?attachment_id=8112\" data-orig-file=\"https:\/\/i0.wp.com\/chill-road.com\/wp-content\/uploads\/2025\/11\/2024-Newest-Version-Spider-Farmer-Dimmable-Foldable-3000K-5000K-Full-Spectrum-800W-Led-Grow-Light-G-Series-G8600.webp?fit=1464%2C600&amp;quality=80&amp;ssl=1\" data-orig-size=\"1464,600\" data-comments-opened=\"1\" data-image-meta=\"{&quot;aperture&quot;:&quot;0&quot;,&quot;credit&quot;:&quot;&quot;,&quot;camera&quot;:&quot;&quot;,&quot;caption&quot;:&quot;&quot;,&quot;created_timestamp&quot;:&quot;0&quot;,&quot;copyright&quot;:&quot;&quot;,&quot;focal_length&quot;:&quot;0&quot;,&quot;iso&quot;:&quot;0&quot;,&quot;shutter_speed&quot;:&quot;0&quot;,&quot;title&quot;:&quot;&quot;,&quot;orientation&quot;:&quot;0&quot;}\" data-image-title=\"2024-Newest-Version-Spider-Farmer-Dimmable-Foldable-3000K-5000K-Full-Spectrum-800W-Led-Grow-Light-G-Series-G8600\" data-image-description=\"\" data-image-caption=\"\" data-large-file=\"https:\/\/i0.wp.com\/chill-road.com\/wp-content\/uploads\/2025\/11\/2024-Newest-Version-Spider-Farmer-Dimmable-Foldable-3000K-5000K-Full-Spectrum-800W-Led-Grow-Light-G-Series-G8600.webp?fit=1024%2C420&amp;quality=80&amp;ssl=1\" class=\"alignnone size-full wp-image-8112\" src=\"https:\/\/i0.wp.com\/chill-road.com\/wp-content\/uploads\/2025\/11\/2024-Newest-Version-Spider-Farmer-Dimmable-Foldable-3000K-5000K-Full-Spectrum-800W-Led-Grow-Light-G-Series-G8600.webp?resize=1464%2C600&#038;quality=80&#038;ssl=1\" alt=\"\" width=\"1464\" height=\"600\" srcset=\"https:\/\/i0.wp.com\/chill-road.com\/wp-content\/uploads\/2025\/11\/2024-Newest-Version-Spider-Farmer-Dimmable-Foldable-3000K-5000K-Full-Spectrum-800W-Led-Grow-Light-G-Series-G8600.webp?w=1464&amp;quality=80&amp;ssl=1 1464w, https:\/\/i0.wp.com\/chill-road.com\/wp-content\/uploads\/2025\/11\/2024-Newest-Version-Spider-Farmer-Dimmable-Foldable-3000K-5000K-Full-Spectrum-800W-Led-Grow-Light-G-Series-G8600.webp?resize=300%2C123&amp;quality=80&amp;ssl=1 300w, https:\/\/i0.wp.com\/chill-road.com\/wp-content\/uploads\/2025\/11\/2024-Newest-Version-Spider-Farmer-Dimmable-Foldable-3000K-5000K-Full-Spectrum-800W-Led-Grow-Light-G-Series-G8600.webp?resize=1024%2C420&amp;quality=80&amp;ssl=1 1024w, https:\/\/i0.wp.com\/chill-road.com\/wp-content\/uploads\/2025\/11\/2024-Newest-Version-Spider-Farmer-Dimmable-Foldable-3000K-5000K-Full-Spectrum-800W-Led-Grow-Light-G-Series-G8600.webp?resize=768%2C315&amp;quality=80&amp;ssl=1 768w, https:\/\/i0.wp.com\/chill-road.com\/wp-content\/uploads\/2025\/11\/2024-Newest-Version-Spider-Farmer-Dimmable-Foldable-3000K-5000K-Full-Spectrum-800W-Led-Grow-Light-G-Series-G8600.webp?resize=18%2C7&amp;quality=80&amp;ssl=1 18w, https:\/\/i0.wp.com\/chill-road.com\/wp-content\/uploads\/2025\/11\/2024-Newest-Version-Spider-Farmer-Dimmable-Foldable-3000K-5000K-Full-Spectrum-800W-Led-Grow-Light-G-Series-G8600.webp?resize=1200%2C492&amp;quality=80&amp;ssl=1 1200w, https:\/\/i0.wp.com\/chill-road.com\/wp-content\/uploads\/2025\/11\/2024-Newest-Version-Spider-Farmer-Dimmable-Foldable-3000K-5000K-Full-Spectrum-800W-Led-Grow-Light-G-Series-G8600.webp?resize=900%2C369&amp;quality=80&amp;ssl=1 900w, https:\/\/i0.wp.com\/chill-road.com\/wp-content\/uploads\/2025\/11\/2024-Newest-Version-Spider-Farmer-Dimmable-Foldable-3000K-5000K-Full-Spectrum-800W-Led-Grow-Light-G-Series-G8600.webp?resize=150%2C61&amp;quality=80&amp;ssl=1 150w\" sizes=\"auto, (max-width: 1000px) 100vw, 1000px\" \/> <img data-recalc-dims=\"1\" loading=\"lazy\" decoding=\"async\" data-attachment-id=\"8110\" data-permalink=\"https:\/\/chill-road.com\/fr\/?attachment_id=8110\" data-orig-file=\"https:\/\/i0.wp.com\/chill-road.com\/wp-content\/uploads\/2025\/11\/2024-Newest-Version-Spider-Farmer-Dimmable-Foldable-3000K-5000K-Full-Spectrum-800W-Led-Grow-Light-G-Series-G-1.webp?fit=1464%2C600&amp;quality=80&amp;ssl=1\" data-orig-size=\"1464,600\" data-comments-opened=\"1\" data-image-meta=\"{&quot;aperture&quot;:&quot;0&quot;,&quot;credit&quot;:&quot;&quot;,&quot;camera&quot;:&quot;&quot;,&quot;caption&quot;:&quot;&quot;,&quot;created_timestamp&quot;:&quot;0&quot;,&quot;copyright&quot;:&quot;&quot;,&quot;focal_length&quot;:&quot;0&quot;,&quot;iso&quot;:&quot;0&quot;,&quot;shutter_speed&quot;:&quot;0&quot;,&quot;title&quot;:&quot;&quot;,&quot;orientation&quot;:&quot;0&quot;}\" data-image-title=\"2024-Newest-Version-Spider-Farmer-Dimmable-Foldable-3000K-5000K-Full-Spectrum-800W-Led-Grow-Light-G-Series-G (1)\" data-image-description=\"\" data-image-caption=\"\" data-large-file=\"https:\/\/i0.wp.com\/chill-road.com\/wp-content\/uploads\/2025\/11\/2024-Newest-Version-Spider-Farmer-Dimmable-Foldable-3000K-5000K-Full-Spectrum-800W-Led-Grow-Light-G-Series-G-1.webp?fit=1024%2C420&amp;quality=80&amp;ssl=1\" class=\"alignnone size-full wp-image-8110\" src=\"https:\/\/i0.wp.com\/chill-road.com\/wp-content\/uploads\/2025\/11\/2024-Newest-Version-Spider-Farmer-Dimmable-Foldable-3000K-5000K-Full-Spectrum-800W-Led-Grow-Light-G-Series-G-1.webp?resize=1464%2C600&#038;quality=80&#038;ssl=1\" alt=\"\" width=\"1464\" height=\"600\" srcset=\"https:\/\/i0.wp.com\/chill-road.com\/wp-content\/uploads\/2025\/11\/2024-Newest-Version-Spider-Farmer-Dimmable-Foldable-3000K-5000K-Full-Spectrum-800W-Led-Grow-Light-G-Series-G-1.webp?w=1464&amp;quality=80&amp;ssl=1 1464w, https:\/\/i0.wp.com\/chill-road.com\/wp-content\/uploads\/2025\/11\/2024-Newest-Version-Spider-Farmer-Dimmable-Foldable-3000K-5000K-Full-Spectrum-800W-Led-Grow-Light-G-Series-G-1.webp?resize=300%2C123&amp;quality=80&amp;ssl=1 300w, https:\/\/i0.wp.com\/chill-road.com\/wp-content\/uploads\/2025\/11\/2024-Newest-Version-Spider-Farmer-Dimmable-Foldable-3000K-5000K-Full-Spectrum-800W-Led-Grow-Light-G-Series-G-1.webp?resize=1024%2C420&amp;quality=80&amp;ssl=1 1024w, https:\/\/i0.wp.com\/chill-road.com\/wp-content\/uploads\/2025\/11\/2024-Newest-Version-Spider-Farmer-Dimmable-Foldable-3000K-5000K-Full-Spectrum-800W-Led-Grow-Light-G-Series-G-1.webp?resize=768%2C315&amp;quality=80&amp;ssl=1 768w, https:\/\/i0.wp.com\/chill-road.com\/wp-content\/uploads\/2025\/11\/2024-Newest-Version-Spider-Farmer-Dimmable-Foldable-3000K-5000K-Full-Spectrum-800W-Led-Grow-Light-G-Series-G-1.webp?resize=18%2C7&amp;quality=80&amp;ssl=1 18w, https:\/\/i0.wp.com\/chill-road.com\/wp-content\/uploads\/2025\/11\/2024-Newest-Version-Spider-Farmer-Dimmable-Foldable-3000K-5000K-Full-Spectrum-800W-Led-Grow-Light-G-Series-G-1.webp?resize=1200%2C492&amp;quality=80&amp;ssl=1 1200w, https:\/\/i0.wp.com\/chill-road.com\/wp-content\/uploads\/2025\/11\/2024-Newest-Version-Spider-Farmer-Dimmable-Foldable-3000K-5000K-Full-Spectrum-800W-Led-Grow-Light-G-Series-G-1.webp?resize=900%2C369&amp;quality=80&amp;ssl=1 900w, https:\/\/i0.wp.com\/chill-road.com\/wp-content\/uploads\/2025\/11\/2024-Newest-Version-Spider-Farmer-Dimmable-Foldable-3000K-5000K-Full-Spectrum-800W-Led-Grow-Light-G-Series-G-1.webp?resize=150%2C61&amp;quality=80&amp;ssl=1 150w\" sizes=\"auto, (max-width: 1000px) 100vw, 1000px\" \/> <img data-recalc-dims=\"1\" loading=\"lazy\" decoding=\"async\" data-attachment-id=\"8111\" data-permalink=\"https:\/\/chill-road.com\/fr\/?attachment_id=8111\" data-orig-file=\"https:\/\/i0.wp.com\/chill-road.com\/wp-content\/uploads\/2025\/11\/2024-Newest-Version-Spider-Farmer-Dimmable-Foldable-3000K-5000K-Full-Spectrum-800W-Led-Grow-Light-G-Series-G-2.webp?fit=1464%2C600&amp;quality=80&amp;ssl=1\" data-orig-size=\"1464,600\" data-comments-opened=\"1\" data-image-meta=\"{&quot;aperture&quot;:&quot;0&quot;,&quot;credit&quot;:&quot;&quot;,&quot;camera&quot;:&quot;&quot;,&quot;caption&quot;:&quot;&quot;,&quot;created_timestamp&quot;:&quot;0&quot;,&quot;copyright&quot;:&quot;&quot;,&quot;focal_length&quot;:&quot;0&quot;,&quot;iso&quot;:&quot;0&quot;,&quot;shutter_speed&quot;:&quot;0&quot;,&quot;title&quot;:&quot;&quot;,&quot;orientation&quot;:&quot;0&quot;}\" data-image-title=\"2024-Newest-Version-Spider-Farmer-Dimmable-Foldable-3000K-5000K-Full-Spectrum-800W-Led-Grow-Light-G-Series-G (2)\" data-image-description=\"\" data-image-caption=\"\" data-large-file=\"https:\/\/i0.wp.com\/chill-road.com\/wp-content\/uploads\/2025\/11\/2024-Newest-Version-Spider-Farmer-Dimmable-Foldable-3000K-5000K-Full-Spectrum-800W-Led-Grow-Light-G-Series-G-2.webp?fit=1024%2C420&amp;quality=80&amp;ssl=1\" class=\"alignnone size-full wp-image-8111\" src=\"https:\/\/i0.wp.com\/chill-road.com\/wp-content\/uploads\/2025\/11\/2024-Newest-Version-Spider-Farmer-Dimmable-Foldable-3000K-5000K-Full-Spectrum-800W-Led-Grow-Light-G-Series-G-2.webp?resize=1464%2C600&#038;quality=80&#038;ssl=1\" alt=\"\" width=\"1464\" height=\"600\" srcset=\"https:\/\/i0.wp.com\/chill-road.com\/wp-content\/uploads\/2025\/11\/2024-Newest-Version-Spider-Farmer-Dimmable-Foldable-3000K-5000K-Full-Spectrum-800W-Led-Grow-Light-G-Series-G-2.webp?w=1464&amp;quality=80&amp;ssl=1 1464w, https:\/\/i0.wp.com\/chill-road.com\/wp-content\/uploads\/2025\/11\/2024-Newest-Version-Spider-Farmer-Dimmable-Foldable-3000K-5000K-Full-Spectrum-800W-Led-Grow-Light-G-Series-G-2.webp?resize=300%2C123&amp;quality=80&amp;ssl=1 300w, https:\/\/i0.wp.com\/chill-road.com\/wp-content\/uploads\/2025\/11\/2024-Newest-Version-Spider-Farmer-Dimmable-Foldable-3000K-5000K-Full-Spectrum-800W-Led-Grow-Light-G-Series-G-2.webp?resize=1024%2C420&amp;quality=80&amp;ssl=1 1024w, https:\/\/i0.wp.com\/chill-road.com\/wp-content\/uploads\/2025\/11\/2024-Newest-Version-Spider-Farmer-Dimmable-Foldable-3000K-5000K-Full-Spectrum-800W-Led-Grow-Light-G-Series-G-2.webp?resize=768%2C315&amp;quality=80&amp;ssl=1 768w, https:\/\/i0.wp.com\/chill-road.com\/wp-content\/uploads\/2025\/11\/2024-Newest-Version-Spider-Farmer-Dimmable-Foldable-3000K-5000K-Full-Spectrum-800W-Led-Grow-Light-G-Series-G-2.webp?resize=18%2C7&amp;quality=80&amp;ssl=1 18w, https:\/\/i0.wp.com\/chill-road.com\/wp-content\/uploads\/2025\/11\/2024-Newest-Version-Spider-Farmer-Dimmable-Foldable-3000K-5000K-Full-Spectrum-800W-Led-Grow-Light-G-Series-G-2.webp?resize=1200%2C492&amp;quality=80&amp;ssl=1 1200w, https:\/\/i0.wp.com\/chill-road.com\/wp-content\/uploads\/2025\/11\/2024-Newest-Version-Spider-Farmer-Dimmable-Foldable-3000K-5000K-Full-Spectrum-800W-Led-Grow-Light-G-Series-G-2.webp?resize=900%2C369&amp;quality=80&amp;ssl=1 900w, https:\/\/i0.wp.com\/chill-road.com\/wp-content\/uploads\/2025\/11\/2024-Newest-Version-Spider-Farmer-Dimmable-Foldable-3000K-5000K-Full-Spectrum-800W-Led-Grow-Light-G-Series-G-2.webp?resize=150%2C61&amp;quality=80&amp;ssl=1 150w\" sizes=\"auto, (max-width: 1000px) 100vw, 1000px\" \/><\/p>\n","protected":false},"excerpt":{"rendered":"<p><strong>PPF <\/strong>: 2283 \u03bcmol\/S<br \/>\n<strong>PPE <\/strong>: 2,85 \u03bcmol\/J<br \/>\n<strong>Dimensions <\/strong>: 112.19 \u00d7 115.26 \u00d7 8.32 cm<br \/>\n<strong>Couverture Floraison<\/strong>: 120 x 120cm<br \/>\n<strong>Couverture Croissance<\/strong>: 150 x 150cm<\/p>\n<p>Contr\u00f4le intelligent via l&rsquo;application (Recherchez \u201cSpider Farmer\u201d sur l&rsquo;Apple Store ou Google Play pour t\u00e9l\u00e9charger l&rsquo;application\uff09<br \/>\n<strong>Simulez le lever et le coucher du soleil :<\/strong> cr\u00e9ez facilement des effets de lumi\u00e8re naturelle. Par exemple, r\u00e9glez vos lumi\u00e8res pour qu&rsquo;elles s&rsquo;\u00e9claircissent progressivement de 8h00 \u00e0 8h30 \u00e0 une luminosit\u00e9 de 80 %, puis s&rsquo;att\u00e9nuent de 19h30 \u00e0 20h00 pour revenir \u00e0 0 %.<br \/>\n<strong>D\u00e9finissez vos propres horaires :<\/strong> allumez et \u00e9teignez les lumi\u00e8res \u00e0 des heures pr\u00e9cises, ajustez les niveaux de luminosit\u00e9, etc.<\/p>\n<p><strong>La s\u00e9rie G<\/strong> est la derni\u00e8re gamme \u00e9conomique de <strong>Spider Farmer<\/strong>, et la principale raison de choisir la s\u00e9rie G est qu&rsquo;elle utilise des diodes de la marque am\u00e9ricaine <strong>Bridgelux<\/strong>. Cette s\u00e9rie poss\u00e8de une haute densit\u00e9 de LED, offrant une p\u00e9n\u00e9tration lumineuse exceptionnelle et une couverture ultra uniforme. Les LED haute densit\u00e9 garantissent que l\u2019\u00e9nergie traversant chaque diode est optimis\u00e9e, g\u00e9n\u00e9rant moins de chaleur. Avec un nombre aussi \u00e9lev\u00e9 de diodes, chaque LED peut fonctionner sans \u00eatre pouss\u00e9e \u00e0 ses limites. C&rsquo;est le meilleur choix pour les producteurs soucieux de leur budget et \u00e0 la recherche de rendements \u00e9lev\u00e9s.<\/p>\n<p><strong>Compatible avec les tentes de culture :<\/strong> 150 x 150cm<br \/>\n<strong>Taille de ventilateur recommand\u00e9e :<\/strong> \u00f8150mm<\/p>\n","protected":false},"featured_media":8101,"comment_status":"open","ping_status":"closed","template":"","meta":[],"product_brand":[333],"product_cat":[337,17,334],"product_tag":[],"class_list":{"0":"post-8540","1":"product","2":"type-product","3":"status-publish","4":"has-post-thumbnail","6":"product_brand-spider-farmer","7":"product_cat-g-series","8":"product_cat-eclairages-horticoles","9":"product_cat-led-spider-farmer","10":"pa_led-couverture-croissance-150x150cm","11":"pa_led-dimensions-1122115383-2-mm","12":"pa_led-duree-de-vie-jusqua-80000-heures","13":"pa_led-frequence-50-60hz","14":"pa_led-intensite-amperes-6-592aac120v-3-262aac240v-2-838aac277v-2","15":"pa_led-puissance-800w","16":"pa_led-spectre-lumineux-spectre-complet","17":"pa_led-temperature-d-usage-20-35-4-95","18":"pa_led-tension-volts-ac100-277v","19":"cr-has-rrp","21":"first","22":"instock","23":"sale","24":"purchasable","25":"product-type-simple"},"jetpack_sharing_enabled":true,"_links":{"self":[{"href":"https:\/\/chill-road.com\/fr\/wp-json\/wp\/v2\/product\/8540","targetHints":{"allow":["GET"]}}],"collection":[{"href":"https:\/\/chill-road.com\/fr\/wp-json\/wp\/v2\/product"}],"about":[{"href":"https:\/\/chill-road.com\/fr\/wp-json\/wp\/v2\/types\/product"}],"replies":[{"embeddable":true,"href":"https:\/\/chill-road.com\/fr\/wp-json\/wp\/v2\/comments?post=8540"}],"version-history":[{"count":1,"href":"https:\/\/chill-road.com\/fr\/wp-json\/wp\/v2\/product\/8540\/revisions"}],"predecessor-version":[{"id":22342,"href":"https:\/\/chill-road.com\/fr\/wp-json\/wp\/v2\/product\/8540\/revisions\/22342"}],"wp:featuredmedia":[{"embeddable":true,"href":"https:\/\/chill-road.com\/fr\/wp-json\/wp\/v2\/media\/8101"}],"wp:attachment":[{"href":"https:\/\/chill-road.com\/fr\/wp-json\/wp\/v2\/media?parent=8540"}],"wp:term":[{"taxonomy":"product_brand","embeddable":true,"href":"https:\/\/chill-road.com\/fr\/wp-json\/wp\/v2\/product_brand?post=8540"},{"taxonomy":"product_cat","embeddable":true,"href":"https:\/\/chill-road.com\/fr\/wp-json\/wp\/v2\/product_cat?post=8540"},{"taxonomy":"product_tag","embeddable":true,"href":"https:\/\/chill-road.com\/fr\/wp-json\/wp\/v2\/product_tag?post=8540"}],"curies":[{"name":"wp","href":"https:\/\/api.w.org\/{rel}","templated":true}]}}