{"id":9660,"date":"2025-12-17T10:32:50","date_gmt":"2025-12-17T09:32:50","guid":{"rendered":"https:\/\/chill-road.com\/?post_type=product&#038;p=9660"},"modified":"2026-05-06T02:06:10","modified_gmt":"2026-05-06T00:06:10","slug":"kit-complet-spider-farmer-sf2000-200w-tente-de-culture-120x60x180cm-led-samsung-301h-evo-spectre-complet-ventilateur-%e2%88%8515cm-kit-ventilation-%e2%88%85100mm-speed-controller-series","status":"publish","type":"product","link":"https:\/\/chill-road.com\/fr\/produit\/kit-complet-spider-farmer-sf2000-200w-tente-de-culture-120x60x180cm-led-samsung-301h-evo-spectre-complet-ventilateur-%e2%88%8515cm-kit-ventilation-%e2%88%85100mm-speed-controller-series\/","title":{"rendered":"Kit Complet Spider Farmer SF2000 200W &#8211; Tente de Culture 120x60x180cm &#8211; LED Samsung 301H EVO Spectre complet &#8211; ventilateur \u220515cm &#8211; kit ventilation \u2205100mm SPEED Controller SERIES"},"content":{"rendered":"<p><img data-recalc-dims=\"1\" loading=\"lazy\" decoding=\"async\" data-attachment-id=\"15444\" data-permalink=\"https:\/\/chill-road.com\/fr\/?attachment_id=15444\" data-orig-file=\"https:\/\/i0.wp.com\/chill-road.com\/wp-content\/uploads\/2025\/12\/SF2000_E5_A5_97_E8_A3_85-_E6_97_8B_E9_92_AE.jpg?fit=1464%2C600&amp;quality=89&amp;ssl=1\" data-orig-size=\"1464,600\" data-comments-opened=\"1\" data-image-meta=\"{&quot;aperture&quot;:&quot;0&quot;,&quot;credit&quot;:&quot;&quot;,&quot;camera&quot;:&quot;&quot;,&quot;caption&quot;:&quot;&quot;,&quot;created_timestamp&quot;:&quot;0&quot;,&quot;copyright&quot;:&quot;&quot;,&quot;focal_length&quot;:&quot;0&quot;,&quot;iso&quot;:&quot;0&quot;,&quot;shutter_speed&quot;:&quot;0&quot;,&quot;title&quot;:&quot;&quot;,&quot;orientation&quot;:&quot;0&quot;}\" data-image-title=\"SF2000_E5_A5_97_E8_A3_85-_E6_97_8B_E9_92_AE\" data-image-description=\"\" data-image-caption=\"\" data-large-file=\"https:\/\/i0.wp.com\/chill-road.com\/wp-content\/uploads\/2025\/12\/SF2000_E5_A5_97_E8_A3_85-_E6_97_8B_E9_92_AE.jpg?fit=1024%2C420&amp;quality=89&amp;ssl=1\" class=\"alignnone size-full wp-image-15444\" src=\"https:\/\/i0.wp.com\/chill-road.com\/wp-content\/uploads\/2025\/12\/SF2000_E5_A5_97_E8_A3_85-_E6_97_8B_E9_92_AE.jpg?resize=1464%2C600&#038;quality=89&#038;ssl=1\" alt=\"\" width=\"1464\" height=\"600\" srcset=\"https:\/\/i0.wp.com\/chill-road.com\/wp-content\/uploads\/2025\/12\/SF2000_E5_A5_97_E8_A3_85-_E6_97_8B_E9_92_AE.jpg?w=1464&amp;quality=89&amp;ssl=1 1464w, https:\/\/i0.wp.com\/chill-road.com\/wp-content\/uploads\/2025\/12\/SF2000_E5_A5_97_E8_A3_85-_E6_97_8B_E9_92_AE.jpg?resize=300%2C123&amp;quality=89&amp;ssl=1 300w, https:\/\/i0.wp.com\/chill-road.com\/wp-content\/uploads\/2025\/12\/SF2000_E5_A5_97_E8_A3_85-_E6_97_8B_E9_92_AE.jpg?resize=1024%2C420&amp;quality=89&amp;ssl=1 1024w, https:\/\/i0.wp.com\/chill-road.com\/wp-content\/uploads\/2025\/12\/SF2000_E5_A5_97_E8_A3_85-_E6_97_8B_E9_92_AE.jpg?resize=768%2C315&amp;quality=89&amp;ssl=1 768w, https:\/\/i0.wp.com\/chill-road.com\/wp-content\/uploads\/2025\/12\/SF2000_E5_A5_97_E8_A3_85-_E6_97_8B_E9_92_AE.jpg?resize=18%2C7&amp;quality=89&amp;ssl=1 18w, https:\/\/i0.wp.com\/chill-road.com\/wp-content\/uploads\/2025\/12\/SF2000_E5_A5_97_E8_A3_85-_E6_97_8B_E9_92_AE.jpg?resize=900%2C369&amp;quality=89&amp;ssl=1 900w, https:\/\/i0.wp.com\/chill-road.com\/wp-content\/uploads\/2025\/12\/SF2000_E5_A5_97_E8_A3_85-_E6_97_8B_E9_92_AE.jpg?resize=150%2C61&amp;quality=89&amp;ssl=1 150w\" sizes=\"auto, (max-width: 1000px) 100vw, 1000px\" \/><br \/>\n<img data-recalc-dims=\"1\" loading=\"lazy\" decoding=\"async\" data-attachment-id=\"15445\" data-permalink=\"https:\/\/chill-road.com\/fr\/?attachment_id=15445\" data-orig-file=\"https:\/\/i0.wp.com\/chill-road.com\/wp-content\/uploads\/2025\/12\/SF2000_E6_95_B0_E6_8E_A7.jpg?fit=1464%2C600&amp;quality=89&amp;ssl=1\" data-orig-size=\"1464,600\" data-comments-opened=\"1\" data-image-meta=\"{&quot;aperture&quot;:&quot;0&quot;,&quot;credit&quot;:&quot;&quot;,&quot;camera&quot;:&quot;&quot;,&quot;caption&quot;:&quot;&quot;,&quot;created_timestamp&quot;:&quot;0&quot;,&quot;copyright&quot;:&quot;&quot;,&quot;focal_length&quot;:&quot;0&quot;,&quot;iso&quot;:&quot;0&quot;,&quot;shutter_speed&quot;:&quot;0&quot;,&quot;title&quot;:&quot;&quot;,&quot;orientation&quot;:&quot;0&quot;}\" data-image-title=\"SF2000_E6_95_B0_E6_8E_A7\" data-image-description=\"\" data-image-caption=\"\" data-large-file=\"https:\/\/i0.wp.com\/chill-road.com\/wp-content\/uploads\/2025\/12\/SF2000_E6_95_B0_E6_8E_A7.jpg?fit=1024%2C420&amp;quality=89&amp;ssl=1\" class=\"alignnone size-full wp-image-15445\" src=\"https:\/\/i0.wp.com\/chill-road.com\/wp-content\/uploads\/2025\/12\/SF2000_E6_95_B0_E6_8E_A7.jpg?resize=1464%2C600&#038;quality=89&#038;ssl=1\" alt=\"\" width=\"1464\" height=\"600\" srcset=\"https:\/\/i0.wp.com\/chill-road.com\/wp-content\/uploads\/2025\/12\/SF2000_E6_95_B0_E6_8E_A7.jpg?w=1464&amp;quality=89&amp;ssl=1 1464w, https:\/\/i0.wp.com\/chill-road.com\/wp-content\/uploads\/2025\/12\/SF2000_E6_95_B0_E6_8E_A7.jpg?resize=300%2C123&amp;quality=89&amp;ssl=1 300w, https:\/\/i0.wp.com\/chill-road.com\/wp-content\/uploads\/2025\/12\/SF2000_E6_95_B0_E6_8E_A7.jpg?resize=1024%2C420&amp;quality=89&amp;ssl=1 1024w, https:\/\/i0.wp.com\/chill-road.com\/wp-content\/uploads\/2025\/12\/SF2000_E6_95_B0_E6_8E_A7.jpg?resize=768%2C315&amp;quality=89&amp;ssl=1 768w, https:\/\/i0.wp.com\/chill-road.com\/wp-content\/uploads\/2025\/12\/SF2000_E6_95_B0_E6_8E_A7.jpg?resize=18%2C7&amp;quality=89&amp;ssl=1 18w, https:\/\/i0.wp.com\/chill-road.com\/wp-content\/uploads\/2025\/12\/SF2000_E6_95_B0_E6_8E_A7.jpg?resize=900%2C369&amp;quality=89&amp;ssl=1 900w, https:\/\/i0.wp.com\/chill-road.com\/wp-content\/uploads\/2025\/12\/SF2000_E6_95_B0_E6_8E_A7.jpg?resize=150%2C61&amp;quality=89&amp;ssl=1 150w\" sizes=\"auto, (max-width: 1000px) 100vw, 1000px\" \/><\/p>\n","protected":false},"excerpt":{"rendered":"<p><strong>La version 2025 pr\u00e9sente un design avec des ports RJ12 et un ventilateur \u00e0 clip 2025, les r\u00e9glages peuvent \u00eatre effectu\u00e9s via l&rsquo;application Spider Farmer.<\/strong><\/p>\n<ul>\n<li>Convient pour abriter 2 \u00e0 4 plantes tout au long de leur cycle complet. Alternativement, il peut accueillir 6 \u00e0 8 plantes plus petites pendant la phase v\u00e9g\u00e9tale.<\/li>\n<li>Un moyen rentable et sans tracas de cr\u00e9er une salle de culture int\u00e9rieure.<\/li>\n<li>\u00c9limine les incertitudes et le stress li\u00e9s \u00e0 la d\u00e9termination de la bonne configuration d\u2019\u00e9quipement pour votre tente.<\/li>\n<li>Fournit une configuration compl\u00e8te, vous faisant gagner du temps et des efforts.<\/li>\n<\/ul>\n<p><strong>Contenu du Kit:<\/strong><\/p>\n<p><span style=\"color: #ff6600;\">\u2666<\/span> 1 \u00d7 \u00c9clairage horticole LED SF2000 200W,<br \/>\n<span style=\"color: #ff6600;\">\u2666<\/span>\u00a01 \u00d7 Tente de culture 120x60x180cm,<br \/>\n<span style=\"color: #ff6600;\">\u2666<\/span>\u00a01 \u00d7 Extracteur d&rsquo;air \u00d8100mm,<br \/>\n<span style=\"color: #ff6600;\">\u2666<\/span>\u00a01 \u00d7 Filtre \u00e0 charbon \u00d8100mm,<br \/>\n<span style=\"color: #ff6600;\">\u2666<\/span>\u00a01 \u00d7 Contr\u00f4leur de vitesse du ventilateur,<br \/>\n<span style=\"color: #ff6600;\">\u2666<\/span> 1 \u00d7 Gaine de ventilation aluminium Flex Air (4m),<br \/>\n<span style=\"color: #ff6600;\">\u2666<\/span>\u00a01 \u00d7 Ventilateur \u00e0 clip \u00d815cm.<br \/>\n<span style=\"color: #ff6600;\">\u2666<\/span>\u00a01 \u00d7 Thermom\u00e8tre et hygrom\u00e8tre,<br \/>\n<span style=\"color: #ff6600;\">\u2666<\/span> 1 \u00d7 Minuteur,<br \/>\n<span style=\"color: #ff6600;\">\u2666<\/span> 4 \u00d7 Sac de culture de 5 gallons,<br \/>\n<span style=\"color: #ff6600;\">\u2666<\/span> 1 \u00d7 Filet de Palissage (SCROG),<br \/>\n<span style=\"color: #ff6600;\">\u2666<\/span> 2 \u00d7 YOYO corde \u00e0 clip de r\u00e9glable,<br \/>\n<span style=\"color: #ff6600;\">\u2666<\/span> 2 \u00d7 Couvercle filtre d&rsquo;a\u00e9ration de de conduit,<br \/>\n<span style=\"color: #ff6600;\">\u2666<\/span> 2 \u00d7 \u00c9tag\u00e8re d&rsquo;angle pour tente de culture,<br \/>\n<span style=\"color: #ff6600;\">\u2666<\/span> 3 \u00d7 Collier de serrage.<\/p>\n<p><span style=\"color: #ff0000;\">Remarque: ce kit n&rsquo;inclut pas le contr\u00f4leur intelligent GGS\u00a0<\/span><\/p>\n","protected":false},"featured_media":15447,"comment_status":"open","ping_status":"closed","template":"","meta":[],"product_brand":[333],"product_cat":[1094,104,341],"product_tag":[],"class_list":{"0":"post-9660","1":"product","2":"type-product","3":"status-publish","4":"has-post-thumbnail","6":"product_brand-spider-farmer","7":"product_cat-kits-sf-series","8":"product_cat-kits-de-culture","9":"product_cat-kits-spider-farmer","10":"pa_led-couverture-croissance-140x70cm","11":"pa_led-dimensions-64826859-mm","12":"pa_led-duree-de-vie-jusqua-50-000-heures","13":"pa_led-frequence-50-60hz","14":"pa_led-intensite-amperes-1-871aac120v-0-9248aac240v-0-8152aac277v","15":"pa_led-nombre-de-led-490-pcs","16":"pa_led-puissance-200w","17":"pa_led-spectre-lumineux-spectre-complet","18":"pa_tent-nombre-de-pots-2-8-pots","19":"cr-has-rrp","21":"first","22":"instock","23":"sale","24":"purchasable","25":"product-type-simple"},"jetpack_sharing_enabled":true,"_links":{"self":[{"href":"https:\/\/chill-road.com\/fr\/wp-json\/wp\/v2\/product\/9660","targetHints":{"allow":["GET"]}}],"collection":[{"href":"https:\/\/chill-road.com\/fr\/wp-json\/wp\/v2\/product"}],"about":[{"href":"https:\/\/chill-road.com\/fr\/wp-json\/wp\/v2\/types\/product"}],"replies":[{"embeddable":true,"href":"https:\/\/chill-road.com\/fr\/wp-json\/wp\/v2\/comments?post=9660"}],"version-history":[{"count":1,"href":"https:\/\/chill-road.com\/fr\/wp-json\/wp\/v2\/product\/9660\/revisions"}],"predecessor-version":[{"id":22352,"href":"https:\/\/chill-road.com\/fr\/wp-json\/wp\/v2\/product\/9660\/revisions\/22352"}],"wp:featuredmedia":[{"embeddable":true,"href":"https:\/\/chill-road.com\/fr\/wp-json\/wp\/v2\/media\/15447"}],"wp:attachment":[{"href":"https:\/\/chill-road.com\/fr\/wp-json\/wp\/v2\/media?parent=9660"}],"wp:term":[{"taxonomy":"product_brand","embeddable":true,"href":"https:\/\/chill-road.com\/fr\/wp-json\/wp\/v2\/product_brand?post=9660"},{"taxonomy":"product_cat","embeddable":true,"href":"https:\/\/chill-road.com\/fr\/wp-json\/wp\/v2\/product_cat?post=9660"},{"taxonomy":"product_tag","embeddable":true,"href":"https:\/\/chill-road.com\/fr\/wp-json\/wp\/v2\/product_tag?post=9660"}],"curies":[{"name":"wp","href":"https:\/\/api.w.org\/{rel}","templated":true}]}}