{"id":9662,"date":"2025-12-17T10:32:50","date_gmt":"2025-12-17T09:32:50","guid":{"rendered":"https:\/\/chill-road.com\/?post_type=product&#038;p=9662"},"modified":"2026-05-06T02:06:11","modified_gmt":"2026-05-06T00:06:11","slug":"kit-complet-spider-farmer-sf2000-200w-tente-de-culture-120x60x180cm-led-samsung-301h-evo-spectre-complet-ventilateur-%e2%88%8515cm-kit-ventilation-%e2%88%85100mm-ggs-controller-series","status":"publish","type":"product","link":"https:\/\/chill-road.com\/fr\/produit\/kit-complet-spider-farmer-sf2000-200w-tente-de-culture-120x60x180cm-led-samsung-301h-evo-spectre-complet-ventilateur-%e2%88%8515cm-kit-ventilation-%e2%88%85100mm-ggs-controller-series\/","title":{"rendered":"Kit Complet Spider Farmer SF2000 200W &#8211; Tente de Culture 120x60x180cm &#8211; LED Samsung 301H EVO Spectre complet &#8211; ventilateur \u220515cm &#8211;  kit ventilation \u2205100mm GGS Controller SERIES"},"content":{"rendered":"<p><img data-recalc-dims=\"1\" loading=\"lazy\" decoding=\"async\" data-attachment-id=\"15464\" data-permalink=\"https:\/\/chill-road.com\/fr\/?attachment_id=15464\" data-orig-file=\"https:\/\/i0.wp.com\/chill-road.com\/wp-content\/uploads\/2025\/12\/SF2000_E5_A5_97_E8_A3_85-CP_.jpg?fit=1464%2C600&amp;quality=89&amp;ssl=1\" data-orig-size=\"1464,600\" data-comments-opened=\"1\" data-image-meta=\"{&quot;aperture&quot;:&quot;0&quot;,&quot;credit&quot;:&quot;&quot;,&quot;camera&quot;:&quot;&quot;,&quot;caption&quot;:&quot;&quot;,&quot;created_timestamp&quot;:&quot;0&quot;,&quot;copyright&quot;:&quot;&quot;,&quot;focal_length&quot;:&quot;0&quot;,&quot;iso&quot;:&quot;0&quot;,&quot;shutter_speed&quot;:&quot;0&quot;,&quot;title&quot;:&quot;&quot;,&quot;orientation&quot;:&quot;0&quot;}\" data-image-title=\"SF2000_E5_A5_97_E8_A3_85-CP_\" data-image-description=\"\" data-image-caption=\"\" data-large-file=\"https:\/\/i0.wp.com\/chill-road.com\/wp-content\/uploads\/2025\/12\/SF2000_E5_A5_97_E8_A3_85-CP_.jpg?fit=1024%2C420&amp;quality=89&amp;ssl=1\" class=\"alignnone size-full wp-image-15464\" src=\"https:\/\/i0.wp.com\/chill-road.com\/wp-content\/uploads\/2025\/12\/SF2000_E5_A5_97_E8_A3_85-CP_.jpg?resize=1464%2C600&#038;quality=89&#038;ssl=1\" alt=\"\" width=\"1464\" height=\"600\" srcset=\"https:\/\/i0.wp.com\/chill-road.com\/wp-content\/uploads\/2025\/12\/SF2000_E5_A5_97_E8_A3_85-CP_.jpg?w=1464&amp;quality=89&amp;ssl=1 1464w, https:\/\/i0.wp.com\/chill-road.com\/wp-content\/uploads\/2025\/12\/SF2000_E5_A5_97_E8_A3_85-CP_.jpg?resize=300%2C123&amp;quality=89&amp;ssl=1 300w, https:\/\/i0.wp.com\/chill-road.com\/wp-content\/uploads\/2025\/12\/SF2000_E5_A5_97_E8_A3_85-CP_.jpg?resize=1024%2C420&amp;quality=89&amp;ssl=1 1024w, https:\/\/i0.wp.com\/chill-road.com\/wp-content\/uploads\/2025\/12\/SF2000_E5_A5_97_E8_A3_85-CP_.jpg?resize=768%2C315&amp;quality=89&amp;ssl=1 768w, https:\/\/i0.wp.com\/chill-road.com\/wp-content\/uploads\/2025\/12\/SF2000_E5_A5_97_E8_A3_85-CP_.jpg?resize=18%2C7&amp;quality=89&amp;ssl=1 18w, https:\/\/i0.wp.com\/chill-road.com\/wp-content\/uploads\/2025\/12\/SF2000_E5_A5_97_E8_A3_85-CP_.jpg?resize=900%2C369&amp;quality=89&amp;ssl=1 900w, https:\/\/i0.wp.com\/chill-road.com\/wp-content\/uploads\/2025\/12\/SF2000_E5_A5_97_E8_A3_85-CP_.jpg?resize=150%2C61&amp;quality=89&amp;ssl=1 150w\" sizes=\"auto, (max-width: 1000px) 100vw, 1000px\" \/> <img data-recalc-dims=\"1\" loading=\"lazy\" decoding=\"async\" data-attachment-id=\"15465\" data-permalink=\"https:\/\/chill-road.com\/fr\/?attachment_id=15465\" data-orig-file=\"https:\/\/i0.wp.com\/chill-road.com\/wp-content\/uploads\/2025\/12\/SF2000_E6_99_BA_E8_83_BD.jpg?fit=1464%2C600&amp;quality=89&amp;ssl=1\" data-orig-size=\"1464,600\" data-comments-opened=\"1\" data-image-meta=\"{&quot;aperture&quot;:&quot;0&quot;,&quot;credit&quot;:&quot;&quot;,&quot;camera&quot;:&quot;&quot;,&quot;caption&quot;:&quot;&quot;,&quot;created_timestamp&quot;:&quot;0&quot;,&quot;copyright&quot;:&quot;&quot;,&quot;focal_length&quot;:&quot;0&quot;,&quot;iso&quot;:&quot;0&quot;,&quot;shutter_speed&quot;:&quot;0&quot;,&quot;title&quot;:&quot;&quot;,&quot;orientation&quot;:&quot;0&quot;}\" data-image-title=\"SF2000_E6_99_BA_E8_83_BD\" data-image-description=\"\" data-image-caption=\"\" data-large-file=\"https:\/\/i0.wp.com\/chill-road.com\/wp-content\/uploads\/2025\/12\/SF2000_E6_99_BA_E8_83_BD.jpg?fit=1024%2C420&amp;quality=89&amp;ssl=1\" class=\"alignnone size-full wp-image-15465\" src=\"https:\/\/i0.wp.com\/chill-road.com\/wp-content\/uploads\/2025\/12\/SF2000_E6_99_BA_E8_83_BD.jpg?resize=1464%2C600&#038;quality=89&#038;ssl=1\" alt=\"\" width=\"1464\" height=\"600\" srcset=\"https:\/\/i0.wp.com\/chill-road.com\/wp-content\/uploads\/2025\/12\/SF2000_E6_99_BA_E8_83_BD.jpg?w=1464&amp;quality=89&amp;ssl=1 1464w, https:\/\/i0.wp.com\/chill-road.com\/wp-content\/uploads\/2025\/12\/SF2000_E6_99_BA_E8_83_BD.jpg?resize=300%2C123&amp;quality=89&amp;ssl=1 300w, https:\/\/i0.wp.com\/chill-road.com\/wp-content\/uploads\/2025\/12\/SF2000_E6_99_BA_E8_83_BD.jpg?resize=1024%2C420&amp;quality=89&amp;ssl=1 1024w, https:\/\/i0.wp.com\/chill-road.com\/wp-content\/uploads\/2025\/12\/SF2000_E6_99_BA_E8_83_BD.jpg?resize=768%2C315&amp;quality=89&amp;ssl=1 768w, https:\/\/i0.wp.com\/chill-road.com\/wp-content\/uploads\/2025\/12\/SF2000_E6_99_BA_E8_83_BD.jpg?resize=18%2C7&amp;quality=89&amp;ssl=1 18w, https:\/\/i0.wp.com\/chill-road.com\/wp-content\/uploads\/2025\/12\/SF2000_E6_99_BA_E8_83_BD.jpg?resize=900%2C369&amp;quality=89&amp;ssl=1 900w, https:\/\/i0.wp.com\/chill-road.com\/wp-content\/uploads\/2025\/12\/SF2000_E6_99_BA_E8_83_BD.jpg?resize=150%2C61&amp;quality=89&amp;ssl=1 150w\" sizes=\"auto, (max-width: 1000px) 100vw, 1000px\" \/><\/p>\n","protected":false},"excerpt":{"rendered":"<p><strong>La version 2025 pr\u00e9sente un design avec un port RJ12, un changement des kits de contr\u00f4leur GGS et un Clip Fan pour le contr\u00f4le intelligent de la ventilation, ainsi que des ajustements du kit de multiprise qui peuvent \u00eatre effectu\u00e9s via l\u2019application Spider Farmer.<\/strong><\/p>\n<ul>\n<li>Convient pour abriter de 2 \u00e0 4 plantes tout au long de leur cycle complet. Alternativement, il peut accueillir de 6 \u00e0 8 plantes plus petites pendant la phase v\u00e9g\u00e9tative.<\/li>\n<li>Une mani\u00e8re rentable et sans tracas de cr\u00e9er une salle de culture int\u00e9rieure.<\/li>\n<li>\u00c9limine les approximations et le stress li\u00e9s \u00e0 la d\u00e9termination de la configuration d\u2019\u00e9quipement appropri\u00e9e pour votre tente.<\/li>\n<li>Fournit une installation compl\u00e8te, vous faisant gagner du temps et des efforts.<\/li>\n<\/ul>\n<p><strong>Contenu du Kit:<\/strong><\/p>\n<p><span style=\"color: #ff6600;\">\u2666<\/span> 1 \u00d7 \u00c9clairage horticole LED SF2000 200W,<br \/>\n<span style=\"color: #ff6600;\">\u2666<\/span> 1 \u00d7 Tente de culture 120x60X180cm,<br \/>\n<span style=\"color: #ff6600;\">\u2666<\/span>\u00a01 \u00d7 Extracteur d&rsquo;air \u00d8100mm,<br \/>\n<span style=\"color: #ff6600;\">\u2666<\/span>\u00a01 \u00d7 Filtre \u00e0 charbon \u00d8100mm,<br \/>\n<span style=\"color: #ff6600;\">\u2666<\/span> 1 \u00d7 Contr\u00f4leur Intelligent GGS,<br \/>\n<span style=\"color: #ff6600;\">\u2666<\/span> 1 \u00d7 Gaine de ventilation aluminium Flex Air (4m),<br \/>\n<span style=\"color: #ff6600;\">\u2666<\/span>\u00a01 \u00d7 Ventilateur \u00e0 clip \u00d815cm.<br \/>\n<span style=\"color: #ff6600;\">\u2666<\/span> 4 \u00d7 Sac de culture de 5 gallons,<br \/>\n<span style=\"color: #ff6600;\">\u2666<\/span> 1 \u00d7 Filet de Palissage (SCROG),<br \/>\n<span style=\"color: #ff6600;\">\u2666<\/span> 2 \u00d7 YOYO corde \u00e0 clip de r\u00e9glable,<br \/>\n<span style=\"color: #ff6600;\">\u2666<\/span> 2 \u00d7 Couvercle filtre d&rsquo;a\u00e9ration de de conduit,<br \/>\n<span style=\"color: #ff6600;\">\u2666<\/span> 2 \u00d7 Fil pour plantes (100m),<br \/>\n<span style=\"color: #ff6600;\">\u2666<\/span> 20 \u00d7 Pi\u00e8ge \u00e0 insectes collants,<br \/>\n<span style=\"color: #ff6600;\">\u2666<\/span> 2 \u00d7 \u00c9tag\u00e8re d&rsquo;angle pour tente de culture,<br \/>\n<span style=\"color: #ff6600;\">\u2666<\/span> 3 \u00d7 Colliers de serrage.<\/p>\n","protected":false},"featured_media":15458,"comment_status":"open","ping_status":"closed","template":"","meta":[],"product_brand":[333],"product_cat":[1094,104,341],"product_tag":[],"class_list":{"0":"post-9662","1":"product","2":"type-product","3":"status-publish","4":"has-post-thumbnail","6":"product_brand-spider-farmer","7":"product_cat-kits-sf-series","8":"product_cat-kits-de-culture","9":"product_cat-kits-spider-farmer","10":"pa_led-couverture-croissance-140x70cm","11":"pa_led-dimensions-64826859-mm","12":"pa_led-duree-de-vie-jusqua-50-000-heures","13":"pa_led-frequence-50-60hz","14":"pa_led-intensite-amperes-1-871aac120v-0-9248aac240v-0-8152aac277v","15":"pa_led-nombre-de-led-490-pcs","16":"pa_led-puissance-200w","17":"pa_led-spectre-lumineux-spectre-complet","18":"pa_tent-nombre-de-pots-2-8-pots","19":"cr-has-rrp","21":"first","22":"instock","23":"sale","24":"purchasable","25":"product-type-simple"},"jetpack_sharing_enabled":true,"_links":{"self":[{"href":"https:\/\/chill-road.com\/fr\/wp-json\/wp\/v2\/product\/9662","targetHints":{"allow":["GET"]}}],"collection":[{"href":"https:\/\/chill-road.com\/fr\/wp-json\/wp\/v2\/product"}],"about":[{"href":"https:\/\/chill-road.com\/fr\/wp-json\/wp\/v2\/types\/product"}],"replies":[{"embeddable":true,"href":"https:\/\/chill-road.com\/fr\/wp-json\/wp\/v2\/comments?post=9662"}],"version-history":[{"count":1,"href":"https:\/\/chill-road.com\/fr\/wp-json\/wp\/v2\/product\/9662\/revisions"}],"predecessor-version":[{"id":22353,"href":"https:\/\/chill-road.com\/fr\/wp-json\/wp\/v2\/product\/9662\/revisions\/22353"}],"wp:featuredmedia":[{"embeddable":true,"href":"https:\/\/chill-road.com\/fr\/wp-json\/wp\/v2\/media\/15458"}],"wp:attachment":[{"href":"https:\/\/chill-road.com\/fr\/wp-json\/wp\/v2\/media?parent=9662"}],"wp:term":[{"taxonomy":"product_brand","embeddable":true,"href":"https:\/\/chill-road.com\/fr\/wp-json\/wp\/v2\/product_brand?post=9662"},{"taxonomy":"product_cat","embeddable":true,"href":"https:\/\/chill-road.com\/fr\/wp-json\/wp\/v2\/product_cat?post=9662"},{"taxonomy":"product_tag","embeddable":true,"href":"https:\/\/chill-road.com\/fr\/wp-json\/wp\/v2\/product_tag?post=9662"}],"curies":[{"name":"wp","href":"https:\/\/api.w.org\/{rel}","templated":true}]}}