{"id":9708,"date":"2025-12-17T10:33:13","date_gmt":"2025-12-17T09:33:13","guid":{"rendered":"https:\/\/chill-road.com\/?post_type=product&#038;p=9708"},"modified":"2026-05-15T14:06:03","modified_gmt":"2026-05-15T12:06:03","slug":"extracteur-dair-o150mm-controleur-intelligent-ggs-spider-farmer","status":"publish","type":"product","link":"https:\/\/chill-road.com\/fr\/produit\/extracteur-dair-o150mm-controleur-intelligent-ggs-spider-farmer\/","title":{"rendered":"Extracteur d&rsquo;air (\u00d8150mm) \/ Contr\u00f4leur Intelligent GGS Spider Farmer"},"content":{"rendered":"<p><span class=\"a-list-item\"><span><span style=\"color: #ff6600;\">\u2666<\/span>\u3010<\/span><strong><span>Ventilateur en ligne puissant<\/span><\/strong><span>\u3011 La conception \u00e0 flux mixte combin\u00e9e \u00e0 un moteur EC qui alimente des turbines de haute qualit\u00e9 rend ce ventilateur v\u00e9ritablement \u00e9conome en \u00e9nergie. Avec seulement 62 watts de puissance mais un fort d\u00e9bit d&rsquo;air allant jusqu&rsquo;\u00e0 402 CFM, un tr\u00e8s faible niveau sonore ne produit que 32 DB, ce ventilateur d&rsquo;extraction est donc silencieux. Les lames ABS l\u00e9g\u00e8res r\u00e9duisent la r\u00e9sistance au flux d&rsquo;air et ajoutent du flux d&rsquo;air de 40 %.<\/span><\/span><\/p>\n<p><strong><span><span class=\"a-list-item\"><span style=\"color: #ff6600;\">\u2666<\/span><\/span>\u3010Am\u00e9lioration de la circulation de l&rsquo;air\u3011 <\/span><\/strong><span>Les kits de ventilateurs en ligne aident \u00e0 faire circuler efficacement l\u2019air dans un espace. Ceci est crucial pour maintenir une bonne qualit\u00e9 de l\u2019air et r\u00e9duire les niveaux d\u2019humidit\u00e9, ce qui peut emp\u00eacher la croissance de moisissures.<\/span><\/p>\n<p><strong><span><span class=\"a-list-item\"><span style=\"color: #ff6600;\">\u2666<\/span><\/span>\u3010Contr\u00f4le des odeurs\u3011<\/span><\/strong><span>\u00a0Dans des espaces comme les salles de culture ou les cuisines, les kits de ventilateurs en ligne peuvent aider \u00e0 \u00e9liminer les odeurs en \u00e9vacuant l&rsquo;air vici\u00e9 et en le rempla\u00e7ant par de l&rsquo;air frais provenant de l&rsquo;ext\u00e9rieur ou d&rsquo;une autre zone.<\/span><\/p>\n<p><strong><span><span class=\"a-list-item\"><span style=\"color: #ff6600;\">\u2666<\/span><\/span>\u3010R\u00e9gulation de la temp\u00e9rature\u3011<\/span><\/strong><span>\u00a0En faisant circuler l\u2019air, les kits de ventilateurs en ligne peuvent aider \u00e0 r\u00e9guler les temp\u00e9ratures dans les espaces clos. Ceci est particuli\u00e8rement important dans les salles de culture o\u00f9 le maintien d\u2019une temp\u00e9rature optimale est crucial pour la croissance des plantes.<\/span><\/p>\n<p><strong><span><span class=\"a-list-item\"><span style=\"color: #ff6600;\">\u2666<\/span><\/span>\u3010Contr\u00f4le de l&rsquo;humidit\u00e9\u3011<\/span><\/strong><span>\u00a0L\u2019exc\u00e8s d\u2019humidit\u00e9 peut \u00eatre pr\u00e9judiciable dans de nombreux environnements. Les kits de ventilateurs en ligne peuvent aider \u00e0 \u00e9liminer l\u2019air humide et \u00e0 apporter de l\u2019air plus sec, contr\u00f4lant ainsi les niveaux d\u2019humidit\u00e9.<\/span><\/p>\n<p><strong><span><span class=\"a-list-item\"><span style=\"color: #ff6600;\">\u2666<\/span><\/span>\u3010Pr\u00e9venir la stagnation\u3011<\/span><\/strong><span>\u00a0L\u2019air stagnant peut entra\u00eener divers probl\u00e8mes tels que l\u2019accumulation de polluants, d\u2019allerg\u00e8nes et m\u00eame d\u2019agents pathog\u00e8nes. Les ventilateurs en ligne maintiennent l\u2019air en mouvement, \u00e9vitant ainsi de tels probl\u00e8mes.<\/span><\/p>\n<p><img data-recalc-dims=\"1\" loading=\"lazy\" decoding=\"async\" data-attachment-id=\"13465\" data-permalink=\"https:\/\/chill-road.com\/fr\/?attachment_id=13465\" data-orig-file=\"https:\/\/i0.wp.com\/chill-road.com\/wp-content\/uploads\/2025\/12\/Spider-Farmer-6-inch-inline-fan-kits-GGS.jpg?fit=1464%2C600&amp;quality=89&amp;ssl=1\" data-orig-size=\"1464,600\" data-comments-opened=\"1\" data-image-meta=\"{&quot;aperture&quot;:&quot;0&quot;,&quot;credit&quot;:&quot;&quot;,&quot;camera&quot;:&quot;&quot;,&quot;caption&quot;:&quot;&quot;,&quot;created_timestamp&quot;:&quot;0&quot;,&quot;copyright&quot;:&quot;&quot;,&quot;focal_length&quot;:&quot;0&quot;,&quot;iso&quot;:&quot;0&quot;,&quot;shutter_speed&quot;:&quot;0&quot;,&quot;title&quot;:&quot;&quot;,&quot;orientation&quot;:&quot;0&quot;}\" data-image-title=\"Spider-Farmer-6-inch-inline-fan-kits-GGS\" data-image-description=\"\" data-image-caption=\"\" data-large-file=\"https:\/\/i0.wp.com\/chill-road.com\/wp-content\/uploads\/2025\/12\/Spider-Farmer-6-inch-inline-fan-kits-GGS.jpg?fit=1024%2C420&amp;quality=89&amp;ssl=1\" class=\"alignnone size-full wp-image-13465\" src=\"https:\/\/i0.wp.com\/chill-road.com\/wp-content\/uploads\/2025\/12\/Spider-Farmer-6-inch-inline-fan-kits-GGS.jpg?resize=1464%2C600&#038;quality=89&#038;ssl=1\" alt=\"\" width=\"1464\" height=\"600\" srcset=\"https:\/\/i0.wp.com\/chill-road.com\/wp-content\/uploads\/2025\/12\/Spider-Farmer-6-inch-inline-fan-kits-GGS.jpg?w=1464&amp;quality=89&amp;ssl=1 1464w, https:\/\/i0.wp.com\/chill-road.com\/wp-content\/uploads\/2025\/12\/Spider-Farmer-6-inch-inline-fan-kits-GGS.jpg?resize=300%2C123&amp;quality=89&amp;ssl=1 300w, https:\/\/i0.wp.com\/chill-road.com\/wp-content\/uploads\/2025\/12\/Spider-Farmer-6-inch-inline-fan-kits-GGS.jpg?resize=1024%2C420&amp;quality=89&amp;ssl=1 1024w, https:\/\/i0.wp.com\/chill-road.com\/wp-content\/uploads\/2025\/12\/Spider-Farmer-6-inch-inline-fan-kits-GGS.jpg?resize=768%2C315&amp;quality=89&amp;ssl=1 768w, https:\/\/i0.wp.com\/chill-road.com\/wp-content\/uploads\/2025\/12\/Spider-Farmer-6-inch-inline-fan-kits-GGS.jpg?resize=18%2C7&amp;quality=89&amp;ssl=1 18w, https:\/\/i0.wp.com\/chill-road.com\/wp-content\/uploads\/2025\/12\/Spider-Farmer-6-inch-inline-fan-kits-GGS.jpg?resize=900%2C369&amp;quality=89&amp;ssl=1 900w, https:\/\/i0.wp.com\/chill-road.com\/wp-content\/uploads\/2025\/12\/Spider-Farmer-6-inch-inline-fan-kits-GGS.jpg?resize=150%2C61&amp;quality=89&amp;ssl=1 150w\" sizes=\"auto, (max-width: 1000px) 100vw, 1000px\" \/> <img data-recalc-dims=\"1\" loading=\"lazy\" decoding=\"async\" data-attachment-id=\"11978\" data-permalink=\"https:\/\/chill-road.com\/fr\/?attachment_id=11978\" data-orig-file=\"https:\/\/i0.wp.com\/chill-road.com\/wp-content\/uploads\/2026\/01\/Specification-of-6-Inch-inline-fan-RJ12.jpg?fit=1464%2C600&amp;quality=89&amp;ssl=1\" data-orig-size=\"1464,600\" data-comments-opened=\"1\" data-image-meta=\"{&quot;aperture&quot;:&quot;0&quot;,&quot;credit&quot;:&quot;&quot;,&quot;camera&quot;:&quot;&quot;,&quot;caption&quot;:&quot;&quot;,&quot;created_timestamp&quot;:&quot;0&quot;,&quot;copyright&quot;:&quot;&quot;,&quot;focal_length&quot;:&quot;0&quot;,&quot;iso&quot;:&quot;0&quot;,&quot;shutter_speed&quot;:&quot;0&quot;,&quot;title&quot;:&quot;&quot;,&quot;orientation&quot;:&quot;0&quot;}\" data-image-title=\"Specification-of-6-Inch-inline-fan-RJ12\" data-image-description=\"\" data-image-caption=\"\" data-large-file=\"https:\/\/i0.wp.com\/chill-road.com\/wp-content\/uploads\/2026\/01\/Specification-of-6-Inch-inline-fan-RJ12.jpg?fit=1024%2C420&amp;quality=89&amp;ssl=1\" class=\"alignnone size-full wp-image-11978\" src=\"https:\/\/i0.wp.com\/chill-road.com\/wp-content\/uploads\/2026\/01\/Specification-of-6-Inch-inline-fan-RJ12.jpg?resize=1464%2C600&#038;quality=89&#038;ssl=1\" alt=\"\" width=\"1464\" height=\"600\" srcset=\"https:\/\/i0.wp.com\/chill-road.com\/wp-content\/uploads\/2026\/01\/Specification-of-6-Inch-inline-fan-RJ12.jpg?w=1464&amp;quality=89&amp;ssl=1 1464w, https:\/\/i0.wp.com\/chill-road.com\/wp-content\/uploads\/2026\/01\/Specification-of-6-Inch-inline-fan-RJ12.jpg?resize=300%2C123&amp;quality=89&amp;ssl=1 300w, https:\/\/i0.wp.com\/chill-road.com\/wp-content\/uploads\/2026\/01\/Specification-of-6-Inch-inline-fan-RJ12.jpg?resize=1024%2C420&amp;quality=89&amp;ssl=1 1024w, https:\/\/i0.wp.com\/chill-road.com\/wp-content\/uploads\/2026\/01\/Specification-of-6-Inch-inline-fan-RJ12.jpg?resize=768%2C315&amp;quality=89&amp;ssl=1 768w, https:\/\/i0.wp.com\/chill-road.com\/wp-content\/uploads\/2026\/01\/Specification-of-6-Inch-inline-fan-RJ12.jpg?resize=18%2C7&amp;quality=89&amp;ssl=1 18w, https:\/\/i0.wp.com\/chill-road.com\/wp-content\/uploads\/2026\/01\/Specification-of-6-Inch-inline-fan-RJ12.jpg?resize=1200%2C492&amp;quality=89&amp;ssl=1 1200w, https:\/\/i0.wp.com\/chill-road.com\/wp-content\/uploads\/2026\/01\/Specification-of-6-Inch-inline-fan-RJ12.jpg?resize=900%2C369&amp;quality=89&amp;ssl=1 900w, https:\/\/i0.wp.com\/chill-road.com\/wp-content\/uploads\/2026\/01\/Specification-of-6-Inch-inline-fan-RJ12.jpg?resize=150%2C61&amp;quality=89&amp;ssl=1 150w\" sizes=\"auto, (max-width: 1000px) 100vw, 1000px\" \/> <img data-recalc-dims=\"1\" loading=\"lazy\" decoding=\"async\" data-attachment-id=\"11977\" data-permalink=\"https:\/\/chill-road.com\/fr\/?attachment_id=11977\" data-orig-file=\"https:\/\/i0.wp.com\/chill-road.com\/wp-content\/uploads\/2026\/01\/New-6-Inch-Inline-Fan-402CFM.jpg?fit=1464%2C600&amp;quality=89&amp;ssl=1\" data-orig-size=\"1464,600\" data-comments-opened=\"1\" data-image-meta=\"{&quot;aperture&quot;:&quot;0&quot;,&quot;credit&quot;:&quot;&quot;,&quot;camera&quot;:&quot;&quot;,&quot;caption&quot;:&quot;&quot;,&quot;created_timestamp&quot;:&quot;0&quot;,&quot;copyright&quot;:&quot;&quot;,&quot;focal_length&quot;:&quot;0&quot;,&quot;iso&quot;:&quot;0&quot;,&quot;shutter_speed&quot;:&quot;0&quot;,&quot;title&quot;:&quot;&quot;,&quot;orientation&quot;:&quot;0&quot;}\" data-image-title=\"New-6-Inch-Inline-Fan-402CFM\" data-image-description=\"\" data-image-caption=\"\" data-large-file=\"https:\/\/i0.wp.com\/chill-road.com\/wp-content\/uploads\/2026\/01\/New-6-Inch-Inline-Fan-402CFM.jpg?fit=1024%2C420&amp;quality=89&amp;ssl=1\" class=\"alignnone size-full wp-image-11977\" src=\"https:\/\/i0.wp.com\/chill-road.com\/wp-content\/uploads\/2026\/01\/New-6-Inch-Inline-Fan-402CFM.jpg?resize=1464%2C600&#038;quality=89&#038;ssl=1\" alt=\"\" width=\"1464\" height=\"600\" srcset=\"https:\/\/i0.wp.com\/chill-road.com\/wp-content\/uploads\/2026\/01\/New-6-Inch-Inline-Fan-402CFM.jpg?w=1464&amp;quality=89&amp;ssl=1 1464w, https:\/\/i0.wp.com\/chill-road.com\/wp-content\/uploads\/2026\/01\/New-6-Inch-Inline-Fan-402CFM.jpg?resize=300%2C123&amp;quality=89&amp;ssl=1 300w, https:\/\/i0.wp.com\/chill-road.com\/wp-content\/uploads\/2026\/01\/New-6-Inch-Inline-Fan-402CFM.jpg?resize=1024%2C420&amp;quality=89&amp;ssl=1 1024w, https:\/\/i0.wp.com\/chill-road.com\/wp-content\/uploads\/2026\/01\/New-6-Inch-Inline-Fan-402CFM.jpg?resize=768%2C315&amp;quality=89&amp;ssl=1 768w, https:\/\/i0.wp.com\/chill-road.com\/wp-content\/uploads\/2026\/01\/New-6-Inch-Inline-Fan-402CFM.jpg?resize=18%2C7&amp;quality=89&amp;ssl=1 18w, https:\/\/i0.wp.com\/chill-road.com\/wp-content\/uploads\/2026\/01\/New-6-Inch-Inline-Fan-402CFM.jpg?resize=1200%2C492&amp;quality=89&amp;ssl=1 1200w, https:\/\/i0.wp.com\/chill-road.com\/wp-content\/uploads\/2026\/01\/New-6-Inch-Inline-Fan-402CFM.jpg?resize=900%2C369&amp;quality=89&amp;ssl=1 900w, https:\/\/i0.wp.com\/chill-road.com\/wp-content\/uploads\/2026\/01\/New-6-Inch-Inline-Fan-402CFM.jpg?resize=150%2C61&amp;quality=89&amp;ssl=1 150w\" sizes=\"auto, (max-width: 1000px) 100vw, 1000px\" \/> <img data-recalc-dims=\"1\" loading=\"lazy\" decoding=\"async\" data-attachment-id=\"13463\" data-permalink=\"https:\/\/chill-road.com\/fr\/?attachment_id=13463\" data-orig-file=\"https:\/\/i0.wp.com\/chill-road.com\/wp-content\/uploads\/2025\/12\/Light-Adapter-2508-EN-1.jpg?fit=1464%2C600&amp;quality=89&amp;ssl=1\" data-orig-size=\"1464,600\" data-comments-opened=\"1\" data-image-meta=\"{&quot;aperture&quot;:&quot;0&quot;,&quot;credit&quot;:&quot;&quot;,&quot;camera&quot;:&quot;&quot;,&quot;caption&quot;:&quot;&quot;,&quot;created_timestamp&quot;:&quot;0&quot;,&quot;copyright&quot;:&quot;&quot;,&quot;focal_length&quot;:&quot;0&quot;,&quot;iso&quot;:&quot;0&quot;,&quot;shutter_speed&quot;:&quot;0&quot;,&quot;title&quot;:&quot;&quot;,&quot;orientation&quot;:&quot;0&quot;}\" data-image-title=\"Light-Adapter-2508-EN\" data-image-description=\"\" data-image-caption=\"\" data-large-file=\"https:\/\/i0.wp.com\/chill-road.com\/wp-content\/uploads\/2025\/12\/Light-Adapter-2508-EN-1.jpg?fit=1024%2C420&amp;quality=89&amp;ssl=1\" class=\"alignnone size-full wp-image-13463\" src=\"https:\/\/i0.wp.com\/chill-road.com\/wp-content\/uploads\/2025\/12\/Light-Adapter-2508-EN-1.jpg?resize=1464%2C600&#038;quality=89&#038;ssl=1\" alt=\"\" width=\"1464\" height=\"600\" srcset=\"https:\/\/i0.wp.com\/chill-road.com\/wp-content\/uploads\/2025\/12\/Light-Adapter-2508-EN-1.jpg?w=1464&amp;quality=89&amp;ssl=1 1464w, https:\/\/i0.wp.com\/chill-road.com\/wp-content\/uploads\/2025\/12\/Light-Adapter-2508-EN-1.jpg?resize=300%2C123&amp;quality=89&amp;ssl=1 300w, https:\/\/i0.wp.com\/chill-road.com\/wp-content\/uploads\/2025\/12\/Light-Adapter-2508-EN-1.jpg?resize=1024%2C420&amp;quality=89&amp;ssl=1 1024w, https:\/\/i0.wp.com\/chill-road.com\/wp-content\/uploads\/2025\/12\/Light-Adapter-2508-EN-1.jpg?resize=768%2C315&amp;quality=89&amp;ssl=1 768w, https:\/\/i0.wp.com\/chill-road.com\/wp-content\/uploads\/2025\/12\/Light-Adapter-2508-EN-1.jpg?resize=18%2C7&amp;quality=89&amp;ssl=1 18w, https:\/\/i0.wp.com\/chill-road.com\/wp-content\/uploads\/2025\/12\/Light-Adapter-2508-EN-1.jpg?resize=900%2C369&amp;quality=89&amp;ssl=1 900w, https:\/\/i0.wp.com\/chill-road.com\/wp-content\/uploads\/2025\/12\/Light-Adapter-2508-EN-1.jpg?resize=150%2C61&amp;quality=89&amp;ssl=1 150w\" sizes=\"auto, (max-width: 1000px) 100vw, 1000px\" \/> <img data-recalc-dims=\"1\" loading=\"lazy\" decoding=\"async\" data-attachment-id=\"13464\" data-permalink=\"https:\/\/chill-road.com\/fr\/?attachment_id=13464\" data-orig-file=\"https:\/\/i0.wp.com\/chill-road.com\/wp-content\/uploads\/2025\/12\/Smartphone-APP-Control-Inline-Fan-1-1.jpg?fit=1464%2C600&amp;quality=89&amp;ssl=1\" data-orig-size=\"1464,600\" data-comments-opened=\"1\" data-image-meta=\"{&quot;aperture&quot;:&quot;0&quot;,&quot;credit&quot;:&quot;&quot;,&quot;camera&quot;:&quot;&quot;,&quot;caption&quot;:&quot;&quot;,&quot;created_timestamp&quot;:&quot;0&quot;,&quot;copyright&quot;:&quot;&quot;,&quot;focal_length&quot;:&quot;0&quot;,&quot;iso&quot;:&quot;0&quot;,&quot;shutter_speed&quot;:&quot;0&quot;,&quot;title&quot;:&quot;&quot;,&quot;orientation&quot;:&quot;0&quot;}\" data-image-title=\"Smartphone-APP-Control-Inline-Fan-1\" data-image-description=\"\" data-image-caption=\"\" data-large-file=\"https:\/\/i0.wp.com\/chill-road.com\/wp-content\/uploads\/2025\/12\/Smartphone-APP-Control-Inline-Fan-1-1.jpg?fit=1024%2C420&amp;quality=89&amp;ssl=1\" class=\"alignnone size-full wp-image-13464\" src=\"https:\/\/i0.wp.com\/chill-road.com\/wp-content\/uploads\/2025\/12\/Smartphone-APP-Control-Inline-Fan-1-1.jpg?resize=1464%2C600&#038;quality=89&#038;ssl=1\" alt=\"\" width=\"1464\" height=\"600\" srcset=\"https:\/\/i0.wp.com\/chill-road.com\/wp-content\/uploads\/2025\/12\/Smartphone-APP-Control-Inline-Fan-1-1.jpg?w=1464&amp;quality=89&amp;ssl=1 1464w, https:\/\/i0.wp.com\/chill-road.com\/wp-content\/uploads\/2025\/12\/Smartphone-APP-Control-Inline-Fan-1-1.jpg?resize=300%2C123&amp;quality=89&amp;ssl=1 300w, https:\/\/i0.wp.com\/chill-road.com\/wp-content\/uploads\/2025\/12\/Smartphone-APP-Control-Inline-Fan-1-1.jpg?resize=1024%2C420&amp;quality=89&amp;ssl=1 1024w, https:\/\/i0.wp.com\/chill-road.com\/wp-content\/uploads\/2025\/12\/Smartphone-APP-Control-Inline-Fan-1-1.jpg?resize=768%2C315&amp;quality=89&amp;ssl=1 768w, https:\/\/i0.wp.com\/chill-road.com\/wp-content\/uploads\/2025\/12\/Smartphone-APP-Control-Inline-Fan-1-1.jpg?resize=18%2C7&amp;quality=89&amp;ssl=1 18w, https:\/\/i0.wp.com\/chill-road.com\/wp-content\/uploads\/2025\/12\/Smartphone-APP-Control-Inline-Fan-1-1.jpg?resize=900%2C369&amp;quality=89&amp;ssl=1 900w, https:\/\/i0.wp.com\/chill-road.com\/wp-content\/uploads\/2025\/12\/Smartphone-APP-Control-Inline-Fan-1-1.jpg?resize=150%2C61&amp;quality=89&amp;ssl=1 150w\" sizes=\"auto, (max-width: 1000px) 100vw, 1000px\" \/> <img data-recalc-dims=\"1\" loading=\"lazy\" decoding=\"async\" data-attachment-id=\"13466\" data-permalink=\"https:\/\/chill-road.com\/fr\/?attachment_id=13466\" data-orig-file=\"https:\/\/i0.wp.com\/chill-road.com\/wp-content\/uploads\/2025\/12\/Installation-6-Inch.jpg?fit=1464%2C600&amp;quality=89&amp;ssl=1\" data-orig-size=\"1464,600\" data-comments-opened=\"1\" data-image-meta=\"{&quot;aperture&quot;:&quot;0&quot;,&quot;credit&quot;:&quot;&quot;,&quot;camera&quot;:&quot;&quot;,&quot;caption&quot;:&quot;&quot;,&quot;created_timestamp&quot;:&quot;0&quot;,&quot;copyright&quot;:&quot;&quot;,&quot;focal_length&quot;:&quot;0&quot;,&quot;iso&quot;:&quot;0&quot;,&quot;shutter_speed&quot;:&quot;0&quot;,&quot;title&quot;:&quot;&quot;,&quot;orientation&quot;:&quot;0&quot;}\" data-image-title=\"Installation-6-Inch\" data-image-description=\"\" data-image-caption=\"\" data-large-file=\"https:\/\/i0.wp.com\/chill-road.com\/wp-content\/uploads\/2025\/12\/Installation-6-Inch.jpg?fit=1024%2C420&amp;quality=89&amp;ssl=1\" class=\"alignnone size-full wp-image-13466\" src=\"https:\/\/i0.wp.com\/chill-road.com\/wp-content\/uploads\/2025\/12\/Installation-6-Inch.jpg?resize=1464%2C600&#038;quality=89&#038;ssl=1\" alt=\"\" width=\"1464\" height=\"600\" srcset=\"https:\/\/i0.wp.com\/chill-road.com\/wp-content\/uploads\/2025\/12\/Installation-6-Inch.jpg?w=1464&amp;quality=89&amp;ssl=1 1464w, https:\/\/i0.wp.com\/chill-road.com\/wp-content\/uploads\/2025\/12\/Installation-6-Inch.jpg?resize=300%2C123&amp;quality=89&amp;ssl=1 300w, https:\/\/i0.wp.com\/chill-road.com\/wp-content\/uploads\/2025\/12\/Installation-6-Inch.jpg?resize=1024%2C420&amp;quality=89&amp;ssl=1 1024w, https:\/\/i0.wp.com\/chill-road.com\/wp-content\/uploads\/2025\/12\/Installation-6-Inch.jpg?resize=768%2C315&amp;quality=89&amp;ssl=1 768w, https:\/\/i0.wp.com\/chill-road.com\/wp-content\/uploads\/2025\/12\/Installation-6-Inch.jpg?resize=18%2C7&amp;quality=89&amp;ssl=1 18w, https:\/\/i0.wp.com\/chill-road.com\/wp-content\/uploads\/2025\/12\/Installation-6-Inch.jpg?resize=900%2C369&amp;quality=89&amp;ssl=1 900w, https:\/\/i0.wp.com\/chill-road.com\/wp-content\/uploads\/2025\/12\/Installation-6-Inch.jpg?resize=150%2C61&amp;quality=89&amp;ssl=1 150w\" sizes=\"auto, (max-width: 1000px) 100vw, 1000px\" \/><\/p>\n","protected":false},"excerpt":{"rendered":"<p><span>Syst\u00e8me de ventilation pour tentes de culture hydroponique, transfert de chauffage\/refroidissement et odeurs d&rsquo;\u00e9chappement.<\/span><\/p>\n<p><span style=\"color: #ff6600;\">\u2666 <\/span>Quatre modes de fonctionnement peuvent \u00eatre s\u00e9lectionn\u00e9s<\/p>\n<p><span style=\"color: #ff6600;\">\u2666 <\/span>D\u00e9finissez les heures de d\u00e9but et d&rsquo;arr\u00eat<\/p>\n<p><span style=\"color: #ff6600;\">\u2666 <\/span>D\u00e9finissez les vitesses de fonctionnement et de veille<\/p>\n<p><span style=\"color: #ff6600;\">\u2666 <\/span>Contr\u00f4le marche\/arr\u00eat du dispositif CO2<\/p>\n<p>&nbsp;<\/p>\n<p><strong>Le paquet comprend<\/strong> :<\/p>\n<ul>\n<li>1x Extracteur d&rsquo;air (\u00d8150mm),<\/li>\n<li>1x contr\u00f4leur GGS (n&rsquo;inclut pas l&rsquo;alimentation \u00e9lectrique),<\/li>\n<li>2x support en acier<\/li>\n<li>1x capteur de temp\u00e9rature et d&rsquo;humidit\u00e9,<\/li>\n<li>1x adaptateur,<\/li>\n<li>5x c\u00e2bles RJ12,<\/li>\n<li>1x r\u00e9partiteur de ligne t\u00e9l\u00e9phonique RJ12.<\/li>\n<\/ul>\n","protected":false},"featured_media":13462,"comment_status":"open","ping_status":"closed","template":"","meta":[],"product_brand":[333],"product_cat":[1090,20,361,19],"product_tag":[],"class_list":["post-9708","product","type-product","status-publish","has-post-thumbnail","product_brand-spider-farmer","product_cat-ggs-controller-series","product_cat-extracteurs-dair","product_cat-extracteurs-dair-spider-farmer","product_cat-ventilation-climat","cr-has-rrp","first","instock","sale","purchasable","product-type-simple"],"jetpack_sharing_enabled":true,"_links":{"self":[{"href":"https:\/\/chill-road.com\/fr\/wp-json\/wp\/v2\/product\/9708","targetHints":{"allow":["GET"]}}],"collection":[{"href":"https:\/\/chill-road.com\/fr\/wp-json\/wp\/v2\/product"}],"about":[{"href":"https:\/\/chill-road.com\/fr\/wp-json\/wp\/v2\/types\/product"}],"replies":[{"embeddable":true,"href":"https:\/\/chill-road.com\/fr\/wp-json\/wp\/v2\/comments?post=9708"}],"version-history":[{"count":1,"href":"https:\/\/chill-road.com\/fr\/wp-json\/wp\/v2\/product\/9708\/revisions"}],"predecessor-version":[{"id":23497,"href":"https:\/\/chill-road.com\/fr\/wp-json\/wp\/v2\/product\/9708\/revisions\/23497"}],"wp:featuredmedia":[{"embeddable":true,"href":"https:\/\/chill-road.com\/fr\/wp-json\/wp\/v2\/media\/13462"}],"wp:attachment":[{"href":"https:\/\/chill-road.com\/fr\/wp-json\/wp\/v2\/media?parent=9708"}],"wp:term":[{"taxonomy":"product_brand","embeddable":true,"href":"https:\/\/chill-road.com\/fr\/wp-json\/wp\/v2\/product_brand?post=9708"},{"taxonomy":"product_cat","embeddable":true,"href":"https:\/\/chill-road.com\/fr\/wp-json\/wp\/v2\/product_cat?post=9708"},{"taxonomy":"product_tag","embeddable":true,"href":"https:\/\/chill-road.com\/fr\/wp-json\/wp\/v2\/product_tag?post=9708"}],"curies":[{"name":"wp","href":"https:\/\/api.w.org\/{rel}","templated":true}]}}