{"id":9718,"date":"2025-12-17T10:33:13","date_gmt":"2025-12-17T09:33:13","guid":{"rendered":"https:\/\/chill-road.com\/?post_type=product&#038;p=9718"},"modified":"2026-04-09T08:06:27","modified_gmt":"2026-04-09T06:06:27","slug":"filtre-a-charbon-o100mm-spider-farmer","status":"publish","type":"product","link":"https:\/\/chill-road.com\/fr\/produit\/filtre-a-charbon-o100mm-spider-farmer\/","title":{"rendered":"Filtre \u00e0 Charbon 4\u00a0\u00bb (\u00d8100mm) Spider Farmer &#8211; Contr\u00f4le des odeurs"},"content":{"rendered":"<p><span class=\"a-list-item\">\u3010<strong>Qualit\u00e9 sup\u00e9rieure du charbon<\/strong> \u3011 Les filtres \u00e0 charbon Spider Farmer utilisent du charbon actif australien granulaire de la plus haute qualit\u00e9, ce qui vous offre une meilleure adsorption et une porosit\u00e9 au carbone sup\u00e9rieure \u00e0 la filtration de l&rsquo;air. Nos filtres purifient mieux l\u2019air et ont une dur\u00e9e de vie plus longue.<\/span><\/p>\n<p><span class=\"a-list-item\">\u3010<strong>Contr\u00f4le des odeurs<\/strong>\u3011 Les filtres \u00e0 charbon sont tr\u00e8s efficaces pour \u00e9liminer les odeurs de l\u2019air. \u00c9liminez certaines des odeurs et particules les plus ind\u00e9sirables et les plus piquantes des tentes de culture int\u00e9rieures et des salles de culture hydroponiques. Prot\u00e8ge des irritants chimiques et \u00e9limine les odeurs des salles de bains, des sous-sols et des cuisines.<\/span><\/p>\n<p><span class=\"a-list-item\">\u3010<\/span><strong>Purification de l&rsquo;air<\/strong><span class=\"a-list-item\">\u3011<\/span> Les filtres \u00e0 charbon peuvent aider \u00e0 purifier l\u2019air en pi\u00e9geant divers polluants, notamment les allerg\u00e8nes, la poussi\u00e8re et le pollen, offrant ainsi un environnement de culture int\u00e9rieur plus sain.<\/p>\n<p><span class=\"a-list-item\">\u3010<strong>Dur\u00e9e de vie plus longue<\/strong>\u3011 Utilisez des brides en aluminium robustes et un mat\u00e9riau en acier galvanis\u00e9, qui est plus robuste et durable, un filtre peut mieux exercer l&rsquo;effet d&rsquo;adsorption du charbon actif et comprend un pr\u00e9filtre lavable, facile \u00e0 monter.<\/span><\/p>\n<p><span class=\"a-list-item\">\u3010<strong>Large application<\/strong>\u3011 Excellente option pour les ventilateurs de conduits en ligne, les ventilateurs de tente de culture, les placards, les salles de stockage, les cuisines, les salles de bains, les sous-sols et plus encore.<\/span><\/p>\n<p><img data-recalc-dims=\"1\" loading=\"lazy\" decoding=\"async\" data-attachment-id=\"12001\" data-permalink=\"https:\/\/chill-road.com\/fr\/?attachment_id=12001\" data-orig-file=\"https:\/\/i0.wp.com\/chill-road.com\/wp-content\/uploads\/2025\/12\/6-Inch-Carbon-Filter-specification.jpg?fit=1464%2C600&amp;quality=89&amp;ssl=1\" data-orig-size=\"1464,600\" data-comments-opened=\"1\" data-image-meta=\"{&quot;aperture&quot;:&quot;0&quot;,&quot;credit&quot;:&quot;&quot;,&quot;camera&quot;:&quot;&quot;,&quot;caption&quot;:&quot;&quot;,&quot;created_timestamp&quot;:&quot;0&quot;,&quot;copyright&quot;:&quot;&quot;,&quot;focal_length&quot;:&quot;0&quot;,&quot;iso&quot;:&quot;0&quot;,&quot;shutter_speed&quot;:&quot;0&quot;,&quot;title&quot;:&quot;&quot;,&quot;orientation&quot;:&quot;0&quot;}\" data-image-title=\"6-Inch-Carbon-Filter-specification\" data-image-description=\"\" data-image-caption=\"\" data-large-file=\"https:\/\/i0.wp.com\/chill-road.com\/wp-content\/uploads\/2025\/12\/6-Inch-Carbon-Filter-specification.jpg?fit=1024%2C420&amp;quality=89&amp;ssl=1\" class=\"alignnone size-full wp-image-12001\" src=\"https:\/\/i0.wp.com\/chill-road.com\/wp-content\/uploads\/2025\/12\/6-Inch-Carbon-Filter-specification.jpg?resize=1464%2C600&#038;quality=89&#038;ssl=1\" alt=\"\" width=\"1464\" height=\"600\" srcset=\"https:\/\/i0.wp.com\/chill-road.com\/wp-content\/uploads\/2025\/12\/6-Inch-Carbon-Filter-specification.jpg?w=1464&amp;quality=89&amp;ssl=1 1464w, https:\/\/i0.wp.com\/chill-road.com\/wp-content\/uploads\/2025\/12\/6-Inch-Carbon-Filter-specification.jpg?resize=300%2C123&amp;quality=89&amp;ssl=1 300w, https:\/\/i0.wp.com\/chill-road.com\/wp-content\/uploads\/2025\/12\/6-Inch-Carbon-Filter-specification.jpg?resize=1024%2C420&amp;quality=89&amp;ssl=1 1024w, https:\/\/i0.wp.com\/chill-road.com\/wp-content\/uploads\/2025\/12\/6-Inch-Carbon-Filter-specification.jpg?resize=768%2C315&amp;quality=89&amp;ssl=1 768w, https:\/\/i0.wp.com\/chill-road.com\/wp-content\/uploads\/2025\/12\/6-Inch-Carbon-Filter-specification.jpg?resize=18%2C7&amp;quality=89&amp;ssl=1 18w, https:\/\/i0.wp.com\/chill-road.com\/wp-content\/uploads\/2025\/12\/6-Inch-Carbon-Filter-specification.jpg?resize=1200%2C492&amp;quality=89&amp;ssl=1 1200w, https:\/\/i0.wp.com\/chill-road.com\/wp-content\/uploads\/2025\/12\/6-Inch-Carbon-Filter-specification.jpg?resize=900%2C369&amp;quality=89&amp;ssl=1 900w, https:\/\/i0.wp.com\/chill-road.com\/wp-content\/uploads\/2025\/12\/6-Inch-Carbon-Filter-specification.jpg?resize=150%2C61&amp;quality=89&amp;ssl=1 150w\" sizes=\"auto, (max-width: 1000px) 100vw, 1000px\" \/><\/p>\n","protected":false},"excerpt":{"rendered":"<p>Filtre \u00e0 charbon \u00e0 haut rendement pour une purification sup\u00e9rieure de l&rsquo;air et une \u00e9limination des odeurs, offre un environnement de culture plus propre et plus frais.<\/p>\n","protected":false},"featured_media":11995,"comment_status":"open","ping_status":"closed","template":"","meta":[],"product_brand":[333],"product_cat":[91,19],"product_tag":[],"class_list":{"0":"post-9718","1":"product","2":"type-product","3":"status-publish","4":"has-post-thumbnail","6":"product_brand-spider-farmer","7":"product_cat-filtres-a-charbon","8":"product_cat-ventilation-climat","9":"cr-has-rrp","11":"first","12":"instock","13":"sale","14":"purchasable","15":"product-type-simple"},"jetpack_sharing_enabled":true,"_links":{"self":[{"href":"https:\/\/chill-road.com\/fr\/wp-json\/wp\/v2\/product\/9718","targetHints":{"allow":["GET"]}}],"collection":[{"href":"https:\/\/chill-road.com\/fr\/wp-json\/wp\/v2\/product"}],"about":[{"href":"https:\/\/chill-road.com\/fr\/wp-json\/wp\/v2\/types\/product"}],"replies":[{"embeddable":true,"href":"https:\/\/chill-road.com\/fr\/wp-json\/wp\/v2\/comments?post=9718"}],"version-history":[{"count":1,"href":"https:\/\/chill-road.com\/fr\/wp-json\/wp\/v2\/product\/9718\/revisions"}],"predecessor-version":[{"id":20460,"href":"https:\/\/chill-road.com\/fr\/wp-json\/wp\/v2\/product\/9718\/revisions\/20460"}],"wp:featuredmedia":[{"embeddable":true,"href":"https:\/\/chill-road.com\/fr\/wp-json\/wp\/v2\/media\/11995"}],"wp:attachment":[{"href":"https:\/\/chill-road.com\/fr\/wp-json\/wp\/v2\/media?parent=9718"}],"wp:term":[{"taxonomy":"product_brand","embeddable":true,"href":"https:\/\/chill-road.com\/fr\/wp-json\/wp\/v2\/product_brand?post=9718"},{"taxonomy":"product_cat","embeddable":true,"href":"https:\/\/chill-road.com\/fr\/wp-json\/wp\/v2\/product_cat?post=9718"},{"taxonomy":"product_tag","embeddable":true,"href":"https:\/\/chill-road.com\/fr\/wp-json\/wp\/v2\/product_tag?post=9718"}],"curies":[{"name":"wp","href":"https:\/\/api.w.org\/{rel}","templated":true}]}}