{"id":9734,"date":"2025-12-17T10:33:13","date_gmt":"2025-12-17T09:33:13","guid":{"rendered":"https:\/\/chill-road.com\/?post_type=product&#038;p=9734"},"modified":"2026-05-06T03:06:01","modified_gmt":"2026-05-06T01:06:01","slug":"bud-leaf-bowl-trimmer-13-defoliateur-manuel-o33cm-a-lames-rotatives-avec-dome-transparent-spider-farmer","status":"publish","type":"product","link":"https:\/\/chill-road.com\/fr\/produit\/bud-leaf-bowl-trimmer-13-defoliateur-manuel-o33cm-a-lames-rotatives-avec-dome-transparent-spider-farmer\/","title":{"rendered":"Bud Leaf Bowl Trimmer 13&Prime; &#8211; D\u00e9foliateur manuel \u00d833cm \u00e0 lames rotatives avec d\u00f4me transparent Spider Farmer"},"content":{"rendered":"<p><strong>Mat\u00e9riau de qualit\u00e9 alimentaire :<\/strong> Fabriqu\u00e9 \u00e0 partir de mat\u00e9riaux de qualit\u00e9 alimentaire, ce coupe bourgeons est respectueux du corps humain. Respectueux de l&rsquo;environnement.<\/p>\n<p><strong>Lames tranchantes en acier inoxydable :<\/strong> L&rsquo;acier inoxydable est suffisamment tranchant pour couper facilement les feuilles des bourgeons sans endommager les tiges et les branches vitales des plantes ; faisant de la taille un processus agr\u00e9able<\/p>\n<p><strong>Taille humide et s\u00e8che :<\/strong> La lame droite est utilis\u00e9e pour la coupe humide ; La lame dentel\u00e9e et les lames en X sont utilis\u00e9es pour la coupe \u00e0 sec<\/p>\n<p><strong>Convivial pour l&rsquo;utilisateur :<\/strong> Facile \u00e0 assembler, \u00e0 utiliser et \u00e0 nettoyer, ce qui le rend id\u00e9al aussi bien pour les d\u00e9butants que pour les professionnels.<\/p>\n<p><strong>Utilisation polyvalente :<\/strong> Convient pour tailler les fleurs, les feuilles et autres parties d\u00e9licates des plantes, ce qui en fait un outil essentiel pour les producteurs.<\/p>\n<p><strong>Gain de temps :<\/strong> R\u00e9duit le temps consacr\u00e9 \u00e0 la coupe manuelle, vous permettant de vous concentrer sur d&rsquo;autres t\u00e2ches tout en obtenant une finition professionnelle.<\/p>\n<p><img data-recalc-dims=\"1\" loading=\"lazy\" decoding=\"async\" data-attachment-id=\"12198\" data-permalink=\"https:\/\/chill-road.com\/fr\/?attachment_id=12198\" data-orig-file=\"https:\/\/i0.wp.com\/chill-road.com\/wp-content\/uploads\/2025\/12\/13-Bowltrimmer-PC.jpg?fit=1464%2C600&amp;quality=89&amp;ssl=1\" data-orig-size=\"1464,600\" data-comments-opened=\"1\" data-image-meta=\"{&quot;aperture&quot;:&quot;0&quot;,&quot;credit&quot;:&quot;&quot;,&quot;camera&quot;:&quot;&quot;,&quot;caption&quot;:&quot;&quot;,&quot;created_timestamp&quot;:&quot;0&quot;,&quot;copyright&quot;:&quot;&quot;,&quot;focal_length&quot;:&quot;0&quot;,&quot;iso&quot;:&quot;0&quot;,&quot;shutter_speed&quot;:&quot;0&quot;,&quot;title&quot;:&quot;&quot;,&quot;orientation&quot;:&quot;0&quot;}\" data-image-title=\"13-Bowltrimmer-PC\" data-image-description=\"\" data-image-caption=\"\" data-large-file=\"https:\/\/i0.wp.com\/chill-road.com\/wp-content\/uploads\/2025\/12\/13-Bowltrimmer-PC.jpg?fit=1024%2C420&amp;quality=89&amp;ssl=1\" class=\"alignnone size-full wp-image-12198\" src=\"https:\/\/i0.wp.com\/chill-road.com\/wp-content\/uploads\/2025\/12\/13-Bowltrimmer-PC.jpg?resize=1464%2C600&#038;quality=89&#038;ssl=1\" alt=\"\" width=\"1464\" height=\"600\" srcset=\"https:\/\/i0.wp.com\/chill-road.com\/wp-content\/uploads\/2025\/12\/13-Bowltrimmer-PC.jpg?w=1464&amp;quality=89&amp;ssl=1 1464w, https:\/\/i0.wp.com\/chill-road.com\/wp-content\/uploads\/2025\/12\/13-Bowltrimmer-PC.jpg?resize=300%2C123&amp;quality=89&amp;ssl=1 300w, https:\/\/i0.wp.com\/chill-road.com\/wp-content\/uploads\/2025\/12\/13-Bowltrimmer-PC.jpg?resize=1024%2C420&amp;quality=89&amp;ssl=1 1024w, https:\/\/i0.wp.com\/chill-road.com\/wp-content\/uploads\/2025\/12\/13-Bowltrimmer-PC.jpg?resize=768%2C315&amp;quality=89&amp;ssl=1 768w, https:\/\/i0.wp.com\/chill-road.com\/wp-content\/uploads\/2025\/12\/13-Bowltrimmer-PC.jpg?resize=18%2C7&amp;quality=89&amp;ssl=1 18w, https:\/\/i0.wp.com\/chill-road.com\/wp-content\/uploads\/2025\/12\/13-Bowltrimmer-PC.jpg?resize=1200%2C492&amp;quality=89&amp;ssl=1 1200w, https:\/\/i0.wp.com\/chill-road.com\/wp-content\/uploads\/2025\/12\/13-Bowltrimmer-PC.jpg?resize=900%2C369&amp;quality=89&amp;ssl=1 900w, https:\/\/i0.wp.com\/chill-road.com\/wp-content\/uploads\/2025\/12\/13-Bowltrimmer-PC.jpg?resize=150%2C61&amp;quality=89&amp;ssl=1 150w\" sizes=\"auto, (max-width: 1000px) 100vw, 1000px\" \/> <img data-recalc-dims=\"1\" loading=\"lazy\" decoding=\"async\" data-attachment-id=\"12197\" data-permalink=\"https:\/\/chill-road.com\/fr\/?attachment_id=12197\" data-orig-file=\"https:\/\/i0.wp.com\/chill-road.com\/wp-content\/uploads\/2025\/12\/13-Bowltrimmer-Food-Grade-Materia-pc.jpg?fit=1464%2C600&amp;quality=89&amp;ssl=1\" data-orig-size=\"1464,600\" data-comments-opened=\"1\" data-image-meta=\"{&quot;aperture&quot;:&quot;0&quot;,&quot;credit&quot;:&quot;&quot;,&quot;camera&quot;:&quot;&quot;,&quot;caption&quot;:&quot;&quot;,&quot;created_timestamp&quot;:&quot;0&quot;,&quot;copyright&quot;:&quot;&quot;,&quot;focal_length&quot;:&quot;0&quot;,&quot;iso&quot;:&quot;0&quot;,&quot;shutter_speed&quot;:&quot;0&quot;,&quot;title&quot;:&quot;&quot;,&quot;orientation&quot;:&quot;0&quot;}\" data-image-title=\"13-Bowltrimmer-Food-Grade-Materia-pc\" data-image-description=\"\" data-image-caption=\"\" data-large-file=\"https:\/\/i0.wp.com\/chill-road.com\/wp-content\/uploads\/2025\/12\/13-Bowltrimmer-Food-Grade-Materia-pc.jpg?fit=1024%2C420&amp;quality=89&amp;ssl=1\" class=\"alignnone size-full wp-image-12197\" src=\"https:\/\/i0.wp.com\/chill-road.com\/wp-content\/uploads\/2025\/12\/13-Bowltrimmer-Food-Grade-Materia-pc.jpg?resize=1464%2C600&#038;quality=89&#038;ssl=1\" alt=\"\" width=\"1464\" height=\"600\" srcset=\"https:\/\/i0.wp.com\/chill-road.com\/wp-content\/uploads\/2025\/12\/13-Bowltrimmer-Food-Grade-Materia-pc.jpg?w=1464&amp;quality=89&amp;ssl=1 1464w, https:\/\/i0.wp.com\/chill-road.com\/wp-content\/uploads\/2025\/12\/13-Bowltrimmer-Food-Grade-Materia-pc.jpg?resize=300%2C123&amp;quality=89&amp;ssl=1 300w, https:\/\/i0.wp.com\/chill-road.com\/wp-content\/uploads\/2025\/12\/13-Bowltrimmer-Food-Grade-Materia-pc.jpg?resize=1024%2C420&amp;quality=89&amp;ssl=1 1024w, https:\/\/i0.wp.com\/chill-road.com\/wp-content\/uploads\/2025\/12\/13-Bowltrimmer-Food-Grade-Materia-pc.jpg?resize=768%2C315&amp;quality=89&amp;ssl=1 768w, https:\/\/i0.wp.com\/chill-road.com\/wp-content\/uploads\/2025\/12\/13-Bowltrimmer-Food-Grade-Materia-pc.jpg?resize=18%2C7&amp;quality=89&amp;ssl=1 18w, https:\/\/i0.wp.com\/chill-road.com\/wp-content\/uploads\/2025\/12\/13-Bowltrimmer-Food-Grade-Materia-pc.jpg?resize=1200%2C492&amp;quality=89&amp;ssl=1 1200w, https:\/\/i0.wp.com\/chill-road.com\/wp-content\/uploads\/2025\/12\/13-Bowltrimmer-Food-Grade-Materia-pc.jpg?resize=900%2C369&amp;quality=89&amp;ssl=1 900w, https:\/\/i0.wp.com\/chill-road.com\/wp-content\/uploads\/2025\/12\/13-Bowltrimmer-Food-Grade-Materia-pc.jpg?resize=150%2C61&amp;quality=89&amp;ssl=1 150w\" sizes=\"auto, (max-width: 1000px) 100vw, 1000px\" \/> <img data-recalc-dims=\"1\" loading=\"lazy\" decoding=\"async\" data-attachment-id=\"12196\" data-permalink=\"https:\/\/chill-road.com\/fr\/?attachment_id=12196\" data-orig-file=\"https:\/\/i0.wp.com\/chill-road.com\/wp-content\/uploads\/2025\/12\/13-Bowl-Trimmer-Ergonomic-Design-PC.jpg?fit=1464%2C600&amp;quality=89&amp;ssl=1\" data-orig-size=\"1464,600\" data-comments-opened=\"1\" data-image-meta=\"{&quot;aperture&quot;:&quot;0&quot;,&quot;credit&quot;:&quot;&quot;,&quot;camera&quot;:&quot;&quot;,&quot;caption&quot;:&quot;&quot;,&quot;created_timestamp&quot;:&quot;0&quot;,&quot;copyright&quot;:&quot;&quot;,&quot;focal_length&quot;:&quot;0&quot;,&quot;iso&quot;:&quot;0&quot;,&quot;shutter_speed&quot;:&quot;0&quot;,&quot;title&quot;:&quot;&quot;,&quot;orientation&quot;:&quot;0&quot;}\" data-image-title=\"13-Bowl-Trimmer-Ergonomic-Design-PC\" data-image-description=\"\" data-image-caption=\"\" data-large-file=\"https:\/\/i0.wp.com\/chill-road.com\/wp-content\/uploads\/2025\/12\/13-Bowl-Trimmer-Ergonomic-Design-PC.jpg?fit=1024%2C420&amp;quality=89&amp;ssl=1\" class=\"alignnone size-full wp-image-12196\" src=\"https:\/\/i0.wp.com\/chill-road.com\/wp-content\/uploads\/2025\/12\/13-Bowl-Trimmer-Ergonomic-Design-PC.jpg?resize=1464%2C600&#038;quality=89&#038;ssl=1\" alt=\"\" width=\"1464\" height=\"600\" srcset=\"https:\/\/i0.wp.com\/chill-road.com\/wp-content\/uploads\/2025\/12\/13-Bowl-Trimmer-Ergonomic-Design-PC.jpg?w=1464&amp;quality=89&amp;ssl=1 1464w, https:\/\/i0.wp.com\/chill-road.com\/wp-content\/uploads\/2025\/12\/13-Bowl-Trimmer-Ergonomic-Design-PC.jpg?resize=300%2C123&amp;quality=89&amp;ssl=1 300w, https:\/\/i0.wp.com\/chill-road.com\/wp-content\/uploads\/2025\/12\/13-Bowl-Trimmer-Ergonomic-Design-PC.jpg?resize=1024%2C420&amp;quality=89&amp;ssl=1 1024w, https:\/\/i0.wp.com\/chill-road.com\/wp-content\/uploads\/2025\/12\/13-Bowl-Trimmer-Ergonomic-Design-PC.jpg?resize=768%2C315&amp;quality=89&amp;ssl=1 768w, https:\/\/i0.wp.com\/chill-road.com\/wp-content\/uploads\/2025\/12\/13-Bowl-Trimmer-Ergonomic-Design-PC.jpg?resize=18%2C7&amp;quality=89&amp;ssl=1 18w, https:\/\/i0.wp.com\/chill-road.com\/wp-content\/uploads\/2025\/12\/13-Bowl-Trimmer-Ergonomic-Design-PC.jpg?resize=1200%2C492&amp;quality=89&amp;ssl=1 1200w, https:\/\/i0.wp.com\/chill-road.com\/wp-content\/uploads\/2025\/12\/13-Bowl-Trimmer-Ergonomic-Design-PC.jpg?resize=900%2C369&amp;quality=89&amp;ssl=1 900w, https:\/\/i0.wp.com\/chill-road.com\/wp-content\/uploads\/2025\/12\/13-Bowl-Trimmer-Ergonomic-Design-PC.jpg?resize=150%2C61&amp;quality=89&amp;ssl=1 150w\" sizes=\"auto, (max-width: 1000px) 100vw, 1000px\" \/> <img data-recalc-dims=\"1\" loading=\"lazy\" decoding=\"async\" data-attachment-id=\"12199\" data-permalink=\"https:\/\/chill-road.com\/fr\/?attachment_id=12199\" data-orig-file=\"https:\/\/i0.wp.com\/chill-road.com\/wp-content\/uploads\/2025\/12\/13-Bowltrimmer-Dual-Purpose-PC.jpg?fit=1464%2C600&amp;quality=89&amp;ssl=1\" data-orig-size=\"1464,600\" data-comments-opened=\"1\" data-image-meta=\"{&quot;aperture&quot;:&quot;0&quot;,&quot;credit&quot;:&quot;&quot;,&quot;camera&quot;:&quot;&quot;,&quot;caption&quot;:&quot;&quot;,&quot;created_timestamp&quot;:&quot;0&quot;,&quot;copyright&quot;:&quot;&quot;,&quot;focal_length&quot;:&quot;0&quot;,&quot;iso&quot;:&quot;0&quot;,&quot;shutter_speed&quot;:&quot;0&quot;,&quot;title&quot;:&quot;&quot;,&quot;orientation&quot;:&quot;0&quot;}\" data-image-title=\"13-Bowltrimmer-Dual-Purpose-PC\" data-image-description=\"\" data-image-caption=\"\" data-large-file=\"https:\/\/i0.wp.com\/chill-road.com\/wp-content\/uploads\/2025\/12\/13-Bowltrimmer-Dual-Purpose-PC.jpg?fit=1024%2C420&amp;quality=89&amp;ssl=1\" class=\"alignnone size-full wp-image-12199\" src=\"https:\/\/i0.wp.com\/chill-road.com\/wp-content\/uploads\/2025\/12\/13-Bowltrimmer-Dual-Purpose-PC.jpg?resize=1464%2C600&#038;quality=89&#038;ssl=1\" alt=\"\" width=\"1464\" height=\"600\" srcset=\"https:\/\/i0.wp.com\/chill-road.com\/wp-content\/uploads\/2025\/12\/13-Bowltrimmer-Dual-Purpose-PC.jpg?w=1464&amp;quality=89&amp;ssl=1 1464w, https:\/\/i0.wp.com\/chill-road.com\/wp-content\/uploads\/2025\/12\/13-Bowltrimmer-Dual-Purpose-PC.jpg?resize=300%2C123&amp;quality=89&amp;ssl=1 300w, https:\/\/i0.wp.com\/chill-road.com\/wp-content\/uploads\/2025\/12\/13-Bowltrimmer-Dual-Purpose-PC.jpg?resize=1024%2C420&amp;quality=89&amp;ssl=1 1024w, https:\/\/i0.wp.com\/chill-road.com\/wp-content\/uploads\/2025\/12\/13-Bowltrimmer-Dual-Purpose-PC.jpg?resize=768%2C315&amp;quality=89&amp;ssl=1 768w, https:\/\/i0.wp.com\/chill-road.com\/wp-content\/uploads\/2025\/12\/13-Bowltrimmer-Dual-Purpose-PC.jpg?resize=18%2C7&amp;quality=89&amp;ssl=1 18w, https:\/\/i0.wp.com\/chill-road.com\/wp-content\/uploads\/2025\/12\/13-Bowltrimmer-Dual-Purpose-PC.jpg?resize=1200%2C492&amp;quality=89&amp;ssl=1 1200w, https:\/\/i0.wp.com\/chill-road.com\/wp-content\/uploads\/2025\/12\/13-Bowltrimmer-Dual-Purpose-PC.jpg?resize=900%2C369&amp;quality=89&amp;ssl=1 900w, https:\/\/i0.wp.com\/chill-road.com\/wp-content\/uploads\/2025\/12\/13-Bowltrimmer-Dual-Purpose-PC.jpg?resize=150%2C61&amp;quality=89&amp;ssl=1 150w\" sizes=\"auto, (max-width: 1000px) 100vw, 1000px\" \/><\/p>\n","protected":false},"excerpt":{"rendered":"<p>Le <strong>Bud Leaf Bowl Trimmer Spider Farmer de \u00d833cm<\/strong>\u00a0est un outil haute performance pour une coupe efficace.<br \/>\nSa lame en acier inoxydable assure des coupes pr\u00e9cises, tandis que les r\u00e9glages r\u00e9glables la rendent id\u00e9ale aussi bien pour les d\u00e9butants que pour les cultivateurs exp\u00e9riment\u00e9s. Cet outil est parfait pour gagner du temps et maintenir la qualit\u00e9 lors des r\u00e9coltes.<\/p>\n<p><strong>Conseils de coupe optimis\u00e9s<\/strong>:<\/p>\n<ul>\n<li><strong>Taille pr\u00e9cise, prot\u00e9geant les bourgeons des dommages:<\/strong> choisir la bonne m\u00e9thode de taille am\u00e9liore non seulement l&rsquo;efficacit\u00e9, mais r\u00e9duit \u00e9galement consid\u00e9rablement les dommages aux bourgeons et aux trichomes. Pour les bourgeons l\u00e2ches et dispers\u00e9s, la coupe humide aide \u00e0 emp\u00eacher les bourgeons de coller ensemble, pr\u00e9servant ainsi leur forme parfaite avec un minimum de dommages. Pour les plantes plus denses, la taille \u00e0 sec est plus douce, prot\u00e9geant vos plantes d&rsquo;un stress excessif.<\/li>\n<\/ul>\n<ul>\n<li><strong>Rotation lente et uniforme, \u00e9vitant les dommages inutiles:<\/strong> en faisant tourner la poign\u00e9e lentement et uniform\u00e9ment, assurez un processus de coupe fluide et r\u00e9gulier, minimisant ainsi les dommages aux bourgeons et aux trichomes. \u00c9vitez les mouvements rapides et faites chaque rotation avec pr\u00e9cision pour prot\u00e9ger chaque fleur pr\u00e9cieuse.<\/li>\n<\/ul>\n<ul>\n<li><strong>Pas de gaspillage de mat\u00e9riel pr\u00e9cieux:<\/strong> avec le bol de garniture, toutes les boutures et trichomes sont parfaitement collect\u00e9s. Ne gaspillez rien\u2014maximisez le rendement et profitez au maximum de chaque partie de votre r\u00e9colte.<\/li>\n<\/ul>\n<p><strong>Le paquet comprend<\/strong> :<\/p>\n<ul>\n<li>1x Bowl Trimmer \u00d833cm<\/li>\n<li>1x Lame dentel\u00e9e<\/li>\n<li>2x Lame plate<\/li>\n<li>2x Lame transversale<\/li>\n<li>1x Gants<\/li>\n<li>1x Ciseaux de jardinage<\/li>\n<li>1x Petits ciseaux<\/li>\n<\/ul>\n","protected":false},"featured_media":12201,"comment_status":"open","ping_status":"closed","template":"","meta":[],"product_brand":[333],"product_cat":[108],"product_tag":[],"class_list":{"0":"post-9734","1":"product","2":"type-product","3":"status-publish","4":"has-post-thumbnail","6":"product_brand-spider-farmer","7":"product_cat-accessoires","8":"cr-has-rrp","10":"first","11":"instock","12":"sale","13":"purchasable","14":"product-type-simple"},"jetpack_sharing_enabled":true,"_links":{"self":[{"href":"https:\/\/chill-road.com\/fr\/wp-json\/wp\/v2\/product\/9734","targetHints":{"allow":["GET"]}}],"collection":[{"href":"https:\/\/chill-road.com\/fr\/wp-json\/wp\/v2\/product"}],"about":[{"href":"https:\/\/chill-road.com\/fr\/wp-json\/wp\/v2\/types\/product"}],"replies":[{"embeddable":true,"href":"https:\/\/chill-road.com\/fr\/wp-json\/wp\/v2\/comments?post=9734"}],"version-history":[{"count":1,"href":"https:\/\/chill-road.com\/fr\/wp-json\/wp\/v2\/product\/9734\/revisions"}],"predecessor-version":[{"id":22403,"href":"https:\/\/chill-road.com\/fr\/wp-json\/wp\/v2\/product\/9734\/revisions\/22403"}],"wp:featuredmedia":[{"embeddable":true,"href":"https:\/\/chill-road.com\/fr\/wp-json\/wp\/v2\/media\/12201"}],"wp:attachment":[{"href":"https:\/\/chill-road.com\/fr\/wp-json\/wp\/v2\/media?parent=9734"}],"wp:term":[{"taxonomy":"product_brand","embeddable":true,"href":"https:\/\/chill-road.com\/fr\/wp-json\/wp\/v2\/product_brand?post=9734"},{"taxonomy":"product_cat","embeddable":true,"href":"https:\/\/chill-road.com\/fr\/wp-json\/wp\/v2\/product_cat?post=9734"},{"taxonomy":"product_tag","embeddable":true,"href":"https:\/\/chill-road.com\/fr\/wp-json\/wp\/v2\/product_tag?post=9734"}],"curies":[{"name":"wp","href":"https:\/\/api.w.org\/{rel}","templated":true}]}}