{"id":9740,"date":"2025-12-17T10:33:13","date_gmt":"2025-12-17T09:33:13","guid":{"rendered":"https:\/\/chill-road.com\/?post_type=product&#038;p=9740"},"modified":"2026-05-05T13:57:29","modified_gmt":"2026-05-05T11:57:29","slug":"humidificateur-intelligent-a-vapeur-froide-de-5-l-avec-capteur-de-temperature-et-dhumidite-smart-app-control-tuyau-de-ciblage-extensible-pour-plantes-salle-de-tente-de-culture-interieure-spider-farm","status":"publish","type":"product","link":"https:\/\/chill-road.com\/fr\/produit\/humidificateur-intelligent-a-vapeur-froide-de-5-l-avec-capteur-de-temperature-et-dhumidite-smart-app-control-tuyau-de-ciblage-extensible-pour-plantes-salle-de-tente-de-culture-interieure-spider-farm\/","title":{"rendered":"Humidificateur intelligent \u00e0 vapeur froide de 5L avec capteur de temp\u00e9rature et d&rsquo;humidit\u00e9 Smart APP Control Tuyau de ciblage extensible pour plantes Salle de tente de culture int\u00e9rieure Spider Farmer"},"content":{"rendered":"<p><img data-recalc-dims=\"1\" loading=\"lazy\" decoding=\"async\" data-attachment-id=\"13510\" data-permalink=\"https:\/\/chill-road.com\/fr\/?attachment_id=13510\" data-orig-file=\"https:\/\/i0.wp.com\/chill-road.com\/wp-content\/uploads\/2025\/12\/PC1-Humidifier5.jpg?fit=1464%2C600&amp;quality=89&amp;ssl=1\" data-orig-size=\"1464,600\" data-comments-opened=\"1\" data-image-meta=\"{&quot;aperture&quot;:&quot;0&quot;,&quot;credit&quot;:&quot;&quot;,&quot;camera&quot;:&quot;&quot;,&quot;caption&quot;:&quot;&quot;,&quot;created_timestamp&quot;:&quot;0&quot;,&quot;copyright&quot;:&quot;&quot;,&quot;focal_length&quot;:&quot;0&quot;,&quot;iso&quot;:&quot;0&quot;,&quot;shutter_speed&quot;:&quot;0&quot;,&quot;title&quot;:&quot;&quot;,&quot;orientation&quot;:&quot;0&quot;}\" data-image-title=\"PC1-Humidifier5\" data-image-description=\"\" data-image-caption=\"\" data-large-file=\"https:\/\/i0.wp.com\/chill-road.com\/wp-content\/uploads\/2025\/12\/PC1-Humidifier5.jpg?fit=1024%2C420&amp;quality=89&amp;ssl=1\" class=\"alignnone size-full wp-image-13510\" src=\"https:\/\/i0.wp.com\/chill-road.com\/wp-content\/uploads\/2025\/12\/PC1-Humidifier5.jpg?resize=1464%2C600&#038;quality=89&#038;ssl=1\" alt=\"\" width=\"1464\" height=\"600\" srcset=\"https:\/\/i0.wp.com\/chill-road.com\/wp-content\/uploads\/2025\/12\/PC1-Humidifier5.jpg?w=1464&amp;quality=89&amp;ssl=1 1464w, https:\/\/i0.wp.com\/chill-road.com\/wp-content\/uploads\/2025\/12\/PC1-Humidifier5.jpg?resize=300%2C123&amp;quality=89&amp;ssl=1 300w, https:\/\/i0.wp.com\/chill-road.com\/wp-content\/uploads\/2025\/12\/PC1-Humidifier5.jpg?resize=1024%2C420&amp;quality=89&amp;ssl=1 1024w, https:\/\/i0.wp.com\/chill-road.com\/wp-content\/uploads\/2025\/12\/PC1-Humidifier5.jpg?resize=768%2C315&amp;quality=89&amp;ssl=1 768w, https:\/\/i0.wp.com\/chill-road.com\/wp-content\/uploads\/2025\/12\/PC1-Humidifier5.jpg?resize=18%2C7&amp;quality=89&amp;ssl=1 18w, https:\/\/i0.wp.com\/chill-road.com\/wp-content\/uploads\/2025\/12\/PC1-Humidifier5.jpg?resize=900%2C369&amp;quality=89&amp;ssl=1 900w, https:\/\/i0.wp.com\/chill-road.com\/wp-content\/uploads\/2025\/12\/PC1-Humidifier5.jpg?resize=150%2C61&amp;quality=89&amp;ssl=1 150w\" sizes=\"auto, (max-width: 1000px) 100vw, 1000px\" \/> <img data-recalc-dims=\"1\" loading=\"lazy\" decoding=\"async\" data-attachment-id=\"13511\" data-permalink=\"https:\/\/chill-road.com\/fr\/?attachment_id=13511\" data-orig-file=\"https:\/\/i0.wp.com\/chill-road.com\/wp-content\/uploads\/2025\/12\/PC2-Humidifier5.jpg?fit=1464%2C600&amp;quality=89&amp;ssl=1\" data-orig-size=\"1464,600\" data-comments-opened=\"1\" data-image-meta=\"{&quot;aperture&quot;:&quot;0&quot;,&quot;credit&quot;:&quot;&quot;,&quot;camera&quot;:&quot;&quot;,&quot;caption&quot;:&quot;&quot;,&quot;created_timestamp&quot;:&quot;0&quot;,&quot;copyright&quot;:&quot;&quot;,&quot;focal_length&quot;:&quot;0&quot;,&quot;iso&quot;:&quot;0&quot;,&quot;shutter_speed&quot;:&quot;0&quot;,&quot;title&quot;:&quot;&quot;,&quot;orientation&quot;:&quot;0&quot;}\" data-image-title=\"PC2-Humidifier5\" data-image-description=\"\" data-image-caption=\"\" data-large-file=\"https:\/\/i0.wp.com\/chill-road.com\/wp-content\/uploads\/2025\/12\/PC2-Humidifier5.jpg?fit=1024%2C420&amp;quality=89&amp;ssl=1\" class=\"alignnone size-full wp-image-13511\" src=\"https:\/\/i0.wp.com\/chill-road.com\/wp-content\/uploads\/2025\/12\/PC2-Humidifier5.jpg?resize=1464%2C600&#038;quality=89&#038;ssl=1\" alt=\"\" width=\"1464\" height=\"600\" srcset=\"https:\/\/i0.wp.com\/chill-road.com\/wp-content\/uploads\/2025\/12\/PC2-Humidifier5.jpg?w=1464&amp;quality=89&amp;ssl=1 1464w, https:\/\/i0.wp.com\/chill-road.com\/wp-content\/uploads\/2025\/12\/PC2-Humidifier5.jpg?resize=300%2C123&amp;quality=89&amp;ssl=1 300w, https:\/\/i0.wp.com\/chill-road.com\/wp-content\/uploads\/2025\/12\/PC2-Humidifier5.jpg?resize=1024%2C420&amp;quality=89&amp;ssl=1 1024w, https:\/\/i0.wp.com\/chill-road.com\/wp-content\/uploads\/2025\/12\/PC2-Humidifier5.jpg?resize=768%2C315&amp;quality=89&amp;ssl=1 768w, https:\/\/i0.wp.com\/chill-road.com\/wp-content\/uploads\/2025\/12\/PC2-Humidifier5.jpg?resize=18%2C7&amp;quality=89&amp;ssl=1 18w, https:\/\/i0.wp.com\/chill-road.com\/wp-content\/uploads\/2025\/12\/PC2-Humidifier5.jpg?resize=900%2C369&amp;quality=89&amp;ssl=1 900w, https:\/\/i0.wp.com\/chill-road.com\/wp-content\/uploads\/2025\/12\/PC2-Humidifier5.jpg?resize=150%2C61&amp;quality=89&amp;ssl=1 150w\" sizes=\"auto, (max-width: 1000px) 100vw, 1000px\" \/> <img data-recalc-dims=\"1\" loading=\"lazy\" decoding=\"async\" data-attachment-id=\"13512\" data-permalink=\"https:\/\/chill-road.com\/fr\/?attachment_id=13512\" data-orig-file=\"https:\/\/i0.wp.com\/chill-road.com\/wp-content\/uploads\/2025\/12\/PC3.EU-Humidifier5.jpg?fit=1464%2C600&amp;quality=89&amp;ssl=1\" data-orig-size=\"1464,600\" data-comments-opened=\"1\" data-image-meta=\"{&quot;aperture&quot;:&quot;0&quot;,&quot;credit&quot;:&quot;&quot;,&quot;camera&quot;:&quot;&quot;,&quot;caption&quot;:&quot;&quot;,&quot;created_timestamp&quot;:&quot;0&quot;,&quot;copyright&quot;:&quot;&quot;,&quot;focal_length&quot;:&quot;0&quot;,&quot;iso&quot;:&quot;0&quot;,&quot;shutter_speed&quot;:&quot;0&quot;,&quot;title&quot;:&quot;&quot;,&quot;orientation&quot;:&quot;0&quot;}\" data-image-title=\"PC3.EU-Humidifier5\" data-image-description=\"\" data-image-caption=\"\" data-large-file=\"https:\/\/i0.wp.com\/chill-road.com\/wp-content\/uploads\/2025\/12\/PC3.EU-Humidifier5.jpg?fit=1024%2C420&amp;quality=89&amp;ssl=1\" class=\"alignnone size-full wp-image-13512\" src=\"https:\/\/i0.wp.com\/chill-road.com\/wp-content\/uploads\/2025\/12\/PC3.EU-Humidifier5.jpg?resize=1464%2C600&#038;quality=89&#038;ssl=1\" alt=\"\" width=\"1464\" height=\"600\" srcset=\"https:\/\/i0.wp.com\/chill-road.com\/wp-content\/uploads\/2025\/12\/PC3.EU-Humidifier5.jpg?w=1464&amp;quality=89&amp;ssl=1 1464w, https:\/\/i0.wp.com\/chill-road.com\/wp-content\/uploads\/2025\/12\/PC3.EU-Humidifier5.jpg?resize=300%2C123&amp;quality=89&amp;ssl=1 300w, https:\/\/i0.wp.com\/chill-road.com\/wp-content\/uploads\/2025\/12\/PC3.EU-Humidifier5.jpg?resize=1024%2C420&amp;quality=89&amp;ssl=1 1024w, https:\/\/i0.wp.com\/chill-road.com\/wp-content\/uploads\/2025\/12\/PC3.EU-Humidifier5.jpg?resize=768%2C315&amp;quality=89&amp;ssl=1 768w, https:\/\/i0.wp.com\/chill-road.com\/wp-content\/uploads\/2025\/12\/PC3.EU-Humidifier5.jpg?resize=18%2C7&amp;quality=89&amp;ssl=1 18w, https:\/\/i0.wp.com\/chill-road.com\/wp-content\/uploads\/2025\/12\/PC3.EU-Humidifier5.jpg?resize=900%2C369&amp;quality=89&amp;ssl=1 900w, https:\/\/i0.wp.com\/chill-road.com\/wp-content\/uploads\/2025\/12\/PC3.EU-Humidifier5.jpg?resize=150%2C61&amp;quality=89&amp;ssl=1 150w\" sizes=\"auto, (max-width: 1000px) 100vw, 1000px\" \/> <img data-recalc-dims=\"1\" loading=\"lazy\" decoding=\"async\" data-attachment-id=\"13513\" data-permalink=\"https:\/\/chill-road.com\/fr\/?attachment_id=13513\" data-orig-file=\"https:\/\/i0.wp.com\/chill-road.com\/wp-content\/uploads\/2025\/12\/PC4-Humidifier5.jpg?fit=1464%2C600&amp;quality=89&amp;ssl=1\" data-orig-size=\"1464,600\" data-comments-opened=\"1\" data-image-meta=\"{&quot;aperture&quot;:&quot;0&quot;,&quot;credit&quot;:&quot;&quot;,&quot;camera&quot;:&quot;&quot;,&quot;caption&quot;:&quot;&quot;,&quot;created_timestamp&quot;:&quot;0&quot;,&quot;copyright&quot;:&quot;&quot;,&quot;focal_length&quot;:&quot;0&quot;,&quot;iso&quot;:&quot;0&quot;,&quot;shutter_speed&quot;:&quot;0&quot;,&quot;title&quot;:&quot;&quot;,&quot;orientation&quot;:&quot;0&quot;}\" data-image-title=\"PC4-Humidifier5\" data-image-description=\"\" data-image-caption=\"\" data-large-file=\"https:\/\/i0.wp.com\/chill-road.com\/wp-content\/uploads\/2025\/12\/PC4-Humidifier5.jpg?fit=1024%2C420&amp;quality=89&amp;ssl=1\" class=\"alignnone size-full wp-image-13513\" src=\"https:\/\/i0.wp.com\/chill-road.com\/wp-content\/uploads\/2025\/12\/PC4-Humidifier5.jpg?resize=1464%2C600&#038;quality=89&#038;ssl=1\" alt=\"\" width=\"1464\" height=\"600\" srcset=\"https:\/\/i0.wp.com\/chill-road.com\/wp-content\/uploads\/2025\/12\/PC4-Humidifier5.jpg?w=1464&amp;quality=89&amp;ssl=1 1464w, https:\/\/i0.wp.com\/chill-road.com\/wp-content\/uploads\/2025\/12\/PC4-Humidifier5.jpg?resize=300%2C123&amp;quality=89&amp;ssl=1 300w, https:\/\/i0.wp.com\/chill-road.com\/wp-content\/uploads\/2025\/12\/PC4-Humidifier5.jpg?resize=1024%2C420&amp;quality=89&amp;ssl=1 1024w, https:\/\/i0.wp.com\/chill-road.com\/wp-content\/uploads\/2025\/12\/PC4-Humidifier5.jpg?resize=768%2C315&amp;quality=89&amp;ssl=1 768w, https:\/\/i0.wp.com\/chill-road.com\/wp-content\/uploads\/2025\/12\/PC4-Humidifier5.jpg?resize=18%2C7&amp;quality=89&amp;ssl=1 18w, https:\/\/i0.wp.com\/chill-road.com\/wp-content\/uploads\/2025\/12\/PC4-Humidifier5.jpg?resize=900%2C369&amp;quality=89&amp;ssl=1 900w, https:\/\/i0.wp.com\/chill-road.com\/wp-content\/uploads\/2025\/12\/PC4-Humidifier5.jpg?resize=150%2C61&amp;quality=89&amp;ssl=1 150w\" sizes=\"auto, (max-width: 1000px) 100vw, 1000px\" \/> <img data-recalc-dims=\"1\" loading=\"lazy\" decoding=\"async\" data-attachment-id=\"13514\" data-permalink=\"https:\/\/chill-road.com\/fr\/?attachment_id=13514\" data-orig-file=\"https:\/\/i0.wp.com\/chill-road.com\/wp-content\/uploads\/2025\/12\/PC5-Humidifier5.jpg?fit=1464%2C600&amp;quality=89&amp;ssl=1\" data-orig-size=\"1464,600\" data-comments-opened=\"1\" data-image-meta=\"{&quot;aperture&quot;:&quot;0&quot;,&quot;credit&quot;:&quot;&quot;,&quot;camera&quot;:&quot;&quot;,&quot;caption&quot;:&quot;&quot;,&quot;created_timestamp&quot;:&quot;0&quot;,&quot;copyright&quot;:&quot;&quot;,&quot;focal_length&quot;:&quot;0&quot;,&quot;iso&quot;:&quot;0&quot;,&quot;shutter_speed&quot;:&quot;0&quot;,&quot;title&quot;:&quot;&quot;,&quot;orientation&quot;:&quot;0&quot;}\" data-image-title=\"PC5-Humidifier5\" data-image-description=\"\" data-image-caption=\"\" data-large-file=\"https:\/\/i0.wp.com\/chill-road.com\/wp-content\/uploads\/2025\/12\/PC5-Humidifier5.jpg?fit=1024%2C420&amp;quality=89&amp;ssl=1\" class=\"alignnone size-full wp-image-13514\" src=\"https:\/\/i0.wp.com\/chill-road.com\/wp-content\/uploads\/2025\/12\/PC5-Humidifier5.jpg?resize=1464%2C600&#038;quality=89&#038;ssl=1\" alt=\"\" width=\"1464\" height=\"600\" srcset=\"https:\/\/i0.wp.com\/chill-road.com\/wp-content\/uploads\/2025\/12\/PC5-Humidifier5.jpg?w=1464&amp;quality=89&amp;ssl=1 1464w, https:\/\/i0.wp.com\/chill-road.com\/wp-content\/uploads\/2025\/12\/PC5-Humidifier5.jpg?resize=300%2C123&amp;quality=89&amp;ssl=1 300w, https:\/\/i0.wp.com\/chill-road.com\/wp-content\/uploads\/2025\/12\/PC5-Humidifier5.jpg?resize=1024%2C420&amp;quality=89&amp;ssl=1 1024w, https:\/\/i0.wp.com\/chill-road.com\/wp-content\/uploads\/2025\/12\/PC5-Humidifier5.jpg?resize=768%2C315&amp;quality=89&amp;ssl=1 768w, https:\/\/i0.wp.com\/chill-road.com\/wp-content\/uploads\/2025\/12\/PC5-Humidifier5.jpg?resize=18%2C7&amp;quality=89&amp;ssl=1 18w, https:\/\/i0.wp.com\/chill-road.com\/wp-content\/uploads\/2025\/12\/PC5-Humidifier5.jpg?resize=900%2C369&amp;quality=89&amp;ssl=1 900w, https:\/\/i0.wp.com\/chill-road.com\/wp-content\/uploads\/2025\/12\/PC5-Humidifier5.jpg?resize=150%2C61&amp;quality=89&amp;ssl=1 150w\" sizes=\"auto, (max-width: 1000px) 100vw, 1000px\" \/> <img data-recalc-dims=\"1\" loading=\"lazy\" decoding=\"async\" data-attachment-id=\"13515\" data-permalink=\"https:\/\/chill-road.com\/fr\/?attachment_id=13515\" data-orig-file=\"https:\/\/i0.wp.com\/chill-road.com\/wp-content\/uploads\/2025\/12\/PC6-Humidifier5.jpg?fit=1464%2C600&amp;quality=89&amp;ssl=1\" data-orig-size=\"1464,600\" data-comments-opened=\"1\" data-image-meta=\"{&quot;aperture&quot;:&quot;0&quot;,&quot;credit&quot;:&quot;&quot;,&quot;camera&quot;:&quot;&quot;,&quot;caption&quot;:&quot;&quot;,&quot;created_timestamp&quot;:&quot;0&quot;,&quot;copyright&quot;:&quot;&quot;,&quot;focal_length&quot;:&quot;0&quot;,&quot;iso&quot;:&quot;0&quot;,&quot;shutter_speed&quot;:&quot;0&quot;,&quot;title&quot;:&quot;&quot;,&quot;orientation&quot;:&quot;0&quot;}\" data-image-title=\"PC6-Humidifier5\" data-image-description=\"\" data-image-caption=\"\" data-large-file=\"https:\/\/i0.wp.com\/chill-road.com\/wp-content\/uploads\/2025\/12\/PC6-Humidifier5.jpg?fit=1024%2C420&amp;quality=89&amp;ssl=1\" class=\"alignnone size-full wp-image-13515\" src=\"https:\/\/i0.wp.com\/chill-road.com\/wp-content\/uploads\/2025\/12\/PC6-Humidifier5.jpg?resize=1464%2C600&#038;quality=89&#038;ssl=1\" alt=\"\" width=\"1464\" height=\"600\" srcset=\"https:\/\/i0.wp.com\/chill-road.com\/wp-content\/uploads\/2025\/12\/PC6-Humidifier5.jpg?w=1464&amp;quality=89&amp;ssl=1 1464w, https:\/\/i0.wp.com\/chill-road.com\/wp-content\/uploads\/2025\/12\/PC6-Humidifier5.jpg?resize=300%2C123&amp;quality=89&amp;ssl=1 300w, https:\/\/i0.wp.com\/chill-road.com\/wp-content\/uploads\/2025\/12\/PC6-Humidifier5.jpg?resize=1024%2C420&amp;quality=89&amp;ssl=1 1024w, https:\/\/i0.wp.com\/chill-road.com\/wp-content\/uploads\/2025\/12\/PC6-Humidifier5.jpg?resize=768%2C315&amp;quality=89&amp;ssl=1 768w, https:\/\/i0.wp.com\/chill-road.com\/wp-content\/uploads\/2025\/12\/PC6-Humidifier5.jpg?resize=18%2C7&amp;quality=89&amp;ssl=1 18w, https:\/\/i0.wp.com\/chill-road.com\/wp-content\/uploads\/2025\/12\/PC6-Humidifier5.jpg?resize=900%2C369&amp;quality=89&amp;ssl=1 900w, https:\/\/i0.wp.com\/chill-road.com\/wp-content\/uploads\/2025\/12\/PC6-Humidifier5.jpg?resize=150%2C61&amp;quality=89&amp;ssl=1 150w\" sizes=\"auto, (max-width: 1000px) 100vw, 1000px\" \/> <img data-recalc-dims=\"1\" loading=\"lazy\" decoding=\"async\" data-attachment-id=\"13516\" data-permalink=\"https:\/\/chill-road.com\/fr\/?attachment_id=13516\" data-orig-file=\"https:\/\/i0.wp.com\/chill-road.com\/wp-content\/uploads\/2025\/12\/PC7-Humidifier5.jpg?fit=1464%2C600&amp;quality=89&amp;ssl=1\" data-orig-size=\"1464,600\" data-comments-opened=\"1\" data-image-meta=\"{&quot;aperture&quot;:&quot;0&quot;,&quot;credit&quot;:&quot;&quot;,&quot;camera&quot;:&quot;&quot;,&quot;caption&quot;:&quot;&quot;,&quot;created_timestamp&quot;:&quot;0&quot;,&quot;copyright&quot;:&quot;&quot;,&quot;focal_length&quot;:&quot;0&quot;,&quot;iso&quot;:&quot;0&quot;,&quot;shutter_speed&quot;:&quot;0&quot;,&quot;title&quot;:&quot;&quot;,&quot;orientation&quot;:&quot;0&quot;}\" data-image-title=\"PC7-Humidifier5\" data-image-description=\"\" data-image-caption=\"\" data-large-file=\"https:\/\/i0.wp.com\/chill-road.com\/wp-content\/uploads\/2025\/12\/PC7-Humidifier5.jpg?fit=1024%2C420&amp;quality=89&amp;ssl=1\" class=\"alignnone size-full wp-image-13516\" src=\"https:\/\/i0.wp.com\/chill-road.com\/wp-content\/uploads\/2025\/12\/PC7-Humidifier5.jpg?resize=1464%2C600&#038;quality=89&#038;ssl=1\" alt=\"\" width=\"1464\" height=\"600\" srcset=\"https:\/\/i0.wp.com\/chill-road.com\/wp-content\/uploads\/2025\/12\/PC7-Humidifier5.jpg?w=1464&amp;quality=89&amp;ssl=1 1464w, https:\/\/i0.wp.com\/chill-road.com\/wp-content\/uploads\/2025\/12\/PC7-Humidifier5.jpg?resize=300%2C123&amp;quality=89&amp;ssl=1 300w, https:\/\/i0.wp.com\/chill-road.com\/wp-content\/uploads\/2025\/12\/PC7-Humidifier5.jpg?resize=1024%2C420&amp;quality=89&amp;ssl=1 1024w, https:\/\/i0.wp.com\/chill-road.com\/wp-content\/uploads\/2025\/12\/PC7-Humidifier5.jpg?resize=768%2C315&amp;quality=89&amp;ssl=1 768w, https:\/\/i0.wp.com\/chill-road.com\/wp-content\/uploads\/2025\/12\/PC7-Humidifier5.jpg?resize=18%2C7&amp;quality=89&amp;ssl=1 18w, https:\/\/i0.wp.com\/chill-road.com\/wp-content\/uploads\/2025\/12\/PC7-Humidifier5.jpg?resize=900%2C369&amp;quality=89&amp;ssl=1 900w, https:\/\/i0.wp.com\/chill-road.com\/wp-content\/uploads\/2025\/12\/PC7-Humidifier5.jpg?resize=150%2C61&amp;quality=89&amp;ssl=1 150w\" sizes=\"auto, (max-width: 1000px) 100vw, 1000px\" \/><\/p>\n","protected":false},"excerpt":{"rendered":"<p><strong data-start=\"119\" data-end=\"155\"><span style=\"color: #ff6600;\">\u2666<\/span> Compatible contr\u00f4le intelligent des applications via la s\u00e9rie GGS<\/strong> \u2013 Connectez vous de mani\u00e8re transparente avec les contr\u00f4leurs GGS Spider Farmer\u00a0pour un fonctionnement intelligent \u00e0 distance. Ajustez les niveaux de brume, d\u00e9finissez des horaires et surveillez l&rsquo;humidit\u00e9 \u00e0 tout moment et n&rsquo;importe o\u00f9 depuis votre smartphone.<\/p>\n<p><strong><span style=\"color: #ff6600;\">\u2666<\/span> Capteur de lumi\u00e8re humide temporaire GGS<\/strong>\u00a0\u2013 Ce capteur suit la temp\u00e9rature, l&rsquo;humidit\u00e9 et les cycles jour\/nuit \u00e0 l&rsquo;int\u00e9rieur de la tente de culture, optimisant ainsi les conditions des plantes et vous aidant \u00e0 maintenir l&rsquo;environnement id\u00e9al pour une croissance plus rapide et plus saine des plantes.<\/p>\n<p><strong data-start=\"576\" data-end=\"617\"><span style=\"color: #ff6600;\">\u2666<\/span> Sortie de brume fra\u00eeche de 5 L silencieuse et efficace<\/strong>\u00a0\u2013 Le r\u00e9servoir de grande capacit\u00e9 prend en charge une brumisation longue et continue avec un fonctionnement ultra-silencieux, parfait pour les jardins int\u00e9rieurs, les tentes de culture et les petites salles de culture.<\/p>\n<p><strong data-start=\"771\" data-end=\"808\"><span style=\"color: #ff6600;\">\u2666<\/span> Tuyau extensible pour brume cibl\u00e9e<\/strong>\u00a0\u2013 Le tuyau de brumisation flexible \u00e0 fourche s&rsquo;\u00e9tend et s&rsquo;ajuste facilement, assurant une r\u00e9partition uniforme de l&rsquo;humidit\u00e9 dans toute votre tente de culture, atteignant tous les coins dont vos plantes en ont le plus besoin.<\/p>\n<p><strong data-start=\"985\" data-end=\"1022\"><span style=\"color: #ff6600;\">\u2666<\/span> Optimis\u00e9 pour la sant\u00e9 des plantes d&rsquo;int\u00e9rieur<\/strong>\u00a0\u2013 Favorise une transpiration saine, am\u00e9liore l&rsquo;absorption des nutriments et r\u00e9duit les risques de moisissure ou de s\u00e9cheresse en offrant une humidit\u00e9 \u00e9quilibr\u00e9e adapt\u00e9e au stade de croissance de votre plante.<\/p>\n","protected":false},"featured_media":13518,"comment_status":"open","ping_status":"closed","template":"","meta":[],"product_brand":[333],"product_cat":[92,19],"product_tag":[],"class_list":{"0":"post-9740","1":"product","2":"type-product","3":"status-publish","4":"has-post-thumbnail","6":"product_brand-spider-farmer","7":"product_cat-humidificateurs","8":"product_cat-ventilation-climat","9":"cr-has-rrp","11":"first","12":"instock","13":"sale","14":"purchasable","15":"product-type-simple"},"jetpack_sharing_enabled":true,"_links":{"self":[{"href":"https:\/\/chill-road.com\/fr\/wp-json\/wp\/v2\/product\/9740","targetHints":{"allow":["GET"]}}],"collection":[{"href":"https:\/\/chill-road.com\/fr\/wp-json\/wp\/v2\/product"}],"about":[{"href":"https:\/\/chill-road.com\/fr\/wp-json\/wp\/v2\/types\/product"}],"replies":[{"embeddable":true,"href":"https:\/\/chill-road.com\/fr\/wp-json\/wp\/v2\/comments?post=9740"}],"version-history":[{"count":1,"href":"https:\/\/chill-road.com\/fr\/wp-json\/wp\/v2\/product\/9740\/revisions"}],"predecessor-version":[{"id":22389,"href":"https:\/\/chill-road.com\/fr\/wp-json\/wp\/v2\/product\/9740\/revisions\/22389"}],"wp:featuredmedia":[{"embeddable":true,"href":"https:\/\/chill-road.com\/fr\/wp-json\/wp\/v2\/media\/13518"}],"wp:attachment":[{"href":"https:\/\/chill-road.com\/fr\/wp-json\/wp\/v2\/media?parent=9740"}],"wp:term":[{"taxonomy":"product_brand","embeddable":true,"href":"https:\/\/chill-road.com\/fr\/wp-json\/wp\/v2\/product_brand?post=9740"},{"taxonomy":"product_cat","embeddable":true,"href":"https:\/\/chill-road.com\/fr\/wp-json\/wp\/v2\/product_cat?post=9740"},{"taxonomy":"product_tag","embeddable":true,"href":"https:\/\/chill-road.com\/fr\/wp-json\/wp\/v2\/product_tag?post=9740"}],"curies":[{"name":"wp","href":"https:\/\/api.w.org\/{rel}","templated":true}]}}