{"id":9752,"date":"2025-12-17T10:33:22","date_gmt":"2025-12-17T09:33:22","guid":{"rendered":"https:\/\/chill-road.com\/?post_type=product&#038;p=9752"},"modified":"2026-05-06T03:06:05","modified_gmt":"2026-05-06T01:06:05","slug":"kit-doutils-de-culture-multifonction-9-en-1-de-spider-farmer","status":"publish","type":"product","link":"https:\/\/chill-road.com\/fr\/produit\/kit-doutils-de-culture-multifonction-9-en-1-de-spider-farmer\/","title":{"rendered":"Kit d&rsquo;outils de culture multifonction 9 en 1 de Spider Farmer"},"content":{"rendered":"<p><img data-recalc-dims=\"1\" loading=\"lazy\" decoding=\"async\" data-attachment-id=\"12304\" data-permalink=\"https:\/\/chill-road.com\/fr\/?attachment_id=12304\" data-orig-file=\"https:\/\/i0.wp.com\/chill-road.com\/wp-content\/uploads\/2025\/12\/spider-farmer-tools-kit-descrption-5-PC.jpg?fit=1464%2C600&amp;quality=89&amp;ssl=1\" data-orig-size=\"1464,600\" data-comments-opened=\"1\" data-image-meta=\"{&quot;aperture&quot;:&quot;0&quot;,&quot;credit&quot;:&quot;&quot;,&quot;camera&quot;:&quot;&quot;,&quot;caption&quot;:&quot;&quot;,&quot;created_timestamp&quot;:&quot;0&quot;,&quot;copyright&quot;:&quot;&quot;,&quot;focal_length&quot;:&quot;0&quot;,&quot;iso&quot;:&quot;0&quot;,&quot;shutter_speed&quot;:&quot;0&quot;,&quot;title&quot;:&quot;&quot;,&quot;orientation&quot;:&quot;0&quot;}\" data-image-title=\"spider-farmer-tools-kit-descrption-5-PC\" data-image-description=\"\" data-image-caption=\"\" data-large-file=\"https:\/\/i0.wp.com\/chill-road.com\/wp-content\/uploads\/2025\/12\/spider-farmer-tools-kit-descrption-5-PC.jpg?fit=1024%2C420&amp;quality=89&amp;ssl=1\" class=\"alignnone size-full wp-image-12304\" src=\"https:\/\/i0.wp.com\/chill-road.com\/wp-content\/uploads\/2025\/12\/spider-farmer-tools-kit-descrption-5-PC.jpg?resize=1464%2C600&#038;quality=89&#038;ssl=1\" alt=\"\" width=\"1464\" height=\"600\" srcset=\"https:\/\/i0.wp.com\/chill-road.com\/wp-content\/uploads\/2025\/12\/spider-farmer-tools-kit-descrption-5-PC.jpg?w=1464&amp;quality=89&amp;ssl=1 1464w, https:\/\/i0.wp.com\/chill-road.com\/wp-content\/uploads\/2025\/12\/spider-farmer-tools-kit-descrption-5-PC.jpg?resize=300%2C123&amp;quality=89&amp;ssl=1 300w, https:\/\/i0.wp.com\/chill-road.com\/wp-content\/uploads\/2025\/12\/spider-farmer-tools-kit-descrption-5-PC.jpg?resize=1024%2C420&amp;quality=89&amp;ssl=1 1024w, https:\/\/i0.wp.com\/chill-road.com\/wp-content\/uploads\/2025\/12\/spider-farmer-tools-kit-descrption-5-PC.jpg?resize=768%2C315&amp;quality=89&amp;ssl=1 768w, https:\/\/i0.wp.com\/chill-road.com\/wp-content\/uploads\/2025\/12\/spider-farmer-tools-kit-descrption-5-PC.jpg?resize=18%2C7&amp;quality=89&amp;ssl=1 18w, https:\/\/i0.wp.com\/chill-road.com\/wp-content\/uploads\/2025\/12\/spider-farmer-tools-kit-descrption-5-PC.jpg?resize=1200%2C492&amp;quality=89&amp;ssl=1 1200w, https:\/\/i0.wp.com\/chill-road.com\/wp-content\/uploads\/2025\/12\/spider-farmer-tools-kit-descrption-5-PC.jpg?resize=900%2C369&amp;quality=89&amp;ssl=1 900w, https:\/\/i0.wp.com\/chill-road.com\/wp-content\/uploads\/2025\/12\/spider-farmer-tools-kit-descrption-5-PC.jpg?resize=150%2C61&amp;quality=89&amp;ssl=1 150w\" sizes=\"auto, (max-width: 1000px) 100vw, 1000px\" \/> <img data-recalc-dims=\"1\" loading=\"lazy\" decoding=\"async\" data-attachment-id=\"12300\" data-permalink=\"https:\/\/chill-road.com\/fr\/?attachment_id=12300\" data-orig-file=\"https:\/\/i0.wp.com\/chill-road.com\/wp-content\/uploads\/2025\/12\/spider-farmer-tools-kit-descrption-1-PC.jpg?fit=1464%2C600&amp;quality=89&amp;ssl=1\" data-orig-size=\"1464,600\" data-comments-opened=\"1\" data-image-meta=\"{&quot;aperture&quot;:&quot;0&quot;,&quot;credit&quot;:&quot;&quot;,&quot;camera&quot;:&quot;&quot;,&quot;caption&quot;:&quot;&quot;,&quot;created_timestamp&quot;:&quot;0&quot;,&quot;copyright&quot;:&quot;&quot;,&quot;focal_length&quot;:&quot;0&quot;,&quot;iso&quot;:&quot;0&quot;,&quot;shutter_speed&quot;:&quot;0&quot;,&quot;title&quot;:&quot;&quot;,&quot;orientation&quot;:&quot;0&quot;}\" data-image-title=\"spider-farmer-tools-kit-descrption-1-PC\" data-image-description=\"\" data-image-caption=\"\" data-large-file=\"https:\/\/i0.wp.com\/chill-road.com\/wp-content\/uploads\/2025\/12\/spider-farmer-tools-kit-descrption-1-PC.jpg?fit=1024%2C420&amp;quality=89&amp;ssl=1\" class=\"alignnone size-full wp-image-12300\" src=\"https:\/\/i0.wp.com\/chill-road.com\/wp-content\/uploads\/2025\/12\/spider-farmer-tools-kit-descrption-1-PC.jpg?resize=1464%2C600&#038;quality=89&#038;ssl=1\" alt=\"\" width=\"1464\" height=\"600\" srcset=\"https:\/\/i0.wp.com\/chill-road.com\/wp-content\/uploads\/2025\/12\/spider-farmer-tools-kit-descrption-1-PC.jpg?w=1464&amp;quality=89&amp;ssl=1 1464w, https:\/\/i0.wp.com\/chill-road.com\/wp-content\/uploads\/2025\/12\/spider-farmer-tools-kit-descrption-1-PC.jpg?resize=300%2C123&amp;quality=89&amp;ssl=1 300w, https:\/\/i0.wp.com\/chill-road.com\/wp-content\/uploads\/2025\/12\/spider-farmer-tools-kit-descrption-1-PC.jpg?resize=1024%2C420&amp;quality=89&amp;ssl=1 1024w, https:\/\/i0.wp.com\/chill-road.com\/wp-content\/uploads\/2025\/12\/spider-farmer-tools-kit-descrption-1-PC.jpg?resize=768%2C315&amp;quality=89&amp;ssl=1 768w, https:\/\/i0.wp.com\/chill-road.com\/wp-content\/uploads\/2025\/12\/spider-farmer-tools-kit-descrption-1-PC.jpg?resize=18%2C7&amp;quality=89&amp;ssl=1 18w, https:\/\/i0.wp.com\/chill-road.com\/wp-content\/uploads\/2025\/12\/spider-farmer-tools-kit-descrption-1-PC.jpg?resize=1200%2C492&amp;quality=89&amp;ssl=1 1200w, https:\/\/i0.wp.com\/chill-road.com\/wp-content\/uploads\/2025\/12\/spider-farmer-tools-kit-descrption-1-PC.jpg?resize=900%2C369&amp;quality=89&amp;ssl=1 900w, https:\/\/i0.wp.com\/chill-road.com\/wp-content\/uploads\/2025\/12\/spider-farmer-tools-kit-descrption-1-PC.jpg?resize=150%2C61&amp;quality=89&amp;ssl=1 150w\" sizes=\"auto, (max-width: 1000px) 100vw, 1000px\" \/> <img data-recalc-dims=\"1\" loading=\"lazy\" decoding=\"async\" data-attachment-id=\"12301\" data-permalink=\"https:\/\/chill-road.com\/fr\/?attachment_id=12301\" data-orig-file=\"https:\/\/i0.wp.com\/chill-road.com\/wp-content\/uploads\/2025\/12\/spider-farmer-tools-kit-descrption-2-PC.jpg?fit=1464%2C600&amp;quality=89&amp;ssl=1\" data-orig-size=\"1464,600\" data-comments-opened=\"1\" data-image-meta=\"{&quot;aperture&quot;:&quot;0&quot;,&quot;credit&quot;:&quot;&quot;,&quot;camera&quot;:&quot;&quot;,&quot;caption&quot;:&quot;&quot;,&quot;created_timestamp&quot;:&quot;0&quot;,&quot;copyright&quot;:&quot;&quot;,&quot;focal_length&quot;:&quot;0&quot;,&quot;iso&quot;:&quot;0&quot;,&quot;shutter_speed&quot;:&quot;0&quot;,&quot;title&quot;:&quot;&quot;,&quot;orientation&quot;:&quot;0&quot;}\" data-image-title=\"spider-farmer-tools-kit-descrption-2-PC\" data-image-description=\"\" data-image-caption=\"\" data-large-file=\"https:\/\/i0.wp.com\/chill-road.com\/wp-content\/uploads\/2025\/12\/spider-farmer-tools-kit-descrption-2-PC.jpg?fit=1024%2C420&amp;quality=89&amp;ssl=1\" class=\"alignnone size-full wp-image-12301\" src=\"https:\/\/i0.wp.com\/chill-road.com\/wp-content\/uploads\/2025\/12\/spider-farmer-tools-kit-descrption-2-PC.jpg?resize=1464%2C600&#038;quality=89&#038;ssl=1\" alt=\"\" width=\"1464\" height=\"600\" srcset=\"https:\/\/i0.wp.com\/chill-road.com\/wp-content\/uploads\/2025\/12\/spider-farmer-tools-kit-descrption-2-PC.jpg?w=1464&amp;quality=89&amp;ssl=1 1464w, https:\/\/i0.wp.com\/chill-road.com\/wp-content\/uploads\/2025\/12\/spider-farmer-tools-kit-descrption-2-PC.jpg?resize=300%2C123&amp;quality=89&amp;ssl=1 300w, https:\/\/i0.wp.com\/chill-road.com\/wp-content\/uploads\/2025\/12\/spider-farmer-tools-kit-descrption-2-PC.jpg?resize=1024%2C420&amp;quality=89&amp;ssl=1 1024w, https:\/\/i0.wp.com\/chill-road.com\/wp-content\/uploads\/2025\/12\/spider-farmer-tools-kit-descrption-2-PC.jpg?resize=768%2C315&amp;quality=89&amp;ssl=1 768w, https:\/\/i0.wp.com\/chill-road.com\/wp-content\/uploads\/2025\/12\/spider-farmer-tools-kit-descrption-2-PC.jpg?resize=18%2C7&amp;quality=89&amp;ssl=1 18w, https:\/\/i0.wp.com\/chill-road.com\/wp-content\/uploads\/2025\/12\/spider-farmer-tools-kit-descrption-2-PC.jpg?resize=1200%2C492&amp;quality=89&amp;ssl=1 1200w, https:\/\/i0.wp.com\/chill-road.com\/wp-content\/uploads\/2025\/12\/spider-farmer-tools-kit-descrption-2-PC.jpg?resize=900%2C369&amp;quality=89&amp;ssl=1 900w, https:\/\/i0.wp.com\/chill-road.com\/wp-content\/uploads\/2025\/12\/spider-farmer-tools-kit-descrption-2-PC.jpg?resize=150%2C61&amp;quality=89&amp;ssl=1 150w\" sizes=\"auto, (max-width: 1000px) 100vw, 1000px\" \/> <img data-recalc-dims=\"1\" loading=\"lazy\" decoding=\"async\" data-attachment-id=\"12302\" data-permalink=\"https:\/\/chill-road.com\/fr\/?attachment_id=12302\" data-orig-file=\"https:\/\/i0.wp.com\/chill-road.com\/wp-content\/uploads\/2025\/12\/spider-farmer-tools-kit-descrption-3-PC.jpg?fit=1464%2C600&amp;quality=89&amp;ssl=1\" data-orig-size=\"1464,600\" data-comments-opened=\"1\" data-image-meta=\"{&quot;aperture&quot;:&quot;0&quot;,&quot;credit&quot;:&quot;&quot;,&quot;camera&quot;:&quot;&quot;,&quot;caption&quot;:&quot;&quot;,&quot;created_timestamp&quot;:&quot;0&quot;,&quot;copyright&quot;:&quot;&quot;,&quot;focal_length&quot;:&quot;0&quot;,&quot;iso&quot;:&quot;0&quot;,&quot;shutter_speed&quot;:&quot;0&quot;,&quot;title&quot;:&quot;&quot;,&quot;orientation&quot;:&quot;0&quot;}\" data-image-title=\"spider-farmer-tools-kit-descrption-3-PC\" data-image-description=\"\" data-image-caption=\"\" data-large-file=\"https:\/\/i0.wp.com\/chill-road.com\/wp-content\/uploads\/2025\/12\/spider-farmer-tools-kit-descrption-3-PC.jpg?fit=1024%2C420&amp;quality=89&amp;ssl=1\" class=\"alignnone size-full wp-image-12302\" src=\"https:\/\/i0.wp.com\/chill-road.com\/wp-content\/uploads\/2025\/12\/spider-farmer-tools-kit-descrption-3-PC.jpg?resize=1464%2C600&#038;quality=89&#038;ssl=1\" alt=\"\" width=\"1464\" height=\"600\" srcset=\"https:\/\/i0.wp.com\/chill-road.com\/wp-content\/uploads\/2025\/12\/spider-farmer-tools-kit-descrption-3-PC.jpg?w=1464&amp;quality=89&amp;ssl=1 1464w, https:\/\/i0.wp.com\/chill-road.com\/wp-content\/uploads\/2025\/12\/spider-farmer-tools-kit-descrption-3-PC.jpg?resize=300%2C123&amp;quality=89&amp;ssl=1 300w, https:\/\/i0.wp.com\/chill-road.com\/wp-content\/uploads\/2025\/12\/spider-farmer-tools-kit-descrption-3-PC.jpg?resize=1024%2C420&amp;quality=89&amp;ssl=1 1024w, https:\/\/i0.wp.com\/chill-road.com\/wp-content\/uploads\/2025\/12\/spider-farmer-tools-kit-descrption-3-PC.jpg?resize=768%2C315&amp;quality=89&amp;ssl=1 768w, https:\/\/i0.wp.com\/chill-road.com\/wp-content\/uploads\/2025\/12\/spider-farmer-tools-kit-descrption-3-PC.jpg?resize=18%2C7&amp;quality=89&amp;ssl=1 18w, https:\/\/i0.wp.com\/chill-road.com\/wp-content\/uploads\/2025\/12\/spider-farmer-tools-kit-descrption-3-PC.jpg?resize=1200%2C492&amp;quality=89&amp;ssl=1 1200w, https:\/\/i0.wp.com\/chill-road.com\/wp-content\/uploads\/2025\/12\/spider-farmer-tools-kit-descrption-3-PC.jpg?resize=900%2C369&amp;quality=89&amp;ssl=1 900w, https:\/\/i0.wp.com\/chill-road.com\/wp-content\/uploads\/2025\/12\/spider-farmer-tools-kit-descrption-3-PC.jpg?resize=150%2C61&amp;quality=89&amp;ssl=1 150w\" sizes=\"auto, (max-width: 1000px) 100vw, 1000px\" \/> <img data-recalc-dims=\"1\" loading=\"lazy\" decoding=\"async\" data-attachment-id=\"12303\" data-permalink=\"https:\/\/chill-road.com\/fr\/?attachment_id=12303\" data-orig-file=\"https:\/\/i0.wp.com\/chill-road.com\/wp-content\/uploads\/2025\/12\/spider-farmer-tools-kit-descrption-4-PC.jpg?fit=1464%2C600&amp;quality=89&amp;ssl=1\" data-orig-size=\"1464,600\" data-comments-opened=\"1\" data-image-meta=\"{&quot;aperture&quot;:&quot;0&quot;,&quot;credit&quot;:&quot;&quot;,&quot;camera&quot;:&quot;&quot;,&quot;caption&quot;:&quot;&quot;,&quot;created_timestamp&quot;:&quot;0&quot;,&quot;copyright&quot;:&quot;&quot;,&quot;focal_length&quot;:&quot;0&quot;,&quot;iso&quot;:&quot;0&quot;,&quot;shutter_speed&quot;:&quot;0&quot;,&quot;title&quot;:&quot;&quot;,&quot;orientation&quot;:&quot;0&quot;}\" data-image-title=\"spider-farmer-tools-kit-descrption-4-PC\" data-image-description=\"\" data-image-caption=\"\" data-large-file=\"https:\/\/i0.wp.com\/chill-road.com\/wp-content\/uploads\/2025\/12\/spider-farmer-tools-kit-descrption-4-PC.jpg?fit=1024%2C420&amp;quality=89&amp;ssl=1\" class=\"alignnone size-full wp-image-12303\" src=\"https:\/\/i0.wp.com\/chill-road.com\/wp-content\/uploads\/2025\/12\/spider-farmer-tools-kit-descrption-4-PC.jpg?resize=1464%2C600&#038;quality=89&#038;ssl=1\" alt=\"\" width=\"1464\" height=\"600\" srcset=\"https:\/\/i0.wp.com\/chill-road.com\/wp-content\/uploads\/2025\/12\/spider-farmer-tools-kit-descrption-4-PC.jpg?w=1464&amp;quality=89&amp;ssl=1 1464w, https:\/\/i0.wp.com\/chill-road.com\/wp-content\/uploads\/2025\/12\/spider-farmer-tools-kit-descrption-4-PC.jpg?resize=300%2C123&amp;quality=89&amp;ssl=1 300w, https:\/\/i0.wp.com\/chill-road.com\/wp-content\/uploads\/2025\/12\/spider-farmer-tools-kit-descrption-4-PC.jpg?resize=1024%2C420&amp;quality=89&amp;ssl=1 1024w, https:\/\/i0.wp.com\/chill-road.com\/wp-content\/uploads\/2025\/12\/spider-farmer-tools-kit-descrption-4-PC.jpg?resize=768%2C315&amp;quality=89&amp;ssl=1 768w, https:\/\/i0.wp.com\/chill-road.com\/wp-content\/uploads\/2025\/12\/spider-farmer-tools-kit-descrption-4-PC.jpg?resize=18%2C7&amp;quality=89&amp;ssl=1 18w, https:\/\/i0.wp.com\/chill-road.com\/wp-content\/uploads\/2025\/12\/spider-farmer-tools-kit-descrption-4-PC.jpg?resize=1200%2C492&amp;quality=89&amp;ssl=1 1200w, https:\/\/i0.wp.com\/chill-road.com\/wp-content\/uploads\/2025\/12\/spider-farmer-tools-kit-descrption-4-PC.jpg?resize=900%2C369&amp;quality=89&amp;ssl=1 900w, https:\/\/i0.wp.com\/chill-road.com\/wp-content\/uploads\/2025\/12\/spider-farmer-tools-kit-descrption-4-PC.jpg?resize=150%2C61&amp;quality=89&amp;ssl=1 150w\" sizes=\"auto, (max-width: 1000px) 100vw, 1000px\" \/><\/p>\n","protected":false},"excerpt":{"rendered":"<p><strong>\u3010PROTECTION ET COUPE\u3011<\/strong> Les gants de jardinage fabriqu\u00e9s \u00e0 partir de mat\u00e9riaux de haute qualit\u00e9 prot\u00e8gent vos mains de la s\u00e8ve des herbes ou des objets tranchants pendant la plantation. Les s\u00e9cateurs dot\u00e9s d&rsquo;une excellente action de ressort, d&rsquo;un m\u00e9canisme de verrouillage fiable, d&rsquo;une conception pr\u00e9cise, d&rsquo;un tranchant et d&rsquo;une durabilit\u00e9 r\u00e9pondent facilement aux exigences de la taille.<\/p>\n<p><strong>\u3010CONTR\u00d4LE ET GESTION\u3011<\/strong> La loupe \u00e9clair\u00e9e surveille l&rsquo;\u00e9tat de croissance des herbes en HD, am\u00e9liorant ainsi le succ\u00e8s de la plantation. Les \u00e9tiquettes des plantes facilitent la classification et l\u2019identification et enregistrent les cycles de croissance et les points de maintenance. Des attaches v\u00e9g\u00e9tales souples et durables stabilisent la croissance des plantes.<\/p>\n<p><strong>\u3010S\u00c9CHAGE ET STOCKAGE\u3011<\/strong> Le s\u00e9choir \u00e0 herbes ventil\u00e9 acc\u00e9l\u00e8re le s\u00e9chage. Les sacs scellables et anti-odeurs et les sacs refermables anti-odeurs et anti-humidit\u00e9 isolent les odeurs et l&rsquo;humidit\u00e9, pr\u00e9servant ainsi la fra\u00eecheur et la qualit\u00e9 des herbes.<\/p>\n<p><strong>\u3010\u00c9CONOMIE D&rsquo;ARGENT ET D&rsquo;\u00c9NERGIE\u3011 <\/strong>Fabriqu\u00e9 \u00e0 partir de mat\u00e9riaux de haute qualit\u00e9, sp\u00e9cialement con\u00e7us pour le jardinage. Des outils robustes et durables, s\u00e9lectionn\u00e9s pour la surveillance, la taille, le s\u00e9chage et la conservation, rationalisent la plantation et permettent d&rsquo;\u00e9conomiser du temps et de l&rsquo;argent.<\/p>\n<p><strong>Le kit 9 en 1 \u00e9conomique sp\u00e9cialement con\u00e7u pour la culture des plantes, comprend les accessoires suivants:<\/strong><\/p>\n<ul>\n<li>1x gants de jardinage,<\/li>\n<li>1x sac anti-odeur,<\/li>\n<li>1x s\u00e9cateur,<\/li>\n<li>1x loupe 30X-60X,<\/li>\n<li>1x filet de s\u00e9chage \u00e0 4 niveaux,<\/li>\n<li>1x attaches pour plantes,<\/li>\n<li>10x sac refermable,<\/li>\n<li>50x pi\u00e8ge \u00e0 insectes collant jaune,<\/li>\n<li>100x \u00e9tiquettes pour plantes en plastique.<\/li>\n<\/ul>\n","protected":false},"featured_media":12287,"comment_status":"open","ping_status":"closed","template":"","meta":[],"product_brand":[333],"product_cat":[155,108],"product_tag":[],"class_list":{"0":"post-9752","1":"product","2":"type-product","3":"status-publish","4":"has-post-thumbnail","6":"product_brand-spider-farmer","7":"product_cat-outils-de-jardinage","8":"product_cat-accessoires","9":"cr-has-rrp","11":"first","12":"instock","13":"sale","14":"purchasable","15":"product-type-simple"},"jetpack_sharing_enabled":true,"_links":{"self":[{"href":"https:\/\/chill-road.com\/fr\/wp-json\/wp\/v2\/product\/9752","targetHints":{"allow":["GET"]}}],"collection":[{"href":"https:\/\/chill-road.com\/fr\/wp-json\/wp\/v2\/product"}],"about":[{"href":"https:\/\/chill-road.com\/fr\/wp-json\/wp\/v2\/types\/product"}],"replies":[{"embeddable":true,"href":"https:\/\/chill-road.com\/fr\/wp-json\/wp\/v2\/comments?post=9752"}],"version-history":[{"count":1,"href":"https:\/\/chill-road.com\/fr\/wp-json\/wp\/v2\/product\/9752\/revisions"}],"predecessor-version":[{"id":22408,"href":"https:\/\/chill-road.com\/fr\/wp-json\/wp\/v2\/product\/9752\/revisions\/22408"}],"wp:featuredmedia":[{"embeddable":true,"href":"https:\/\/chill-road.com\/fr\/wp-json\/wp\/v2\/media\/12287"}],"wp:attachment":[{"href":"https:\/\/chill-road.com\/fr\/wp-json\/wp\/v2\/media?parent=9752"}],"wp:term":[{"taxonomy":"product_brand","embeddable":true,"href":"https:\/\/chill-road.com\/fr\/wp-json\/wp\/v2\/product_brand?post=9752"},{"taxonomy":"product_cat","embeddable":true,"href":"https:\/\/chill-road.com\/fr\/wp-json\/wp\/v2\/product_cat?post=9752"},{"taxonomy":"product_tag","embeddable":true,"href":"https:\/\/chill-road.com\/fr\/wp-json\/wp\/v2\/product_tag?post=9752"}],"curies":[{"name":"wp","href":"https:\/\/api.w.org\/{rel}","templated":true}]}}