{"id":9770,"date":"2025-12-17T10:33:22","date_gmt":"2025-12-17T09:33:22","guid":{"rendered":"https:\/\/chill-road.com\/?post_type=product&#038;p=9770"},"modified":"2026-05-06T03:06:09","modified_gmt":"2026-05-06T01:06:09","slug":"auto-cure-smart-jar-de-2l-spider-farmer-pot-de-conservation-sous-vide-avec-couvercle-intelligent-pour-conservation-et-affinage-lot-de-4-sachets-bidirectionnels-a-62-dhumidite","status":"publish","type":"product","link":"https:\/\/chill-road.com\/fr\/produit\/auto-cure-smart-jar-de-2l-spider-farmer-pot-de-conservation-sous-vide-avec-couvercle-intelligent-pour-conservation-et-affinage-lot-de-4-sachets-bidirectionnels-a-62-dhumidite\/","title":{"rendered":"Auto-Cure Smart Jar de 2L Spider Farmer\u00ae | Pot de conservation sous vide avec couvercle intelligent pour conservation et affinage | Lot de 4 sachets bidirectionnels \u00e0 62% d&rsquo;humidit\u00e9"},"content":{"rendered":"<p><img data-recalc-dims=\"1\" loading=\"lazy\" decoding=\"async\" data-attachment-id=\"12228\" data-permalink=\"https:\/\/chill-road.com\/fr\/?attachment_id=12228\" data-orig-file=\"https:\/\/i0.wp.com\/chill-road.com\/wp-content\/uploads\/2025\/12\/smart_jar_desc-1.png?fit=2071%2C1129&amp;quality=80&amp;ssl=1\" data-orig-size=\"2071,1129\" data-comments-opened=\"1\" data-image-meta=\"{&quot;aperture&quot;:&quot;0&quot;,&quot;credit&quot;:&quot;&quot;,&quot;camera&quot;:&quot;&quot;,&quot;caption&quot;:&quot;&quot;,&quot;created_timestamp&quot;:&quot;0&quot;,&quot;copyright&quot;:&quot;&quot;,&quot;focal_length&quot;:&quot;0&quot;,&quot;iso&quot;:&quot;0&quot;,&quot;shutter_speed&quot;:&quot;0&quot;,&quot;title&quot;:&quot;&quot;,&quot;orientation&quot;:&quot;0&quot;}\" data-image-title=\"smart_jar_desc-1\" data-image-description=\"\" data-image-caption=\"\" data-large-file=\"https:\/\/i0.wp.com\/chill-road.com\/wp-content\/uploads\/2025\/12\/smart_jar_desc-1.png?fit=1024%2C558&amp;quality=80&amp;ssl=1\" class=\"alignnone size-full wp-image-12228\" src=\"https:\/\/i0.wp.com\/chill-road.com\/wp-content\/uploads\/2025\/12\/smart_jar_desc-1.png?resize=2071%2C1129&#038;quality=80&#038;ssl=1\" alt=\"\" width=\"2071\" height=\"1129\" srcset=\"https:\/\/i0.wp.com\/chill-road.com\/wp-content\/uploads\/2025\/12\/smart_jar_desc-1.png?w=2071&amp;quality=80&amp;ssl=1 2071w, https:\/\/i0.wp.com\/chill-road.com\/wp-content\/uploads\/2025\/12\/smart_jar_desc-1.png?resize=300%2C164&amp;quality=80&amp;ssl=1 300w, https:\/\/i0.wp.com\/chill-road.com\/wp-content\/uploads\/2025\/12\/smart_jar_desc-1.png?resize=1024%2C558&amp;quality=80&amp;ssl=1 1024w, https:\/\/i0.wp.com\/chill-road.com\/wp-content\/uploads\/2025\/12\/smart_jar_desc-1.png?resize=768%2C419&amp;quality=80&amp;ssl=1 768w, https:\/\/i0.wp.com\/chill-road.com\/wp-content\/uploads\/2025\/12\/smart_jar_desc-1.png?resize=1536%2C837&amp;quality=80&amp;ssl=1 1536w, https:\/\/i0.wp.com\/chill-road.com\/wp-content\/uploads\/2025\/12\/smart_jar_desc-1.png?resize=2048%2C1116&amp;quality=80&amp;ssl=1 2048w, https:\/\/i0.wp.com\/chill-road.com\/wp-content\/uploads\/2025\/12\/smart_jar_desc-1.png?resize=18%2C10&amp;quality=80&amp;ssl=1 18w, https:\/\/i0.wp.com\/chill-road.com\/wp-content\/uploads\/2025\/12\/smart_jar_desc-1.png?resize=1200%2C654&amp;quality=80&amp;ssl=1 1200w, https:\/\/i0.wp.com\/chill-road.com\/wp-content\/uploads\/2025\/12\/smart_jar_desc-1.png?resize=900%2C491&amp;quality=80&amp;ssl=1 900w, https:\/\/i0.wp.com\/chill-road.com\/wp-content\/uploads\/2025\/12\/smart_jar_desc-1.png?resize=150%2C82&amp;quality=80&amp;ssl=1 150w\" sizes=\"auto, (max-width: 1000px) 100vw, 1000px\" \/> <img data-recalc-dims=\"1\" loading=\"lazy\" decoding=\"async\" data-attachment-id=\"12224\" data-permalink=\"https:\/\/chill-road.com\/fr\/?attachment_id=12224\" data-orig-file=\"https:\/\/i0.wp.com\/chill-road.com\/wp-content\/uploads\/2025\/12\/spider-farmer-auto-cure-smart-jar.jpg?fit=1464%2C600&amp;quality=89&amp;ssl=1\" data-orig-size=\"1464,600\" data-comments-opened=\"1\" data-image-meta=\"{&quot;aperture&quot;:&quot;0&quot;,&quot;credit&quot;:&quot;&quot;,&quot;camera&quot;:&quot;&quot;,&quot;caption&quot;:&quot;&quot;,&quot;created_timestamp&quot;:&quot;0&quot;,&quot;copyright&quot;:&quot;&quot;,&quot;focal_length&quot;:&quot;0&quot;,&quot;iso&quot;:&quot;0&quot;,&quot;shutter_speed&quot;:&quot;0&quot;,&quot;title&quot;:&quot;&quot;,&quot;orientation&quot;:&quot;0&quot;}\" data-image-title=\"spider-farmer-auto-cure-smart-jar\" data-image-description=\"\" data-image-caption=\"\" data-large-file=\"https:\/\/i0.wp.com\/chill-road.com\/wp-content\/uploads\/2025\/12\/spider-farmer-auto-cure-smart-jar.jpg?fit=1024%2C420&amp;quality=89&amp;ssl=1\" class=\"alignnone size-full wp-image-12224\" src=\"https:\/\/i0.wp.com\/chill-road.com\/wp-content\/uploads\/2025\/12\/spider-farmer-auto-cure-smart-jar.jpg?resize=1464%2C600&#038;quality=89&#038;ssl=1\" alt=\"\" width=\"1464\" height=\"600\" srcset=\"https:\/\/i0.wp.com\/chill-road.com\/wp-content\/uploads\/2025\/12\/spider-farmer-auto-cure-smart-jar.jpg?w=1464&amp;quality=89&amp;ssl=1 1464w, https:\/\/i0.wp.com\/chill-road.com\/wp-content\/uploads\/2025\/12\/spider-farmer-auto-cure-smart-jar.jpg?resize=300%2C123&amp;quality=89&amp;ssl=1 300w, https:\/\/i0.wp.com\/chill-road.com\/wp-content\/uploads\/2025\/12\/spider-farmer-auto-cure-smart-jar.jpg?resize=1024%2C420&amp;quality=89&amp;ssl=1 1024w, https:\/\/i0.wp.com\/chill-road.com\/wp-content\/uploads\/2025\/12\/spider-farmer-auto-cure-smart-jar.jpg?resize=768%2C315&amp;quality=89&amp;ssl=1 768w, https:\/\/i0.wp.com\/chill-road.com\/wp-content\/uploads\/2025\/12\/spider-farmer-auto-cure-smart-jar.jpg?resize=18%2C7&amp;quality=89&amp;ssl=1 18w, https:\/\/i0.wp.com\/chill-road.com\/wp-content\/uploads\/2025\/12\/spider-farmer-auto-cure-smart-jar.jpg?resize=1200%2C492&amp;quality=89&amp;ssl=1 1200w, https:\/\/i0.wp.com\/chill-road.com\/wp-content\/uploads\/2025\/12\/spider-farmer-auto-cure-smart-jar.jpg?resize=900%2C369&amp;quality=89&amp;ssl=1 900w, https:\/\/i0.wp.com\/chill-road.com\/wp-content\/uploads\/2025\/12\/spider-farmer-auto-cure-smart-jar.jpg?resize=150%2C61&amp;quality=89&amp;ssl=1 150w\" sizes=\"auto, (max-width: 1000px) 100vw, 1000px\" \/> <img data-recalc-dims=\"1\" loading=\"lazy\" decoding=\"async\" data-attachment-id=\"12229\" data-permalink=\"https:\/\/chill-road.com\/fr\/?attachment_id=12229\" data-orig-file=\"https:\/\/i0.wp.com\/chill-road.com\/wp-content\/uploads\/2025\/12\/smartjar-APC-3.jpg?fit=1464%2C600&amp;quality=89&amp;ssl=1\" data-orig-size=\"1464,600\" data-comments-opened=\"1\" data-image-meta=\"{&quot;aperture&quot;:&quot;0&quot;,&quot;credit&quot;:&quot;&quot;,&quot;camera&quot;:&quot;&quot;,&quot;caption&quot;:&quot;&quot;,&quot;created_timestamp&quot;:&quot;0&quot;,&quot;copyright&quot;:&quot;&quot;,&quot;focal_length&quot;:&quot;0&quot;,&quot;iso&quot;:&quot;0&quot;,&quot;shutter_speed&quot;:&quot;0&quot;,&quot;title&quot;:&quot;&quot;,&quot;orientation&quot;:&quot;0&quot;}\" data-image-title=\"smartjar-APC-3\" data-image-description=\"\" data-image-caption=\"\" data-large-file=\"https:\/\/i0.wp.com\/chill-road.com\/wp-content\/uploads\/2025\/12\/smartjar-APC-3.jpg?fit=1024%2C420&amp;quality=89&amp;ssl=1\" class=\"alignnone size-full wp-image-12229\" src=\"https:\/\/i0.wp.com\/chill-road.com\/wp-content\/uploads\/2025\/12\/smartjar-APC-3.jpg?resize=1464%2C600&#038;quality=89&#038;ssl=1\" alt=\"\" width=\"1464\" height=\"600\" srcset=\"https:\/\/i0.wp.com\/chill-road.com\/wp-content\/uploads\/2025\/12\/smartjar-APC-3.jpg?w=1464&amp;quality=89&amp;ssl=1 1464w, https:\/\/i0.wp.com\/chill-road.com\/wp-content\/uploads\/2025\/12\/smartjar-APC-3.jpg?resize=300%2C123&amp;quality=89&amp;ssl=1 300w, https:\/\/i0.wp.com\/chill-road.com\/wp-content\/uploads\/2025\/12\/smartjar-APC-3.jpg?resize=1024%2C420&amp;quality=89&amp;ssl=1 1024w, https:\/\/i0.wp.com\/chill-road.com\/wp-content\/uploads\/2025\/12\/smartjar-APC-3.jpg?resize=768%2C315&amp;quality=89&amp;ssl=1 768w, https:\/\/i0.wp.com\/chill-road.com\/wp-content\/uploads\/2025\/12\/smartjar-APC-3.jpg?resize=18%2C7&amp;quality=89&amp;ssl=1 18w, https:\/\/i0.wp.com\/chill-road.com\/wp-content\/uploads\/2025\/12\/smartjar-APC-3.jpg?resize=1200%2C492&amp;quality=89&amp;ssl=1 1200w, https:\/\/i0.wp.com\/chill-road.com\/wp-content\/uploads\/2025\/12\/smartjar-APC-3.jpg?resize=900%2C369&amp;quality=89&amp;ssl=1 900w, https:\/\/i0.wp.com\/chill-road.com\/wp-content\/uploads\/2025\/12\/smartjar-APC-3.jpg?resize=150%2C61&amp;quality=89&amp;ssl=1 150w\" sizes=\"auto, (max-width: 1000px) 100vw, 1000px\" \/> <img data-recalc-dims=\"1\" loading=\"lazy\" decoding=\"async\" data-attachment-id=\"12226\" data-permalink=\"https:\/\/chill-road.com\/fr\/?attachment_id=12226\" data-orig-file=\"https:\/\/i0.wp.com\/chill-road.com\/wp-content\/uploads\/2025\/12\/spider-farmer-smart-jar-size.jpg?fit=1464%2C600&amp;quality=89&amp;ssl=1\" data-orig-size=\"1464,600\" data-comments-opened=\"1\" data-image-meta=\"{&quot;aperture&quot;:&quot;0&quot;,&quot;credit&quot;:&quot;&quot;,&quot;camera&quot;:&quot;&quot;,&quot;caption&quot;:&quot;&quot;,&quot;created_timestamp&quot;:&quot;0&quot;,&quot;copyright&quot;:&quot;&quot;,&quot;focal_length&quot;:&quot;0&quot;,&quot;iso&quot;:&quot;0&quot;,&quot;shutter_speed&quot;:&quot;0&quot;,&quot;title&quot;:&quot;&quot;,&quot;orientation&quot;:&quot;0&quot;}\" data-image-title=\"spider-farmer-smart-jar-size\" data-image-description=\"\" data-image-caption=\"\" data-large-file=\"https:\/\/i0.wp.com\/chill-road.com\/wp-content\/uploads\/2025\/12\/spider-farmer-smart-jar-size.jpg?fit=1024%2C420&amp;quality=89&amp;ssl=1\" class=\"alignnone size-full wp-image-12226\" src=\"https:\/\/i0.wp.com\/chill-road.com\/wp-content\/uploads\/2025\/12\/spider-farmer-smart-jar-size.jpg?resize=1464%2C600&#038;quality=89&#038;ssl=1\" alt=\"\" width=\"1464\" height=\"600\" srcset=\"https:\/\/i0.wp.com\/chill-road.com\/wp-content\/uploads\/2025\/12\/spider-farmer-smart-jar-size.jpg?w=1464&amp;quality=89&amp;ssl=1 1464w, https:\/\/i0.wp.com\/chill-road.com\/wp-content\/uploads\/2025\/12\/spider-farmer-smart-jar-size.jpg?resize=300%2C123&amp;quality=89&amp;ssl=1 300w, https:\/\/i0.wp.com\/chill-road.com\/wp-content\/uploads\/2025\/12\/spider-farmer-smart-jar-size.jpg?resize=1024%2C420&amp;quality=89&amp;ssl=1 1024w, https:\/\/i0.wp.com\/chill-road.com\/wp-content\/uploads\/2025\/12\/spider-farmer-smart-jar-size.jpg?resize=768%2C315&amp;quality=89&amp;ssl=1 768w, https:\/\/i0.wp.com\/chill-road.com\/wp-content\/uploads\/2025\/12\/spider-farmer-smart-jar-size.jpg?resize=18%2C7&amp;quality=89&amp;ssl=1 18w, https:\/\/i0.wp.com\/chill-road.com\/wp-content\/uploads\/2025\/12\/spider-farmer-smart-jar-size.jpg?resize=1200%2C492&amp;quality=89&amp;ssl=1 1200w, https:\/\/i0.wp.com\/chill-road.com\/wp-content\/uploads\/2025\/12\/spider-farmer-smart-jar-size.jpg?resize=900%2C369&amp;quality=89&amp;ssl=1 900w, https:\/\/i0.wp.com\/chill-road.com\/wp-content\/uploads\/2025\/12\/spider-farmer-smart-jar-size.jpg?resize=150%2C61&amp;quality=89&amp;ssl=1 150w\" sizes=\"auto, (max-width: 1000px) 100vw, 1000px\" \/> <img data-recalc-dims=\"1\" loading=\"lazy\" decoding=\"async\" data-attachment-id=\"12230\" data-permalink=\"https:\/\/chill-road.com\/fr\/?attachment_id=12230\" data-orig-file=\"https:\/\/i0.wp.com\/chill-road.com\/wp-content\/uploads\/2025\/12\/smartjar-APC-6.jpg?fit=1464%2C600&amp;quality=89&amp;ssl=1\" data-orig-size=\"1464,600\" data-comments-opened=\"1\" data-image-meta=\"{&quot;aperture&quot;:&quot;0&quot;,&quot;credit&quot;:&quot;&quot;,&quot;camera&quot;:&quot;&quot;,&quot;caption&quot;:&quot;&quot;,&quot;created_timestamp&quot;:&quot;0&quot;,&quot;copyright&quot;:&quot;&quot;,&quot;focal_length&quot;:&quot;0&quot;,&quot;iso&quot;:&quot;0&quot;,&quot;shutter_speed&quot;:&quot;0&quot;,&quot;title&quot;:&quot;&quot;,&quot;orientation&quot;:&quot;0&quot;}\" data-image-title=\"smartjar-APC-6\" data-image-description=\"\" data-image-caption=\"\" data-large-file=\"https:\/\/i0.wp.com\/chill-road.com\/wp-content\/uploads\/2025\/12\/smartjar-APC-6.jpg?fit=1024%2C420&amp;quality=89&amp;ssl=1\" class=\"alignnone size-full wp-image-12230\" src=\"https:\/\/i0.wp.com\/chill-road.com\/wp-content\/uploads\/2025\/12\/smartjar-APC-6.jpg?resize=1464%2C600&#038;quality=89&#038;ssl=1\" alt=\"\" width=\"1464\" height=\"600\" srcset=\"https:\/\/i0.wp.com\/chill-road.com\/wp-content\/uploads\/2025\/12\/smartjar-APC-6.jpg?w=1464&amp;quality=89&amp;ssl=1 1464w, https:\/\/i0.wp.com\/chill-road.com\/wp-content\/uploads\/2025\/12\/smartjar-APC-6.jpg?resize=300%2C123&amp;quality=89&amp;ssl=1 300w, https:\/\/i0.wp.com\/chill-road.com\/wp-content\/uploads\/2025\/12\/smartjar-APC-6.jpg?resize=1024%2C420&amp;quality=89&amp;ssl=1 1024w, https:\/\/i0.wp.com\/chill-road.com\/wp-content\/uploads\/2025\/12\/smartjar-APC-6.jpg?resize=768%2C315&amp;quality=89&amp;ssl=1 768w, https:\/\/i0.wp.com\/chill-road.com\/wp-content\/uploads\/2025\/12\/smartjar-APC-6.jpg?resize=18%2C7&amp;quality=89&amp;ssl=1 18w, https:\/\/i0.wp.com\/chill-road.com\/wp-content\/uploads\/2025\/12\/smartjar-APC-6.jpg?resize=1200%2C492&amp;quality=89&amp;ssl=1 1200w, https:\/\/i0.wp.com\/chill-road.com\/wp-content\/uploads\/2025\/12\/smartjar-APC-6.jpg?resize=900%2C369&amp;quality=89&amp;ssl=1 900w, https:\/\/i0.wp.com\/chill-road.com\/wp-content\/uploads\/2025\/12\/smartjar-APC-6.jpg?resize=150%2C61&amp;quality=89&amp;ssl=1 150w\" sizes=\"auto, (max-width: 1000px) 100vw, 1000px\" \/> <img data-recalc-dims=\"1\" loading=\"lazy\" decoding=\"async\" data-attachment-id=\"12227\" data-permalink=\"https:\/\/chill-road.com\/fr\/?attachment_id=12227\" data-orig-file=\"https:\/\/i0.wp.com\/chill-road.com\/wp-content\/uploads\/2025\/12\/62-rh-2-way-humidity-control-packs-for-smart-jar.jpg?fit=1464%2C600&amp;quality=89&amp;ssl=1\" data-orig-size=\"1464,600\" data-comments-opened=\"1\" data-image-meta=\"{&quot;aperture&quot;:&quot;0&quot;,&quot;credit&quot;:&quot;&quot;,&quot;camera&quot;:&quot;&quot;,&quot;caption&quot;:&quot;&quot;,&quot;created_timestamp&quot;:&quot;0&quot;,&quot;copyright&quot;:&quot;&quot;,&quot;focal_length&quot;:&quot;0&quot;,&quot;iso&quot;:&quot;0&quot;,&quot;shutter_speed&quot;:&quot;0&quot;,&quot;title&quot;:&quot;&quot;,&quot;orientation&quot;:&quot;0&quot;}\" data-image-title=\"62-rh-2-way-humidity-control-packs-for-smart-jar\" data-image-description=\"\" data-image-caption=\"\" data-large-file=\"https:\/\/i0.wp.com\/chill-road.com\/wp-content\/uploads\/2025\/12\/62-rh-2-way-humidity-control-packs-for-smart-jar.jpg?fit=1024%2C420&amp;quality=89&amp;ssl=1\" class=\"alignnone size-full wp-image-12227\" src=\"https:\/\/i0.wp.com\/chill-road.com\/wp-content\/uploads\/2025\/12\/62-rh-2-way-humidity-control-packs-for-smart-jar.jpg?resize=1464%2C600&#038;quality=89&#038;ssl=1\" alt=\"\" width=\"1464\" height=\"600\" srcset=\"https:\/\/i0.wp.com\/chill-road.com\/wp-content\/uploads\/2025\/12\/62-rh-2-way-humidity-control-packs-for-smart-jar.jpg?w=1464&amp;quality=89&amp;ssl=1 1464w, https:\/\/i0.wp.com\/chill-road.com\/wp-content\/uploads\/2025\/12\/62-rh-2-way-humidity-control-packs-for-smart-jar.jpg?resize=300%2C123&amp;quality=89&amp;ssl=1 300w, https:\/\/i0.wp.com\/chill-road.com\/wp-content\/uploads\/2025\/12\/62-rh-2-way-humidity-control-packs-for-smart-jar.jpg?resize=1024%2C420&amp;quality=89&amp;ssl=1 1024w, https:\/\/i0.wp.com\/chill-road.com\/wp-content\/uploads\/2025\/12\/62-rh-2-way-humidity-control-packs-for-smart-jar.jpg?resize=768%2C315&amp;quality=89&amp;ssl=1 768w, https:\/\/i0.wp.com\/chill-road.com\/wp-content\/uploads\/2025\/12\/62-rh-2-way-humidity-control-packs-for-smart-jar.jpg?resize=18%2C7&amp;quality=89&amp;ssl=1 18w, https:\/\/i0.wp.com\/chill-road.com\/wp-content\/uploads\/2025\/12\/62-rh-2-way-humidity-control-packs-for-smart-jar.jpg?resize=1200%2C492&amp;quality=89&amp;ssl=1 1200w, https:\/\/i0.wp.com\/chill-road.com\/wp-content\/uploads\/2025\/12\/62-rh-2-way-humidity-control-packs-for-smart-jar.jpg?resize=900%2C369&amp;quality=89&amp;ssl=1 900w, https:\/\/i0.wp.com\/chill-road.com\/wp-content\/uploads\/2025\/12\/62-rh-2-way-humidity-control-packs-for-smart-jar.jpg?resize=150%2C61&amp;quality=89&amp;ssl=1 150w\" sizes=\"auto, (max-width: 1000px) 100vw, 1000px\" \/> <img data-recalc-dims=\"1\" loading=\"lazy\" decoding=\"async\" data-attachment-id=\"12225\" data-permalink=\"https:\/\/chill-road.com\/fr\/?attachment_id=12225\" data-orig-file=\"https:\/\/i0.wp.com\/chill-road.com\/wp-content\/uploads\/2025\/12\/spider-farmer-smart-jar-for-retain-original-freshness.jpg?fit=1464%2C600&amp;quality=89&amp;ssl=1\" data-orig-size=\"1464,600\" data-comments-opened=\"1\" data-image-meta=\"{&quot;aperture&quot;:&quot;0&quot;,&quot;credit&quot;:&quot;&quot;,&quot;camera&quot;:&quot;&quot;,&quot;caption&quot;:&quot;&quot;,&quot;created_timestamp&quot;:&quot;0&quot;,&quot;copyright&quot;:&quot;&quot;,&quot;focal_length&quot;:&quot;0&quot;,&quot;iso&quot;:&quot;0&quot;,&quot;shutter_speed&quot;:&quot;0&quot;,&quot;title&quot;:&quot;&quot;,&quot;orientation&quot;:&quot;0&quot;}\" data-image-title=\"spider-farmer-smart-jar-for-retain-original-freshness\" data-image-description=\"\" data-image-caption=\"\" data-large-file=\"https:\/\/i0.wp.com\/chill-road.com\/wp-content\/uploads\/2025\/12\/spider-farmer-smart-jar-for-retain-original-freshness.jpg?fit=1024%2C420&amp;quality=89&amp;ssl=1\" class=\"alignnone size-full wp-image-12225\" src=\"https:\/\/i0.wp.com\/chill-road.com\/wp-content\/uploads\/2025\/12\/spider-farmer-smart-jar-for-retain-original-freshness.jpg?resize=1464%2C600&#038;quality=89&#038;ssl=1\" alt=\"\" width=\"1464\" height=\"600\" srcset=\"https:\/\/i0.wp.com\/chill-road.com\/wp-content\/uploads\/2025\/12\/spider-farmer-smart-jar-for-retain-original-freshness.jpg?w=1464&amp;quality=89&amp;ssl=1 1464w, https:\/\/i0.wp.com\/chill-road.com\/wp-content\/uploads\/2025\/12\/spider-farmer-smart-jar-for-retain-original-freshness.jpg?resize=300%2C123&amp;quality=89&amp;ssl=1 300w, https:\/\/i0.wp.com\/chill-road.com\/wp-content\/uploads\/2025\/12\/spider-farmer-smart-jar-for-retain-original-freshness.jpg?resize=1024%2C420&amp;quality=89&amp;ssl=1 1024w, https:\/\/i0.wp.com\/chill-road.com\/wp-content\/uploads\/2025\/12\/spider-farmer-smart-jar-for-retain-original-freshness.jpg?resize=768%2C315&amp;quality=89&amp;ssl=1 768w, https:\/\/i0.wp.com\/chill-road.com\/wp-content\/uploads\/2025\/12\/spider-farmer-smart-jar-for-retain-original-freshness.jpg?resize=18%2C7&amp;quality=89&amp;ssl=1 18w, https:\/\/i0.wp.com\/chill-road.com\/wp-content\/uploads\/2025\/12\/spider-farmer-smart-jar-for-retain-original-freshness.jpg?resize=1200%2C492&amp;quality=89&amp;ssl=1 1200w, https:\/\/i0.wp.com\/chill-road.com\/wp-content\/uploads\/2025\/12\/spider-farmer-smart-jar-for-retain-original-freshness.jpg?resize=900%2C369&amp;quality=89&amp;ssl=1 900w, https:\/\/i0.wp.com\/chill-road.com\/wp-content\/uploads\/2025\/12\/spider-farmer-smart-jar-for-retain-original-freshness.jpg?resize=150%2C61&amp;quality=89&amp;ssl=1 150w\" sizes=\"auto, (max-width: 1000px) 100vw, 1000px\" \/><\/p>\n","protected":false},"excerpt":{"rendered":"<p><strong>Aspirateur automatique en une seule touche<\/strong><br \/>\nAssurez-vous que les aliments contenus dans le pot sont frais et ne pourrissent pas pendant une longue p\u00e9riode et emp\u00eachez les bact\u00e9ries de se d\u00e9velopper.<\/p>\n<p><strong>Affichage num\u00e9rique Smart Lid<\/strong><br \/>\nAffichez les indicateurs de temp\u00e9rature et d&rsquo;humidit\u00e9 dans le pot, ainsi que la dur\u00e9e de stockage, la puissance et l&rsquo;\u00e9tat de la pression d&rsquo;air. Il peut passer automatiquement l&rsquo;aspirateur en fonction de la surveillance de la pression d&rsquo;air dans la bo\u00eete.<\/p>\n<p><strong>Grande capacit\u00e9 de 2 L\/capacit\u00e9 de 3 \u00e0 4 onces<\/strong><br \/>\nIl est id\u00e9al pour 1 \u00e0 2 plantes pour le s\u00e9chage et le stockage frais.<\/p>\n<p><strong>Packs d&rsquo;humidit\u00e9 bidirectionnelle Super Value 4 pi\u00e8ces \u00e0 62 %<\/strong><br \/>\nIl est recommand\u00e9 de le remplacer apr\u00e8s 90 jours d&rsquo;utilisation, afin de prot\u00e9ger votre stockage frais.<\/p>\n<p><strong>Bouche large, fond plat, conception conviviale<\/strong><br \/>\nFacile \u00e0 prendre et \u00e0 nettoyer, aucun r\u00e9sidu alimentaire et aucun gaspillage.<\/p>\n<p><strong>Mat\u00e9riaux s\u00fbrs<\/strong><br \/>\nLe conteneur est dot\u00e9 d&rsquo;une doublure en acier inoxydable 304 et d&rsquo;ABS avec silicone de qualit\u00e9 alimentaire, garantissant la r\u00e9sistance \u00e0 la corrosion et la conformit\u00e9 aux exigences de certification de qualit\u00e9 alimentaire.<\/p>\n<p><strong>Support de batterie important<\/strong><br \/>\nCharge pratique et longue dur\u00e9e de vie de la batterie, avec une capacit\u00e9 de batterie au lithium de 2000 mAh, permettant jusqu&rsquo;\u00e0 180 jours d&rsquo;utilisation.<\/p>\n<p><strong>Utilisation multifonctionnelle<\/strong><br \/>\nIl r\u00e9pondra \u00e0 vos diff\u00e9rents besoins de stockage des aliments scell\u00e9s, tels que les \u00e9pices, les herbes, les grains de caf\u00e9, les champignons et de nombreux autres ingr\u00e9dients.<\/p>\n<p><span style=\"color: #ff0000;\">Remarque :\u00a0 Ce pot n&rsquo;est pas \u00e0 utiliser pour le s\u00e9chage.<\/span><\/p>\n","protected":false},"featured_media":12210,"comment_status":"open","ping_status":"closed","template":"","meta":[],"product_brand":[333],"product_cat":[108],"product_tag":[],"class_list":{"0":"post-9770","1":"product","2":"type-product","3":"status-publish","4":"has-post-thumbnail","6":"product_brand-spider-farmer","7":"product_cat-accessoires","8":"cr-has-rrp","10":"first","11":"instock","12":"sale","13":"purchasable","14":"product-type-simple"},"jetpack_sharing_enabled":true,"_links":{"self":[{"href":"https:\/\/chill-road.com\/fr\/wp-json\/wp\/v2\/product\/9770","targetHints":{"allow":["GET"]}}],"collection":[{"href":"https:\/\/chill-road.com\/fr\/wp-json\/wp\/v2\/product"}],"about":[{"href":"https:\/\/chill-road.com\/fr\/wp-json\/wp\/v2\/types\/product"}],"replies":[{"embeddable":true,"href":"https:\/\/chill-road.com\/fr\/wp-json\/wp\/v2\/comments?post=9770"}],"version-history":[{"count":1,"href":"https:\/\/chill-road.com\/fr\/wp-json\/wp\/v2\/product\/9770\/revisions"}],"predecessor-version":[{"id":22413,"href":"https:\/\/chill-road.com\/fr\/wp-json\/wp\/v2\/product\/9770\/revisions\/22413"}],"wp:featuredmedia":[{"embeddable":true,"href":"https:\/\/chill-road.com\/fr\/wp-json\/wp\/v2\/media\/12210"}],"wp:attachment":[{"href":"https:\/\/chill-road.com\/fr\/wp-json\/wp\/v2\/media?parent=9770"}],"wp:term":[{"taxonomy":"product_brand","embeddable":true,"href":"https:\/\/chill-road.com\/fr\/wp-json\/wp\/v2\/product_brand?post=9770"},{"taxonomy":"product_cat","embeddable":true,"href":"https:\/\/chill-road.com\/fr\/wp-json\/wp\/v2\/product_cat?post=9770"},{"taxonomy":"product_tag","embeddable":true,"href":"https:\/\/chill-road.com\/fr\/wp-json\/wp\/v2\/product_tag?post=9770"}],"curies":[{"name":"wp","href":"https:\/\/api.w.org\/{rel}","templated":true}]}}